{"id":172,"date":"2018-12-04T13:36:52","date_gmt":"2018-12-04T13:36:52","guid":{"rendered":"https:\/\/blogs.ua.es\/psicologiadelasalud\/?page_id=172"},"modified":"2018-12-14T11:35:43","modified_gmt":"2018-12-14T11:35:43","slug":"sensacion-y-percepcion","status":"publish","type":"page","link":"https:\/\/blogs.ua.es\/psicologiadelasalud\/videos\/sensacion-y-percepcion\/","title":{"rendered":"Sensaci\u00f3n y Percepci\u00f3n"},"content":{"rendered":"<p>Todo ser vivo necesita tener informaci\u00f3n de lo que ocurre a su alrededor. Para representar el mundo en nuestra mente debemos detectar la energ\u00eda f\u00edsica del ambiente y codificarla en se\u00f1ales nerviosas, un proceso conocido como sensaci\u00f3n. Pero hemos de interpretar, hemos de dar sentido a la enorme cantidad de mensajes recibidos, y para ello seleccionamos, organizamos e interpretamos las sensaciones, mediante un proceso denominado percepci\u00f3n.<\/p>\n<p>https:\/\/www.dailymotion.com\/video\/x97amc<\/p>\n<p>https:\/\/www.dailymotion.com\/video\/xhew2z<\/p>\n<p>https:\/\/www.dailymotion.com\/video\/x8rvig<\/p>\n","protected":false},"excerpt":{"rendered":"<p>Todo ser vivo necesita tener informaci\u00f3n de lo que ocurre a su alrededor. Para representar el mundo en nuestra mente debemos detectar la energ\u00eda f\u00edsica del ambiente y codificarla en se\u00f1ales nerviosas, un proceso conocido como sensaci\u00f3n. Pero hemos de interpretar, hemos de dar sentido a la enorme cantidad de mensajes recibidos, y para ello &hellip; <a href=\"https:\/\/blogs.ua.es\/psicologiadelasalud\/videos\/sensacion-y-percepcion\/\" class=\"more-link\">Continue reading <span class=\"screen-reader-text\">Sensaci\u00f3n y Percepci\u00f3n<\/span> <span class=\"meta-nav\">&rarr;<\/span><\/a><\/p>\n","protected":false},"author":4330,"featured_media":0,"parent":45,"menu_order":3,"comment_status":"closed","ping_status":"closed","template":"","meta":{"footnotes":""},"class_list":["post-172","page","type-page","status-publish","hentry"],"_links":{"self":[{"href":"https:\/\/blogs.ua.es\/psicologiadelasalud\/wp-json\/wp\/v2\/pages\/172","targetHints":{"allow":["GET"]}}],"collection":[{"href":"https:\/\/blogs.ua.es\/psicologiadelasalud\/wp-json\/wp\/v2\/pages"}],"about":[{"href":"https:\/\/blogs.ua.es\/psicologiadelasalud\/wp-json\/wp\/v2\/types\/page"}],"author":[{"embeddable":true,"href":"https:\/\/blogs.ua.es\/psicologiadelasalud\/wp-json\/wp\/v2\/users\/4330"}],"replies":[{"embeddable":true,"href":"https:\/\/blogs.ua.es\/psicologiadelasalud\/wp-json\/wp\/v2\/comments?post=172"}],"version-history":[{"count":2,"href":"https:\/\/blogs.ua.es\/psicologiadelasalud\/wp-json\/wp\/v2\/pages\/172\/revisions"}],"predecessor-version":[{"id":350,"href":"https:\/\/blogs.ua.es\/psicologiadelasalud\/wp-json\/wp\/v2\/pages\/172\/revisions\/350"}],"up":[{"embeddable":true,"href":"https:\/\/blogs.ua.es\/psicologiadelasalud\/wp-json\/wp\/v2\/pages\/45"}],"wp:attachment":[{"href":"https:\/\/blogs.ua.es\/psicologiadelasalud\/wp-json\/wp\/v2\/media?parent=172"}],"curies":[{"name":"wp","href":"https:\/\/api.w.org\/{rel}","templated":true}]}}