{"id":18,"date":"2018-10-25T11:52:48","date_gmt":"2018-10-25T11:52:48","guid":{"rendered":"https:\/\/blogs.ua.es\/psicologiadelasalud\/?page_id=18"},"modified":"2019-11-12T10:24:16","modified_gmt":"2019-11-12T10:24:16","slug":"entradas","status":"publish","type":"page","link":"https:\/\/blogs.ua.es\/psicologiadelasalud\/entradas\/","title":{"rendered":"Creencias Irracionales y Resoluci\u00f3n de Problemas"},"content":{"rendered":"<h4>CREENCIAS IRRACIONALES Y RESOLUCI\u00d3N DE PROBLEMAS<\/h4>\n<h4><span style=\"color: #ff9900\"><a style=\"color: #ff9900\" href=\"http:\/\/echandola.com\/juegos\/cruza-canibales-y-misioneros\/\">Misioneros y Can\u00edbales<\/a><\/span><\/h4>\n<p><img loading=\"lazy\" decoding=\"async\" class=\"alignnone size-medium wp-image-119\" src=\"https:\/\/blogs.ua.es\/psicologiadelasalud\/files\/2018\/12\/Misionero-300x132.jpg\" alt=\"\" width=\"300\" height=\"132\" srcset=\"https:\/\/blogs.ua.es\/psicologiadelasalud\/files\/2018\/12\/Misionero-300x132.jpg 300w, https:\/\/blogs.ua.es\/psicologiadelasalud\/files\/2018\/12\/Misionero.jpg 307w\" sizes=\"auto, (max-width: 300px) 100vw, 300px\" \/><\/p>\n<p>&nbsp;<\/p>\n<h5><span style=\"color: #ff9900\"><a style=\"color: #ff9900\" href=\"http:\/\/www.uterra.com\/juegos\/torre_hanoi.php\">Torre de Hanoi<\/a><\/span><\/h5>\n<p><img loading=\"lazy\" decoding=\"async\" class=\"alignnone size-medium wp-image-120\" src=\"https:\/\/blogs.ua.es\/psicologiadelasalud\/files\/2018\/12\/Hanoi-300x129.jpg\" alt=\"\" width=\"300\" height=\"129\" srcset=\"https:\/\/blogs.ua.es\/psicologiadelasalud\/files\/2018\/12\/Hanoi-300x129.jpg 300w, https:\/\/blogs.ua.es\/psicologiadelasalud\/files\/2018\/12\/Hanoi.jpg 343w\" sizes=\"auto, (max-width: 300px) 100vw, 300px\" \/><\/p>\n<p>&nbsp;<\/p>\n<h5><em>\u00bfPor qu\u00e9 todos cometemos los mismos errores?<\/em><\/h5>\n<p><em>Acude al Material Te\u00f3rico Pr\u00e1ctico y compru\u00e9balo.<\/em><\/p>\n<blockquote class=\"wp-embedded-content\" data-secret=\"mtbpqpOkX9\"><p><a href=\"https:\/\/blogs.ua.es\/psicologiadelasalud\/bases-de-datos\/resolucion-de-problemas\/\">Resoluci\u00f3n de Problemas<\/a><\/p><\/blockquote>\n<p><iframe loading=\"lazy\" class=\"wp-embedded-content\" sandbox=\"allow-scripts\" security=\"restricted\" style=\"position: absolute; clip: rect(1px, 1px, 1px, 1px);\" title=\"&#8220;Resoluci\u00f3n de Problemas&#8221; &#8212; Psicolog\u00eda de la Salud UA\" src=\"https:\/\/blogs.ua.es\/psicologiadelasalud\/bases-de-datos\/resolucion-de-problemas\/embed\/#?secret=53rnkuamSL#?secret=mtbpqpOkX9\" data-secret=\"mtbpqpOkX9\" width=\"600\" height=\"338\" frameborder=\"0\" marginwidth=\"0\" marginheight=\"0\" scrolling=\"no\"><\/iframe><\/p>\n","protected":false},"excerpt":{"rendered":"<p>CREENCIAS IRRACIONALES Y RESOLUCI\u00d3N DE PROBLEMAS Misioneros y Can\u00edbales &nbsp; Torre de Hanoi &nbsp; \u00bfPor qu\u00e9 todos cometemos los mismos errores? Acude al Material Te\u00f3rico Pr\u00e1ctico y compru\u00e9balo. Resoluci\u00f3n de Problemas<\/p>\n","protected":false},"author":4330,"featured_media":0,"parent":0,"menu_order":0,"comment_status":"closed","ping_status":"closed","template":"","meta":{"footnotes":""},"class_list":["post-18","page","type-page","status-publish","hentry"],"_links":{"self":[{"href":"https:\/\/blogs.ua.es\/psicologiadelasalud\/wp-json\/wp\/v2\/pages\/18","targetHints":{"allow":["GET"]}}],"collection":[{"href":"https:\/\/blogs.ua.es\/psicologiadelasalud\/wp-json\/wp\/v2\/pages"}],"about":[{"href":"https:\/\/blogs.ua.es\/psicologiadelasalud\/wp-json\/wp\/v2\/types\/page"}],"author":[{"embeddable":true,"href":"https:\/\/blogs.ua.es\/psicologiadelasalud\/wp-json\/wp\/v2\/users\/4330"}],"replies":[{"embeddable":true,"href":"https:\/\/blogs.ua.es\/psicologiadelasalud\/wp-json\/wp\/v2\/comments?post=18"}],"version-history":[{"count":11,"href":"https:\/\/blogs.ua.es\/psicologiadelasalud\/wp-json\/wp\/v2\/pages\/18\/revisions"}],"predecessor-version":[{"id":402,"href":"https:\/\/blogs.ua.es\/psicologiadelasalud\/wp-json\/wp\/v2\/pages\/18\/revisions\/402"}],"wp:attachment":[{"href":"https:\/\/blogs.ua.es\/psicologiadelasalud\/wp-json\/wp\/v2\/media?parent=18"}],"curies":[{"name":"wp","href":"https:\/\/api.w.org\/{rel}","templated":true}]}}