{"id":186,"date":"2018-12-04T13:48:28","date_gmt":"2018-12-04T13:48:28","guid":{"rendered":"https:\/\/blogs.ua.es\/psicologiadelasalud\/?page_id=186"},"modified":"2020-06-23T11:32:24","modified_gmt":"2020-06-23T11:32:24","slug":"estados-de-conciencia","status":"publish","type":"page","link":"https:\/\/blogs.ua.es\/psicologiadelasalud\/videos\/estados-de-conciencia\/","title":{"rendered":"Estados de Conciencia"},"content":{"rendered":"<p>Podemos definir la conciencia como darnos cuenta de nosotros mismos y del mundo que nos rodea. Generalmente, se considera como estado de conciencia normal aquel en el que pasamos la mayor parte de las horas de vigilia. Cualquier cambio cualitativo de nuestro estado normal es considerado como un estado alternativo o alterado.<\/p>\n<p>En este tema nos vamos a centrar en uno de estos estados alternativos: el sue\u00f1o. El sue\u00f1o es un estado funcional, reversible y c\u00edclico, que presenta unas manifestaciones conductuales caracter\u00edsticas, tales como una relativa ausencia de motilidad y un incremento del umbral de respuesta de estimulaci\u00f3n externa. A nivel org\u00e1nico se producen modificaciones funcionales y cambios de actividad en el sistema nervioso, acompa\u00f1ado todo ello de la modificaci\u00f3n de la actividad intelectual que supone so\u00f1ar.<\/p>\n<p>https:\/\/www.dailymotion.com\/video\/xak5rz<\/p>\n<p>https:\/\/www.dailymotion.com\/video\/xpk7n2<\/p>\n<p>https:\/\/www.dailymotion.com\/video\/xcpg9v<\/p>\n<p><iframe loading=\"lazy\" title=\"Sue\u00f1os Lucidos, estados alterados de conciencia.\" width=\"604\" height=\"340\" src=\"https:\/\/www.youtube.com\/embed\/YBKzeq36EvA?feature=oembed\" frameborder=\"0\" allow=\"accelerometer; autoplay; clipboard-write; encrypted-media; gyroscope; picture-in-picture; web-share\" referrerpolicy=\"strict-origin-when-cross-origin\" allowfullscreen><\/iframe><\/p>\n<p><iframe loading=\"lazy\" title=\"C\u00f3mo nuestro estilo de vida afecta al ritmo circadiano | MARCOS VAZQUEZ | TEDxRealejo\" width=\"604\" height=\"340\" src=\"https:\/\/www.youtube.com\/embed\/Cv9k725d47g?feature=oembed\" frameborder=\"0\" allow=\"accelerometer; autoplay; clipboard-write; encrypted-media; gyroscope; picture-in-picture; web-share\" referrerpolicy=\"strict-origin-when-cross-origin\" allowfullscreen><\/iframe><\/p>\n","protected":false},"excerpt":{"rendered":"<p>Podemos definir la conciencia como darnos cuenta de nosotros mismos y del mundo que nos rodea. Generalmente, se considera como estado de conciencia normal aquel en el que pasamos la mayor parte de las horas de vigilia. Cualquier cambio cualitativo de nuestro estado normal es considerado como un estado alternativo o alterado. En este tema &hellip; <a href=\"https:\/\/blogs.ua.es\/psicologiadelasalud\/videos\/estados-de-conciencia\/\" class=\"more-link\">Continue reading <span class=\"screen-reader-text\">Estados de Conciencia<\/span> <span class=\"meta-nav\">&rarr;<\/span><\/a><\/p>\n","protected":false},"author":4330,"featured_media":0,"parent":45,"menu_order":4,"comment_status":"closed","ping_status":"closed","template":"","meta":{"footnotes":""},"class_list":["post-186","page","type-page","status-publish","hentry"],"_links":{"self":[{"href":"https:\/\/blogs.ua.es\/psicologiadelasalud\/wp-json\/wp\/v2\/pages\/186","targetHints":{"allow":["GET"]}}],"collection":[{"href":"https:\/\/blogs.ua.es\/psicologiadelasalud\/wp-json\/wp\/v2\/pages"}],"about":[{"href":"https:\/\/blogs.ua.es\/psicologiadelasalud\/wp-json\/wp\/v2\/types\/page"}],"author":[{"embeddable":true,"href":"https:\/\/blogs.ua.es\/psicologiadelasalud\/wp-json\/wp\/v2\/users\/4330"}],"replies":[{"embeddable":true,"href":"https:\/\/blogs.ua.es\/psicologiadelasalud\/wp-json\/wp\/v2\/comments?post=186"}],"version-history":[{"count":4,"href":"https:\/\/blogs.ua.es\/psicologiadelasalud\/wp-json\/wp\/v2\/pages\/186\/revisions"}],"predecessor-version":[{"id":467,"href":"https:\/\/blogs.ua.es\/psicologiadelasalud\/wp-json\/wp\/v2\/pages\/186\/revisions\/467"}],"up":[{"embeddable":true,"href":"https:\/\/blogs.ua.es\/psicologiadelasalud\/wp-json\/wp\/v2\/pages\/45"}],"wp:attachment":[{"href":"https:\/\/blogs.ua.es\/psicologiadelasalud\/wp-json\/wp\/v2\/media?parent=186"}],"curies":[{"name":"wp","href":"https:\/\/api.w.org\/{rel}","templated":true}]}}