{"id":19,"date":"2018-10-25T11:52:48","date_gmt":"2018-10-25T11:52:48","guid":{"rendered":"https:\/\/blogs.ua.es\/psicologiadelasalud\/?page_id=19"},"modified":"2020-06-23T11:50:48","modified_gmt":"2020-06-23T11:50:48","slug":"noticias","status":"publish","type":"page","link":"https:\/\/blogs.ua.es\/psicologiadelasalud\/noticias\/","title":{"rendered":"Noticias"},"content":{"rendered":"<h3 id=\"articulo-titulo\" class=\"articulo-titulo \">Seis fallos de la memoria que nos preocupan y, en realidad, son normales<\/h3>\n<p>Saber el nombre del\u00a0<a href=\"https:\/\/elpais.com\/tag\/actores\/a\">actor<\/a>\u00a0protagonista de la pel\u00edcula que est\u00e1s viendo con tu amigo, pero ser incapaz de recordarlo en ese preciso momento, es una sensaci\u00f3n exasperante. Encontrarte en el\u00a0<a href=\"https:\/\/elpais.com\/tag\/supermercados\/a\">supermercado<\/a>\u00a0sin saber lo que has venido a comprar es, cuando menos, confuso, y poner la casa patas<\/p>\n<p><a href=\"https:\/\/elpais.com\/elpais\/2019\/11\/18\/buenavida\/1574081986_081619.html\"><img loading=\"lazy\" decoding=\"async\" class=\"alignleft\" src=\"https:\/\/ep01.epimg.net\/elpais\/imagenes\/2019\/11\/18\/buenavida\/1574081986_081619_1574083545_noticia_normal.jpg\" alt=\"memoria\" width=\"289\" height=\"193\" \/><\/a>\u00a0arriba en busca de las llaves del coche justo 2 minutos antes de salir de casa es un cl\u00e1sico. Intentas concentrarte, focalizar, recordar, viajar en el tiempo y repasar cada segundo vivido del d\u00eda anterior. \u00bfD\u00f3nde estuve? \u00bfY luego qu\u00e9 hice? Pero nada, los recuerdos no llegan. A muchas personas estas lagunas les crean cierta preocupaci\u00f3n y los especialistas en\u00a0<a href=\"https:\/\/elpais.com\/tag\/alteraciones_memoria\/a\" target=\"_blank\" rel=\"noopener noreferrer\"><strong>alteraciones de la memoria<\/strong><\/a>\u00a0reconocen que son muchos los pacientes que acuden a consulta un tanto asustados para preguntar si estos lapsus entran dentro de la normalidad. \u00bfCu\u00e1ndo no hay qu\u00e9 preocuparse por estos resbalones mentales?<\/p>\n<p><a href=\"https:\/\/elpais.com\/elpais\/2019\/11\/18\/buenavida\/1574081986_081619.html\">https:\/\/elpais.com\/elpais\/2019\/11\/18\/buenavida\/1574081986_081619.html<\/a><\/p>\n<h3 id=\"m25-24-26\" class=\"article-title \">Crean un sistema de realidad virtual multisensorial para personas con estados alterados de la conciencia<\/h3>\n<p>El servicio de Neurorrehabilitaci\u00f3n de Hospitales Vithas Nisa ha presentado este mi\u00e9rcoles un sistema de estimulaci\u00f3n multisensorial apoyado en las tecnolog\u00edas de la informaci\u00f3n y con soporte basado en t\u00e9cnicas de realidad virtual, para la rehabilitaci\u00f3n de personas con estados alterados de la conciencia.<\/p>\n<p><a href=\"https:\/\/www.20minutos.es\/noticia\/3348583\/0\/crean-sistema-realidad-virtual-multisensorial-para-personas-con-estados-alterados-conciencia\/\"><img loading=\"lazy\" decoding=\"async\" class=\"alignleft\" src=\"https:\/\/imagenes.20minutos.es\/files\/image_656_370\/uploads\/imagenes\/2018\/05\/23\/707628.jpg\" alt=\"Sistema de realidad virtual multisensorial de Vithas\" width=\"329\" height=\"186\" \/><\/a><\/p>\n<p>El sistema, &#8220;\u00fanico en el mundo&#8221; para la rehabilitaci\u00f3n de estos estados, permite estimular las estructuras cerebrales da\u00f1adas de estos pacientes a trav\u00e9s de la exposici\u00f3n inmersiva a experiencias y vivencias personalizadas, de acuerdo a los gustos y preferencias, detalla Vithas en un comunicado.<\/p>\n<p id=\"m101-100-102\" class=\"paragraph \">Este m\u00e9todo, desarrollado de forma conjunta entre el servicio de Neurorehabilitaci\u00f3n y Neurorehabilitation &amp; Brain Research Group de la Universitat Polit\u00e8cnica de Val\u00e8ncia (UPV), reproduce material audiovisual personalizado a trav\u00e9s de varias opciones t\u00e9cnicas. La tecnolog\u00eda reproduce sus contenidos a trav\u00e9s de gafas de realidad virtual, lo que permite recrear im\u00e1genes y videos de forma m\u00e1s inmersiva.<\/p>\n<p><a href=\"https:\/\/www.20minutos.es\/noticia\/3348583\/0\/crean-sistema-realidad-virtual-multisensorial-para-personas-con-estados-alterados-conciencia\/\">https:\/\/www.20minutos.es\/noticia\/3348583\/0\/crean-sistema-realidad-virtual-multisensorial-para-personas-con-estados-alterados-conciencia\/<\/a><\/p>\n<p>&nbsp;<\/p>\n<h3 id=\"h1_maincontent\"><span class=\"maintitle\">Mil mujeres han sido asesinadas en Espa\u00f1a por violencia de g\u00e9nero desde 2003<\/span><\/h3>\n<p style=\"text-align: left\"><span id=\":3w.co\" class=\"tL8wMe EMoHub\" dir=\"ltr\">El fat\u00eddico contador de la\u00a0violencia de g\u00e9nero\u00a0ha alcanzado en Espa\u00f1a los cuatro d\u00edgitos tras confirmarse los dos \u00faltimos casos que se investigaban, uno en\u00a0Alboraya (Valencia)\u00a0y otro en\u00a0C\u00f3rdoba,\u00a0que elevan a mil\u00a0las vidas rotas a consecuencia de esa lacra social desde que se inici\u00f3 el\u00a0registro oficial de v\u00edctimas\u00a0en el a\u00f1o 2003.<img loading=\"lazy\" decoding=\"async\" class=\"wp-image-354 alignleft\" src=\"https:\/\/blogs.ua.es\/psicologiadelasalud\/files\/2019\/06\/D9aZheeXoAEAkMD-1-300x251.jpg\" alt=\"\" width=\"233\" height=\"195\" srcset=\"https:\/\/blogs.ua.es\/psicologiadelasalud\/files\/2019\/06\/D9aZheeXoAEAkMD-1-300x251.jpg 300w, https:\/\/blogs.ua.es\/psicologiadelasalud\/files\/2019\/06\/D9aZheeXoAEAkMD-1-768x644.jpg 768w, https:\/\/blogs.ua.es\/psicologiadelasalud\/files\/2019\/06\/D9aZheeXoAEAkMD-1.jpg 940w\" sizes=\"auto, (max-width: 233px) 100vw, 233px\" \/><br \/>\nLa Delegaci\u00f3n del Gobierno para la Violencia de G\u00e9nero ha confirmado este mi\u00e9rcoles que\u00a0Ana Luc\u00eda da Silva es la v\u00edctima n\u00famero 1.000.\u00a0La mujer, de 49 a\u00f1os y nacionalidad brasile\u00f1a, fue hallada muerta el pasado viernes en C\u00f3rdoba\u00a0con heridas de arma blanca. El autor del crimen, Salvador Ram\u00edrez, se encontraba en libertad condicional desde febrero. En 2004 hab\u00eda sido condenado a 17 a\u00f1os de prisi\u00f3n por\u00a0matar a su anterior pareja\u00a0y madre de sus tres hijos. No podr\u00e1 ser juzgado porque se suicid\u00f3 tras el crimen.<\/span><!--more--><\/p>\n<p><a href=\"http:\/\/www.rtve.es\/noticias\/20190619\/mil-mujeres-han-sido-asesinadas-espana-violencia-genero-desde-2003\/1954721.shtml\">http:\/\/www.rtve.es\/noticias\/20190619\/mil-mujeres-han-sido-asesinadas-espana-violencia-genero-desde-2003\/1954721.shtml<\/a><\/p>\n<h3 style=\"text-align: left\"><strong>Un profesor de Psicolog\u00eda propone t\u00e9cnicas para disminuir la ansiedad ante los ex\u00e1menes<br \/>\n<\/strong><\/h3>\n<p><img loading=\"lazy\" decoding=\"async\" class=\"wp-image-304 alignright\" src=\"https:\/\/blogs.ua.es\/psicologiadelasalud\/files\/2018\/12\/jose-alejandro-cuffia-1056762-unsplash-300x199.jpg\" alt=\"\" width=\"267\" height=\"177\" srcset=\"https:\/\/blogs.ua.es\/psicologiadelasalud\/files\/2018\/12\/jose-alejandro-cuffia-1056762-unsplash-300x199.jpg 300w, https:\/\/blogs.ua.es\/psicologiadelasalud\/files\/2018\/12\/jose-alejandro-cuffia-1056762-unsplash-768x509.jpg 768w, https:\/\/blogs.ua.es\/psicologiadelasalud\/files\/2018\/12\/jose-alejandro-cuffia-1056762-unsplash-1024x678.jpg 1024w\" sizes=\"auto, (max-width: 267px) 100vw, 267px\" \/><\/p>\n<p><!--more--><!--more--><\/p>\n<p>La \u00e9poca de ex\u00e1menes puede conllevar elevados niveles de estr\u00e9s, los cuales pueden tener repercusiones negativas tanto sobre la salud como sobre el rendimiento acad\u00e9mico. Es por ello que es importante conocer diferentes herramientas que nos permitan manejar los altos niveles de ansiedad que se derivan de los mismos. En esta noticia, se proponen una serie de estrategias a tener en cuenta para ello. Accede al siguiente enlace para leer la noticia completa.<\/p>\n<p><a href=\"https:\/\/www.abc.es\/familia\/educacion\/abci-profesor-psicologia-propone-tecnicas-para-disminuir-ansiedad-examenes-201811290318_noticia.html\" target=\"_blank\" rel=\"noopener noreferrer\">https:\/\/www.abc.es\/familia\/educacion\/abci-profesor-psicologia-propone-tecnicas-para-disminuir-ansiedad-examenes-201811290318_noticia.html<\/a><\/p>\n<h3><strong>\u00bfSe podr\u00eda evaluar la personalidad a trav\u00e9s del encefalograma?<br \/>\n<\/strong><\/h3>\n<p>Seg<img loading=\"lazy\" decoding=\"async\" class=\"size-medium wp-image-314 alignleft\" src=\"https:\/\/blogs.ua.es\/psicologiadelasalud\/files\/2018\/12\/meditation-1000062_1920-300x187.jpg\" alt=\"\" width=\"300\" height=\"187\" srcset=\"https:\/\/blogs.ua.es\/psicologiadelasalud\/files\/2018\/12\/meditation-1000062_1920-300x187.jpg 300w, https:\/\/blogs.ua.es\/psicologiadelasalud\/files\/2018\/12\/meditation-1000062_1920-768x479.jpg 768w, https:\/\/blogs.ua.es\/psicologiadelasalud\/files\/2018\/12\/meditation-1000062_1920-1024x638.jpg 1024w, https:\/\/blogs.ua.es\/psicologiadelasalud\/files\/2018\/12\/meditation-1000062_1920.jpg 1920w\" sizes=\"auto, (max-width: 300px) 100vw, 300px\" \/>\u00fan un \u00faltimo estudio realizado por cient\u00edficos de la Universidad Polit\u00e9cnica de Madrid, ser\u00eda posible analizar los rasgos de personalidad de una persona a trav\u00e9s del an\u00e1lisis de su encefalograma. Seg\u00fan esta investigaci\u00f3n, se podr\u00edan extraer datos de la inteligencia, la forma de pensar o la personalidad de una persona a partir de datos de su actividad neurofisiol\u00f3gica. Para conocer m\u00e1s en profundidad las caracter\u00edsticas de dicho estudio, accede a la noticia completa a trav\u00e9s del siguiente enlace.<\/p>\n<p><a href=\"https:\/\/www.agenciasinc.es\/Noticias\/La-personalidad-deja-su-huella-en-el-electroencefalograma\">https:\/\/www.agenciasinc.es\/Noticias\/La-personalidad-deja-su-huella-en-el-electroencefalograma<\/a><\/p>\n<h3><strong>El Factor D de la Personalidad: la maldad humana<br \/>\n<\/strong><\/h3>\n<p>\u00bfExiste un factor de personalidad caracterizado por la maldad? La respuesta es S\u00cd, y as\u00ed lo afirman investigadores de la Universidad de Copenhague que desarrollaron una investigaci\u00f3n para determinar los 9 ragos que configuran la maldad humana, adscritos a lo que han denominado Factor D de la personalidad. Estos rasgos son:<\/p>\n<p><img loading=\"lazy\" decoding=\"async\" class=\"size-medium wp-image-316 alignright\" src=\"https:\/\/blogs.ua.es\/psicologiadelasalud\/files\/2018\/12\/machiavellian-1924185_1920-300x200.jpg\" alt=\"\" width=\"300\" height=\"200\" srcset=\"https:\/\/blogs.ua.es\/psicologiadelasalud\/files\/2018\/12\/machiavellian-1924185_1920-300x200.jpg 300w, https:\/\/blogs.ua.es\/psicologiadelasalud\/files\/2018\/12\/machiavellian-1924185_1920-768x512.jpg 768w, https:\/\/blogs.ua.es\/psicologiadelasalud\/files\/2018\/12\/machiavellian-1924185_1920-1024x683.jpg 1024w, https:\/\/blogs.ua.es\/psicologiadelasalud\/files\/2018\/12\/machiavellian-1924185_1920.jpg 1920w\" sizes=\"auto, (max-width: 300px) 100vw, 300px\" \/><\/p>\n<ol>\n<li>Ego\u00edsmo<\/li>\n<li>Maquiavelismo<\/li>\n<li>Desconexi\u00f3n Moral<\/li>\n<li>Narcisismo<\/li>\n<li>Derecho psicol\u00f3gico<\/li>\n<li>Psicopat\u00eda<\/li>\n<li>Sadismo<\/li>\n<li>Inter\u00e9s propio<\/li>\n<li>Rencor<\/li>\n<\/ol>\n<p>Para conocer m\u00e1s acerca de esta investigaci\u00f3n, clicka en el siguiente enlace.<\/p>\n<p><a href=\"https:\/\/www.codigonuevo.com\/psicologia\/factor-explicacion-personas-malignas-joder-vida\">https:\/\/www.codigonuevo.com\/psicologia\/factor-explicacion-personas-malignas-joder-vida<\/a><\/p>\n<h3><strong>Realidad Virtual para el tratamiento de hombres condenados por Violencia de G\u00e9nero<br \/>\n<\/strong><\/h3>\n<p><img loading=\"lazy\" decoding=\"async\" class=\"size-medium wp-image-319 alignleft\" src=\"https:\/\/blogs.ua.es\/psicologiadelasalud\/files\/2018\/12\/fear-1131143_1920-300x245.jpg\" alt=\"\" width=\"300\" height=\"245\" srcset=\"https:\/\/blogs.ua.es\/psicologiadelasalud\/files\/2018\/12\/fear-1131143_1920-300x245.jpg 300w, https:\/\/blogs.ua.es\/psicologiadelasalud\/files\/2018\/12\/fear-1131143_1920-768x626.jpg 768w, https:\/\/blogs.ua.es\/psicologiadelasalud\/files\/2018\/12\/fear-1131143_1920-1024x835.jpg 1024w, https:\/\/blogs.ua.es\/psicologiadelasalud\/files\/2018\/12\/fear-1131143_1920.jpg 1920w\" sizes=\"auto, (max-width: 300px) 100vw, 300px\" \/>Una reciente investigaci\u00f3n ha puesto de manifiesto la efectividad de la exposici\u00f3n mediante Realidad Virtual a hombres condenados por Violencia de G\u00e9nero en la mejora de variables fundamentales como la empat\u00eda o la regulaci\u00f3n emocional. El objetivo del tratamiento se ha basado en que los hombres se sometan, desde la perspectiva de la v\u00edctima, a una situaci\u00f3n de violencia similar a la que ellos mismos generaban, a trav\u00e9s de un avatar que hac\u00eda las funciones de agresor. De esta forma, el sistema pod\u00eda recrear una situaci\u00f3n de violencia lo m\u00e1s similar posible a la realidad, pero esta vez, el agresor adoptaba el rol de la v\u00edctima.<\/p>\n<p>Si quieres saber m\u00e1s sobre los resultados de esta investigaci\u00f3n, accede a la siguiente noticia:<\/p>\n<p><a href=\"https:\/\/elpais.com\/ccaa\/2018\/02\/22\/catalunya\/1519309098_590913.html\" target=\"_blank\" rel=\"noopener noreferrer\">https:\/\/elpais.com\/ccaa\/2018\/02\/22\/catalunya\/1519309098_590913.html<\/a><\/p>\n","protected":false},"excerpt":{"rendered":"<p>Seis fallos de la memoria que nos preocupan y, en realidad, son normales Saber el nombre del\u00a0actor\u00a0protagonista de la pel\u00edcula que est\u00e1s viendo con tu amigo, pero ser incapaz de recordarlo en ese preciso momento, es una sensaci\u00f3n exasperante. Encontrarte en el\u00a0supermercado\u00a0sin saber lo que has venido a comprar es, cuando menos, confuso, y poner &hellip; <a href=\"https:\/\/blogs.ua.es\/psicologiadelasalud\/noticias\/\" class=\"more-link\">Continue reading <span class=\"screen-reader-text\">Noticias<\/span> <span class=\"meta-nav\">&rarr;<\/span><\/a><\/p>\n","protected":false},"author":4330,"featured_media":0,"parent":0,"menu_order":0,"comment_status":"closed","ping_status":"closed","template":"","meta":{"footnotes":""},"class_list":["post-19","page","type-page","status-publish","hentry"],"_links":{"self":[{"href":"https:\/\/blogs.ua.es\/psicologiadelasalud\/wp-json\/wp\/v2\/pages\/19","targetHints":{"allow":["GET"]}}],"collection":[{"href":"https:\/\/blogs.ua.es\/psicologiadelasalud\/wp-json\/wp\/v2\/pages"}],"about":[{"href":"https:\/\/blogs.ua.es\/psicologiadelasalud\/wp-json\/wp\/v2\/types\/page"}],"author":[{"embeddable":true,"href":"https:\/\/blogs.ua.es\/psicologiadelasalud\/wp-json\/wp\/v2\/users\/4330"}],"replies":[{"embeddable":true,"href":"https:\/\/blogs.ua.es\/psicologiadelasalud\/wp-json\/wp\/v2\/comments?post=19"}],"version-history":[{"count":25,"href":"https:\/\/blogs.ua.es\/psicologiadelasalud\/wp-json\/wp\/v2\/pages\/19\/revisions"}],"predecessor-version":[{"id":479,"href":"https:\/\/blogs.ua.es\/psicologiadelasalud\/wp-json\/wp\/v2\/pages\/19\/revisions\/479"}],"wp:attachment":[{"href":"https:\/\/blogs.ua.es\/psicologiadelasalud\/wp-json\/wp\/v2\/media?parent=19"}],"curies":[{"name":"wp","href":"https:\/\/api.w.org\/{rel}","templated":true}]}}