{"id":220,"date":"2018-12-06T10:39:04","date_gmt":"2018-12-06T10:39:04","guid":{"rendered":"https:\/\/blogs.ua.es\/psicologiadelasalud\/?page_id=220"},"modified":"2020-06-23T11:26:16","modified_gmt":"2020-06-23T11:26:16","slug":"el-aprendizaje","status":"publish","type":"page","link":"https:\/\/blogs.ua.es\/psicologiadelasalud\/videos\/el-aprendizaje\/","title":{"rendered":"Aprendizaje"},"content":{"rendered":"<p>El aprendizaje es un cambio relativamente permanente en el comportamiento, que refleja una adquisici\u00f3n de conocimientos o habilidades a trav\u00e9s de la experiencia, y que puede incluir el estudio, la instrucci\u00f3n, la observaci\u00f3n o la pr\u00e1ctica.<\/p>\n<p>La psicolog\u00eda del aprendizaje naci\u00f3 a comienzos del siglo XX y sus pioneros ten\u00edan como objetivo descubrir las leyes de la conducta animal y humana.\u00a0 Desde entonces, ha tenido una evoluci\u00f3n filos\u00f3fica, te\u00f3rica y metodol\u00f3gica notable, la cual se ha manifestado principalmente en la diversificaci\u00f3n de sus modelos explicativos y la sofisticaci\u00f3n de sus t\u00e9cnicas de investigaci\u00f3n.<\/p>\n<p>https:\/\/www.dailymotion.com\/video\/x7vinj<\/p>\n<p><iframe loading=\"lazy\" title=\"Documental BF Skinner   Condicionamiento Operante\" width=\"604\" height=\"340\" src=\"https:\/\/www.youtube.com\/embed\/AcoNypZTBLo?feature=oembed\" frameborder=\"0\" allow=\"accelerometer; autoplay; clipboard-write; encrypted-media; gyroscope; picture-in-picture; web-share\" referrerpolicy=\"strict-origin-when-cross-origin\" allowfullscreen><\/iframe><\/p>\n<p><iframe loading=\"lazy\" title=\"Bandura y la Teor\u00eda del Aprendizaje Social - Experimento del Mu\u00f1eco Bobo\" width=\"604\" height=\"453\" src=\"https:\/\/www.youtube.com\/embed\/zVynCNGxYmU?feature=oembed\" frameborder=\"0\" allow=\"accelerometer; autoplay; clipboard-write; encrypted-media; gyroscope; picture-in-picture; web-share\" referrerpolicy=\"strict-origin-when-cross-origin\" allowfullscreen><\/iframe><\/p>\n<p><iframe loading=\"lazy\" title=\"Nuevos Paradigmas de Aprendizaje...: Jose Carlos Ramos at TEDxValencia\" width=\"604\" height=\"453\" src=\"https:\/\/www.youtube.com\/embed\/x66qGqEwGl8?feature=oembed\" frameborder=\"0\" allow=\"accelerometer; autoplay; clipboard-write; encrypted-media; gyroscope; picture-in-picture; web-share\" referrerpolicy=\"strict-origin-when-cross-origin\" allowfullscreen><\/iframe><\/p>\n","protected":false},"excerpt":{"rendered":"<p>El aprendizaje es un cambio relativamente permanente en el comportamiento, que refleja una adquisici\u00f3n de conocimientos o habilidades a trav\u00e9s de la experiencia, y que puede incluir el estudio, la instrucci\u00f3n, la observaci\u00f3n o la pr\u00e1ctica. La psicolog\u00eda del aprendizaje naci\u00f3 a comienzos del siglo XX y sus pioneros ten\u00edan como objetivo descubrir las leyes &hellip; <a href=\"https:\/\/blogs.ua.es\/psicologiadelasalud\/videos\/el-aprendizaje\/\" class=\"more-link\">Continue reading <span class=\"screen-reader-text\">Aprendizaje<\/span> <span class=\"meta-nav\">&rarr;<\/span><\/a><\/p>\n","protected":false},"author":4330,"featured_media":0,"parent":45,"menu_order":5,"comment_status":"closed","ping_status":"closed","template":"","meta":{"footnotes":""},"class_list":["post-220","page","type-page","status-publish","hentry"],"_links":{"self":[{"href":"https:\/\/blogs.ua.es\/psicologiadelasalud\/wp-json\/wp\/v2\/pages\/220","targetHints":{"allow":["GET"]}}],"collection":[{"href":"https:\/\/blogs.ua.es\/psicologiadelasalud\/wp-json\/wp\/v2\/pages"}],"about":[{"href":"https:\/\/blogs.ua.es\/psicologiadelasalud\/wp-json\/wp\/v2\/types\/page"}],"author":[{"embeddable":true,"href":"https:\/\/blogs.ua.es\/psicologiadelasalud\/wp-json\/wp\/v2\/users\/4330"}],"replies":[{"embeddable":true,"href":"https:\/\/blogs.ua.es\/psicologiadelasalud\/wp-json\/wp\/v2\/comments?post=220"}],"version-history":[{"count":3,"href":"https:\/\/blogs.ua.es\/psicologiadelasalud\/wp-json\/wp\/v2\/pages\/220\/revisions"}],"predecessor-version":[{"id":464,"href":"https:\/\/blogs.ua.es\/psicologiadelasalud\/wp-json\/wp\/v2\/pages\/220\/revisions\/464"}],"up":[{"embeddable":true,"href":"https:\/\/blogs.ua.es\/psicologiadelasalud\/wp-json\/wp\/v2\/pages\/45"}],"wp:attachment":[{"href":"https:\/\/blogs.ua.es\/psicologiadelasalud\/wp-json\/wp\/v2\/media?parent=220"}],"curies":[{"name":"wp","href":"https:\/\/api.w.org\/{rel}","templated":true}]}}