{"id":229,"date":"2018-12-06T10:54:40","date_gmt":"2018-12-06T10:54:40","guid":{"rendered":"https:\/\/blogs.ua.es\/psicologiadelasalud\/?page_id=229"},"modified":"2018-12-14T11:40:11","modified_gmt":"2018-12-14T11:40:11","slug":"pensamiento-y-lenguaje","status":"publish","type":"page","link":"https:\/\/blogs.ua.es\/psicologiadelasalud\/videos\/pensamiento-y-lenguaje\/","title":{"rendered":"Pensamiento y Lenguaje"},"content":{"rendered":"<p>El lenguaje, la forma que adopta una buena parte de nuestro pensamiento, est\u00e1 formada por varios elementos que se desarrollan a lo largo de la infancia. El lenguaje es un sistema de signos y reglas formales que nos permite expresar y representar nuestras ideas acerca del mundo, es decir, comunicarnos.<\/p>\n<p>El pensamiento es la actividad mental asociada al procesamiento, la comprensi\u00f3n y la transmisi\u00f3n de la informaci\u00f3n. Los psic\u00f3logos cognitivos estudian esas actividades mentales, incluidas las formas l\u00f3gicas, y a veces il\u00f3gicas, en que creamos conceptos, emitimos juicios, solucionamos problemas y tomamos decisiones.<\/p>\n<p>https:\/\/www.dailymotion.com\/video\/xan7hc#rel-page-9<\/p>\n<p><iframe loading=\"lazy\" title=\"Psicolog\u00eda del Lenguaje: &quot;La lingu\u0308i\u0301stica como ventana a nuestra mente&quot;. Steven Pinker\" width=\"604\" height=\"340\" src=\"https:\/\/www.youtube.com\/embed\/QLXZFZD-qq4?feature=oembed\" frameborder=\"0\" allow=\"accelerometer; autoplay; clipboard-write; encrypted-media; gyroscope; picture-in-picture; web-share\" referrerpolicy=\"strict-origin-when-cross-origin\" allowfullscreen><\/iframe><\/p>\n<p>https:\/\/www.dailymotion.com\/video\/x60sw28<\/p>\n","protected":false},"excerpt":{"rendered":"<p>El lenguaje, la forma que adopta una buena parte de nuestro pensamiento, est\u00e1 formada por varios elementos que se desarrollan a lo largo de la infancia. El lenguaje es un sistema de signos y reglas formales que nos permite expresar y representar nuestras ideas acerca del mundo, es decir, comunicarnos. El pensamiento es la actividad &hellip; <a href=\"https:\/\/blogs.ua.es\/psicologiadelasalud\/videos\/pensamiento-y-lenguaje\/\" class=\"more-link\">Continue reading <span class=\"screen-reader-text\">Pensamiento y Lenguaje<\/span> <span class=\"meta-nav\">&rarr;<\/span><\/a><\/p>\n","protected":false},"author":4330,"featured_media":0,"parent":45,"menu_order":7,"comment_status":"closed","ping_status":"closed","template":"","meta":{"footnotes":""},"class_list":["post-229","page","type-page","status-publish","hentry"],"_links":{"self":[{"href":"https:\/\/blogs.ua.es\/psicologiadelasalud\/wp-json\/wp\/v2\/pages\/229","targetHints":{"allow":["GET"]}}],"collection":[{"href":"https:\/\/blogs.ua.es\/psicologiadelasalud\/wp-json\/wp\/v2\/pages"}],"about":[{"href":"https:\/\/blogs.ua.es\/psicologiadelasalud\/wp-json\/wp\/v2\/types\/page"}],"author":[{"embeddable":true,"href":"https:\/\/blogs.ua.es\/psicologiadelasalud\/wp-json\/wp\/v2\/users\/4330"}],"replies":[{"embeddable":true,"href":"https:\/\/blogs.ua.es\/psicologiadelasalud\/wp-json\/wp\/v2\/comments?post=229"}],"version-history":[{"count":1,"href":"https:\/\/blogs.ua.es\/psicologiadelasalud\/wp-json\/wp\/v2\/pages\/229\/revisions"}],"predecessor-version":[{"id":230,"href":"https:\/\/blogs.ua.es\/psicologiadelasalud\/wp-json\/wp\/v2\/pages\/229\/revisions\/230"}],"up":[{"embeddable":true,"href":"https:\/\/blogs.ua.es\/psicologiadelasalud\/wp-json\/wp\/v2\/pages\/45"}],"wp:attachment":[{"href":"https:\/\/blogs.ua.es\/psicologiadelasalud\/wp-json\/wp\/v2\/media?parent=229"}],"curies":[{"name":"wp","href":"https:\/\/api.w.org\/{rel}","templated":true}]}}