{"id":234,"date":"2018-12-06T11:02:26","date_gmt":"2018-12-06T11:02:26","guid":{"rendered":"https:\/\/blogs.ua.es\/psicologiadelasalud\/?page_id=234"},"modified":"2020-06-23T11:37:02","modified_gmt":"2020-06-23T11:37:02","slug":"234-2","status":"publish","type":"page","link":"https:\/\/blogs.ua.es\/psicologiadelasalud\/videos\/234-2\/","title":{"rendered":"Comunicaci\u00f3n"},"content":{"rendered":"<p>Aproximaci\u00f3n al estudio de nuestra forma de relacionarnos y comunicarnos con otras personas y como afecta esta interacci\u00f3n en nuestra forma de pensar, sentir y actuar. El proceso de comunicaci\u00f3n, los distintos tipos de comunicaci\u00f3n en la interacci\u00f3n social y las estrategias de comunicaci\u00f3n son objeto de estudio en el estudio de la comunicaci\u00f3n.<\/p>\n<p>https:\/\/www.youtube.com\/watch?v=WAoEUQUso3o<\/p>\n<p>https:\/\/www.dailymotion.com\/video\/x28439y<\/p>\n<p>https:\/\/www.youtube.com\/watch?v=jSpp389iuTo<\/p>\n<p><iframe loading=\"lazy\" title=\"Psicolog\u00eda de la Comunicaci\u00f3n\" width=\"604\" height=\"340\" src=\"https:\/\/www.youtube.com\/embed\/jXZNRcg3le8?feature=oembed\" frameborder=\"0\" allow=\"accelerometer; autoplay; clipboard-write; encrypted-media; gyroscope; picture-in-picture; web-share\" referrerpolicy=\"strict-origin-when-cross-origin\" allowfullscreen><\/iframe><\/p>\n<p><iframe loading=\"lazy\" title=\"V\u00ednculos; Psicolog\u00eda y Comunicaci\u00f3n\" width=\"604\" height=\"340\" src=\"https:\/\/www.youtube.com\/embed\/xIbG-7ApSb4?feature=oembed\" frameborder=\"0\" allow=\"accelerometer; autoplay; clipboard-write; encrypted-media; gyroscope; picture-in-picture; web-share\" referrerpolicy=\"strict-origin-when-cross-origin\" allowfullscreen><\/iframe><\/p>\n<p><iframe loading=\"lazy\" title=\"El lenguaje no verbal para el trabajo policial\" width=\"604\" height=\"453\" src=\"https:\/\/www.youtube.com\/embed\/j_YgdvGs2OM?feature=oembed\" frameborder=\"0\" allow=\"accelerometer; autoplay; clipboard-write; encrypted-media; gyroscope; picture-in-picture; web-share\" referrerpolicy=\"strict-origin-when-cross-origin\" allowfullscreen><\/iframe><\/p>\n","protected":false},"excerpt":{"rendered":"<p>Aproximaci\u00f3n al estudio de nuestra forma de relacionarnos y comunicarnos con otras personas y como afecta esta interacci\u00f3n en nuestra forma de pensar, sentir y actuar. El proceso de comunicaci\u00f3n, los distintos tipos de comunicaci\u00f3n en la interacci\u00f3n social y las estrategias de comunicaci\u00f3n son objeto de estudio en el estudio de la comunicaci\u00f3n. https:\/\/www.youtube.com\/watch?v=WAoEUQUso3o &hellip; <a href=\"https:\/\/blogs.ua.es\/psicologiadelasalud\/videos\/234-2\/\" class=\"more-link\">Continue reading <span class=\"screen-reader-text\">Comunicaci\u00f3n<\/span> <span class=\"meta-nav\">&rarr;<\/span><\/a><\/p>\n","protected":false},"author":4330,"featured_media":0,"parent":45,"menu_order":8,"comment_status":"closed","ping_status":"closed","template":"","meta":{"footnotes":""},"class_list":["post-234","page","type-page","status-publish","hentry"],"_links":{"self":[{"href":"https:\/\/blogs.ua.es\/psicologiadelasalud\/wp-json\/wp\/v2\/pages\/234","targetHints":{"allow":["GET"]}}],"collection":[{"href":"https:\/\/blogs.ua.es\/psicologiadelasalud\/wp-json\/wp\/v2\/pages"}],"about":[{"href":"https:\/\/blogs.ua.es\/psicologiadelasalud\/wp-json\/wp\/v2\/types\/page"}],"author":[{"embeddable":true,"href":"https:\/\/blogs.ua.es\/psicologiadelasalud\/wp-json\/wp\/v2\/users\/4330"}],"replies":[{"embeddable":true,"href":"https:\/\/blogs.ua.es\/psicologiadelasalud\/wp-json\/wp\/v2\/comments?post=234"}],"version-history":[{"count":6,"href":"https:\/\/blogs.ua.es\/psicologiadelasalud\/wp-json\/wp\/v2\/pages\/234\/revisions"}],"predecessor-version":[{"id":470,"href":"https:\/\/blogs.ua.es\/psicologiadelasalud\/wp-json\/wp\/v2\/pages\/234\/revisions\/470"}],"up":[{"embeddable":true,"href":"https:\/\/blogs.ua.es\/psicologiadelasalud\/wp-json\/wp\/v2\/pages\/45"}],"wp:attachment":[{"href":"https:\/\/blogs.ua.es\/psicologiadelasalud\/wp-json\/wp\/v2\/media?parent=234"}],"curies":[{"name":"wp","href":"https:\/\/api.w.org\/{rel}","templated":true}]}}