{"id":239,"date":"2018-12-06T11:07:27","date_gmt":"2018-12-06T11:07:27","guid":{"rendered":"https:\/\/blogs.ua.es\/psicologiadelasalud\/?page_id=239"},"modified":"2020-06-23T11:38:56","modified_gmt":"2020-06-23T11:38:56","slug":"la-inteligencia","status":"publish","type":"page","link":"https:\/\/blogs.ua.es\/psicologiadelasalud\/videos\/la-inteligencia\/","title":{"rendered":"Inteligencia"},"content":{"rendered":"<p>Definir qu\u00e9 es la inteligencia es siempre objeto de pol\u00e9mica. Las definiciones de inteligencia pueden clasificarse en varios grupos: las psicol\u00f3gicas, mostrando la inteligencia como la capacidad cognitiva, de aprendizaje, y relaci\u00f3n; las biol\u00f3gicas, que consideran la capacidad de adaptaci\u00f3n a nuevas situaciones; las operativas, etc.\u00a0 Tal diversidad indica el car\u00e1cter complejo de la inteligencia, por ello en este tema se realizar\u00e1 una visi\u00f3n hist\u00f3rica de la medida de la inteligencia, as\u00ed como de las distintas teor\u00edas, evaluaci\u00f3n e influencias gen\u00e9ticas y ambientales en la inteligencia.<\/p>\n<p>https:\/\/www.youtube.com\/watch?v=w91KNgvKwwQ<\/p>\n<p>https:\/\/www.dailymotion.com\/video\/xf2rca<\/p>\n<p>https:\/\/www.dailymotion.com\/video\/x4w6io5<\/p>\n<p><iframe loading=\"lazy\" title=\"Origen del estudio de la Inteligencia\" width=\"604\" height=\"340\" src=\"https:\/\/www.youtube.com\/embed\/dx4d2rm9Q04?feature=oembed\" frameborder=\"0\" allow=\"accelerometer; autoplay; clipboard-write; encrypted-media; gyroscope; picture-in-picture; web-share\" referrerpolicy=\"strict-origin-when-cross-origin\" allowfullscreen><\/iframe><\/p>\n","protected":false},"excerpt":{"rendered":"<p>Definir qu\u00e9 es la inteligencia es siempre objeto de pol\u00e9mica. Las definiciones de inteligencia pueden clasificarse en varios grupos: las psicol\u00f3gicas, mostrando la inteligencia como la capacidad cognitiva, de aprendizaje, y relaci\u00f3n; las biol\u00f3gicas, que consideran la capacidad de adaptaci\u00f3n a nuevas situaciones; las operativas, etc.\u00a0 Tal diversidad indica el car\u00e1cter complejo de la inteligencia, &hellip; <a href=\"https:\/\/blogs.ua.es\/psicologiadelasalud\/videos\/la-inteligencia\/\" class=\"more-link\">Continue reading <span class=\"screen-reader-text\">Inteligencia<\/span> <span class=\"meta-nav\">&rarr;<\/span><\/a><\/p>\n","protected":false},"author":4330,"featured_media":0,"parent":45,"menu_order":9,"comment_status":"closed","ping_status":"closed","template":"","meta":{"footnotes":""},"class_list":["post-239","page","type-page","status-publish","hentry"],"_links":{"self":[{"href":"https:\/\/blogs.ua.es\/psicologiadelasalud\/wp-json\/wp\/v2\/pages\/239","targetHints":{"allow":["GET"]}}],"collection":[{"href":"https:\/\/blogs.ua.es\/psicologiadelasalud\/wp-json\/wp\/v2\/pages"}],"about":[{"href":"https:\/\/blogs.ua.es\/psicologiadelasalud\/wp-json\/wp\/v2\/types\/page"}],"author":[{"embeddable":true,"href":"https:\/\/blogs.ua.es\/psicologiadelasalud\/wp-json\/wp\/v2\/users\/4330"}],"replies":[{"embeddable":true,"href":"https:\/\/blogs.ua.es\/psicologiadelasalud\/wp-json\/wp\/v2\/comments?post=239"}],"version-history":[{"count":4,"href":"https:\/\/blogs.ua.es\/psicologiadelasalud\/wp-json\/wp\/v2\/pages\/239\/revisions"}],"predecessor-version":[{"id":472,"href":"https:\/\/blogs.ua.es\/psicologiadelasalud\/wp-json\/wp\/v2\/pages\/239\/revisions\/472"}],"up":[{"embeddable":true,"href":"https:\/\/blogs.ua.es\/psicologiadelasalud\/wp-json\/wp\/v2\/pages\/45"}],"wp:attachment":[{"href":"https:\/\/blogs.ua.es\/psicologiadelasalud\/wp-json\/wp\/v2\/media?parent=239"}],"curies":[{"name":"wp","href":"https:\/\/api.w.org\/{rel}","templated":true}]}}