{"id":257,"date":"2018-12-06T17:59:26","date_gmt":"2018-12-06T17:59:26","guid":{"rendered":"https:\/\/blogs.ua.es\/psicologiadelasalud\/?page_id=257"},"modified":"2020-06-23T11:47:53","modified_gmt":"2020-06-23T11:47:53","slug":"estres","status":"publish","type":"page","link":"https:\/\/blogs.ua.es\/psicologiadelasalud\/videos\/estres\/","title":{"rendered":"Estr\u00e9s"},"content":{"rendered":"<p>Desde que Hans Selye introdujo en el \u00e1mbito de la salud el t\u00e9rmino stress en 1926, \u00e9ste se ha convertido en uno de los t\u00e9rminos m\u00e1s utilizados, tanto por los profesionales de las distintas ciencias de la salud como en el lenguaje coloquial del hombre de la calle. Selye defini\u00f3 el estr\u00e9s como la respuesta general del organismo ante cualquier est\u00edmulo estresor o situaci\u00f3n estresante. Posteriormente el t\u00e9rmino ha sido utilizado con otros m\u00faltiples significados. As\u00ed, ha servido tanto para designar esta respuesta del organismo, como la situaci\u00f3n que la desencadena o los efectos producidos como consecuencia de la exposici\u00f3n repetidas veces a situaciones estresantes.\u00a0 Es m\u00e1s, en el lenguaje coloquial se ha utilizado con otras muy variadas significaciones, por lo que es muy dif\u00edcil en muchos casos saber qu\u00e9 quiere decir una persona cuando hace referencia al estr\u00e9s.<\/p>\n<p>Afrontar el estr\u00e9s puede significar hacer frente al problema o evitarlo y tomar medidas para evitar que se presente de nuevo. Afrontarlo puede implicar luchar o huir, repeliendo el desaf\u00edo o sorte\u00e1ndolo, solucionar el problema o distanciarse mentalmente del mismo. Aun as\u00ed, en la vida los factores estresantes son inevitables.<\/p>\n<p>&nbsp;<\/p>\n<p><iframe loading=\"lazy\" title=\"Fisiolog\u00eda del Estr\u00e9s\" width=\"604\" height=\"340\" src=\"https:\/\/www.youtube.com\/embed\/r0mQj2Y_sqI?feature=oembed\" frameborder=\"0\" allow=\"accelerometer; autoplay; clipboard-write; encrypted-media; gyroscope; picture-in-picture; web-share\" referrerpolicy=\"strict-origin-when-cross-origin\" allowfullscreen><\/iframe><\/p>\n<p>&nbsp;<\/p>\n<p><iframe loading=\"lazy\" title=\"El Stress Retrato De Un Asesino\" width=\"604\" height=\"453\" src=\"https:\/\/www.youtube.com\/embed\/HTtTWymgC8c?feature=oembed\" frameborder=\"0\" allow=\"accelerometer; autoplay; clipboard-write; encrypted-media; gyroscope; picture-in-picture; web-share\" referrerpolicy=\"strict-origin-when-cross-origin\" allowfullscreen><\/iframe><\/p>\n<p>https:\/\/www.dailymotion.com\/video\/x6d2ic3?playlist=xmvlh<\/p>\n<p>https:\/\/www.dailymotion.com\/video\/x20jigk?playlist=xmvlh<\/p>\n<p>https:\/\/www.dailymotion.com\/video\/x20jigk<\/p>\n","protected":false},"excerpt":{"rendered":"<p>Desde que Hans Selye introdujo en el \u00e1mbito de la salud el t\u00e9rmino stress en 1926, \u00e9ste se ha convertido en uno de los t\u00e9rminos m\u00e1s utilizados, tanto por los profesionales de las distintas ciencias de la salud como en el lenguaje coloquial del hombre de la calle. Selye defini\u00f3 el estr\u00e9s como la respuesta &hellip; <a href=\"https:\/\/blogs.ua.es\/psicologiadelasalud\/videos\/estres\/\" class=\"more-link\">Continue reading <span class=\"screen-reader-text\">Estr\u00e9s<\/span> <span class=\"meta-nav\">&rarr;<\/span><\/a><\/p>\n","protected":false},"author":4330,"featured_media":0,"parent":45,"menu_order":12,"comment_status":"closed","ping_status":"closed","template":"","meta":{"footnotes":""},"class_list":["post-257","page","type-page","status-publish","hentry"],"_links":{"self":[{"href":"https:\/\/blogs.ua.es\/psicologiadelasalud\/wp-json\/wp\/v2\/pages\/257","targetHints":{"allow":["GET"]}}],"collection":[{"href":"https:\/\/blogs.ua.es\/psicologiadelasalud\/wp-json\/wp\/v2\/pages"}],"about":[{"href":"https:\/\/blogs.ua.es\/psicologiadelasalud\/wp-json\/wp\/v2\/types\/page"}],"author":[{"embeddable":true,"href":"https:\/\/blogs.ua.es\/psicologiadelasalud\/wp-json\/wp\/v2\/users\/4330"}],"replies":[{"embeddable":true,"href":"https:\/\/blogs.ua.es\/psicologiadelasalud\/wp-json\/wp\/v2\/comments?post=257"}],"version-history":[{"count":3,"href":"https:\/\/blogs.ua.es\/psicologiadelasalud\/wp-json\/wp\/v2\/pages\/257\/revisions"}],"predecessor-version":[{"id":477,"href":"https:\/\/blogs.ua.es\/psicologiadelasalud\/wp-json\/wp\/v2\/pages\/257\/revisions\/477"}],"up":[{"embeddable":true,"href":"https:\/\/blogs.ua.es\/psicologiadelasalud\/wp-json\/wp\/v2\/pages\/45"}],"wp:attachment":[{"href":"https:\/\/blogs.ua.es\/psicologiadelasalud\/wp-json\/wp\/v2\/media?parent=257"}],"curies":[{"name":"wp","href":"https:\/\/api.w.org\/{rel}","templated":true}]}}