{"id":261,"date":"2018-12-06T18:06:27","date_gmt":"2018-12-06T18:06:27","guid":{"rendered":"https:\/\/blogs.ua.es\/psicologiadelasalud\/?page_id=261"},"modified":"2018-12-06T18:06:27","modified_gmt":"2018-12-06T18:06:27","slug":"relaciones-humanas-e-interpersonales","status":"publish","type":"page","link":"https:\/\/blogs.ua.es\/psicologiadelasalud\/videos\/relaciones-humanas-e-interpersonales\/","title":{"rendered":"Relaciones Humanas e Interpersonales"},"content":{"rendered":"<p>El ser humano es un ser social, desde que nace hasta que muere, vive en sociedad, rodeado de otras personas. Incluso estas personas no s\u00f3lo nos rodean, sino que su presencia es necesaria para poder desarrollarnos como personas dotadas de una estructura psicol\u00f3gica.<\/p>\n<p>Los procesos sociales por los que la presencia, real o imaginaria, de los otros influye en nuestras actitudes, creencias y conductas se llaman influencia social.<\/p>\n<p>En este tema se pretende profundizar en la complejidad y la multicasualidad de las relaciones humanas e interpersonales, centr\u00e1ndonos en el an\u00e1lisis y el conocimiento de los procesos de interacci\u00f3n social, c\u00f3mo nos influye y c\u00f3mo interpretamos las situaciones que vivimos con otros.<\/p>\n<p><iframe loading=\"lazy\" title=\"Stanley MILGRAM, Experimento sobre la obediencia a la autoridad\" width=\"604\" height=\"453\" src=\"https:\/\/www.youtube.com\/embed\/8rocRcUOwFw?feature=oembed\" frameborder=\"0\" allow=\"accelerometer; autoplay; clipboard-write; encrypted-media; gyroscope; picture-in-picture; web-share\" referrerpolicy=\"strict-origin-when-cross-origin\" allowfullscreen><\/iframe><\/p>\n<p><iframe loading=\"lazy\" title=\"Experimento de Asch (subtitulado)\" width=\"604\" height=\"340\" src=\"https:\/\/www.youtube.com\/embed\/tAivP2xzrng?feature=oembed\" frameborder=\"0\" allow=\"accelerometer; autoplay; clipboard-write; encrypted-media; gyroscope; picture-in-picture; web-share\" referrerpolicy=\"strict-origin-when-cross-origin\" allowfullscreen><\/iframe><\/p>\n<p><iframe loading=\"lazy\" title=\"El machismo que no se ve Documentos TV   2015\" width=\"604\" height=\"340\" src=\"https:\/\/www.youtube.com\/embed\/AzuZFWWNSI4?feature=oembed\" frameborder=\"0\" allow=\"accelerometer; autoplay; clipboard-write; encrypted-media; gyroscope; picture-in-picture; web-share\" referrerpolicy=\"strict-origin-when-cross-origin\" allowfullscreen><\/iframe><\/p>\n","protected":false},"excerpt":{"rendered":"<p>El ser humano es un ser social, desde que nace hasta que muere, vive en sociedad, rodeado de otras personas. Incluso estas personas no s\u00f3lo nos rodean, sino que su presencia es necesaria para poder desarrollarnos como personas dotadas de una estructura psicol\u00f3gica. Los procesos sociales por los que la presencia, real o imaginaria, de &hellip; <a href=\"https:\/\/blogs.ua.es\/psicologiadelasalud\/videos\/relaciones-humanas-e-interpersonales\/\" class=\"more-link\">Continue reading <span class=\"screen-reader-text\">Relaciones Humanas e Interpersonales<\/span> <span class=\"meta-nav\">&rarr;<\/span><\/a><\/p>\n","protected":false},"author":4330,"featured_media":0,"parent":45,"menu_order":13,"comment_status":"closed","ping_status":"closed","template":"","meta":{"footnotes":""},"class_list":["post-261","page","type-page","status-publish","hentry"],"_links":{"self":[{"href":"https:\/\/blogs.ua.es\/psicologiadelasalud\/wp-json\/wp\/v2\/pages\/261","targetHints":{"allow":["GET"]}}],"collection":[{"href":"https:\/\/blogs.ua.es\/psicologiadelasalud\/wp-json\/wp\/v2\/pages"}],"about":[{"href":"https:\/\/blogs.ua.es\/psicologiadelasalud\/wp-json\/wp\/v2\/types\/page"}],"author":[{"embeddable":true,"href":"https:\/\/blogs.ua.es\/psicologiadelasalud\/wp-json\/wp\/v2\/users\/4330"}],"replies":[{"embeddable":true,"href":"https:\/\/blogs.ua.es\/psicologiadelasalud\/wp-json\/wp\/v2\/comments?post=261"}],"version-history":[{"count":1,"href":"https:\/\/blogs.ua.es\/psicologiadelasalud\/wp-json\/wp\/v2\/pages\/261\/revisions"}],"predecessor-version":[{"id":262,"href":"https:\/\/blogs.ua.es\/psicologiadelasalud\/wp-json\/wp\/v2\/pages\/261\/revisions\/262"}],"up":[{"embeddable":true,"href":"https:\/\/blogs.ua.es\/psicologiadelasalud\/wp-json\/wp\/v2\/pages\/45"}],"wp:attachment":[{"href":"https:\/\/blogs.ua.es\/psicologiadelasalud\/wp-json\/wp\/v2\/media?parent=261"}],"curies":[{"name":"wp","href":"https:\/\/api.w.org\/{rel}","templated":true}]}}