{"id":270,"date":"2018-12-06T18:25:30","date_gmt":"2018-12-06T18:25:30","guid":{"rendered":"https:\/\/blogs.ua.es\/psicologiadelasalud\/?page_id=270"},"modified":"2018-12-06T18:25:30","modified_gmt":"2018-12-06T18:25:30","slug":"trastornos-psicologicos","status":"publish","type":"page","link":"https:\/\/blogs.ua.es\/psicologiadelasalud\/videos\/trastornos-psicologicos\/","title":{"rendered":"Trastornos Psicol\u00f3gicos"},"content":{"rendered":"<p>Los trastornos psicol\u00f3gicos pueden afectar al ser humano. Las distintas alteraciones psicopatol\u00f3gicas pueden afectar al funcionamiento humano. Resulta imprescindible conocer la estructura y los criterios utilizados por los principales sistemas nosol\u00f3gicos internacionales utilizados en psicopatolog\u00eda y los principales tratamientos psicol\u00f3gicos.<\/p>\n<p><iframe loading=\"lazy\" title=\"Trastornos mentales - Una visi\u00f3n general\" width=\"604\" height=\"340\" src=\"https:\/\/www.youtube.com\/embed\/K6ZcQnJXx8s?feature=oembed\" frameborder=\"0\" allow=\"accelerometer; autoplay; clipboard-write; encrypted-media; gyroscope; picture-in-picture; web-share\" referrerpolicy=\"strict-origin-when-cross-origin\" allowfullscreen><\/iframe><\/p>\n<p><iframe loading=\"lazy\" title=\"Uno por ciento,esquizofrenia By Luis Vallester Psicolog\u00eda\" width=\"604\" height=\"453\" src=\"https:\/\/www.youtube.com\/embed\/gSsbg7pm2CQ?feature=oembed\" frameborder=\"0\" allow=\"accelerometer; autoplay; clipboard-write; encrypted-media; gyroscope; picture-in-picture; web-share\" referrerpolicy=\"strict-origin-when-cross-origin\" allowfullscreen><\/iframe><\/p>\n<p><iframe loading=\"lazy\" title=\"Documental Depresi\u00f3n\" width=\"604\" height=\"453\" src=\"https:\/\/www.youtube.com\/embed\/EjO5m2OuQXc?feature=oembed\" frameborder=\"0\" allow=\"accelerometer; autoplay; clipboard-write; encrypted-media; gyroscope; picture-in-picture; web-share\" referrerpolicy=\"strict-origin-when-cross-origin\" allowfullscreen><\/iframe><\/p>\n","protected":false},"excerpt":{"rendered":"<p>Los trastornos psicol\u00f3gicos pueden afectar al ser humano. Las distintas alteraciones psicopatol\u00f3gicas pueden afectar al funcionamiento humano. Resulta imprescindible conocer la estructura y los criterios utilizados por los principales sistemas nosol\u00f3gicos internacionales utilizados en psicopatolog\u00eda y los principales tratamientos psicol\u00f3gicos.<\/p>\n","protected":false},"author":4330,"featured_media":0,"parent":45,"menu_order":14,"comment_status":"closed","ping_status":"closed","template":"","meta":{"footnotes":""},"class_list":["post-270","page","type-page","status-publish","hentry"],"_links":{"self":[{"href":"https:\/\/blogs.ua.es\/psicologiadelasalud\/wp-json\/wp\/v2\/pages\/270","targetHints":{"allow":["GET"]}}],"collection":[{"href":"https:\/\/blogs.ua.es\/psicologiadelasalud\/wp-json\/wp\/v2\/pages"}],"about":[{"href":"https:\/\/blogs.ua.es\/psicologiadelasalud\/wp-json\/wp\/v2\/types\/page"}],"author":[{"embeddable":true,"href":"https:\/\/blogs.ua.es\/psicologiadelasalud\/wp-json\/wp\/v2\/users\/4330"}],"replies":[{"embeddable":true,"href":"https:\/\/blogs.ua.es\/psicologiadelasalud\/wp-json\/wp\/v2\/comments?post=270"}],"version-history":[{"count":1,"href":"https:\/\/blogs.ua.es\/psicologiadelasalud\/wp-json\/wp\/v2\/pages\/270\/revisions"}],"predecessor-version":[{"id":271,"href":"https:\/\/blogs.ua.es\/psicologiadelasalud\/wp-json\/wp\/v2\/pages\/270\/revisions\/271"}],"up":[{"embeddable":true,"href":"https:\/\/blogs.ua.es\/psicologiadelasalud\/wp-json\/wp\/v2\/pages\/45"}],"wp:attachment":[{"href":"https:\/\/blogs.ua.es\/psicologiadelasalud\/wp-json\/wp\/v2\/media?parent=270"}],"curies":[{"name":"wp","href":"https:\/\/api.w.org\/{rel}","templated":true}]}}