{"id":275,"date":"2018-12-06T18:38:24","date_gmt":"2018-12-06T18:38:24","guid":{"rendered":"https:\/\/blogs.ua.es\/psicologiadelasalud\/?page_id=275"},"modified":"2018-12-14T11:48:36","modified_gmt":"2018-12-14T11:48:36","slug":"psicodoc","status":"publish","type":"page","link":"https:\/\/blogs.ua.es\/psicologiadelasalud\/bibliografia\/psicodoc\/","title":{"rendered":"Psicodoc"},"content":{"rendered":"<p>Es una base de datos internacional con interfaz multiling\u00fce (espa\u00f1ol, ingl\u00e9s y portugu\u00e9s) que facilita la b\u00fasqueda bibliogr\u00e1fica y el acceso al texto completo de las publicaciones cient\u00edficas sobre Psicolog\u00eda y otras disciplinas afines.<\/p>\n<p><a href=\"http:\/\/www.psicodoc.org\/acerca.htm\">Pinche aqu\u00ed para acceder a Psicodoc<\/a><\/p>\n","protected":false},"excerpt":{"rendered":"<p>Es una base de datos internacional con interfaz multiling\u00fce (espa\u00f1ol, ingl\u00e9s y portugu\u00e9s) que facilita la b\u00fasqueda bibliogr\u00e1fica y el acceso al texto completo de las publicaciones cient\u00edficas sobre Psicolog\u00eda y otras disciplinas afines. Pinche aqu\u00ed para acceder a Psicodoc<\/p>\n","protected":false},"author":4330,"featured_media":0,"parent":48,"menu_order":1,"comment_status":"closed","ping_status":"closed","template":"","meta":{"footnotes":""},"class_list":["post-275","page","type-page","status-publish","hentry"],"_links":{"self":[{"href":"https:\/\/blogs.ua.es\/psicologiadelasalud\/wp-json\/wp\/v2\/pages\/275","targetHints":{"allow":["GET"]}}],"collection":[{"href":"https:\/\/blogs.ua.es\/psicologiadelasalud\/wp-json\/wp\/v2\/pages"}],"about":[{"href":"https:\/\/blogs.ua.es\/psicologiadelasalud\/wp-json\/wp\/v2\/types\/page"}],"author":[{"embeddable":true,"href":"https:\/\/blogs.ua.es\/psicologiadelasalud\/wp-json\/wp\/v2\/users\/4330"}],"replies":[{"embeddable":true,"href":"https:\/\/blogs.ua.es\/psicologiadelasalud\/wp-json\/wp\/v2\/comments?post=275"}],"version-history":[{"count":7,"href":"https:\/\/blogs.ua.es\/psicologiadelasalud\/wp-json\/wp\/v2\/pages\/275\/revisions"}],"predecessor-version":[{"id":352,"href":"https:\/\/blogs.ua.es\/psicologiadelasalud\/wp-json\/wp\/v2\/pages\/275\/revisions\/352"}],"up":[{"embeddable":true,"href":"https:\/\/blogs.ua.es\/psicologiadelasalud\/wp-json\/wp\/v2\/pages\/48"}],"wp:attachment":[{"href":"https:\/\/blogs.ua.es\/psicologiadelasalud\/wp-json\/wp\/v2\/media?parent=275"}],"curies":[{"name":"wp","href":"https:\/\/api.w.org\/{rel}","templated":true}]}}