{"id":282,"date":"2018-12-06T18:46:41","date_gmt":"2018-12-06T18:46:41","guid":{"rendered":"https:\/\/blogs.ua.es\/psicologiadelasalud\/?page_id=282"},"modified":"2018-12-14T10:49:55","modified_gmt":"2018-12-14T10:49:55","slug":"psycinfo","status":"publish","type":"page","link":"https:\/\/blogs.ua.es\/psicologiadelasalud\/bibliografia\/psycinfo\/","title":{"rendered":"PsycINFO"},"content":{"rendered":"<p>Recoge m\u00e1s de 15.000 enlaces a texto completo y 94.000 referencias bibliogr\u00e1ficas de art\u00edculos de revistas cient\u00edficas, congresos y libros sobre psicolog\u00eda y ciencias afines procedentes de Espa\u00f1a y Am\u00e9rica Latina<\/p>\n<p><a href=\"https:\/\/www.apa.org\/pubs\/databases\/psycinfo\/index.aspx\">Pinche aqu\u00ed para acceder a PsycINFO<\/a><\/p>\n","protected":false},"excerpt":{"rendered":"<p>Recoge m\u00e1s de 15.000 enlaces a texto completo y 94.000 referencias bibliogr\u00e1ficas de art\u00edculos de revistas cient\u00edficas, congresos y libros sobre psicolog\u00eda y ciencias afines procedentes de Espa\u00f1a y Am\u00e9rica Latina Pinche aqu\u00ed para acceder a PsycINFO<\/p>\n","protected":false},"author":4330,"featured_media":0,"parent":48,"menu_order":2,"comment_status":"closed","ping_status":"closed","template":"","meta":{"footnotes":""},"class_list":["post-282","page","type-page","status-publish","hentry"],"_links":{"self":[{"href":"https:\/\/blogs.ua.es\/psicologiadelasalud\/wp-json\/wp\/v2\/pages\/282","targetHints":{"allow":["GET"]}}],"collection":[{"href":"https:\/\/blogs.ua.es\/psicologiadelasalud\/wp-json\/wp\/v2\/pages"}],"about":[{"href":"https:\/\/blogs.ua.es\/psicologiadelasalud\/wp-json\/wp\/v2\/types\/page"}],"author":[{"embeddable":true,"href":"https:\/\/blogs.ua.es\/psicologiadelasalud\/wp-json\/wp\/v2\/users\/4330"}],"replies":[{"embeddable":true,"href":"https:\/\/blogs.ua.es\/psicologiadelasalud\/wp-json\/wp\/v2\/comments?post=282"}],"version-history":[{"count":2,"href":"https:\/\/blogs.ua.es\/psicologiadelasalud\/wp-json\/wp\/v2\/pages\/282\/revisions"}],"predecessor-version":[{"id":348,"href":"https:\/\/blogs.ua.es\/psicologiadelasalud\/wp-json\/wp\/v2\/pages\/282\/revisions\/348"}],"up":[{"embeddable":true,"href":"https:\/\/blogs.ua.es\/psicologiadelasalud\/wp-json\/wp\/v2\/pages\/48"}],"wp:attachment":[{"href":"https:\/\/blogs.ua.es\/psicologiadelasalud\/wp-json\/wp\/v2\/media?parent=282"}],"curies":[{"name":"wp","href":"https:\/\/api.w.org\/{rel}","templated":true}]}}