{"id":359,"date":"2019-09-17T11:33:57","date_gmt":"2019-09-17T11:33:57","guid":{"rendered":"https:\/\/blogs.ua.es\/psicologiadelasalud\/?page_id=359"},"modified":"2019-09-24T08:35:20","modified_gmt":"2019-09-24T08:35:20","slug":"corrientes-psicologicas","status":"publish","type":"page","link":"https:\/\/blogs.ua.es\/psicologiadelasalud\/bases-de-datos\/corrientes-psicologicas\/","title":{"rendered":"Corrientes Psicol\u00f3gicas"},"content":{"rendered":"<p><strong>INTRODUCCI\u00d3N<\/strong><\/p>\n<p>La Psicolog\u00eda es la ciencia que estudia la conducta y el comportamiento humano, as\u00ed como los procesos mentales que subyacen a la misma.<br \/>\nLa Psicolog\u00eda\u00a0es una ciencia relativamente joven, que comenz\u00f3 su andadura independiente de la Fisiolog\u00eda y de la Filosof\u00eda a mediados del siglo XIX. Los primeros psic\u00f3logos se dedicaron al estudio de fen\u00f3menos de conducta sencillos, aportando explicaciones que, aunque en la actualidad han quedado obsoletas, en su d\u00eda propiciaron el crecimiento de la disciplina hasta alcanzar el actual status de ciencia de la conducta.<br \/>\nLa psicolog\u00eda moderna se ha dedicado a recoger hechos sobre la conducta y la experiencia, y a organizarlos sistem\u00e1ticamente, elaborando teor\u00edas para su comprensi\u00f3n. Estas teor\u00edas ayudan a conocer y explicar el comportamiento de los seres humanos.<br \/>\nLas distintas teor\u00edas y escuelas psicol\u00f3gicas han enfocado sus esfuerzos en diversas \u00e1reas, existiendo desde los enfoques que se centran exclusivamente en la conducta observable (conductismo), pasando por los que se ocupan de los procesos internos tales como el pensamiento, el razonamiento, la memoria, etc. (como el\u00a0cognitivismo) o las orientaciones que ponen el acento en las relaciones humanas y en la comunicaci\u00f3n, hasta los sistemas psicol\u00f3gicos que se focalizan en los procesos inconscientes (como el\u00a0psicoan\u00e1lisis). El alcance de las teor\u00edas abarca \u00e1reas o campos que van desde el estudio del desarrollo infantil hasta c\u00f3mo los seres humanos sienten, perciben o piensan; c\u00f3mo aprenden a adaptarse al medio que les rodea o resuelven conflictos.<\/p>\n<p><strong>RECURSOS<\/strong><\/p>\n<ul>\n<li><a href=\"https:\/\/moodle2019-20.ua.es\/moodle\/pluginfile.php\/47731\/mod_resource\/content\/3\/18502.%20Tema%201.INTRODUCCI%C3%93N%20A%20LA%20PSICOLOG%C3%8DA.pdf\">Material Docente sobre la Historia de la Psicolog\u00eda<\/a><\/li>\n<li><a href=\"https:\/\/blogs.ua.es\/psicologiadelasalud\/videos\/introduccion-a-la-psicologia\/\">Recursos audiovisuales<\/a><\/li>\n<li>Revisar las siguientes p\u00e1ginas web:\n<ol>\n<li><a href=\"http:\/\/www.psicoactiva.com\/historia\/histo1.htm\" target=\"_blank\" rel=\"noopener noreferrer\" data-saferedirecturl=\"https:\/\/www.google.com\/url?q=http:\/\/www.psicoactiva.com\/historia\/histo1.htm&amp;source=gmail&amp;ust=1568807022338000&amp;usg=AFQjCNH3naRa2eMdjm_lDJreGQkPOipjEA\">http:\/\/www.psicoactiva.com\/historia\/histo1.htm<\/a><\/li>\n<li><a href=\"https:\/\/www.lifeder.com\/escuelas-psicologia\/\" target=\"_blank\" rel=\"noopener noreferrer\">https:\/\/www.lifeder.com\/escuelas-psicologia\/<\/a><\/li>\n<li><a href=\"http:\/\/historyofpsych.org\/\">http:\/\/historyofpsych.org\/<\/a><\/li>\n<li><a href=\"https:\/\/psicologiaymente.com\/psicologia\/historia-de-la-psicologia\">https:\/\/psicologiaymente.com\/psicologia\/historia-de-la-psicologia<\/a><\/li>\n<li><a href=\"https:\/\/www.lifeder.com\/wilhelm-wundt\/\">https:\/\/www.lifeder.com\/wilhelm-wundt\/<\/a><\/li>\n<li><a href=\"https:\/\/www.universidadviu.es\/psicologia-conductista\/\">https:\/\/www.universidadviu.es\/psicologia-conductista\/<\/a><\/li>\n<li><a href=\"http:\/\/www.ub.edu\/pa1\/node\/gestalt\">http:\/\/www.ub.edu\/pa1\/node\/gestalt<\/a><\/li>\n<\/ol>\n<ol>\n<li><a href=\"https:\/\/www.revistahistoriapsicologia.es\/\" target=\"_blank\" rel=\"noopener noreferrer\">Revista de Historia de la Psicolog\u00eda<\/a><\/li>\n<li><a href=\"http:\/\/sehp.org\/wordpress\/\" target=\"_blank\" rel=\"noopener noreferrer\">Sociedad Espa\u00f1ola de Historia de la Psicolog\u00eda<\/a><\/li>\n<\/ol>\n<\/li>\n<\/ul>\n","protected":false},"excerpt":{"rendered":"<p>INTRODUCCI\u00d3N La Psicolog\u00eda es la ciencia que estudia la conducta y el comportamiento humano, as\u00ed como los procesos mentales que subyacen a la misma. La Psicolog\u00eda\u00a0es una ciencia relativamente joven, que comenz\u00f3 su andadura independiente de la Fisiolog\u00eda y de la Filosof\u00eda a mediados del siglo XIX. Los primeros psic\u00f3logos se dedicaron al estudio de &hellip; <a href=\"https:\/\/blogs.ua.es\/psicologiadelasalud\/bases-de-datos\/corrientes-psicologicas\/\" class=\"more-link\">Continue reading <span class=\"screen-reader-text\">Corrientes Psicol\u00f3gicas<\/span> <span class=\"meta-nav\">&rarr;<\/span><\/a><\/p>\n","protected":false},"author":4330,"featured_media":0,"parent":50,"menu_order":0,"comment_status":"closed","ping_status":"closed","template":"","meta":{"footnotes":""},"class_list":["post-359","page","type-page","status-publish","hentry"],"_links":{"self":[{"href":"https:\/\/blogs.ua.es\/psicologiadelasalud\/wp-json\/wp\/v2\/pages\/359","targetHints":{"allow":["GET"]}}],"collection":[{"href":"https:\/\/blogs.ua.es\/psicologiadelasalud\/wp-json\/wp\/v2\/pages"}],"about":[{"href":"https:\/\/blogs.ua.es\/psicologiadelasalud\/wp-json\/wp\/v2\/types\/page"}],"author":[{"embeddable":true,"href":"https:\/\/blogs.ua.es\/psicologiadelasalud\/wp-json\/wp\/v2\/users\/4330"}],"replies":[{"embeddable":true,"href":"https:\/\/blogs.ua.es\/psicologiadelasalud\/wp-json\/wp\/v2\/comments?post=359"}],"version-history":[{"count":11,"href":"https:\/\/blogs.ua.es\/psicologiadelasalud\/wp-json\/wp\/v2\/pages\/359\/revisions"}],"predecessor-version":[{"id":375,"href":"https:\/\/blogs.ua.es\/psicologiadelasalud\/wp-json\/wp\/v2\/pages\/359\/revisions\/375"}],"up":[{"embeddable":true,"href":"https:\/\/blogs.ua.es\/psicologiadelasalud\/wp-json\/wp\/v2\/pages\/50"}],"wp:attachment":[{"href":"https:\/\/blogs.ua.es\/psicologiadelasalud\/wp-json\/wp\/v2\/media?parent=359"}],"curies":[{"name":"wp","href":"https:\/\/api.w.org\/{rel}","templated":true}]}}