{"id":430,"date":"2019-11-13T12:52:30","date_gmt":"2019-11-13T12:52:30","guid":{"rendered":"https:\/\/blogs.ua.es\/psicologiadelasalud\/?page_id=430"},"modified":"2019-11-15T13:05:29","modified_gmt":"2019-11-15T13:05:29","slug":"430-2","status":"publish","type":"page","link":"https:\/\/blogs.ua.es\/psicologiadelasalud\/430-2\/","title":{"rendered":"Organizaciones Perceptivas e Ilusiones \u00d3pticas"},"content":{"rendered":"<h3>Comprueba tus conocimientos sobre Organizaciones Perceptivas e Ilusiones \u00d3pticas<\/h3>\n<h4><span style=\"color: #ff6600\">RECURSO DID\u00c1CTICO 1<\/span><br \/>\n<a href=\"http:\/\/www.kahoot.it\"><img loading=\"lazy\" decoding=\"async\" class=\"wp-image-407 aligncenter\" src=\"https:\/\/blogs.ua.es\/psicologiadelasalud\/files\/2019\/11\/Kahootjpg-300x153.jpg\" alt=\"\" width=\"196\" height=\"100\" srcset=\"https:\/\/blogs.ua.es\/psicologiadelasalud\/files\/2019\/11\/Kahootjpg-300x153.jpg 300w, https:\/\/blogs.ua.es\/psicologiadelasalud\/files\/2019\/11\/Kahootjpg.jpg 314w\" sizes=\"auto, (max-width: 196px) 100vw, 196px\" \/><\/a><\/h4>\n<h4><span style=\"color: #ff6600\">RECURSO DID\u00c1CTICO\u00a02<\/span><\/h4>\n<p><iframe loading=\"lazy\" title=\"V\u00eddeo 1\" width=\"604\" height=\"340\" src=\"https:\/\/www.youtube.com\/embed\/yycbYM8nKUM?feature=oembed\" frameborder=\"0\" allow=\"accelerometer; autoplay; clipboard-write; encrypted-media; gyroscope; picture-in-picture; web-share\" referrerpolicy=\"strict-origin-when-cross-origin\" allowfullscreen><\/iframe><\/p>\n<p><iframe loading=\"lazy\" title=\"V\u00eddeo 2\" width=\"604\" height=\"453\" src=\"https:\/\/www.youtube.com\/embed\/POzzSg9JhS0?feature=oembed\" frameborder=\"0\" allow=\"accelerometer; autoplay; clipboard-write; encrypted-media; gyroscope; picture-in-picture; web-share\" referrerpolicy=\"strict-origin-when-cross-origin\" allowfullscreen><\/iframe><\/p>\n<p><iframe loading=\"lazy\" title=\"V\u00eddeo 3\" width=\"604\" height=\"340\" src=\"https:\/\/www.youtube.com\/embed\/SbnvlXIRZp0?feature=oembed\" frameborder=\"0\" allow=\"accelerometer; autoplay; clipboard-write; encrypted-media; gyroscope; picture-in-picture; web-share\" referrerpolicy=\"strict-origin-when-cross-origin\" allowfullscreen><\/iframe><\/p>\n<p><iframe loading=\"lazy\" title=\"V\u00eddeo 4\" width=\"604\" height=\"340\" src=\"https:\/\/www.youtube.com\/embed\/H3p1wvasfS0?feature=oembed\" frameborder=\"0\" allow=\"accelerometer; autoplay; clipboard-write; encrypted-media; gyroscope; picture-in-picture; web-share\" referrerpolicy=\"strict-origin-when-cross-origin\" allowfullscreen><\/iframe><\/p>\n<p><iframe loading=\"lazy\" title=\"V\u00eddeo 5\" width=\"604\" height=\"453\" src=\"https:\/\/www.youtube.com\/embed\/9NrwUl2yBR8?feature=oembed\" frameborder=\"0\" allow=\"accelerometer; autoplay; clipboard-write; encrypted-media; gyroscope; picture-in-picture; web-share\" referrerpolicy=\"strict-origin-when-cross-origin\" allowfullscreen><\/iframe><\/p>\n<p><iframe loading=\"lazy\" title=\"V\u00eddeo 6\" width=\"604\" height=\"340\" src=\"https:\/\/www.youtube.com\/embed\/nazp0TEhvYo?feature=oembed\" frameborder=\"0\" allow=\"accelerometer; autoplay; clipboard-write; encrypted-media; gyroscope; picture-in-picture; web-share\" referrerpolicy=\"strict-origin-when-cross-origin\" allowfullscreen><\/iframe><\/p>\n<p><iframe loading=\"lazy\" title=\"V\u00eddeo 7\" width=\"604\" height=\"453\" src=\"https:\/\/www.youtube.com\/embed\/Q5FeeXnWdO8?feature=oembed\" frameborder=\"0\" allow=\"accelerometer; autoplay; clipboard-write; encrypted-media; gyroscope; picture-in-picture; web-share\" referrerpolicy=\"strict-origin-when-cross-origin\" allowfullscreen><\/iframe><\/p>\n<p><iframe loading=\"lazy\" title=\"V\u00eddeo 8\" width=\"604\" height=\"340\" src=\"https:\/\/www.youtube.com\/embed\/KKS_1g2736E?feature=oembed\" frameborder=\"0\" allow=\"accelerometer; autoplay; clipboard-write; encrypted-media; gyroscope; picture-in-picture; web-share\" referrerpolicy=\"strict-origin-when-cross-origin\" allowfullscreen><\/iframe><\/p>\n<p><iframe loading=\"lazy\" title=\"V\u00eddeo 9\" width=\"604\" height=\"340\" src=\"https:\/\/www.youtube.com\/embed\/lYrqLugHLWI?feature=oembed\" frameborder=\"0\" allow=\"accelerometer; autoplay; clipboard-write; encrypted-media; gyroscope; picture-in-picture; web-share\" referrerpolicy=\"strict-origin-when-cross-origin\" allowfullscreen><\/iframe><\/p>\n<h4><span style=\"color: #ff6600\">RECURSO DID\u00c1CTICO 3<\/span><\/h4>\n<p><iframe loading=\"lazy\" title=\"SORPRENDENTES ILUSIONES OPTICAS \/ PARTE I\" width=\"604\" height=\"340\" src=\"https:\/\/www.youtube.com\/embed\/T0MSRy1BiIw?feature=oembed\" frameborder=\"0\" allow=\"accelerometer; autoplay; clipboard-write; encrypted-media; gyroscope; picture-in-picture; web-share\" referrerpolicy=\"strict-origin-when-cross-origin\" allowfullscreen><\/iframe><\/p>\n<h5 style=\"text-align: center\"><em><span style=\"color: #ff9900\">\u00bfQuieres repasar los materiales te\u00f3rico-pr\u00e1cticos sobre Organizaciones Perceptivas e Ilusiones \u00d3pticas?<\/span><\/em><\/h5>\n<blockquote class=\"wp-embedded-content\" data-secret=\"GhmpjTbuCO\"><p><a href=\"https:\/\/blogs.ua.es\/psicologiadelasalud\/bases-de-datos\/organizacion-perceptiva-e-ilusiones-opticas\/\">Organizaci\u00f3n Perceptiva e Ilusiones \u00d3pticas<\/a><\/p><\/blockquote>\n<p><iframe loading=\"lazy\" class=\"wp-embedded-content\" sandbox=\"allow-scripts\" security=\"restricted\" style=\"position: absolute; clip: rect(1px, 1px, 1px, 1px);\" title=\"&#8220;Organizaci\u00f3n Perceptiva e Ilusiones \u00d3pticas&#8221; &#8212; Psicolog\u00eda de la Salud UA\" src=\"https:\/\/blogs.ua.es\/psicologiadelasalud\/bases-de-datos\/organizacion-perceptiva-e-ilusiones-opticas\/embed\/#?secret=CZG5H2WXft#?secret=GhmpjTbuCO\" data-secret=\"GhmpjTbuCO\" width=\"600\" height=\"338\" frameborder=\"0\" marginwidth=\"0\" marginheight=\"0\" scrolling=\"no\"><\/iframe><\/p>\n<p>V\u00eddeos extra\u00eddos de:<\/p>\n<ul>\n<li>https:\/\/www.youtube.com\/watch?v=R39i8LyBXUs<\/li>\n<li>https:\/\/www.youtube.com\/watch?v=vkj3PyYbxwI<\/li>\n<li>https:\/\/www.youtube.com\/watch?v=PIQ08jWvRrM<\/li>\n<li>https:\/\/www.youtube.com\/watch?v=tCzL8p8Xwvc<\/li>\n<li>https:\/\/www.youtube.com\/watch?v=zpYfB8TyPtM<\/li>\n<li>https:\/\/www.youtube.com\/watch?v=IvEWDvx2LdY<\/li>\n<li>https:\/\/www.youtube.com\/watch?v=OkRBh5j2APQ<\/li>\n<li>https:\/\/www.youtube.com\/watch?v=oW6dwEZIf3g<\/li>\n<li>https:\/\/www.youtube.com\/watch?v=T0MSRy1BiIw&amp;feature=emb_logo<\/li>\n<\/ul>\n","protected":false},"excerpt":{"rendered":"<p>Comprueba tus conocimientos sobre Organizaciones Perceptivas e Ilusiones \u00d3pticas RECURSO DID\u00c1CTICO 1 RECURSO DID\u00c1CTICO\u00a02 RECURSO DID\u00c1CTICO 3 \u00bfQuieres repasar los materiales te\u00f3rico-pr\u00e1cticos sobre Organizaciones Perceptivas e Ilusiones \u00d3pticas? Organizaci\u00f3n Perceptiva e Ilusiones \u00d3pticas V\u00eddeos extra\u00eddos de: https:\/\/www.youtube.com\/watch?v=R39i8LyBXUs https:\/\/www.youtube.com\/watch?v=vkj3PyYbxwI https:\/\/www.youtube.com\/watch?v=PIQ08jWvRrM https:\/\/www.youtube.com\/watch?v=tCzL8p8Xwvc https:\/\/www.youtube.com\/watch?v=zpYfB8TyPtM https:\/\/www.youtube.com\/watch?v=IvEWDvx2LdY https:\/\/www.youtube.com\/watch?v=OkRBh5j2APQ https:\/\/www.youtube.com\/watch?v=oW6dwEZIf3g https:\/\/www.youtube.com\/watch?v=T0MSRy1BiIw&amp;feature=emb_logo<\/p>\n","protected":false},"author":4330,"featured_media":0,"parent":0,"menu_order":0,"comment_status":"closed","ping_status":"closed","template":"","meta":{"footnotes":""},"class_list":["post-430","page","type-page","status-publish","hentry"],"_links":{"self":[{"href":"https:\/\/blogs.ua.es\/psicologiadelasalud\/wp-json\/wp\/v2\/pages\/430","targetHints":{"allow":["GET"]}}],"collection":[{"href":"https:\/\/blogs.ua.es\/psicologiadelasalud\/wp-json\/wp\/v2\/pages"}],"about":[{"href":"https:\/\/blogs.ua.es\/psicologiadelasalud\/wp-json\/wp\/v2\/types\/page"}],"author":[{"embeddable":true,"href":"https:\/\/blogs.ua.es\/psicologiadelasalud\/wp-json\/wp\/v2\/users\/4330"}],"replies":[{"embeddable":true,"href":"https:\/\/blogs.ua.es\/psicologiadelasalud\/wp-json\/wp\/v2\/comments?post=430"}],"version-history":[{"count":10,"href":"https:\/\/blogs.ua.es\/psicologiadelasalud\/wp-json\/wp\/v2\/pages\/430\/revisions"}],"predecessor-version":[{"id":445,"href":"https:\/\/blogs.ua.es\/psicologiadelasalud\/wp-json\/wp\/v2\/pages\/430\/revisions\/445"}],"wp:attachment":[{"href":"https:\/\/blogs.ua.es\/psicologiadelasalud\/wp-json\/wp\/v2\/media?parent=430"}],"curies":[{"name":"wp","href":"https:\/\/api.w.org\/{rel}","templated":true}]}}