{"id":45,"date":"2018-10-26T09:19:17","date_gmt":"2018-10-26T09:19:17","guid":{"rendered":"https:\/\/blogs.ua.es\/psicologiadelasalud\/?page_id=45"},"modified":"2018-12-06T18:26:18","modified_gmt":"2018-12-06T18:26:18","slug":"videos","status":"publish","type":"page","link":"https:\/\/blogs.ua.es\/psicologiadelasalud\/videos\/","title":{"rendered":"Recursos Audiovisuales"},"content":{"rendered":"<blockquote class=\"wp-embedded-content\" data-secret=\"XbOPAIT1R4\"><p><a href=\"https:\/\/blogs.ua.es\/psicologiadelasalud\/videos\/introduccion-a-la-psicologia\/\">Introducci\u00f3n a la Psicolog\u00eda<\/a><\/p><\/blockquote>\n<p><iframe loading=\"lazy\" class=\"wp-embedded-content\" sandbox=\"allow-scripts\" security=\"restricted\" style=\"position: absolute; clip: rect(1px, 1px, 1px, 1px);\" title=\"&#8220;Introducci\u00f3n a la Psicolog\u00eda&#8221; &#8212; Psicolog\u00eda de la Salud UA\" src=\"https:\/\/blogs.ua.es\/psicologiadelasalud\/videos\/introduccion-a-la-psicologia\/embed\/#?secret=30coLgn70j#?secret=XbOPAIT1R4\" data-secret=\"XbOPAIT1R4\" width=\"600\" height=\"338\" frameborder=\"0\" marginwidth=\"0\" marginheight=\"0\" scrolling=\"no\"><\/iframe><\/p>\n<blockquote class=\"wp-embedded-content\" data-secret=\"GUzYty6c2E\"><p><a href=\"https:\/\/blogs.ua.es\/psicologiadelasalud\/videos\/la-atencion\/\">Atenci\u00f3n<\/a><\/p><\/blockquote>\n<p><iframe loading=\"lazy\" class=\"wp-embedded-content\" sandbox=\"allow-scripts\" security=\"restricted\" style=\"position: absolute; clip: rect(1px, 1px, 1px, 1px);\" title=\"&#8220;Atenci\u00f3n&#8221; &#8212; Psicolog\u00eda de la Salud UA\" src=\"https:\/\/blogs.ua.es\/psicologiadelasalud\/videos\/la-atencion\/embed\/#?secret=8AmzvNm4fs#?secret=GUzYty6c2E\" data-secret=\"GUzYty6c2E\" width=\"600\" height=\"338\" frameborder=\"0\" marginwidth=\"0\" marginheight=\"0\" scrolling=\"no\"><\/iframe><\/p>\n<blockquote class=\"wp-embedded-content\" data-secret=\"vQJNIGTLP8\"><p><a href=\"https:\/\/blogs.ua.es\/psicologiadelasalud\/videos\/sensacion-y-percepcion\/\">Sensaci\u00f3n y Percepci\u00f3n<\/a><\/p><\/blockquote>\n<p><iframe loading=\"lazy\" class=\"wp-embedded-content\" sandbox=\"allow-scripts\" security=\"restricted\" style=\"position: absolute; clip: rect(1px, 1px, 1px, 1px);\" title=\"&#8220;Sensaci\u00f3n y Percepci\u00f3n&#8221; &#8212; Psicolog\u00eda de la Salud UA\" src=\"https:\/\/blogs.ua.es\/psicologiadelasalud\/videos\/sensacion-y-percepcion\/embed\/#?secret=k50j0uhKZe#?secret=vQJNIGTLP8\" data-secret=\"vQJNIGTLP8\" width=\"600\" height=\"338\" frameborder=\"0\" marginwidth=\"0\" marginheight=\"0\" scrolling=\"no\"><\/iframe><\/p>\n<blockquote class=\"wp-embedded-content\" data-secret=\"gopOcvEcih\"><p><a href=\"https:\/\/blogs.ua.es\/psicologiadelasalud\/videos\/estados-de-conciencia\/\">Estados de Conciencia<\/a><\/p><\/blockquote>\n<p><iframe loading=\"lazy\" class=\"wp-embedded-content\" sandbox=\"allow-scripts\" security=\"restricted\" style=\"position: absolute; clip: rect(1px, 1px, 1px, 1px);\" title=\"&#8220;Estados de Conciencia&#8221; &#8212; Psicolog\u00eda de la Salud UA\" src=\"https:\/\/blogs.ua.es\/psicologiadelasalud\/videos\/estados-de-conciencia\/embed\/#?secret=xpXD2DmV1F#?secret=gopOcvEcih\" data-secret=\"gopOcvEcih\" width=\"600\" height=\"338\" frameborder=\"0\" marginwidth=\"0\" marginheight=\"0\" scrolling=\"no\"><\/iframe><\/p>\n<blockquote class=\"wp-embedded-content\" data-secret=\"zIWXTXJMy2\"><p><a href=\"https:\/\/blogs.ua.es\/psicologiadelasalud\/videos\/el-aprendizaje\/\">Aprendizaje<\/a><\/p><\/blockquote>\n<p><iframe loading=\"lazy\" class=\"wp-embedded-content\" sandbox=\"allow-scripts\" security=\"restricted\" style=\"position: absolute; clip: rect(1px, 1px, 1px, 1px);\" title=\"&#8220;Aprendizaje&#8221; &#8212; Psicolog\u00eda de la Salud UA\" src=\"https:\/\/blogs.ua.es\/psicologiadelasalud\/videos\/el-aprendizaje\/embed\/#?secret=whOwPzBPai#?secret=zIWXTXJMy2\" data-secret=\"zIWXTXJMy2\" width=\"600\" height=\"338\" frameborder=\"0\" marginwidth=\"0\" marginheight=\"0\" scrolling=\"no\"><\/iframe><\/p>\n<blockquote class=\"wp-embedded-content\" data-secret=\"j479kLqQeM\"><p><a href=\"https:\/\/blogs.ua.es\/psicologiadelasalud\/videos\/memoria\/\">Memoria<\/a><\/p><\/blockquote>\n<p><iframe loading=\"lazy\" class=\"wp-embedded-content\" sandbox=\"allow-scripts\" security=\"restricted\" style=\"position: absolute; clip: rect(1px, 1px, 1px, 1px);\" title=\"&#8220;Memoria&#8221; &#8212; Psicolog\u00eda de la Salud UA\" src=\"https:\/\/blogs.ua.es\/psicologiadelasalud\/videos\/memoria\/embed\/#?secret=beFIWGdbrg#?secret=j479kLqQeM\" data-secret=\"j479kLqQeM\" width=\"600\" height=\"338\" frameborder=\"0\" marginwidth=\"0\" marginheight=\"0\" scrolling=\"no\"><\/iframe><\/p>\n<blockquote class=\"wp-embedded-content\" data-secret=\"C3IkkFEK3c\"><p><a href=\"https:\/\/blogs.ua.es\/psicologiadelasalud\/videos\/pensamiento-y-lenguaje\/\">Pensamiento y Lenguaje<\/a><\/p><\/blockquote>\n<p><iframe loading=\"lazy\" class=\"wp-embedded-content\" sandbox=\"allow-scripts\" security=\"restricted\" style=\"position: absolute; clip: rect(1px, 1px, 1px, 1px);\" title=\"&#8220;Pensamiento y Lenguaje&#8221; &#8212; Psicolog\u00eda de la Salud UA\" src=\"https:\/\/blogs.ua.es\/psicologiadelasalud\/videos\/pensamiento-y-lenguaje\/embed\/#?secret=JcoI48Z6d2#?secret=C3IkkFEK3c\" data-secret=\"C3IkkFEK3c\" width=\"600\" height=\"338\" frameborder=\"0\" marginwidth=\"0\" marginheight=\"0\" scrolling=\"no\"><\/iframe><\/p>\n<blockquote class=\"wp-embedded-content\" data-secret=\"InOgjKh1kn\"><p><a href=\"https:\/\/blogs.ua.es\/psicologiadelasalud\/videos\/234-2\/\">Comunicaci\u00f3n<\/a><\/p><\/blockquote>\n<p><iframe loading=\"lazy\" class=\"wp-embedded-content\" sandbox=\"allow-scripts\" security=\"restricted\" style=\"position: absolute; clip: rect(1px, 1px, 1px, 1px);\" title=\"&#8220;Comunicaci\u00f3n&#8221; &#8212; Psicolog\u00eda de la Salud UA\" src=\"https:\/\/blogs.ua.es\/psicologiadelasalud\/videos\/234-2\/embed\/#?secret=96xTm595dS#?secret=InOgjKh1kn\" data-secret=\"InOgjKh1kn\" width=\"600\" height=\"338\" frameborder=\"0\" marginwidth=\"0\" marginheight=\"0\" scrolling=\"no\"><\/iframe><\/p>\n<blockquote class=\"wp-embedded-content\" data-secret=\"qXwK9MLcWS\"><p><a href=\"https:\/\/blogs.ua.es\/psicologiadelasalud\/videos\/la-inteligencia\/\">Inteligencia<\/a><\/p><\/blockquote>\n<p><iframe loading=\"lazy\" class=\"wp-embedded-content\" sandbox=\"allow-scripts\" security=\"restricted\" style=\"position: absolute; clip: rect(1px, 1px, 1px, 1px);\" title=\"&#8220;Inteligencia&#8221; &#8212; Psicolog\u00eda de la Salud UA\" src=\"https:\/\/blogs.ua.es\/psicologiadelasalud\/videos\/la-inteligencia\/embed\/#?secret=7QbQPbrEFU#?secret=qXwK9MLcWS\" data-secret=\"qXwK9MLcWS\" width=\"600\" height=\"338\" frameborder=\"0\" marginwidth=\"0\" marginheight=\"0\" scrolling=\"no\"><\/iframe><\/p>\n<blockquote class=\"wp-embedded-content\" data-secret=\"yX4U9UNRR2\"><p><a href=\"https:\/\/blogs.ua.es\/psicologiadelasalud\/videos\/motivacion-y-emocion\/\">Motivaci\u00f3n y Emoci\u00f3n<\/a><\/p><\/blockquote>\n<p><iframe loading=\"lazy\" class=\"wp-embedded-content\" sandbox=\"allow-scripts\" security=\"restricted\" style=\"position: absolute; clip: rect(1px, 1px, 1px, 1px);\" title=\"&#8220;Motivaci\u00f3n y Emoci\u00f3n&#8221; &#8212; Psicolog\u00eda de la Salud UA\" src=\"https:\/\/blogs.ua.es\/psicologiadelasalud\/videos\/motivacion-y-emocion\/embed\/#?secret=xe3e9Qm35r#?secret=yX4U9UNRR2\" data-secret=\"yX4U9UNRR2\" width=\"600\" height=\"338\" frameborder=\"0\" marginwidth=\"0\" marginheight=\"0\" scrolling=\"no\"><\/iframe><\/p>\n<blockquote class=\"wp-embedded-content\" data-secret=\"NF0upxk8G3\"><p><a href=\"https:\/\/blogs.ua.es\/psicologiadelasalud\/videos\/personalidad\/\">Personalidad<\/a><\/p><\/blockquote>\n<p><iframe loading=\"lazy\" class=\"wp-embedded-content\" sandbox=\"allow-scripts\" security=\"restricted\" style=\"position: absolute; clip: rect(1px, 1px, 1px, 1px);\" title=\"&#8220;Personalidad&#8221; &#8212; Psicolog\u00eda de la Salud UA\" src=\"https:\/\/blogs.ua.es\/psicologiadelasalud\/videos\/personalidad\/embed\/#?secret=4W81prE4gn#?secret=NF0upxk8G3\" data-secret=\"NF0upxk8G3\" width=\"600\" height=\"338\" frameborder=\"0\" marginwidth=\"0\" marginheight=\"0\" scrolling=\"no\"><\/iframe><\/p>\n<blockquote class=\"wp-embedded-content\" data-secret=\"k6cMrbK4Sd\"><p><a href=\"https:\/\/blogs.ua.es\/psicologiadelasalud\/videos\/estres\/\">Estr\u00e9s<\/a><\/p><\/blockquote>\n<p><iframe loading=\"lazy\" class=\"wp-embedded-content\" sandbox=\"allow-scripts\" security=\"restricted\" style=\"position: absolute; clip: rect(1px, 1px, 1px, 1px);\" title=\"&#8220;Estr\u00e9s&#8221; &#8212; Psicolog\u00eda de la Salud UA\" src=\"https:\/\/blogs.ua.es\/psicologiadelasalud\/videos\/estres\/embed\/#?secret=ll4N3ZNcdj#?secret=k6cMrbK4Sd\" data-secret=\"k6cMrbK4Sd\" width=\"600\" height=\"338\" frameborder=\"0\" marginwidth=\"0\" marginheight=\"0\" scrolling=\"no\"><\/iframe><\/p>\n<blockquote class=\"wp-embedded-content\" data-secret=\"DkIbJmDL4T\"><p><a href=\"https:\/\/blogs.ua.es\/psicologiadelasalud\/videos\/relaciones-humanas-e-interpersonales\/\">Relaciones Humanas e Interpersonales<\/a><\/p><\/blockquote>\n<p><iframe loading=\"lazy\" class=\"wp-embedded-content\" sandbox=\"allow-scripts\" security=\"restricted\" style=\"position: absolute; clip: rect(1px, 1px, 1px, 1px);\" title=\"&#8220;Relaciones Humanas e Interpersonales&#8221; &#8212; Psicolog\u00eda de la Salud UA\" src=\"https:\/\/blogs.ua.es\/psicologiadelasalud\/videos\/relaciones-humanas-e-interpersonales\/embed\/#?secret=aAtwByZ2BN#?secret=DkIbJmDL4T\" data-secret=\"DkIbJmDL4T\" width=\"600\" height=\"338\" frameborder=\"0\" marginwidth=\"0\" marginheight=\"0\" scrolling=\"no\"><\/iframe><\/p>\n<blockquote class=\"wp-embedded-content\" data-secret=\"3Vzf58YwbC\"><p><a href=\"https:\/\/blogs.ua.es\/psicologiadelasalud\/videos\/trastornos-psicologicos\/\">Trastornos Psicol\u00f3gicos<\/a><\/p><\/blockquote>\n<p><iframe loading=\"lazy\" class=\"wp-embedded-content\" sandbox=\"allow-scripts\" security=\"restricted\" style=\"position: absolute; clip: rect(1px, 1px, 1px, 1px);\" title=\"&#8220;Trastornos Psicol\u00f3gicos&#8221; &#8212; Psicolog\u00eda de la Salud UA\" src=\"https:\/\/blogs.ua.es\/psicologiadelasalud\/videos\/trastornos-psicologicos\/embed\/#?secret=dn1mUy3Vw8#?secret=3Vzf58YwbC\" data-secret=\"3Vzf58YwbC\" width=\"600\" height=\"338\" frameborder=\"0\" marginwidth=\"0\" marginheight=\"0\" scrolling=\"no\"><\/iframe><\/p>\n<p>&nbsp;<\/p>\n<p>&nbsp;<\/p>\n","protected":false},"excerpt":{"rendered":"<p>Introducci\u00f3n a la Psicolog\u00eda Atenci\u00f3n Sensaci\u00f3n y Percepci\u00f3n Estados de Conciencia Aprendizaje Memoria Pensamiento y Lenguaje Comunicaci\u00f3n Inteligencia Motivaci\u00f3n y Emoci\u00f3n Personalidad Estr\u00e9s Relaciones Humanas e Interpersonales Trastornos Psicol\u00f3gicos &nbsp; &nbsp;<\/p>\n","protected":false},"author":4330,"featured_media":0,"parent":0,"menu_order":0,"comment_status":"closed","ping_status":"closed","template":"","meta":{"footnotes":""},"class_list":["post-45","page","type-page","status-publish","hentry"],"_links":{"self":[{"href":"https:\/\/blogs.ua.es\/psicologiadelasalud\/wp-json\/wp\/v2\/pages\/45","targetHints":{"allow":["GET"]}}],"collection":[{"href":"https:\/\/blogs.ua.es\/psicologiadelasalud\/wp-json\/wp\/v2\/pages"}],"about":[{"href":"https:\/\/blogs.ua.es\/psicologiadelasalud\/wp-json\/wp\/v2\/types\/page"}],"author":[{"embeddable":true,"href":"https:\/\/blogs.ua.es\/psicologiadelasalud\/wp-json\/wp\/v2\/users\/4330"}],"replies":[{"embeddable":true,"href":"https:\/\/blogs.ua.es\/psicologiadelasalud\/wp-json\/wp\/v2\/comments?post=45"}],"version-history":[{"count":38,"href":"https:\/\/blogs.ua.es\/psicologiadelasalud\/wp-json\/wp\/v2\/pages\/45\/revisions"}],"predecessor-version":[{"id":272,"href":"https:\/\/blogs.ua.es\/psicologiadelasalud\/wp-json\/wp\/v2\/pages\/45\/revisions\/272"}],"wp:attachment":[{"href":"https:\/\/blogs.ua.es\/psicologiadelasalud\/wp-json\/wp\/v2\/media?parent=45"}],"curies":[{"name":"wp","href":"https:\/\/api.w.org\/{rel}","templated":true}]}}