{"id":727,"date":"2011-04-01T06:59:19","date_gmt":"2011-04-01T06:59:19","guid":{"rendered":"https:\/\/blogs.ua.es\/psicologiaeducacio\/"},"modified":"2022-02-20T06:45:51","modified_gmt":"2022-02-20T06:45:51","slug":"8-grabacion-de-pildoras-informativas-de-la-universidad-de-alicante-pua","status":"publish","type":"page","link":"https:\/\/blogs.ua.es\/psicologiaeducacio\/8-grabacion-de-pildoras-informativas-de-la-universidad-de-alicante-pua\/","title":{"rendered":"6.- Gravaci\u00f3 de P\u00edndoles Informatives UA &#8211; Projecte d&#8217;investigaci\u00f3 TDAH\/TEA"},"content":{"rendered":"<p style=\"text-align: justify\">A lo largo del desarrollo del presente proyecto docente llevaremos acabo la grabaci\u00f3n de diferentes materiales audiovisuales que publicaremos en abierto para su consulta por cualquier navegante de la Red. Estos materiales audiovisuales se componen de videoconferencias que se han programado para de boca de distintos profesionales expertos en la materia nuestros alumnos puedan ampliar sus conocimientos y tambi\u00e9n de P\u00edldoras Informativas de la UA (PUA) que ellos mismo grabaran a partir de los contenidos desarrollados durante el progreso del proyecto de investigaci\u00f3n. A continuaci\u00f3n ponemos a vuestra disposici\u00f3n mencionados materiales.<\/p>\n<p style=\"text-align: justify\">Charla debate con Gladys Veracochea Troconis a cerca de la etiologia del TDA y del TDAH:<\/p>\n<p style=\"text-align: center\"><strong><a href=\"https:\/\/vertice.cpd.ua.es\/vertice\/12865\" target=\"_blank\" rel=\"noopener\">Videoconferencia<\/a><\/strong><\/p>\n<p>Charla debate con Evelio Garijo Saiz a cerca de la etiologia del TEA:<\/p>\n<p style=\"text-align: center\"><strong><a href=\"https:\/\/vertice.cpd.ua.es\/vertice\/13825\" target=\"_blank\" rel=\"noopener\">Videoconferencia<\/a><\/strong><\/p>\n<h1 style=\"text-align: center\"><strong>PUAs<\/strong><\/h1>\n<ul>\n<li><strong><a href=\"https:\/\/blogs.ua.es\/psicologiaeducacio\/8-grabacion-de-pildoras-informativas-de-la-universidad-de-alicante-pua\/autisme\/\" rel=\"attachment wp-att-730\"><img loading=\"lazy\" decoding=\"async\" class=\"alignright size-full wp-image-730\" alt=\"\" src=\"https:\/\/blogs.ua.es\/psicologiaeducacio\/files\/2011\/04\/Autisme.jpeg\" width=\"206\" height=\"236\" srcset=\"https:\/\/blogs.ua.es\/psicologiaeducacio\/files\/2011\/04\/Autisme.jpeg 206w, https:\/\/blogs.ua.es\/psicologiaeducacio\/files\/2011\/04\/Autisme-130x150.jpg 130w\" sizes=\"auto, (max-width: 206px) 100vw, 206px\" \/><\/a><a href=\"https:\/\/vertice.cpd.ua.es\/vertice\/12965\" target=\"_blank\" rel=\"noopener\">Autismo<\/a><\/strong><\/li>\n<\/ul>\n<ul>\n<li><a href=\"https:\/\/vertice.cpd.ua.es\/vertice\/12925\" target=\"_blank\" rel=\"noopener\"><strong>Autisme<\/strong><\/a><\/li>\n<\/ul>\n<ul>\n<li><strong><a href=\"https:\/\/vertice.cpd.ua.es\/vertice\/12926\" target=\"_blank\" rel=\"noopener\">Autism<\/a><\/strong><\/li>\n<\/ul>\n<ul>\n<li><strong><a href=\"https:\/\/vertice.cpd.ua.es\/vertice\/13346\" target=\"_blank\" rel=\"noopener\">ADD (<\/a><a href=\"https:\/\/zebra.cpd.ua.es\/vertice\/13346\" target=\"_blank\" rel=\"noopener\">Attention Deficit Disorder)<\/a><\/strong><\/li>\n<\/ul>\n<ul>\n<li><strong><a href=\"https:\/\/vertice.cpd.ua.es\/vertice\/13347\" target=\"_blank\" rel=\"noopener\">TDA (Trastorn per D\u00e9ficit d&#8217;atenci\u00f3)<br \/>\n<\/a><\/strong><\/li>\n<\/ul>\n<ul>\n<li><strong><a href=\"https:\/\/vertice.cpd.ua.es\/vertice\/13906\" target=\"_blank\" rel=\"noopener\">TDA (Trastorno por d\u00e9ficit de atenci\u00f3n)<\/a><\/strong><\/li>\n<\/ul>\n<ul>\n<li><strong><a href=\"https:\/\/vertice.cpd.ua.es\/15805\" target=\"_blank\" rel=\"noopener\">TDA, \u00bfc\u00f3mo podemos ayudar a un ni\u00f1o con TDA?<\/a><\/strong><\/li>\n<\/ul>\n<ul>\n<li><strong><a href=\"https:\/\/vertice.cpd.ua.es\/vertice\/13626\" target=\"_blank\" rel=\"noopener\">S\u00edndrome de Asperger<\/a><\/strong><\/li>\n<\/ul>\n<ul>\n<li><strong><a href=\"https:\/\/vertice.cpd.ua.es\/vertice\/14385\">Neurodesarrollo y Aprendizaje I<\/a><\/strong><\/li>\n<\/ul>\n<ul>\n<li><a href=\"https:\/\/vertice.cpd.ua.es\/vertice\/14405\"><strong>Neurodesarrollo y Aprendizaje II<\/strong><\/a><\/li>\n<\/ul>\n<ul>\n<li><a href=\"https:\/\/vertice.cpd.ua.es\/vertice\/14425\"><strong>Neurodesarrollo y Aprendizaje III<\/strong><\/a><\/li>\n<\/ul>\n<ul>\n<li><strong><a href=\"https:\/\/vertice.cpd.ua.es\/vertice\/13625\" target=\"_blank\" rel=\"noopener\">S\u00edndrome de Rett<\/a><\/strong><\/li>\n<\/ul>\n<ul>\n<li><a href=\"https:\/\/vertice.cpd.ua.es\/vertice\/14265\" target=\"_blank\" rel=\"noopener\"><strong>S\u00edndorme de Rett (Presente y futuro del diagn\u00f3stico)<\/strong><\/a><\/li>\n<\/ul>\n<ul>\n<li><strong><a href=\"https:\/\/vertice.cpd.ua.es\/vertice\/14285\" target=\"_blank\" rel=\"noopener\">Intervenci\u00f3n en Trastornos Generalizados del Desarrollo<\/a><\/strong><\/li>\n<\/ul>\n<ul>\n<li><a href=\"https:\/\/vertice.cpd.ua.es\/vertice\/14245\" target=\"_blank\" rel=\"noopener\"><strong>Trastorno por D\u00e9fici Atencional e Hiperactividad (TDAH)<\/strong><\/a><\/li>\n<\/ul>\n<ul>\n<li><strong><a href=\"https:\/\/vertice.cpd.ua.es\/vertice\/13966\" target=\"_blank\" rel=\"noopener\">TDAH (Resultats del estudi entorn als coneiximets i creencies de poblaci\u00f3 de la prov\u00edncia d&#8217;Alacant a prop del TDAH)<\/a><\/strong><\/li>\n<\/ul>\n<ul>\n<li><a href=\"https:\/\/vertice.cpd.ua.es\/vertice\/13965\" target=\"_blank\" rel=\"noopener\"><strong>TDAH (Resultados del estudio en cuanto a los conocimeintos y creencias de la poblaci\u00f3n de la provincia de Alicante\u00a0 a cerca del TDAH)<\/strong><\/a><\/li>\n<\/ul>\n<p>&nbsp;<\/p>\n<p style=\"text-align: center\"><a href=\"https:\/\/vertice.cpd.ua.es\/vertice\/14845\"><strong>Conclusiones<\/strong><\/a><\/p>\n<p>&nbsp;<\/p>\n<p><a href=\"https:\/\/blogs.ua.es\/psicologiaeducacio\/8-grabacion-de-pildoras-informativas-de-la-universidad-de-alicante-pua\/20-05-2011-6\/\" rel=\"attachment wp-att-1035\"><img loading=\"lazy\" decoding=\"async\" class=\"size-large wp-image-1035 aligncenter\" alt=\"\" src=\"https:\/\/blogs.ua.es\/psicologiaeducacio\/files\/2011\/04\/20-05-2011-6-1024x768.jpg\" width=\"500\" height=\"375\" srcset=\"https:\/\/blogs.ua.es\/psicologiaeducacio\/files\/2011\/04\/20-05-2011-6-1024x768.jpg 1024w, https:\/\/blogs.ua.es\/psicologiaeducacio\/files\/2011\/04\/20-05-2011-6-300x225.jpg 300w, https:\/\/blogs.ua.es\/psicologiaeducacio\/files\/2011\/04\/20-05-2011-6-150x112.jpg 150w\" sizes=\"auto, (max-width: 500px) 100vw, 500px\" \/><\/a><\/p>\n<p style=\"text-align: justify\"><strong>Hace tiempo que no encuentro palabras para alabar lo magn\u00edfico de vuestro trabajo, por lo que \u00fanicamente me queda daros mi m\u00e1s sincera enhorabuena a todos los alumnos participantes. Gracias por vuestra implicaci\u00f3n.<br \/>\n<\/strong><\/p>\n","protected":false},"excerpt":{"rendered":"<p>A lo largo del desarrollo del presente proyecto docente llevaremos acabo la grabaci\u00f3n de diferentes materiales audiovisuales que publicaremos en abierto para su consulta por cualquier navegante de la Red. Estos materiales audiovisuales se componen de videoconferencias que se han programado para de boca de distintos profesionales expertos en la materia nuestros alumnos puedan ampliar [&hellip;]<\/p>\n","protected":false},"author":1687,"featured_media":0,"parent":0,"menu_order":0,"comment_status":"open","ping_status":"closed","template":"","meta":{"footnotes":""},"class_list":["post-727","page","type-page","status-publish","hentry"],"_links":{"self":[{"href":"https:\/\/blogs.ua.es\/psicologiaeducacio\/wp-json\/wp\/v2\/pages\/727","targetHints":{"allow":["GET"]}}],"collection":[{"href":"https:\/\/blogs.ua.es\/psicologiaeducacio\/wp-json\/wp\/v2\/pages"}],"about":[{"href":"https:\/\/blogs.ua.es\/psicologiaeducacio\/wp-json\/wp\/v2\/types\/page"}],"author":[{"embeddable":true,"href":"https:\/\/blogs.ua.es\/psicologiaeducacio\/wp-json\/wp\/v2\/users\/1687"}],"replies":[{"embeddable":true,"href":"https:\/\/blogs.ua.es\/psicologiaeducacio\/wp-json\/wp\/v2\/comments?post=727"}],"version-history":[{"count":62,"href":"https:\/\/blogs.ua.es\/psicologiaeducacio\/wp-json\/wp\/v2\/pages\/727\/revisions"}],"predecessor-version":[{"id":2147,"href":"https:\/\/blogs.ua.es\/psicologiaeducacio\/wp-json\/wp\/v2\/pages\/727\/revisions\/2147"}],"wp:attachment":[{"href":"https:\/\/blogs.ua.es\/psicologiaeducacio\/wp-json\/wp\/v2\/media?parent=727"}],"curies":[{"name":"wp","href":"https:\/\/api.w.org\/{rel}","templated":true}]}}