{"id":13,"date":"2014-11-28T10:18:42","date_gmt":"2014-11-28T10:18:42","guid":{"rendered":"https:\/\/blogs.ua.es\/quattrocentoitaliano\/?page_id=13"},"modified":"2014-12-04T17:51:14","modified_gmt":"2014-12-04T17:51:14","slug":"arquitectura","status":"publish","type":"page","link":"https:\/\/blogs.ua.es\/quattrocentoitaliano\/arquitectura\/","title":{"rendered":"Arquitectura"},"content":{"rendered":"<p style=\"text-align: justify\">La arquitectura del Quattrocento italiano fue una de las artes m\u00e1s influenciadas por la recuperaci\u00f3n de la ciencia cl\u00e1sica. El renacer de las matem\u00e1ticas euclidianas y la b\u00fasqueda de la proporci\u00f3n, la perspectiva y la belleza de las formas y de los espacios son las piedras angulares sobre las que se cimentaron las grandes obras arquitect\u00f3nicas de este periodo.<\/p>\n<p style=\"text-align: justify\">Aunque la arquitectura del Quattrocento es muy heterog\u00e9nea y con marcadas diferencias regionales dependiendo de la ciudad (Roma, Mantua, Florencia, Venecia, Bolonia, Ferrara, Urbino etc), guarda ciertas caracter\u00edsticas comunes que permiten englobarla en una misma tendencia. Impulsada sobretodo por las obras de Brunelleschi, la nueva arquitectura pretend\u00eda recuperar los elementos formales de la arquitectura cl\u00e1sica, proponiendo soluciones simples a los problemas arquitect\u00f3nicos. Se generaliza el uso del arco de medio punto de proporciones romanas, vuelven a erguirse b\u00f3vedas de medio ca\u00f1\u00f3n y cubiertas adinteladas y se recupera la construcci\u00f3n de grandes c\u00fapulas.<\/p>\n<p style=\"text-align: justify\">Mientras el resto de Europa se anclaba al g\u00f3tico Italia pon\u00eda los cimientos al estilo cl\u00e1sico en la arquitectura religiosa. Se recuperan los elementos grecorromanos y se inicia una tendencia hacia la monumentalidad, con una simplificaci\u00f3n\u00a0 de las formas y un uso predominante de las l\u00edneas rectas. Existen gran cantidad de variantes tanto en la forma como en los modelos, distinto uso de plantas (basilical en la Iglesia de San Loranzo, centralizada en la Capilla Pazzi, de cruz latina en la iglesia del Santo Espiritu de Florencia), de cubiertas (sistemas de doble c\u00fapula, b\u00f3vedas va\u00eddas, de medio ca\u00f1on) y de p\u00f3rticos (San Sebast\u00edan de Mantua, templo de Malatestiano, Santa Mar\u00eda Novella de Florencia) pero todas las variantes buscaban el mismo fin, la perspectiva, la proporci\u00f3n, la simetr\u00eda y la belleza\u00a0 en la simplicidad de las formas.<\/p>\n<p style=\"text-align: justify\">Los palacios fueron otras construcciones que reflejan la nueva arquitectura del Quattrocento en sus dos tipolog\u00edas b\u00e1sicas; el palacio florentino de corte cuadrangular, de peque\u00f1o tama\u00f1o y de aspecto compacto (Palacio de Rucellai,\u00a0 Palacio Medici Riccardi); y el palacio veneciano donde se entremezcla el estilo tradicional de la ciudad, cimentaci\u00f3n sobre pilares y car\u00e1cter escenogr\u00e1fico de su fachada (Ca\u00b4Darrio de Pietro Lombardo, C\u00b4a Loredan Vendramin Calergi de Mauro Codus)<\/p>\n<p style=\"text-align: justify\">En cuanto a la ciencia urban\u00edstica, esta fue desarrollada\u00a0 desde un punto de vista racionalista en el que se persegu\u00eda dotar a la ciudad de un sentido geom\u00e9trico regular y pragm\u00e1tico. El urbanismo social de Francesco Sforza y Ercole d\u00b4Este se vio reflejado en la restauraci\u00f3n de Roma o en la ciudad ideal de Pienza, donde se articulaba el espacio urbano alrededor de las plazas y la simetr\u00eda centralizada. Tambi\u00e9n se desarrollaron modelos imaginarios\u00a0 como la ciudad circular de Alberti o Sforzinda, la ciudad imaginaria de Antonio Pietro Averlino \u201cIl Filarete\u201d<\/p>\n<p style=\"text-align: justify\">En s\u00edntesis, la arquitectura del Quattrocento supuso un gran paso adelante para este arte, rompiendo con la tradici\u00f3n medieval e iniciando toda una serie de movimientos regionales que supusieron uno de los periodos m\u00e1s fructuosos para el arte arquitect\u00f3nico y sentando un precedente vital para su desarrollo en los siglos posteriores.<\/p>\n","protected":false},"excerpt":{"rendered":"<p>La arquitectura del Quattrocento italiano fue una de las artes m\u00e1s influenciadas por la recuperaci\u00f3n de la ciencia cl\u00e1sica. El renacer de las matem\u00e1ticas euclidianas y la b\u00fasqueda de la proporci\u00f3n, la perspectiva y la belleza de las formas y de los espacios son las piedras angulares sobre las que se cimentaron las grandes obras &hellip; <a href=\"https:\/\/blogs.ua.es\/quattrocentoitaliano\/arquitectura\/\" class=\"more-link\">Continue reading <span class=\"screen-reader-text\">Arquitectura<\/span> <span class=\"meta-nav\">&rarr;<\/span><\/a><\/p>\n","protected":false},"author":2909,"featured_media":0,"parent":0,"menu_order":0,"comment_status":"open","ping_status":"open","template":"","meta":{"footnotes":""},"class_list":["post-13","page","type-page","status-publish","hentry"],"_links":{"self":[{"href":"https:\/\/blogs.ua.es\/quattrocentoitaliano\/wp-json\/wp\/v2\/pages\/13","targetHints":{"allow":["GET"]}}],"collection":[{"href":"https:\/\/blogs.ua.es\/quattrocentoitaliano\/wp-json\/wp\/v2\/pages"}],"about":[{"href":"https:\/\/blogs.ua.es\/quattrocentoitaliano\/wp-json\/wp\/v2\/types\/page"}],"author":[{"embeddable":true,"href":"https:\/\/blogs.ua.es\/quattrocentoitaliano\/wp-json\/wp\/v2\/users\/2909"}],"replies":[{"embeddable":true,"href":"https:\/\/blogs.ua.es\/quattrocentoitaliano\/wp-json\/wp\/v2\/comments?post=13"}],"version-history":[{"count":4,"href":"https:\/\/blogs.ua.es\/quattrocentoitaliano\/wp-json\/wp\/v2\/pages\/13\/revisions"}],"predecessor-version":[{"id":195,"href":"https:\/\/blogs.ua.es\/quattrocentoitaliano\/wp-json\/wp\/v2\/pages\/13\/revisions\/195"}],"wp:attachment":[{"href":"https:\/\/blogs.ua.es\/quattrocentoitaliano\/wp-json\/wp\/v2\/media?parent=13"}],"curies":[{"name":"wp","href":"https:\/\/api.w.org\/{rel}","templated":true}]}}