{"id":9,"date":"2014-11-28T10:18:21","date_gmt":"2014-11-28T10:18:21","guid":{"rendered":"https:\/\/blogs.ua.es\/quattrocentoitaliano\/?page_id=9"},"modified":"2014-12-02T14:27:58","modified_gmt":"2014-12-02T14:27:58","slug":"pintura","status":"publish","type":"page","link":"https:\/\/blogs.ua.es\/quattrocentoitaliano\/pintura\/","title":{"rendered":"Pintura Quattrocentista"},"content":{"rendered":"<p><img decoding=\"async\" title=\"gallery ids=&quot;121,123,124,125,122,111&quot; orderby=&quot;rand&quot;\" alt=\"\" src=\"https:\/\/blogs.ua.es\/quattrocentoitaliano\/wp-includes\/js\/tinymce\/plugins\/wpgallery\/img\/t.gif\" \/><\/p>\n<div id='gallery-1' class='gallery galleryid-9 gallery-columns-3 gallery-size-thumbnail'><figure class='gallery-item'>\n\t\t\t<div class='gallery-icon landscape'>\n\t\t\t\t<a href='https:\/\/blogs.ua.es\/quattrocentoitaliano\/pintura\/am_79213_5571952_997768\/'><img loading=\"lazy\" decoding=\"async\" width=\"150\" height=\"150\" src=\"https:\/\/blogs.ua.es\/quattrocentoitaliano\/files\/2014\/11\/am_79213_5571952_997768-150x150.jpg\" class=\"attachment-thumbnail size-thumbnail\" alt=\"\" \/><\/a>\n\t\t\t<\/div><\/figure><figure class='gallery-item'>\n\t\t\t<div class='gallery-icon portrait'>\n\t\t\t\t<a href='https:\/\/blogs.ua.es\/quattrocentoitaliano\/2014\/11\/30\/prerrenacimiento\/640px-giotto_di_bondone_090\/'><img loading=\"lazy\" decoding=\"async\" width=\"150\" height=\"150\" src=\"https:\/\/blogs.ua.es\/quattrocentoitaliano\/files\/2014\/11\/640px-Giotto_di_Bondone_090-150x150.jpg\" class=\"attachment-thumbnail size-thumbnail\" alt=\"\" \/><\/a>\n\t\t\t<\/div><\/figure><figure class='gallery-item'>\n\t\t\t<div class='gallery-icon landscape'>\n\t\t\t\t<a href='https:\/\/blogs.ua.es\/quattrocentoitaliano\/pintura\/izokefalizm\/'><img loading=\"lazy\" decoding=\"async\" width=\"150\" height=\"150\" src=\"https:\/\/blogs.ua.es\/quattrocentoitaliano\/files\/2014\/11\/Izokefalizm-150x150.jpg\" class=\"attachment-thumbnail size-thumbnail\" alt=\"\" \/><\/a>\n\t\t\t<\/div><\/figure><figure class='gallery-item'>\n\t\t\t<div class='gallery-icon landscape'>\n\t\t\t\t<a href='https:\/\/blogs.ua.es\/quattrocentoitaliano\/pintura\/credilorenzodandreaduderigo-entoure-2\/'><img loading=\"lazy\" decoding=\"async\" width=\"150\" height=\"150\" src=\"https:\/\/blogs.ua.es\/quattrocentoitaliano\/files\/2014\/11\/CrediLorenzodAndreadUderigo-entoure1-150x150.jpg\" class=\"attachment-thumbnail size-thumbnail\" alt=\"\" \/><\/a>\n\t\t\t<\/div><\/figure><figure class='gallery-item'>\n\t\t\t<div class='gallery-icon portrait'>\n\t\t\t\t<a href='https:\/\/blogs.ua.es\/quattrocentoitaliano\/pintura\/masaccio_trinity\/'><img loading=\"lazy\" decoding=\"async\" width=\"150\" height=\"150\" src=\"https:\/\/blogs.ua.es\/quattrocentoitaliano\/files\/2014\/11\/Masaccio_trinity-150x150.jpg\" class=\"attachment-thumbnail size-thumbnail\" alt=\"\" \/><\/a>\n\t\t\t<\/div><\/figure><figure class='gallery-item'>\n\t\t\t<div class='gallery-icon landscape'>\n\t\t\t\t<a href='https:\/\/blogs.ua.es\/quattrocentoitaliano\/pintura\/attachment\/129\/'><img loading=\"lazy\" decoding=\"async\" width=\"150\" height=\"150\" src=\"https:\/\/blogs.ua.es\/quattrocentoitaliano\/files\/2014\/11\/Luka_Sinorelli-150x150.jpg\" class=\"attachment-thumbnail size-thumbnail\" alt=\"\" \/><\/a>\n\t\t\t<\/div><\/figure><figure class='gallery-item'>\n\t\t\t<div class='gallery-icon landscape'>\n\t\t\t\t<a href='https:\/\/blogs.ua.es\/quattrocentoitaliano\/pintura\/credilorenzodandreaduderigo-entoure\/'><img loading=\"lazy\" decoding=\"async\" width=\"150\" height=\"150\" src=\"https:\/\/blogs.ua.es\/quattrocentoitaliano\/files\/2014\/11\/CrediLorenzodAndreadUderigo-entoure-150x150.jpg\" class=\"attachment-thumbnail size-thumbnail\" alt=\"\" \/><\/a>\n\t\t\t<\/div><\/figure><figure class='gallery-item'>\n\t\t\t<div class='gallery-icon landscape'>\n\t\t\t\t<a href='https:\/\/blogs.ua.es\/quattrocentoitaliano\/pintura\/fra-angelico-la-anunciacion\/'><img loading=\"lazy\" decoding=\"async\" width=\"150\" height=\"150\" src=\"https:\/\/blogs.ua.es\/quattrocentoitaliano\/files\/2014\/11\/Fra-Angelico-La-Anunciaci\u00f3n-150x150.jpg\" class=\"attachment-thumbnail size-thumbnail\" alt=\"\" \/><\/a>\n\t\t\t<\/div><\/figure><figure class='gallery-item'>\n\t\t\t<div class='gallery-icon landscape'>\n\t\t\t\t<a href='https:\/\/blogs.ua.es\/quattrocentoitaliano\/pintura\/mantegna-cristo-yacente\/'><img loading=\"lazy\" decoding=\"async\" width=\"150\" height=\"150\" src=\"https:\/\/blogs.ua.es\/quattrocentoitaliano\/files\/2014\/11\/mantegna-CRISTO-YACENTE-150x150.jpg\" class=\"attachment-thumbnail size-thumbnail\" alt=\"\" \/><\/a>\n\t\t\t<\/div><\/figure>\n\t\t<\/div>\n\n<p style=\"text-align: justify\">La pintura del Quatrrocento establece al humano como el tema principal de sus obras, en las cuales aparece representado con un naturalismo mucho mayor que en periodos art\u00edsticos anteriores.\u00a0 La pintura experimenta una serie de cambios y establece unas nuevas caracter\u00edsticas:<\/p>\n<p style=\"text-align: justify\">&#8211;\u00a0\u00a0\u00a0\u00a0\u00a0\u00a0\u00a0\u00a0\u00a0 Uso de la <b>perspectiva<\/b>, que dota a las obras de una mayor expansi\u00f3n espacial, con diferentes planos dentro de la misma composici\u00f3n.<\/p>\n<p style=\"text-align: justify\">&#8211;\u00a0\u00a0\u00a0\u00a0\u00a0\u00a0\u00a0\u00a0\u00a0 Aparecer\u00e1n nuevas t\u00e9cnicas e instrumentos. Se sustituir\u00e1 la pintura al temple por pintura al <b>\u00f3leo <\/b>(con base aceite), se sustituye la tabla o el paramento de la arquitectura por el <b>lienzo<\/b> etc.<\/p>\n<p style=\"text-align: justify\">&#8211;\u00a0\u00a0\u00a0\u00a0\u00a0\u00a0\u00a0\u00a0\u00a0 Aparece el <b>claroscuro<\/b>, que consiste en la formaci\u00f3n de contornos mediante la iluminaci\u00f3n u oscurecimiento de las figuras realizadas.<\/p>\n<p style=\"text-align: justify\">&#8211;\u00a0\u00a0\u00a0\u00a0\u00a0\u00a0\u00a0\u00a0\u00a0 Durante el Quattrocento observamos un <b>predominio del dibujo<\/b> sobre la \u201cmancha de color\u201d.<\/p>\n<p style=\"text-align: justify\">&#8211;\u00a0\u00a0\u00a0\u00a0\u00a0\u00a0\u00a0\u00a0\u00a0 Aparece el <b>\u201cretrato\u201d<\/b> de la mano de esa idea central de la humanidad. El retrato representa al individuo sin importar quien sea o su posici\u00f3n social.<\/p>\n<p style=\"text-align: justify\">La pintura \u201cQuattrocentista\u201d naci\u00f3 en Italia en el s.XIV, m\u00e1s concretamente, dentro de Italia, en Florencia donde encontramos a los mayores representantes de este g\u00e9nero en este espacio de tiempo: Fra Ang\u00e9lico (La Anunciaci\u00f3n), Masaccio (La Trinidad) y Boticelli (El nacimiento de Venus). Por otro lado encontramos otros grandes artistas en la llamada escuela veneciana del Quattrocento: Crivelli, Bellini, Carpacio etc., y los maestros de las escuelas regionales como Della Francesca (La flagelaci\u00f3n de Cristo), Mantegna, Perugino etc.<\/p>\n<p style=\"text-align: justify\">Con el desarrollo del Quattrocento (XV) hacia el Cinquecento (XVI) la capital art\u00edstica, situada hasta ahora en la pr\u00f3spera Florencia, ser\u00e1 desplazado y focalizado hacia Roma, desde donde se extender\u00e1 por toda Europa occidental y adquirir\u00e1 diferentes caracter\u00edsticas, de tipo regional, seg\u00fan las influencias aut\u00f3ctonas de cada lugar.<\/p>\n<p>Breve repaso al Quattrocento italiano \u00a0 \u00a0 \u00a0 \u00a0 \u00a0 \u00a0 \u00a0 \u00a0 \u00a0 \u00a0 \u00a0 \u00a0 \u00a0 \u00a0 \u00a0 \u00a0 \u00a0 \u00a0 \u00a0 \u00a0 \u00a0 \u00a0 \u00a0 &#8211;\u00a0<a href=\"http:\/\/www.youtube.com\/watch?v=83GzIAVluUE\" target=\"_blank\">http:\/\/www.youtube.com\/watch?v=83GzIAVluUE<\/a><\/p>\n<p>Piero della Francesca \u00a0&#8220;La Flagelaci\u00f3n&#8221; &#8211;\u00a0<a href=\"https:\/\/blogs.ua.es\/quattrocentoitaliano\/2014\/11\/28\/piera-della-francesca\/\" target=\"_blank\">https:\/\/blogs.ua.es\/quattrocentoitaliano\/2014\/11\/28\/piera-della-francesca\/<\/a><\/p>\n<p>Masaccio &#8220;La Trinidad&#8221; \u00a0 \u00a0 \u00a0 \u00a0 &#8211; &#8211;\u00a0<a href=\"https:\/\/blogs.ua.es\/quattrocentoitaliano\/2014\/11\/28\/masaccio\/\" target=\"_blank\">https:\/\/blogs.ua.es\/quattrocentoitaliano\/2014\/11\/28\/masaccio\/<\/a><\/p>\n<p>Fra Ang\u00e9lico &#8220;La Aunciaci\u00f3n&#8221; \u00a0 \u00a0 \u00a0 \u00a0 \u00a0 \u00a0 \u00a0 \u00a0 \u00a0 \u00a0 \u00a0 \u00a0 \u00a0 \u00a0 \u00a0 \u00a0 \u00a0 \u00a0 \u00a0 \u00a0 \u00a0 \u00a0 \u00a0 \u00a0 \u00a0 \u00a0 \u00a0 \u00a0 \u00a0 \u00a0 \u00a0 \u00a0 \u00a0 \u00a0 \u00a0 \u00a0 \u00a0 \u00a0 \u00a0 \u00a0 \u00a0 \u00a0 \u00a0 \u00a0 \u00a0 \u00a0 \u00a0 \u00a0 \u00a0 \u00a0 \u00a0 \u00a0 \u00a0 \u00a0 \u00a0 \u00a0 \u00a0 \u00a0 \u00a0 \u00a0 \u00a0 \u00a0 \u00a0 &#8211;\u00a0<a href=\"https:\/\/blogs.ua.es\/quattrocentoitaliano\/2014\/12\/01\/fra-angelico\/\">https:\/\/blogs.ua.es\/quattrocentoitaliano\/2014\/12\/01\/fra-angelico\/\u00a0<\/a><\/p>\n<p>Sandro Boticcell\u00ed &#8220;El Nacimiento de Venus&#8221; \u00a0 \u00a0 \u00a0 \u00a0 \u00a0 \u00a0 \u00a0 \u00a0 \u00a0 \u00a0 \u00a0 \u00a0 \u00a0 \u00a0 \u00a0 \u00a0 \u00a0 \u00a0 \u00a0 \u00a0 \u00a0 \u00a0 \u00a0 \u00a0 \u00a0 \u00a0 \u00a0 \u00a0 \u00a0 \u00a0 \u00a0 \u00a0 \u00a0 \u00a0 \u00a0 \u00a0 \u00a0 \u00a0 \u00a0 \u00a0 \u00a0 \u00a0 \u00a0 \u00a0 \u00a0 \u00a0 \u00a0 \u00a0 &#8211;\u00a0<a href=\"https:\/\/blogs.ua.es\/quattrocentoitaliano\/2014\/12\/01\/sandro-botticelli\/\">https:\/\/blogs.ua.es\/quattrocentoitaliano\/2014\/12\/01\/sandro-botticelli\/<\/a><\/p>\n<p>&nbsp;<\/p>\n","protected":false},"excerpt":{"rendered":"<p>La pintura del Quatrrocento establece al humano como el tema principal de sus obras, en las cuales aparece representado con un naturalismo mucho mayor que en periodos art\u00edsticos anteriores.\u00a0 La pintura experimenta una serie de cambios y establece unas nuevas caracter\u00edsticas: &#8211;\u00a0\u00a0\u00a0\u00a0\u00a0\u00a0\u00a0\u00a0\u00a0 Uso de la perspectiva, que dota a las obras de una mayor expansi\u00f3n &hellip; <a href=\"https:\/\/blogs.ua.es\/quattrocentoitaliano\/pintura\/\" class=\"more-link\">Continue reading <span class=\"screen-reader-text\">Pintura Quattrocentista<\/span> <span class=\"meta-nav\">&rarr;<\/span><\/a><\/p>\n","protected":false},"author":2909,"featured_media":121,"parent":0,"menu_order":0,"comment_status":"open","ping_status":"open","template":"","meta":{"footnotes":""},"class_list":["post-9","page","type-page","status-publish","has-post-thumbnail","hentry"],"_links":{"self":[{"href":"https:\/\/blogs.ua.es\/quattrocentoitaliano\/wp-json\/wp\/v2\/pages\/9","targetHints":{"allow":["GET"]}}],"collection":[{"href":"https:\/\/blogs.ua.es\/quattrocentoitaliano\/wp-json\/wp\/v2\/pages"}],"about":[{"href":"https:\/\/blogs.ua.es\/quattrocentoitaliano\/wp-json\/wp\/v2\/types\/page"}],"author":[{"embeddable":true,"href":"https:\/\/blogs.ua.es\/quattrocentoitaliano\/wp-json\/wp\/v2\/users\/2909"}],"replies":[{"embeddable":true,"href":"https:\/\/blogs.ua.es\/quattrocentoitaliano\/wp-json\/wp\/v2\/comments?post=9"}],"version-history":[{"count":9,"href":"https:\/\/blogs.ua.es\/quattrocentoitaliano\/wp-json\/wp\/v2\/pages\/9\/revisions"}],"predecessor-version":[{"id":152,"href":"https:\/\/blogs.ua.es\/quattrocentoitaliano\/wp-json\/wp\/v2\/pages\/9\/revisions\/152"}],"wp:featuredmedia":[{"embeddable":true,"href":"https:\/\/blogs.ua.es\/quattrocentoitaliano\/wp-json\/wp\/v2\/media\/121"}],"wp:attachment":[{"href":"https:\/\/blogs.ua.es\/quattrocentoitaliano\/wp-json\/wp\/v2\/media?parent=9"}],"curies":[{"name":"wp","href":"https:\/\/api.w.org\/{rel}","templated":true}]}}