{"id":10,"date":"2015-05-11T10:02:26","date_gmt":"2015-05-11T10:02:26","guid":{"rendered":"https:\/\/blogs.ua.es\/quintas\/?page_id=10"},"modified":"2015-05-30T11:20:33","modified_gmt":"2015-05-30T11:20:33","slug":"presentacion","status":"publish","type":"page","link":"https:\/\/blogs.ua.es\/quintas\/presentacion\/","title":{"rendered":"Presentaci\u00f3n"},"content":{"rendered":"<p style=\"text-align: justify\">Mi apellido y nombre es Isyakovich, Polina soy estudiante de <strong>2\u00ba Grado de Historia <\/strong>de \u00a0la<strong> Universidad de Alicante<\/strong>. Voy a realizar un estudio de <strong>reclutamiento de soldados<\/strong> en <strong>Benidorm<\/strong> durante el per\u00edodo \u00a0de <strong>1912<\/strong> -a <strong>1927<\/strong> a trav\u00e9s de los <strong>expedientes de quintas<\/strong> que me va a proporcionar el <strong>archivo municipal<\/strong> de <strong>Benidorm<\/strong>.<\/p>\n<p style=\"text-align: justify\">Es un trabajo realizado \u00a0para la asignatura denominada <strong>Archivos y Documentos: entre la Tradici\u00f3n y Renovaci\u00f3n<\/strong>, impartida por la profesora y directora del Servicio de Archivo y Registro en la Universidad de Alicante, M. Mercedes Guijarro Ant\u00f3n y por el profesor y archivero de Benidorm, \u00a0Antonio Ram\u00f3n Couto de Granja.<\/p>\n<p style=\"text-align: justify\">El objetivo de este trabajo es transportarnos en un per\u00edodo de grandes conflictos sociales y antimilitarismo (1912-1927) a nivel general y analizarlo desde un nivel m\u00e1s cercano y pr\u00f3ximo que es a trav\u00e9s de los reclutamientos de soldados en un Benidorm que era muy diferente al que actualmente conocemos en el que no predominaba el turismo sino la <strong>pesca<\/strong>. A lo largo de este trabajo descubriremos no solo como funcionaba el <strong>sistema de reclutamiento<\/strong> despu\u00e9s de la <strong>ley de 1912<\/strong> sino muchos m\u00e1s datos interesantes que podemos sustraer impl\u00edcitamente \u00a0acerca de <strong>Benidorm<\/strong>.<\/p>\n<p style=\"text-align: center\"><a href=\"https:\/\/blogs.ua.es\/quintas\/files\/2015\/05\/Captura10.png\"><img loading=\"lazy\" decoding=\"async\" class=\" size-medium wp-image-149 aligncenter\" src=\"https:\/\/blogs.ua.es\/quintas\/files\/2015\/05\/Captura10-300x137.png\" alt=\"Captura\" width=\"300\" height=\"137\" srcset=\"https:\/\/blogs.ua.es\/quintas\/files\/2015\/05\/Captura10-300x137.png 300w, https:\/\/blogs.ua.es\/quintas\/files\/2015\/05\/Captura10.png 755w\" sizes=\"auto, (max-width: 300px) 100vw, 300px\" \/><\/a><em>(Ayuntamiento Municipal de Benidorm)<\/em><\/p>\n","protected":false},"excerpt":{"rendered":"<p>Mi apellido y nombre es Isyakovich, Polina soy estudiante de 2\u00ba Grado de Historia de \u00a0la Universidad de Alicante. Voy a realizar un estudio de reclutamiento de soldados en Benidorm durante el per\u00edodo \u00a0de 1912 -a 1927 a trav\u00e9s de los expedientes de quintas que me va a proporcionar el archivo municipal de Benidorm. Es [&hellip;]<\/p>\n","protected":false},"author":3353,"featured_media":12,"parent":0,"menu_order":0,"comment_status":"open","ping_status":"open","template":"","meta":{"footnotes":""},"class_list":["post-10","page","type-page","status-publish","has-post-thumbnail","hentry"],"_links":{"self":[{"href":"https:\/\/blogs.ua.es\/quintas\/wp-json\/wp\/v2\/pages\/10","targetHints":{"allow":["GET"]}}],"collection":[{"href":"https:\/\/blogs.ua.es\/quintas\/wp-json\/wp\/v2\/pages"}],"about":[{"href":"https:\/\/blogs.ua.es\/quintas\/wp-json\/wp\/v2\/types\/page"}],"author":[{"embeddable":true,"href":"https:\/\/blogs.ua.es\/quintas\/wp-json\/wp\/v2\/users\/3353"}],"replies":[{"embeddable":true,"href":"https:\/\/blogs.ua.es\/quintas\/wp-json\/wp\/v2\/comments?post=10"}],"version-history":[{"count":6,"href":"https:\/\/blogs.ua.es\/quintas\/wp-json\/wp\/v2\/pages\/10\/revisions"}],"predecessor-version":[{"id":150,"href":"https:\/\/blogs.ua.es\/quintas\/wp-json\/wp\/v2\/pages\/10\/revisions\/150"}],"wp:featuredmedia":[{"embeddable":true,"href":"https:\/\/blogs.ua.es\/quintas\/wp-json\/wp\/v2\/media\/12"}],"wp:attachment":[{"href":"https:\/\/blogs.ua.es\/quintas\/wp-json\/wp\/v2\/media?parent=10"}],"curies":[{"name":"wp","href":"https:\/\/api.w.org\/{rel}","templated":true}]}}