{"id":17,"date":"2015-05-11T10:50:11","date_gmt":"2015-05-11T10:50:11","guid":{"rendered":"https:\/\/blogs.ua.es\/quintas\/?page_id=17"},"modified":"2015-05-11T20:10:22","modified_gmt":"2015-05-11T20:10:22","slug":"proceso-del-reclutamiento-militar","status":"publish","type":"page","link":"https:\/\/blogs.ua.es\/quintas\/proceso-del-reclutamiento-militar\/","title":{"rendered":"Proceso del Reclutamiento Militar"},"content":{"rendered":"<p>Antes de comenzar nuestra investigaci\u00f3n \u00a0sobre el <strong>reclutamiento de soldados (de 1912 a 1927) en Benidorm<\/strong>, \u00a0tenemos que tener claro que era eso lo del <strong>reclutamiento militar<\/strong> y porque se \u00a0ha empezado a generar tanto mal estar social por su culpa durante esta \u00e9poca.<\/p>\n<p style=\"text-align: center\">\u00a0 \u00a0\u00bfQU\u00c9 ES EL RECLUTAMIENTO MILITAR?<\/p>\n<p>\u00a0 \u00a0 \u00a0 \u00a0 \u00a0 \u00a0 \u00a0 \u00a0 \u00a0 \u00a0 \u00a0 \u00a0 \u00a0 \u00a0 \u00a0 \u00a0 \u00a0 \u00a0 \u00a0 \u00a0 \u00a0 \u00a0 \u00a0 \u00a0 \u00a0 \u00a0 \u00a0 \u00a0 \u00a0 \u00a0 \u00a0 \u00a0 \u00a0 \u00a0 \u00a0 \u00a0 \u00a0 \u00a0\u00a0<a href=\"https:\/\/blogs.ua.es\/quintas\/files\/2015\/05\/2.jpg\"><img loading=\"lazy\" decoding=\"async\" class=\"alignnone size-medium wp-image-27\" src=\"https:\/\/blogs.ua.es\/quintas\/files\/2015\/05\/2-300x213.jpg\" alt=\"2\" width=\"300\" height=\"213\" srcset=\"https:\/\/blogs.ua.es\/quintas\/files\/2015\/05\/2-300x213.jpg 300w, https:\/\/blogs.ua.es\/quintas\/files\/2015\/05\/2.jpg 640w\" sizes=\"auto, (max-width: 300px) 100vw, 300px\" \/><\/a><\/p>\n<p><em>(Soldados del Ej\u00e9rcito Espa\u00f1ol en 1793)<\/em><\/p>\n<p style=\"text-align: center\">El <strong>reclutamiento militar<\/strong> es\u00a0el servicio que prestaban los ayuntamientos al Estado para formar la <strong>quinta<\/strong> o el <strong>reemplazo anual<\/strong> del <strong>servicio militar<\/strong>.<\/p>\n<p>ANTECEDENTES DEL PROCESO DEL RECLUTAMIENTO MILITAR EN ESPA\u00d1A:<\/p>\n<p>En el caso de Espa\u00f1a, los antecedentes del servicio militar y de las quintas pueden remitirse hasta la Edad Media, pero es con\u00a0la <strong>llegada de los Borbones cuando<\/strong> <strong>se instaura la <span style=\"text-decoration: underline\">obligatoriedad<\/span> del servicio militar a trav\u00e9s del reclutamiento de \u00abquintas\u00bb<\/strong>, llamado as\u00ed porque inicialmente se eleg\u00eda a uno de cada cinco mozos en edad militar, mediante<strong> sorteo<\/strong>. \u00a0Las <strong>Cortes de C\u00e1diz <\/strong>instauraron<strong> la obligatoriedad del servicio militar de todos los varones sin discriminaciones<\/strong>. En la <strong>Ley<\/strong><strong> de 1837<\/strong> se abolieron las exenciones de que hab\u00edan gozado determinados sectores, aunque el servicio pod\u00eda redimirse mediante pagos en met\u00e1lico o presentando un sustituto, lo que supuso que, en realidad, esta <strong>carga reca\u00eda sobre los pobres<\/strong>, situaci\u00f3n que persisti\u00f3 hasta<strong> 1912, a\u00f1o en el que se promulgo una nueva ley\u00a0de reclutamiento y reemplazo\u00a0<\/strong>que consigui\u00f3 eliminar los \u00ab<strong>sustitutos<\/strong>\u00bb, aunque no las \u00ab<strong>cuotas<\/strong>\u00bb que perduraron hasta <strong>1940<\/strong>.<\/p>\n<p><strong>Cabe resaltar que el servicio produc\u00eda dos expedientes significativos:\u00a0<\/strong><strong><u>*Expediente general de Quintas\u00a0<\/u><\/strong>relativo a las operaciones de <strong>reclutamiento, alistamiento, clasificaci\u00f3n, revisi\u00f3n<\/strong> y <strong>distribuci\u00f3n<\/strong> del contingente previas al Servicio Militar Obligatorio y\u00a0<strong><u>*Expediente personal de mozos\u00a0<\/u><\/strong>que corresponde a cada mozo del remplazo anual<em> (el que no vamos a abordar en este trabajo)<\/em>.<\/p>\n<p style=\"text-align: center\">\u00a0 \u00a0 \u00a0 \u00a0 \u00a0 \u00a0 \u00a0 \u00a0 \u00a0 \u00a0<a href=\"https:\/\/blogs.ua.es\/quintas\/files\/2015\/05\/Captura1.png\"><img loading=\"lazy\" decoding=\"async\" class=\"alignnone  wp-image-20\" src=\"https:\/\/blogs.ua.es\/quintas\/files\/2015\/05\/Captura1-219x300.png\" alt=\"Captura\" width=\"237\" height=\"325\" srcset=\"https:\/\/blogs.ua.es\/quintas\/files\/2015\/05\/Captura1-219x300.png 219w, https:\/\/blogs.ua.es\/quintas\/files\/2015\/05\/Captura1.png 354w\" sizes=\"auto, (max-width: 237px) 100vw, 237px\" \/><\/a><em>\u00a0<\/em><\/p>\n<p style=\"text-align: center\"><em>\u00a0 \u00a0 \u00a0 \u00a0 \u00a0 \u00a0 \u00a0 \u00a0 \u00a0 \u00a0 \u00a0 \u00a0 \u00a0 \u00a0 \u00a0 \u00a0 \u00a0 \u00a0 \u00a0 \u00a0(Ley de 1912 en el Diario Oficial del Ministerio de la Guerra; Fuente de la imagen: Dialnet<\/em>)<\/p>\n<p style=\"text-align: center\">\n<p style=\"text-align: center\">\u00a0 \u00a0 \u00a0 \u00a0 \u00a0 \u00a0 \u00a0 \u00a0 \u00a0BIBLIOGRAF\u00cdA:<\/p>\n<p style=\"text-align: justify\">\u00a0 \u00a0 \u00a0SITIOS WEB:<\/p>\n<p style=\"text-align: justify\">Agencia Estatal Bolet\u00edn Oficial del Estado. 2015. \u00a0\u00a0<em>Ley de 9 de febrero de 1912. <\/em>[En l\u00ednea]. [Consultado: 11\/02\/2015]. Disponible en: \u00a0<a href=\"http:\/\/www.boe.es\/buscar\/act.php?id=BOE-A-1912-1123\">http:\/\/www.boe.es\/buscar\/act.php?id=BOE-A-1912-1123<\/a><\/p>\n<p style=\"text-align: justify\"><a class=\"g-profile\" title=\"author profile\" href=\"https:\/\/plus.google.com\/105300538108144310337\" rel=\"author\">David R.Jim\u00e9nez-Muriel<\/a>. 2015. <em>Blog sobre Historias de la Mili<\/em>.\u00a0 [En l\u00ednea]. [Consultado: 11\/02\/2015]. Disponible en:\u00a0 \u00a0\u00a0<a href=\"http:\/\/laalacenadelasideas.blogspot.com.es\/2013\/11\/historias-de-la-mili.html\">http:\/\/laalacenadelasideas.blogspot.com.es\/2013\/11\/historias-de-la-mili.html\u00a0<\/a><\/p>\n","protected":false},"excerpt":{"rendered":"<p>Antes de comenzar nuestra investigaci\u00f3n \u00a0sobre el reclutamiento de soldados (de 1912 a 1927) en Benidorm, \u00a0tenemos que tener claro que era eso lo del reclutamiento militar y porque se \u00a0ha empezado a generar tanto mal estar social por su culpa durante esta \u00e9poca. \u00a0 \u00a0\u00bfQU\u00c9 ES EL RECLUTAMIENTO MILITAR? \u00a0 \u00a0 \u00a0 \u00a0 \u00a0 [&hellip;]<\/p>\n","protected":false},"author":3353,"featured_media":0,"parent":0,"menu_order":0,"comment_status":"open","ping_status":"open","template":"","meta":{"footnotes":""},"class_list":["post-17","page","type-page","status-publish","hentry"],"_links":{"self":[{"href":"https:\/\/blogs.ua.es\/quintas\/wp-json\/wp\/v2\/pages\/17","targetHints":{"allow":["GET"]}}],"collection":[{"href":"https:\/\/blogs.ua.es\/quintas\/wp-json\/wp\/v2\/pages"}],"about":[{"href":"https:\/\/blogs.ua.es\/quintas\/wp-json\/wp\/v2\/types\/page"}],"author":[{"embeddable":true,"href":"https:\/\/blogs.ua.es\/quintas\/wp-json\/wp\/v2\/users\/3353"}],"replies":[{"embeddable":true,"href":"https:\/\/blogs.ua.es\/quintas\/wp-json\/wp\/v2\/comments?post=17"}],"version-history":[{"count":8,"href":"https:\/\/blogs.ua.es\/quintas\/wp-json\/wp\/v2\/pages\/17\/revisions"}],"predecessor-version":[{"id":29,"href":"https:\/\/blogs.ua.es\/quintas\/wp-json\/wp\/v2\/pages\/17\/revisions\/29"}],"wp:attachment":[{"href":"https:\/\/blogs.ua.es\/quintas\/wp-json\/wp\/v2\/media?parent=17"}],"curies":[{"name":"wp","href":"https:\/\/api.w.org\/{rel}","templated":true}]}}