{"id":58,"date":"2015-05-27T23:32:25","date_gmt":"2015-05-27T23:32:25","guid":{"rendered":"https:\/\/blogs.ua.es\/quintasorihuelaalicante\/?page_id=58"},"modified":"2015-06-01T02:10:28","modified_gmt":"2015-06-01T02:10:28","slug":"historia-2","status":"publish","type":"page","link":"https:\/\/blogs.ua.es\/quintasorihuelaalicante\/historia-2\/","title":{"rendered":"Historia"},"content":{"rendered":"<figure id=\"attachment_134\" aria-describedby=\"caption-attachment-134\" style=\"width: 300px\" class=\"wp-caption alignleft\"><a href=\"https:\/\/blogs.ua.es\/quintasorihuelaalicante\/files\/2015\/05\/WEB_Protectorado_espaniol.jpg\"><img loading=\"lazy\" decoding=\"async\" class=\"wp-image-134 size-medium\" src=\"https:\/\/blogs.ua.es\/quintasorihuelaalicante\/files\/2015\/05\/WEB_Protectorado_espaniol-300x171.jpg\" alt=\"WEB_Protectorado_espaniol\" width=\"300\" height=\"171\" srcset=\"https:\/\/blogs.ua.es\/quintasorihuelaalicante\/files\/2015\/05\/WEB_Protectorado_espaniol-300x171.jpg 300w, https:\/\/blogs.ua.es\/quintasorihuelaalicante\/files\/2015\/05\/WEB_Protectorado_espaniol.jpg 640w\" sizes=\"auto, (max-width: 300px) 100vw, 300px\" \/><\/a><figcaption id=\"caption-attachment-134\" class=\"wp-caption-text\">Mapa protectorado espa\u00f1ol. <em>Fuente: wikipedia<\/em><\/figcaption><\/figure>\n<p style=\"text-align: justify\"><strong>ANTECEDENTES<br \/>\n<\/strong><\/p>\n<p style=\"text-align: justify\"><a href=\"http:\/\/www.lacerca.com\/noticias\/editorial\/hablando_crisis_1898_ano_fatidico_espana-56069-1.html\"><strong>1898: \u201cdesastre\u201d colonial<\/strong><\/a><br \/>\nEl desastre de 1898 represent\u00f3 uno de los momentos culminantes de la historia contempor\u00e1nea de Espa\u00f1a, no tanto por las consecuencias directas de la independencia de las \u00faltimas colonias, sino, sobre todo, por las repercusiones pol\u00edticas y culturales de la derrota colonial. En efecto, desde el punto de vista econ\u00f3mico, la p\u00e9rdida de Cuba y Filipinas afect\u00f3 sensiblemente a ciertos sectores econ\u00f3micos y a algunas empresas espa\u00f1olas, pero no a la econom\u00eda del pa\u00eds en general. Algunos afirman incluso que las consecuencias econ\u00f3micas fueron m\u00e1s positivas que negativas, en concreto en lo que respecta a las inversiones generadas por la repatriaci\u00f3n de los capitales invertidos en las colonias y a la interrupci\u00f3n de la sangr\u00eda econ\u00f3mica que representaba para el Estado la ocupaci\u00f3n militar de las islas desde los a\u00f1os de la I Rep\u00fablica.<\/p>\n<p>&nbsp;<\/p>\n<div class=\" span-24\">\n<div class=\"span-24\">\n<h2><a title=\"Cultura hoy: Guerra colonial de Marruecos (1909-1927).\" href=\"http:\/\/www.aulafacil.com\/articulos\/cultura-hoy\/t1369\/guerra-colonial-de-marruecos-1909-1927\"><strong>Guerra de Marruecos (Guerra del Rif: 1911-1927)<\/strong><\/a><\/h2>\n<p>En la Conferencia de Algeciras (1906) Espa\u00f1a y Francia se reparten Marruecos, siendo el norte para los espa\u00f1oles y el sur para los franceses.<\/p>\n<p>Esto supon\u00eda una oportunidad para los espa\u00f1oles de resarcirse de la p\u00e9rdida de Cuba, y para el resto de potencias europeas que Francia no tendr\u00eda una influencia absoluta sobre el Norte de \u00c1frica.<\/p>\n<p>Francia no pierde tiempo y pasa a ocupar la parte de territorio que le correspond\u00eda, por lo que Espa\u00f1a pasa a la \u201cacci\u00f3n\u201d de igual manera.<\/p>\n<p>El problema vendr\u00eda cuando hace su incursi\u00f3n por la zona del Rif, un lugar monta\u00f1oso habitado por tribus n\u00f3madas acostumbradas a los enfrentamientos y el pillaje; siendo el ej\u00e9rcito espa\u00f1ol enviado a la zona, un grupo de inexpertos soldados.<\/p>\n<figure id=\"attachment_161\" aria-describedby=\"caption-attachment-161\" style=\"width: 300px\" class=\"wp-caption alignleft\"><a href=\"https:\/\/blogs.ua.es\/quintasorihuelaalicante\/files\/2015\/05\/800px-thumbnail.es_.jpg\"><img loading=\"lazy\" decoding=\"async\" class=\"wp-image-161 size-medium\" src=\"https:\/\/blogs.ua.es\/quintasorihuelaalicante\/files\/2015\/05\/800px-thumbnail.es_-300x137.jpg\" alt=\"800px-thumbnail.es\" width=\"300\" height=\"137\" srcset=\"https:\/\/blogs.ua.es\/quintasorihuelaalicante\/files\/2015\/05\/800px-thumbnail.es_-300x137.jpg 300w, https:\/\/blogs.ua.es\/quintasorihuelaalicante\/files\/2015\/05\/800px-thumbnail.es_.jpg 800w\" sizes=\"auto, (max-width: 300px) 100vw, 300px\" \/><\/a><figcaption id=\"caption-attachment-161\" class=\"wp-caption-text\">prisioneros espa\u00f1oles. <em>Fuente: AulaFacil.com<\/em><\/figcaption><\/figure>\n<p>&nbsp;<\/p>\n<p>&nbsp;<\/p>\n<p>&nbsp;<\/p>\n<p>&nbsp;<\/p>\n<p>&nbsp;<\/p>\n<p>Se van a suceder choques, escarceos y escaramuzas, hasta que en Julio de 1909 se produce el enfrentamiento del \u201c<a href=\"http:\/\/historiasdelahistoria.com\/2008\/07\/17\/el-barranco-del-lobo\">Barranco del lobo<\/a>\u201d, un lugar cercano a Melilla en el que unos trabajadores que constru\u00edan un puente para el ferrocarril minero fueron atacados y asesinados.<\/p>\n<p>El ataque no fue \u201cgratuito\u201d, respond\u00eda al sentimiento de traici\u00f3n que los l\u00edderes de algunas tribus rife\u00f1as sent\u00edan hacia el l\u00edder de todas las tribus (elegido por ellos) que hab\u00eda vendido unas minas de la zona a una compa\u00f1\u00eda espa\u00f1ola, que las explotar\u00eda.<\/p>\n<p>Esto hizo que desde Espa\u00f1a se movilizasen las tropas y fuesen enviadas al lugar, dando origen a la <a href=\"http:\/\/dando origen a la Semana Tr\u00e1gica de Barcelona por la oposici\u00f3n al env\u00edo de los soldados,\">Semana Tr\u00e1gica de Barcelona <\/a>por la oposici\u00f3n al env\u00edo de los soldados, sucumbiendo ante los marroqu\u00edes en el citado barranco, donde murieron cerca de 1.000 soldados espa\u00f1oles.<\/p>\n<figure id=\"attachment_162\" aria-describedby=\"caption-attachment-162\" style=\"width: 162px\" class=\"wp-caption alignleft\"><a href=\"https:\/\/blogs.ua.es\/quintasorihuelaalicante\/files\/2015\/05\/abd_el-krim.es_.jpg\"><img loading=\"lazy\" decoding=\"async\" class=\"wp-image-162 size-medium\" src=\"https:\/\/blogs.ua.es\/quintasorihuelaalicante\/files\/2015\/05\/abd_el-krim.es_-162x300.jpg\" alt=\"abd_el-krim.es\" width=\"162\" height=\"300\" srcset=\"https:\/\/blogs.ua.es\/quintasorihuelaalicante\/files\/2015\/05\/abd_el-krim.es_-162x300.jpg 162w, https:\/\/blogs.ua.es\/quintasorihuelaalicante\/files\/2015\/05\/abd_el-krim.es_.jpg 250w\" sizes=\"auto, (max-width: 162px) 100vw, 162px\" \/><\/a><figcaption id=\"caption-attachment-162\" class=\"wp-caption-text\">Abd-el-Krim. <em>fuente: AulaFacil.com<\/em><\/figcaption><\/figure>\n<p>La situaci\u00f3n no era f\u00e1cil, pero poco a poco el ej\u00e9rcito espa\u00f1ol consigue posteriormente avanzar y adentrarse en territorio marroqu\u00ed, llegar\u00e1 a establecer un protectorado (r\u00e9gimen por el que Espa\u00f1a tutelaba el territorio que iba siendo conquistado), pero la opini\u00f3n p\u00fablica espa\u00f1ola mostraba su rechazo a dicha actuaci\u00f3n, pues costaba mucho dinero y daba pocos beneficios\u2026 adem\u00e1s de las p\u00e9rdidas humanas que all\u00ed se produc\u00edan.<\/p>\n<p>Pero en 1921 se produce un hecho definitivo, el <a href=\"http:\/\/Desastre de Annual (julio 1921)\">\u201cDesastre de Annual\u201d<\/a>, en el que las tropas del l\u00edder rife\u00f1o Abd-el-Krim derrotan estrepitosamente al ej\u00e9rcito espa\u00f1ol, provocando una tremenda matanza de soldados y una interminable lista de deserciones.<\/p>\n<p>&nbsp;<\/p>\n<\/div>\n<\/div>\n<p>Las consecuencias no se hicieron esperar, Espa\u00f1a estaba enfurecida, y esto fue aprovechado por la clase pol\u00edtica para desbancar al presidente del gobierno mediante un \u201cgolpe de estado\u201d perpetrado por Primo de Rivera, con el auspicio del monarca Alfonso XIII, que deriv\u00f3 en una dictadura.<\/p>\n<p>&nbsp;<\/p>\n<div class=\" span-24\">\n<div class=\"span-24\">\n<figure id=\"attachment_160\" aria-describedby=\"caption-attachment-160\" style=\"width: 300px\" class=\"wp-caption alignright\"><a href=\"https:\/\/blogs.ua.es\/quintasorihuelaalicante\/files\/2015\/05\/800px-landing_of_alhucemas.es_.jpg\"><img loading=\"lazy\" decoding=\"async\" class=\"wp-image-160 size-medium\" src=\"https:\/\/blogs.ua.es\/quintasorihuelaalicante\/files\/2015\/05\/800px-landing_of_alhucemas.es_-300x191.jpg\" alt=\"800px-landing_of_alhucemas.es\" width=\"300\" height=\"191\" srcset=\"https:\/\/blogs.ua.es\/quintasorihuelaalicante\/files\/2015\/05\/800px-landing_of_alhucemas.es_-300x191.jpg 300w, https:\/\/blogs.ua.es\/quintasorihuelaalicante\/files\/2015\/05\/800px-landing_of_alhucemas.es_.jpg 800w\" sizes=\"auto, (max-width: 300px) 100vw, 300px\" \/><\/a><figcaption id=\"caption-attachment-160\" class=\"wp-caption-text\">Desembarco de Alhucemas. <em>Fuente: AulaF\u00e1cil.com<\/em><\/figcaption><\/figure>\n<p>En contra de la opini\u00f3n p\u00fablica que ped\u00eda el regreso de las tropas all\u00ed establecidas, en 1925 se produjo un desembarco conjunto de fuerzas militares espa\u00f1olas y francesas en Alhucemas, que acab\u00f3 con las tropas de Abd-el-Krim, siendo el principio del fin del conflicto, que acabar\u00eda definitivamente en 1927\u2026 lo que dio gran fama a Primo de Rivera.<\/p>\n<p>&nbsp;<\/p>\n<p>&nbsp;<\/p>\n<\/div>\n<\/div>\n<p style=\"text-align: justify\"><strong>\u00a0<\/strong><\/p>\n<p style=\"text-align: justify\">Durante esos a\u00f1os en Espa\u00f1a se lleva a cabo el reclutamiento de soldados siguiendo el articulado que establec\u00eda la <a href=\"http:\/\/Ley de reclutamiento y reemplazo de 1912\">LEY DE RECLUTAMIENTO Y REMPLAZO DEL EJERCITO<\/a> de 1912.<\/p>\n<figure id=\"attachment_130\" aria-describedby=\"caption-attachment-130\" style=\"width: 204px\" class=\"wp-caption aligncenter\"><a href=\"https:\/\/blogs.ua.es\/quintasorihuelaalicante\/files\/2015\/05\/Captura-de-pantalla-2015-05-28-a-las-03.47.38.png\"><img loading=\"lazy\" decoding=\"async\" class=\"wp-image-130 size-medium\" src=\"https:\/\/blogs.ua.es\/quintasorihuelaalicante\/files\/2015\/05\/Captura-de-pantalla-2015-05-28-a-las-03.47.38-204x300.png\" alt=\"Captura de pantalla 2015-05-28 a las 03.47.38\" width=\"204\" height=\"300\" srcset=\"https:\/\/blogs.ua.es\/quintasorihuelaalicante\/files\/2015\/05\/Captura-de-pantalla-2015-05-28-a-las-03.47.38-204x300.png 204w, https:\/\/blogs.ua.es\/quintasorihuelaalicante\/files\/2015\/05\/Captura-de-pantalla-2015-05-28-a-las-03.47.38-696x1024.png 696w, https:\/\/blogs.ua.es\/quintasorihuelaalicante\/files\/2015\/05\/Captura-de-pantalla-2015-05-28-a-las-03.47.38.png 712w\" sizes=\"auto, (max-width: 204px) 100vw, 204px\" \/><\/a><figcaption id=\"caption-attachment-130\" class=\"wp-caption-text\">Portada del Diario Oficial del Ministerio de la Guerra, donde aparece el articulado de la LEY DE RECLUTAMIENTO Y REEMPLAZO DEL EJ\u00c9RCITO de 1912. Fuente: http:\/\/bibliotecavirtualdefensa.es\/BVMDefensa\/i18n\/catalogo_imagenes\/grupo.cmd?path=9088<\/figcaption><\/figure>\n<p style=\"text-align: justify\">Art.32. Ser\u00e1n comprendidos en el alistamiento de cada a\u00f1o, todos los mozos aun cuando se ignore su paradero, que cumplan los veinti\u00fan a\u00f1os de edad, desde el 1.\u00ba de enero al 31 de diciembre, inclusive, de aquel a\u00f1o, y los que, no hubiesen sido comprendidos, por cualquier motivo, en ning\u00fan alistamiento anterior.<\/p>\n<p style=\"text-align: justify\"><strong>ORIHUELA A FINALES DEL SIGLO XIX Y PRINCIPIOS DEL XX<\/strong><\/p>\n<p style=\"text-align: justify\">La ciudad de Orihuela es en esos momentos de la historia una ciudad tranquila y donde sus ciudadanos viv\u00edan alejados de los progresos de la \u00e9poca y sus actividades se limitaban a las faenas agr\u00edcolas, mayoritariamente.<\/p>\n<p style=\"text-align: justify\">A continuaci\u00f3n muestro una <a href=\"http:\/\/rua.ua.es\/dspace\/handle\/10045\/420\">cita bibliogr\u00e1fica<\/a> que nos resumen la<strong> situaci\u00f3n de la ciudad de Orihuela durante ese periodo<\/strong>:<\/p>\n<figure id=\"attachment_136\" aria-describedby=\"caption-attachment-136\" style=\"width: 300px\" class=\"wp-caption aligncenter\"><a href=\"https:\/\/blogs.ua.es\/quintasorihuelaalicante\/files\/2015\/05\/Captura-de-pantalla-2015-05-29-a-las-13.11.41.png\"><img loading=\"lazy\" decoding=\"async\" class=\"alignright size-medium wp-image-173\" src=\"https:\/\/blogs.ua.es\/quintasorihuelaalicante\/files\/2015\/05\/Captura-de-pantalla-2015-05-29-a-las-13.11.41-300x201.png\" alt=\"Captura de pantalla 2015-05-29 a las 13.11.41\" width=\"300\" height=\"201\" srcset=\"https:\/\/blogs.ua.es\/quintasorihuelaalicante\/files\/2015\/05\/Captura-de-pantalla-2015-05-29-a-las-13.11.41-300x201.png 300w, https:\/\/blogs.ua.es\/quintasorihuelaalicante\/files\/2015\/05\/Captura-de-pantalla-2015-05-29-a-las-13.11.41.png 585w\" sizes=\"auto, (max-width: 300px) 100vw, 300px\" \/><\/a><figcaption id=\"caption-attachment-136\" class=\"wp-caption-text\"><a href=\"https:\/\/blogs.ua.es\/quintasorihuelaalicante\/files\/2015\/05\/Captura-de-pantalla-2015-05-28-a-las-04.53.19.png\"><img loading=\"lazy\" decoding=\"async\" class=\"wp-image-136 size-medium\" src=\"https:\/\/blogs.ua.es\/quintasorihuelaalicante\/files\/2015\/05\/Captura-de-pantalla-2015-05-28-a-las-04.53.19-291x300.png\" alt=\"Captura de pantalla 2015-05-28 a las 04.53.19\" width=\"291\" height=\"300\" srcset=\"https:\/\/blogs.ua.es\/quintasorihuelaalicante\/files\/2015\/05\/Captura-de-pantalla-2015-05-28-a-las-04.53.19-291x300.png 291w, https:\/\/blogs.ua.es\/quintasorihuelaalicante\/files\/2015\/05\/Captura-de-pantalla-2015-05-28-a-las-04.53.19.png 607w\" sizes=\"auto, (max-width: 291px) 100vw, 291px\" \/><\/a> PONCE HERRERO, Gabino; D\u00c1VILA LINARES, Juan Manuel. &#8220;Medidas higienistas y planes de reforma urbana en el tr\u00e1nsito de los siglos XIX al XX en las principales ciudades de la provincia de Alicante&#8221;. Investigaciones geogr\u00e1ficas. 1998, n\u00ba 20, pp. 141-159 fuente: <a href=\"http:\/\/rua.ua.es\/dspace\/handle\/10045\/420\">http:\/\/hdl.handle.net\/10045\/420<\/a><\/figcaption><\/figure>\n<p>&nbsp;<\/p>\n<p style=\"text-align: justify\">Si est\u00e1s interesado en conocer la historia desde el bando marroqu\u00ed, selecciona este enlace:<br \/>\n<a href=\"http:\/\/www.arrhash.com\/arrhash_el_documental.html\">http:\/\/www.arrhash.com\/arrhash_el_documental.html<\/a><\/p>\n<figure id=\"attachment_131\" aria-describedby=\"caption-attachment-131\" style=\"width: 148px\" class=\"wp-caption alignnone\"><a href=\"https:\/\/blogs.ua.es\/quintasorihuelaalicante\/files\/2015\/05\/couv_es.jpg\"><img loading=\"lazy\" decoding=\"async\" class=\"wp-image-131 size-full\" src=\"https:\/\/blogs.ua.es\/quintasorihuelaalicante\/files\/2015\/05\/couv_es.jpg\" alt=\"couv_es\" width=\"148\" height=\"220\" \/><\/a><figcaption id=\"caption-attachment-131\" class=\"wp-caption-text\">http:\/\/venenodelrif.blogspot.com.es\/<\/figcaption><\/figure>\n<p>Bibliograf\u00eda consultada:<\/p>\n<p>PONCE HERRERO, Gabino; D\u00c1VILA LINARES, Juan Manuel. <em>&#8220;Medidas higienistas y planes de reforma urbana en el tr\u00e1nsito de los siglos XIX al XX en las principales ciudades de la provincia de Alicante&#8221;<\/em>. Investigaciones geogr\u00e1ficas. 1998, n\u00ba 20, pp. 141-159<\/p>\n<p><em>Recursos Web consultados:<\/em><\/p>\n<p><em>http:\/\/desastredeannual.blogspot.com.es\/<\/em><\/p>\n<p><em>http:\/\/historiasdelahistoria.com\/2008\/07\/17\/el-barranco-del-lobo<\/em><\/p>\n<p><em>http:\/\/www.aulafacil.com\/articulos\/cultura-hoy\/t1369\/guerra-colonial-de-marruecos-1909-1927<\/em><\/p>\n<p><em>http:\/\/www.lacerca.com\/noticias\/editorial\/hablando_crisis_1898_ano_fatidico_espana-56069-1.html<\/em><\/p>\n<p><em>http:\/\/www.pronunciamientos.rizoazul.com\/semana%20tragica.htmlhttp:\/\/semanatragicadebarcelona.blogspot.com.es\/<\/em><\/p>\n<p><em>http:\/\/www.taringa.net\/posts\/info\/16748495\/El-desastre-de-annual-Salvajismo-puro-y-duro.html<\/em><\/p>\n","protected":false},"excerpt":{"rendered":"<p>ANTECEDENTES 1898: \u201cdesastre\u201d colonial El desastre de 1898 represent\u00f3 uno de los momentos culminantes de la historia contempor\u00e1nea de Espa\u00f1a, no tanto por las consecuencias directas de la independencia de las \u00faltimas colonias, sino, sobre todo, por las repercusiones pol\u00edticas y culturales de la derrota colonial. En efecto, desde el punto de vista econ\u00f3mico, la [&hellip;]<\/p>\n","protected":false},"author":2977,"featured_media":0,"parent":0,"menu_order":2,"comment_status":"open","ping_status":"open","template":"","meta":{"footnotes":""},"class_list":["post-58","page","type-page","status-publish","hentry"],"_links":{"self":[{"href":"https:\/\/blogs.ua.es\/quintasorihuelaalicante\/wp-json\/wp\/v2\/pages\/58","targetHints":{"allow":["GET"]}}],"collection":[{"href":"https:\/\/blogs.ua.es\/quintasorihuelaalicante\/wp-json\/wp\/v2\/pages"}],"about":[{"href":"https:\/\/blogs.ua.es\/quintasorihuelaalicante\/wp-json\/wp\/v2\/types\/page"}],"author":[{"embeddable":true,"href":"https:\/\/blogs.ua.es\/quintasorihuelaalicante\/wp-json\/wp\/v2\/users\/2977"}],"replies":[{"embeddable":true,"href":"https:\/\/blogs.ua.es\/quintasorihuelaalicante\/wp-json\/wp\/v2\/comments?post=58"}],"version-history":[{"count":29,"href":"https:\/\/blogs.ua.es\/quintasorihuelaalicante\/wp-json\/wp\/v2\/pages\/58\/revisions"}],"predecessor-version":[{"id":280,"href":"https:\/\/blogs.ua.es\/quintasorihuelaalicante\/wp-json\/wp\/v2\/pages\/58\/revisions\/280"}],"wp:attachment":[{"href":"https:\/\/blogs.ua.es\/quintasorihuelaalicante\/wp-json\/wp\/v2\/media?parent=58"}],"curies":[{"name":"wp","href":"https:\/\/api.w.org\/{rel}","templated":true}]}}