{"id":61,"date":"2015-05-27T23:32:43","date_gmt":"2015-05-27T23:32:43","guid":{"rendered":"https:\/\/blogs.ua.es\/quintasorihuelaalicante\/?page_id=61"},"modified":"2015-06-01T02:09:25","modified_gmt":"2015-06-01T02:09:25","slug":"metodologia-2","status":"publish","type":"page","link":"https:\/\/blogs.ua.es\/quintasorihuelaalicante\/metodologia-2\/","title":{"rendered":"Metodolog\u00eda"},"content":{"rendered":"<p style=\"text-align: justify\">La metodolog\u00eda que hemos seguido para el desarrollo de este trabajo, es el marcado por la profesora y directora del Servicio de Archivo y Registro en la Universidad de Alicante, M. Mercedes Guijarro Ant\u00f3n y por el profesor y archivero municipal de Benidorm, \u00a0Antonio R. Couto de Granja.<\/p>\n<p style=\"text-align: justify\">El desarrollo del trabajo ha consistido en la realizaci\u00f3n de visitas al Archivo Municipal de Orihuela, cuando nuestras obligaciones universitarias nos lo permit\u00edan y recopilar informaci\u00f3n, identificando y referenciando el contenido de los libros de reclutamientos, correspondientes al periodo de estudio (1912-1927). De ello hemos extraido los datos\u00a0 necesarios para llevar a cabo el trabajo.<\/p>\n<p style=\"text-align: justify\">Estos datos extraidos son:<\/p>\n<p style=\"text-align: justify\">1\u00ba- Alistamientos iniciales<\/p>\n<p style=\"text-align: justify\">2\u00ba- Rectificaciones y anotaciones en los alistamientos<\/p>\n<p style=\"text-align: justify\">3\u00ba- Soldados \u00fatiles<\/p>\n<p style=\"text-align: justify\">4\u00ba- Excepciones<\/p>\n<p style=\"text-align: justify\">5\u00ba- Exclusiones, tanto totales como temporales.<\/p>\n<p style=\"text-align: justify\">6\u00ba- Pr\u00f3fugos<\/p>\n<p style=\"text-align: justify\">7\u00ba- Fallecidos<\/p>\n<p>8\u00ba &#8211; Datos de talla, peso y per\u00edmetro tor\u00e1cico<\/p>\n<p>9\u00ba- Niveles de analfabetismo<\/p>\n<p>&nbsp;<\/p>\n<p style=\"text-align: justify\">NOTA: Por falta de tiempo, para desarrollar el blog debidamente, pido disculpas a todos aquellos que lo visiten y no cumpla sus expectativas. Espero poder seguir incorporando la informaci\u00f3n recabada a lo largo del verano, pues verdaderamente considero que merece la pena y decir que he disfrutado mucho &#8220;hurgando&#8221; en el archivo hist\u00f3rico municipal de Orihuela&#8230;&#8221;Tu pueblo y el mio&#8221;.<\/p>\n<p>&nbsp;<\/p>\n","protected":false},"excerpt":{"rendered":"<p>La metodolog\u00eda que hemos seguido para el desarrollo de este trabajo, es el marcado por la profesora y directora del Servicio de Archivo y Registro en la Universidad de Alicante, M. Mercedes Guijarro Ant\u00f3n y por el profesor y archivero municipal de Benidorm, \u00a0Antonio R. Couto de Granja. El desarrollo del trabajo ha consistido en [&hellip;]<\/p>\n","protected":false},"author":2977,"featured_media":0,"parent":0,"menu_order":3,"comment_status":"open","ping_status":"open","template":"","meta":{"footnotes":""},"class_list":["post-61","page","type-page","status-publish","hentry"],"_links":{"self":[{"href":"https:\/\/blogs.ua.es\/quintasorihuelaalicante\/wp-json\/wp\/v2\/pages\/61","targetHints":{"allow":["GET"]}}],"collection":[{"href":"https:\/\/blogs.ua.es\/quintasorihuelaalicante\/wp-json\/wp\/v2\/pages"}],"about":[{"href":"https:\/\/blogs.ua.es\/quintasorihuelaalicante\/wp-json\/wp\/v2\/types\/page"}],"author":[{"embeddable":true,"href":"https:\/\/blogs.ua.es\/quintasorihuelaalicante\/wp-json\/wp\/v2\/users\/2977"}],"replies":[{"embeddable":true,"href":"https:\/\/blogs.ua.es\/quintasorihuelaalicante\/wp-json\/wp\/v2\/comments?post=61"}],"version-history":[{"count":7,"href":"https:\/\/blogs.ua.es\/quintasorihuelaalicante\/wp-json\/wp\/v2\/pages\/61\/revisions"}],"predecessor-version":[{"id":279,"href":"https:\/\/blogs.ua.es\/quintasorihuelaalicante\/wp-json\/wp\/v2\/pages\/61\/revisions\/279"}],"wp:attachment":[{"href":"https:\/\/blogs.ua.es\/quintasorihuelaalicante\/wp-json\/wp\/v2\/media?parent=61"}],"curies":[{"name":"wp","href":"https:\/\/api.w.org\/{rel}","templated":true}]}}