{"id":11,"date":"2015-05-30T16:35:27","date_gmt":"2015-05-30T16:35:27","guid":{"rendered":"https:\/\/blogs.ua.es\/quintassanjuandealicante\/?page_id=11"},"modified":"2015-06-01T20:52:21","modified_gmt":"2015-06-01T20:52:21","slug":"historia","status":"publish","type":"page","link":"https:\/\/blogs.ua.es\/quintassanjuandealicante\/historia\/","title":{"rendered":"Historia"},"content":{"rendered":"<p>El trabajo consiste en un trabajo monogr\u00e1fico de tipo anal\u00edtico sobre todo lo\u00a0referente al reclutamiento de quintas entre los a\u00f1os 1912-1927. El municipio asignado a\u00a0nuestro grupo es Sant Joan d&#8217;Alacant.<br \/>\nSe han elegido espec\u00edficamente estas fechas, ya que hacen referencia a un per\u00edodo\u00a0hist\u00f3rico singular de la historia de Espa\u00f1a.<\/p>\n<p>La guerra de Marruecos (1911-1927). El estado espa\u00f1ol es dirigido en estos<br \/>\nmomentos por Alfonso XIII (1886-1931) y atraviesa una grave crisis definida por el\u00a0desastre colonial (18989) y la guerrade Melilla (1909); es la \u00faltima citada destacar la\u00a0Semana Tr\u00e1jica de Barcelona y el desastre del barranco del lobo. donde un gran n\u00famero\u00a0de espa\u00f1oles pierden la vida. Estos factores propician un rechazo social al\u00a0reclutamiento.<\/p>\n<p>Sin embargo, la llamada Guerra del Rif (Marruecos) comienza en 1911, y para paliar\u00a0ese problema en 1912 la &#8220;Nueva Ley de Reclutamiento y Reemplazo&#8221;, la cual en teor\u00eda\u00a0establec\u00eda el servicio militar obligatorio.<br \/>\nUno de los hechos m\u00e1s destacados que ocurren entre estos a\u00f1os es la Batalla de\u00a0Annual (conocida a la historiograf\u00eda espa\u00f1ola como &#8220;Desastre de Annual&#8221;), que fue una\u00a0grave desastre militar espa\u00f1ola (1921), en la cual Ab-el Krim aplasta a las tropas\u00a0espa\u00f1olas, y provoc\u00f3 una gran crisis en el marco sociopol\u00edtico que tuvo como\u00a0consecuencia el antimilitarismo y socav\u00f3 las bases del conocido modelo de la\u00a0Restauraci\u00f3n.<\/p>\n<p>Estas consecuencias sumadas a los conflictos sociales allanaron el<br \/>\nterreno para el golpe de estado por parte de Jos\u00e9 Antonio Primo de Rivera en el a\u00f1o\u00a01923. De esta manera, la monarqu\u00eda de Alfonso XIII se lig\u00f3 a la dictadura de Primo de\u00a0Rivera cuando este acepta el golpe y manda formar un gobierno de militares para paliar\u00a0los conflictos que se producen en el pa\u00eds.<\/p>\n<p>Destacable, tambi\u00e9n, dentro de la cronolog\u00eda asignada es el desembarco de<br \/>\nAlhucemas (1925), que puso fin a a\u00f1os permanentes de guerras y dificultades, como el\u00a0Desastre de Annual.<\/p>\n<p>&nbsp;<\/p>\n<p><strong>BIBLIOGRAF\u00cdA<\/strong><\/p>\n<ul>\n<li><span style=\"font-size: medium\"><em>La guerra colonial en Marruecos. El desastre de Annual.<\/em> Historiasiglo20. Disponible en: <a href=\"http:\/\/www.historiasiglo20.org\/HE\/12a-3.htm\">http:\/\/www.historiasiglo20.org\/HE\/12a-3.htm<\/a><br \/>\n<\/span><\/li>\n<\/ul>\n<ul>\n<li><em>La Guerra del Rif<\/em>. Wikipedia (\u00faltima edici\u00f3n 15 de mayo de 2015). Disponible en: <a href=\"http:\/\/es.wikipedia.org\/wiki\/Guerra_del_Rif\">http:\/\/es.wikipedia.org\/wiki\/Guerra_del_Rif<\/a><\/li>\n<\/ul>\n<ul>\n<li><em>La dictadura de Primo de Rivera<\/em>. Historiasiglo20. Disponible en: <a href=\"http:\/\/www.historiasiglo20.org\/HE\/12b-1.htm\">http:\/\/www.historiasiglo20.org\/HE\/12b-1.htm<\/a><\/li>\n<\/ul>\n<p>&nbsp;<\/p>\n","protected":false},"excerpt":{"rendered":"<p>El trabajo consiste en un trabajo monogr\u00e1fico de tipo anal\u00edtico sobre todo lo\u00a0referente al reclutamiento de quintas entre los a\u00f1os 1912-1927. El municipio asignado a\u00a0nuestro grupo es Sant Joan d&#8217;Alacant. Se han elegido espec\u00edficamente estas fechas, ya que hacen referencia &hellip; <a href=\"https:\/\/blogs.ua.es\/quintassanjuandealicante\/historia\/\">Continue reading <span class=\"meta-nav\">&rarr;<\/span><\/a><\/p>\n","protected":false},"author":3264,"featured_media":0,"parent":0,"menu_order":0,"comment_status":"open","ping_status":"open","template":"","meta":{"footnotes":""},"class_list":["post-11","page","type-page","status-publish","hentry"],"_links":{"self":[{"href":"https:\/\/blogs.ua.es\/quintassanjuandealicante\/wp-json\/wp\/v2\/pages\/11","targetHints":{"allow":["GET"]}}],"collection":[{"href":"https:\/\/blogs.ua.es\/quintassanjuandealicante\/wp-json\/wp\/v2\/pages"}],"about":[{"href":"https:\/\/blogs.ua.es\/quintassanjuandealicante\/wp-json\/wp\/v2\/types\/page"}],"author":[{"embeddable":true,"href":"https:\/\/blogs.ua.es\/quintassanjuandealicante\/wp-json\/wp\/v2\/users\/3264"}],"replies":[{"embeddable":true,"href":"https:\/\/blogs.ua.es\/quintassanjuandealicante\/wp-json\/wp\/v2\/comments?post=11"}],"version-history":[{"count":14,"href":"https:\/\/blogs.ua.es\/quintassanjuandealicante\/wp-json\/wp\/v2\/pages\/11\/revisions"}],"predecessor-version":[{"id":238,"href":"https:\/\/blogs.ua.es\/quintassanjuandealicante\/wp-json\/wp\/v2\/pages\/11\/revisions\/238"}],"wp:attachment":[{"href":"https:\/\/blogs.ua.es\/quintassanjuandealicante\/wp-json\/wp\/v2\/media?parent=11"}],"curies":[{"name":"wp","href":"https:\/\/api.w.org\/{rel}","templated":true}]}}