{"id":14,"date":"2015-05-30T16:42:23","date_gmt":"2015-05-30T16:42:23","guid":{"rendered":"https:\/\/blogs.ua.es\/quintassanjuandealicante\/?page_id=14"},"modified":"2015-06-01T19:46:33","modified_gmt":"2015-06-01T19:46:33","slug":"metodologia","status":"publish","type":"page","link":"https:\/\/blogs.ua.es\/quintassanjuandealicante\/metodologia\/","title":{"rendered":"Metodolog\u00eda"},"content":{"rendered":"<p>La metodolog\u00eda empleada para la realizaci\u00f3n del trabajo fue visitar el archivo municipal del municipio de San Juan de Alicante, que se sit\u00faa en el s\u00f3tano de la Biblioteca Municipal de dicho municipio.<\/p>\n<p>All\u00ed, el archivero nos extra\u00eda de uno en uno los expedientes generales de las operaciones del reclutamiento y reemplazo del ej\u00e9rcito.<\/p>\n<p>Con el expediente en mano, busc\u00e1bamos las listas donde constaban todos los datos que se requer\u00edan y los apunt\u00e1bamos en una hoja a parte para despu\u00e9s hacer las tareas necesarias (medias de altura, peso y per\u00edmetro tor\u00e1cico, pr\u00f3fugos por a\u00f1o, exclusiones anuales y sus causas m\u00e1s comunes&#8230;)<\/p>\n<p>Una vez realizada esta tarea, introducir toda la informaci\u00f3n recopilada al blog.<\/p>\n","protected":false},"excerpt":{"rendered":"<p>La metodolog\u00eda empleada para la realizaci\u00f3n del trabajo fue visitar el archivo municipal del municipio de San Juan de Alicante, que se sit\u00faa en el s\u00f3tano de la Biblioteca Municipal de dicho municipio. All\u00ed, el archivero nos extra\u00eda de uno &hellip; <a href=\"https:\/\/blogs.ua.es\/quintassanjuandealicante\/metodologia\/\">Continue reading <span class=\"meta-nav\">&rarr;<\/span><\/a><\/p>\n","protected":false},"author":3264,"featured_media":0,"parent":0,"menu_order":0,"comment_status":"open","ping_status":"open","template":"","meta":{"footnotes":""},"class_list":["post-14","page","type-page","status-publish","hentry"],"_links":{"self":[{"href":"https:\/\/blogs.ua.es\/quintassanjuandealicante\/wp-json\/wp\/v2\/pages\/14","targetHints":{"allow":["GET"]}}],"collection":[{"href":"https:\/\/blogs.ua.es\/quintassanjuandealicante\/wp-json\/wp\/v2\/pages"}],"about":[{"href":"https:\/\/blogs.ua.es\/quintassanjuandealicante\/wp-json\/wp\/v2\/types\/page"}],"author":[{"embeddable":true,"href":"https:\/\/blogs.ua.es\/quintassanjuandealicante\/wp-json\/wp\/v2\/users\/3264"}],"replies":[{"embeddable":true,"href":"https:\/\/blogs.ua.es\/quintassanjuandealicante\/wp-json\/wp\/v2\/comments?post=14"}],"version-history":[{"count":6,"href":"https:\/\/blogs.ua.es\/quintassanjuandealicante\/wp-json\/wp\/v2\/pages\/14\/revisions"}],"predecessor-version":[{"id":187,"href":"https:\/\/blogs.ua.es\/quintassanjuandealicante\/wp-json\/wp\/v2\/pages\/14\/revisions\/187"}],"wp:attachment":[{"href":"https:\/\/blogs.ua.es\/quintassanjuandealicante\/wp-json\/wp\/v2\/media?parent=14"}],"curies":[{"name":"wp","href":"https:\/\/api.w.org\/{rel}","templated":true}]}}