{"id":218,"date":"2015-06-01T20:39:56","date_gmt":"2015-06-01T20:39:56","guid":{"rendered":"https:\/\/blogs.ua.es\/quintassanjuandealicante\/?page_id=218"},"modified":"2015-06-01T20:51:02","modified_gmt":"2015-06-01T20:51:02","slug":"conclusion-3","status":"publish","type":"page","link":"https:\/\/blogs.ua.es\/quintassanjuandealicante\/conclusion-3\/","title":{"rendered":"Conclusi\u00f3n"},"content":{"rendered":"<p>A modo de conclusi\u00f3n, hablaremos de las cualidades, disciplinas y experiencias que nos ha aportado la realizaci\u00f3n del trabajo monogr\u00e1fico as\u00ed como las cifras y estad\u00edsticas globales del mismo.<\/p>\n<p>En primer lugar cabe mencionar las aptitudes adquiridas a la hora de visitar el archivo. De esta manera hemos recibido una experiencia muy cercana que nos ha proporcionado una mayor facilidad a la hora de desenvolvernos en un archivo y realizar un trabajo de investigaci\u00f3n. Nos hemos concienciado de la distribuci\u00f3n, el funcionamiento y las instalaciones del archivo as\u00ed como la accesibilidad a sus documentos.<\/p>\n<p>Cabe mencionar las estad\u00edsticas globales (entre los a\u00f1os 1912-1927). En cuanto a las cifras de reclutamiento inicial podemos observar una tendencia estable, sobre los 34-35 mozos por a\u00f1o seg\u00fan la media y un m\u00ednimo de 17 mozos citados en el a\u00f1o 1925, as\u00ed como un m\u00e1ximo el a\u00f1o 1913 con la cifra de 46 mozos. Por otra parte, comprobamos una media de 3 pr\u00f3fugos por a\u00f1o, observ\u00e1ndose los m\u00ednimos los a\u00f1os 1916 y 1923 con la cifra de 1 pr\u00f3fugo y la m\u00e1xima el a\u00f1o 1927 con la cifra de 6 pr\u00f3fugos el mismo a\u00f1o. En lo referente a las exclusiones y exenciones calculamos la cifra de unos 6 de media absoluta, registr\u00e1ndose 0 excluidos el a\u00f1o 1925 y 11 el 1914. En \u00faltimo lugar tenemos el alistamiento rectificado final con una media de 21-22 mozos en total, registrando la m\u00ednima el a\u00f1o 1926 con 15 mozos y la m\u00e1xima el a\u00f1o 1914 con 33. La altura media total oscila entre 1&#8217;610 m (1916 y 1927) y 1&#8217;660 m (1917) calculando una media absoluta de 1&#8217;640 m. La media de peso y per\u00edmetro tor\u00e1cico son 58&#8217;48 kg y 81&#8217;27 cm, respectivamente.<\/p>\n<p>A continuaci\u00f3n expondremos unas gr\u00e1ficas acerca de la evoluci\u00f3n de los reclutamientos en San Juan entre las fechas citadas (1912-1927).<\/p>\n<p><a href=\"https:\/\/blogs.ua.es\/quintassanjuandealicante\/files\/2015\/06\/gra\u0301ficas-quintas.0011.jpg\"><img loading=\"lazy\" decoding=\"async\" class=\"alignnone size-large wp-image-230\" src=\"https:\/\/blogs.ua.es\/quintassanjuandealicante\/files\/2015\/06\/gra\u0301ficas-quintas.0011-1024x768.jpg\" alt=\"gra\u0301ficas quintas.001\" width=\"584\" height=\"438\" srcset=\"https:\/\/blogs.ua.es\/quintassanjuandealicante\/files\/2015\/06\/gra\u0301ficas-quintas.0011.jpg 1024w, https:\/\/blogs.ua.es\/quintassanjuandealicante\/files\/2015\/06\/gra\u0301ficas-quintas.0011-300x225.jpg 300w, https:\/\/blogs.ua.es\/quintassanjuandealicante\/files\/2015\/06\/gra\u0301ficas-quintas.0011-400x300.jpg 400w\" sizes=\"auto, (max-width: 584px) 100vw, 584px\" \/><\/a><a href=\"https:\/\/blogs.ua.es\/quintassanjuandealicante\/files\/2015\/06\/gra\u0301ficas-quintas.0021.jpg\"><img loading=\"lazy\" decoding=\"async\" class=\"alignnone size-large wp-image-231\" src=\"https:\/\/blogs.ua.es\/quintassanjuandealicante\/files\/2015\/06\/gra\u0301ficas-quintas.0021-1024x768.jpg\" alt=\"gra\u0301ficas quintas.002\" width=\"584\" height=\"438\" srcset=\"https:\/\/blogs.ua.es\/quintassanjuandealicante\/files\/2015\/06\/gra\u0301ficas-quintas.0021.jpg 1024w, https:\/\/blogs.ua.es\/quintassanjuandealicante\/files\/2015\/06\/gra\u0301ficas-quintas.0021-300x225.jpg 300w, https:\/\/blogs.ua.es\/quintassanjuandealicante\/files\/2015\/06\/gra\u0301ficas-quintas.0021-400x300.jpg 400w\" sizes=\"auto, (max-width: 584px) 100vw, 584px\" \/><\/a><a href=\"https:\/\/blogs.ua.es\/quintassanjuandealicante\/files\/2015\/06\/gra\u0301ficas-quintas.0031.jpg\"><img loading=\"lazy\" decoding=\"async\" class=\"alignnone size-large wp-image-232\" src=\"https:\/\/blogs.ua.es\/quintassanjuandealicante\/files\/2015\/06\/gra\u0301ficas-quintas.0031-1024x768.jpg\" alt=\"gra\u0301ficas quintas.003\" width=\"584\" height=\"438\" srcset=\"https:\/\/blogs.ua.es\/quintassanjuandealicante\/files\/2015\/06\/gra\u0301ficas-quintas.0031.jpg 1024w, https:\/\/blogs.ua.es\/quintassanjuandealicante\/files\/2015\/06\/gra\u0301ficas-quintas.0031-300x225.jpg 300w, https:\/\/blogs.ua.es\/quintassanjuandealicante\/files\/2015\/06\/gra\u0301ficas-quintas.0031-400x300.jpg 400w\" sizes=\"auto, (max-width: 584px) 100vw, 584px\" \/><\/a><a href=\"https:\/\/blogs.ua.es\/quintassanjuandealicante\/files\/2015\/06\/gra\u0301ficas-quintas.0041.jpg\"><img loading=\"lazy\" decoding=\"async\" class=\"alignnone size-large wp-image-233\" src=\"https:\/\/blogs.ua.es\/quintassanjuandealicante\/files\/2015\/06\/gra\u0301ficas-quintas.0041-1024x768.jpg\" alt=\"gra\u0301ficas quintas.004\" width=\"584\" height=\"438\" srcset=\"https:\/\/blogs.ua.es\/quintassanjuandealicante\/files\/2015\/06\/gra\u0301ficas-quintas.0041.jpg 1024w, https:\/\/blogs.ua.es\/quintassanjuandealicante\/files\/2015\/06\/gra\u0301ficas-quintas.0041-300x225.jpg 300w, https:\/\/blogs.ua.es\/quintassanjuandealicante\/files\/2015\/06\/gra\u0301ficas-quintas.0041-400x300.jpg 400w\" sizes=\"auto, (max-width: 584px) 100vw, 584px\" \/><\/a><a href=\"https:\/\/blogs.ua.es\/quintassanjuandealicante\/files\/2015\/06\/gra\u0301ficas-quintas.0051.jpg\"><img loading=\"lazy\" decoding=\"async\" class=\"alignnone size-large wp-image-234\" src=\"https:\/\/blogs.ua.es\/quintassanjuandealicante\/files\/2015\/06\/gra\u0301ficas-quintas.0051-1024x768.jpg\" alt=\"gra\u0301ficas quintas.005\" width=\"584\" height=\"438\" srcset=\"https:\/\/blogs.ua.es\/quintassanjuandealicante\/files\/2015\/06\/gra\u0301ficas-quintas.0051.jpg 1024w, https:\/\/blogs.ua.es\/quintassanjuandealicante\/files\/2015\/06\/gra\u0301ficas-quintas.0051-300x225.jpg 300w, https:\/\/blogs.ua.es\/quintassanjuandealicante\/files\/2015\/06\/gra\u0301ficas-quintas.0051-400x300.jpg 400w\" sizes=\"auto, (max-width: 584px) 100vw, 584px\" \/><\/a><a href=\"https:\/\/blogs.ua.es\/quintassanjuandealicante\/files\/2015\/06\/gra\u0301ficas-quintas.0061.jpg\"><img loading=\"lazy\" decoding=\"async\" class=\"alignnone size-large wp-image-235\" src=\"https:\/\/blogs.ua.es\/quintassanjuandealicante\/files\/2015\/06\/gra\u0301ficas-quintas.0061-1024x768.jpg\" alt=\"gra\u0301ficas quintas.006\" width=\"584\" height=\"438\" srcset=\"https:\/\/blogs.ua.es\/quintassanjuandealicante\/files\/2015\/06\/gra\u0301ficas-quintas.0061.jpg 1024w, https:\/\/blogs.ua.es\/quintassanjuandealicante\/files\/2015\/06\/gra\u0301ficas-quintas.0061-300x225.jpg 300w, https:\/\/blogs.ua.es\/quintassanjuandealicante\/files\/2015\/06\/gra\u0301ficas-quintas.0061-400x300.jpg 400w\" sizes=\"auto, (max-width: 584px) 100vw, 584px\" \/><\/a><a href=\"https:\/\/blogs.ua.es\/quintassanjuandealicante\/files\/2015\/06\/gra\u0301ficas-quintas.0071.jpg\"><img loading=\"lazy\" decoding=\"async\" class=\"alignnone size-large wp-image-236\" src=\"https:\/\/blogs.ua.es\/quintassanjuandealicante\/files\/2015\/06\/gra\u0301ficas-quintas.0071-1024x768.jpg\" alt=\"gra\u0301ficas quintas.007\" width=\"584\" height=\"438\" srcset=\"https:\/\/blogs.ua.es\/quintassanjuandealicante\/files\/2015\/06\/gra\u0301ficas-quintas.0071.jpg 1024w, https:\/\/blogs.ua.es\/quintassanjuandealicante\/files\/2015\/06\/gra\u0301ficas-quintas.0071-300x225.jpg 300w, https:\/\/blogs.ua.es\/quintassanjuandealicante\/files\/2015\/06\/gra\u0301ficas-quintas.0071-400x300.jpg 400w\" sizes=\"auto, (max-width: 584px) 100vw, 584px\" \/><\/a><\/p>\n<p>&nbsp;<\/p>\n<p>&nbsp;<\/p>\n<p>&nbsp;<\/p>\n<p>&nbsp;<\/p>\n","protected":false},"excerpt":{"rendered":"<p>A modo de conclusi\u00f3n, hablaremos de las cualidades, disciplinas y experiencias que nos ha aportado la realizaci\u00f3n del trabajo monogr\u00e1fico as\u00ed como las cifras y estad\u00edsticas globales del mismo. En primer lugar cabe mencionar las aptitudes adquiridas a la hora &hellip; <a href=\"https:\/\/blogs.ua.es\/quintassanjuandealicante\/conclusion-3\/\">Continue reading <span class=\"meta-nav\">&rarr;<\/span><\/a><\/p>\n","protected":false},"author":3269,"featured_media":0,"parent":0,"menu_order":0,"comment_status":"open","ping_status":"open","template":"","meta":{"footnotes":""},"class_list":["post-218","page","type-page","status-publish","hentry"],"_links":{"self":[{"href":"https:\/\/blogs.ua.es\/quintassanjuandealicante\/wp-json\/wp\/v2\/pages\/218","targetHints":{"allow":["GET"]}}],"collection":[{"href":"https:\/\/blogs.ua.es\/quintassanjuandealicante\/wp-json\/wp\/v2\/pages"}],"about":[{"href":"https:\/\/blogs.ua.es\/quintassanjuandealicante\/wp-json\/wp\/v2\/types\/page"}],"author":[{"embeddable":true,"href":"https:\/\/blogs.ua.es\/quintassanjuandealicante\/wp-json\/wp\/v2\/users\/3269"}],"replies":[{"embeddable":true,"href":"https:\/\/blogs.ua.es\/quintassanjuandealicante\/wp-json\/wp\/v2\/comments?post=218"}],"version-history":[{"count":4,"href":"https:\/\/blogs.ua.es\/quintassanjuandealicante\/wp-json\/wp\/v2\/pages\/218\/revisions"}],"predecessor-version":[{"id":237,"href":"https:\/\/blogs.ua.es\/quintassanjuandealicante\/wp-json\/wp\/v2\/pages\/218\/revisions\/237"}],"wp:attachment":[{"href":"https:\/\/blogs.ua.es\/quintassanjuandealicante\/wp-json\/wp\/v2\/media?parent=218"}],"curies":[{"name":"wp","href":"https:\/\/api.w.org\/{rel}","templated":true}]}}