{"id":8,"date":"2015-05-30T16:29:38","date_gmt":"2015-05-30T16:29:38","guid":{"rendered":"https:\/\/blogs.ua.es\/quintassanjuandealicante\/?page_id=8"},"modified":"2015-06-01T19:46:03","modified_gmt":"2015-06-01T19:46:03","slug":"presentacion","status":"publish","type":"page","link":"https:\/\/blogs.ua.es\/quintassanjuandealicante\/presentacion\/","title":{"rendered":"Presentaci\u00f3n"},"content":{"rendered":"<p>Somos alumnos de 2\u00ba Grado de Historia de la Universidad de Alicante que hemos empezado este blog para la asignatura de Archivos y documentos: tradici\u00f3n y renovaci\u00f3n.<\/p>\n<p>Los integrantes del grupo somos Manuel Ivorra Sala, Jos\u00e9 Manuel Madrid S\u00e0nchez y Victor Artiaga Maci\u00e0.<\/p>\n<p>El objetivo de nuestro trabajo es realizar un estudio sobre el reclutamiento de los soldados durante la Guerra de Marruecos de 1912 a 1927 en el municipio de San Juan de Alicante.<\/p>\n<div id=\"attachment_180\" style=\"width: 433px\" class=\"wp-caption aligncenter\"><a href=\"https:\/\/blogs.ua.es\/quintassanjuandealicante\/files\/2015\/05\/edificio_desdefuera.jpg\"><img loading=\"lazy\" decoding=\"async\" aria-describedby=\"caption-attachment-180\" class=\"  wp-image-180\" src=\"https:\/\/blogs.ua.es\/quintassanjuandealicante\/files\/2015\/05\/edificio_desdefuera-300x225.jpg\" alt=\"edificio_desdefuera\" width=\"423\" height=\"320\" \/><\/a><p id=\"caption-attachment-180\" class=\"wp-caption-text\">Centro Social de Sant Joan d&#8217;Alacant, donde se encuentra el Archivo<\/p><\/div>\n","protected":false},"excerpt":{"rendered":"<p>Somos alumnos de 2\u00ba Grado de Historia de la Universidad de Alicante que hemos empezado este blog para la asignatura de Archivos y documentos: tradici\u00f3n y renovaci\u00f3n. Los integrantes del grupo somos Manuel Ivorra Sala, Jos\u00e9 Manuel Madrid S\u00e0nchez y &hellip; <a href=\"https:\/\/blogs.ua.es\/quintassanjuandealicante\/presentacion\/\">Continue reading <span class=\"meta-nav\">&rarr;<\/span><\/a><\/p>\n","protected":false},"author":3264,"featured_media":0,"parent":0,"menu_order":0,"comment_status":"open","ping_status":"open","template":"","meta":{"footnotes":""},"class_list":["post-8","page","type-page","status-publish","hentry"],"_links":{"self":[{"href":"https:\/\/blogs.ua.es\/quintassanjuandealicante\/wp-json\/wp\/v2\/pages\/8","targetHints":{"allow":["GET"]}}],"collection":[{"href":"https:\/\/blogs.ua.es\/quintassanjuandealicante\/wp-json\/wp\/v2\/pages"}],"about":[{"href":"https:\/\/blogs.ua.es\/quintassanjuandealicante\/wp-json\/wp\/v2\/types\/page"}],"author":[{"embeddable":true,"href":"https:\/\/blogs.ua.es\/quintassanjuandealicante\/wp-json\/wp\/v2\/users\/3264"}],"replies":[{"embeddable":true,"href":"https:\/\/blogs.ua.es\/quintassanjuandealicante\/wp-json\/wp\/v2\/comments?post=8"}],"version-history":[{"count":7,"href":"https:\/\/blogs.ua.es\/quintassanjuandealicante\/wp-json\/wp\/v2\/pages\/8\/revisions"}],"predecessor-version":[{"id":186,"href":"https:\/\/blogs.ua.es\/quintassanjuandealicante\/wp-json\/wp\/v2\/pages\/8\/revisions\/186"}],"wp:attachment":[{"href":"https:\/\/blogs.ua.es\/quintassanjuandealicante\/wp-json\/wp\/v2\/media?parent=8"}],"curies":[{"name":"wp","href":"https:\/\/api.w.org\/{rel}","templated":true}]}}