{"id":4,"date":"2015-05-19T09:45:03","date_gmt":"2015-05-19T09:45:03","guid":{"rendered":"https:\/\/blogs.ua.es\/quintasvillena\/?page_id=4"},"modified":"2015-05-29T12:16:17","modified_gmt":"2015-05-29T12:16:17","slug":"presentacion","status":"publish","type":"page","link":"https:\/\/blogs.ua.es\/quintasvillena\/presentacion\/","title":{"rendered":"Presentaci\u00f3n"},"content":{"rendered":"<p>Bienvenidos a este blog, se trata de un proyecto de 2\u00ba curso del Grado de Historia en la Universidad de Alicante, dentro de la asignatura de Archivos y Documentos. Este proyecto es llevado a cabo por m\u00ed, Daniel Conejero Gil, y en \u00e9l recopilar\u00e9 los datos de reclutamiento de soldados en el municipio de Villena en el per\u00edodo de 1912 a 1927, per\u00edodo en el que tuvo lugar la Guerra del Rif en Marruecos, uno de los conflictos m\u00e1s importantes de Espa\u00f1a a principios de siglo, a causa del protectorado espa\u00f1ol en Marruecos que se estableci\u00f3 en el Tratado de Fez.<\/p>\n","protected":false},"excerpt":{"rendered":"<p>Bienvenidos a este blog, se trata de un proyecto de 2\u00ba curso del Grado de Historia en la Universidad de Alicante, dentro de la asignatura de Archivos y Documentos. Este proyecto es llevado a cabo por m\u00ed, Daniel Conejero Gil, &hellip; <a href=\"https:\/\/blogs.ua.es\/quintasvillena\/presentacion\/\">Continue reading <span class=\"meta-nav\">&rarr;<\/span><\/a><\/p>\n","protected":false},"author":3315,"featured_media":0,"parent":0,"menu_order":0,"comment_status":"open","ping_status":"open","template":"","meta":{"footnotes":""},"class_list":["post-4","page","type-page","status-publish","hentry"],"_links":{"self":[{"href":"https:\/\/blogs.ua.es\/quintasvillena\/wp-json\/wp\/v2\/pages\/4","targetHints":{"allow":["GET"]}}],"collection":[{"href":"https:\/\/blogs.ua.es\/quintasvillena\/wp-json\/wp\/v2\/pages"}],"about":[{"href":"https:\/\/blogs.ua.es\/quintasvillena\/wp-json\/wp\/v2\/types\/page"}],"author":[{"embeddable":true,"href":"https:\/\/blogs.ua.es\/quintasvillena\/wp-json\/wp\/v2\/users\/3315"}],"replies":[{"embeddable":true,"href":"https:\/\/blogs.ua.es\/quintasvillena\/wp-json\/wp\/v2\/comments?post=4"}],"version-history":[{"count":3,"href":"https:\/\/blogs.ua.es\/quintasvillena\/wp-json\/wp\/v2\/pages\/4\/revisions"}],"predecessor-version":[{"id":55,"href":"https:\/\/blogs.ua.es\/quintasvillena\/wp-json\/wp\/v2\/pages\/4\/revisions\/55"}],"wp:attachment":[{"href":"https:\/\/blogs.ua.es\/quintasvillena\/wp-json\/wp\/v2\/media?parent=4"}],"curies":[{"name":"wp","href":"https:\/\/api.w.org\/{rel}","templated":true}]}}