{"id":84,"date":"2015-05-31T12:00:37","date_gmt":"2015-05-31T12:00:37","guid":{"rendered":"https:\/\/blogs.ua.es\/quintasvillena\/?page_id=84"},"modified":"2015-05-31T21:27:11","modified_gmt":"2015-05-31T21:27:11","slug":"historia","status":"publish","type":"page","link":"https:\/\/blogs.ua.es\/quintasvillena\/historia\/","title":{"rendered":"Historia"},"content":{"rendered":"<p>Los antecedentes de la guerra de Marruecos se deben a la conferencia que se realiz\u00f3 en Algeciras en el a\u00f1o 1906, en la cual Francia y Espa\u00f1a se reparten los territorios de Marruecos, siendo el norte para los espa\u00f1oles y el sur para los franceses.<\/p>\n<p>Esto fue una oportunidad brillante para Espa\u00f1a de hacerse con un territorio tras\u00a0la p\u00e9rdida de Cuba en el 98, pero a diferencia de Francia, su avance para hacerse con el territorio fue m\u00e1s lento. A la hora de llegar al Rif, un sistema monta\u00f1oso controlado por los bereberes, liderados por Abd-el-Krim, por lo que los conflictos entre ambos bandos no tardar\u00edan en sucederse.<\/p>\n<p>Contra su propia voluntad, un ej\u00e9rcito de solados enviados por Antonio Maura al sistema monta\u00f1oso, por lo que los bereberes los derrotar\u00edan, causando la perdida de alrededor de 1000 soldados espa\u00f1oles. Por este suceso ocurrir\u00eda la semana tr\u00e1gica de Barcelona de 1909, lo cual llevar\u00eda a Maura a la dimisi\u00f3n a causa de las presiones de los liberales.<\/p>\n<p><img loading=\"lazy\" decoding=\"async\" class=\"\" src=\"https:\/\/blogs.ua.es\/quintasvillena\/files\/2015\/05\/semana101-444x198.jpg\" alt=\"semana101\" width=\"446\" height=\"199\" \/>\u00a0La semana tr\u00e1gica de Barcelona<\/p>\n<p>Tras la dimisi\u00f3n de Maura, le sustituir\u00eda Moret, pero este tambi\u00e9n dimitir\u00eda a los pocos meses ya que no pudo soportar la situaci\u00f3n, por lo que el siguiente en acceder al poder fue Canalejas, qui\u00e9n intento restablecer el sistema de Restauraci\u00f3n desde el lado liberal. A finales de 1912 Canalejas fue asesinado, lo cual supuso una crisis del regeneracionismo gubernamental. Entrar\u00eda al poder con el partido conservador Eduardo Dato, qui\u00e9n aprobo las Mancomunidades, logrando una asociaci\u00f3n libre entre todos los municipios, pero Maura y sus seguidores no ten\u00edan su simpat\u00eda, lo cual le har\u00eda fracasar y ser\u00eda sustituido por el Conde de Romanones, qui\u00e9n su centraci\u00f3n en las pol\u00edticas exteriores le har\u00edan fracasar a\u00fan con los intentos de uno de sus seguidores, Santiago Alba, qui\u00e9n pretend\u00eda llevar un programa de reformas econ\u00f3micas.<\/p>\n<p>Con Garc\u00eda Prieto, que subi\u00f3 al poder en 1917, llegar\u00edan los primeros intentos de gobiernos de concentraci\u00f3n. Es un punto de crisis, ya que nadie quer\u00eda gobernar, pues tendr\u00eda la oposici\u00f3n del resto de partidos. Por tanto, se termin\u00f3 recurriendo a formar un Gobierno Nacional, presidido por Maura, del que tambi\u00e9n formar\u00edan parte Dato, Romanones, Camb\u00f3 y Garc\u00eda Prieto, pero fue inestable, y a finales de 1918 se interrumpi\u00f3, fecha en la que ya terminaba la Primera Guerra Mundial, de la que Espa\u00f1a fue neutral.<\/p>\n<p>Durante todo este per\u00edodo la guerra en Marruecos avanzar\u00eda lentamente, pero en 1919, con el nombramiento de Damaso Berenguer como Alto Comisario espa\u00f1ol en Marruecos, se logr\u00f3 penetrar en la zona occidental de Marruecos, mientras la oriental era controlada por el general Silvestre, qui\u00e9n llev\u00f3 un ataque agresivo por la zona, lo cual termin\u00f3 llevando a que los rife\u00f1os se rebelar\u00e1n y tomar\u00edan por sorpresa en 1921 el puesto en Annual, ocurriendo el peor desastre para Espa\u00f1a durante el conflicto.<\/p>\n<p>El desastre de Annual supuso un golpe muy duro para Espa\u00f1a, perdieron en Marruecos todos los territorios que hab\u00edan conquistado durante estos a\u00f1os. Murieron tanto el general Silvestre como 10.000 soldados espa\u00f1oles. Esta derrota produjo un cambio intelectual, optando por el protectorado civil, y hubo una inestabilidad pol\u00edtica y enfrentamientos entre los diferentes partidos, por lo que al final se dar\u00eda el golpe de Estado por parte del general Miguel Primo de Rivera.<\/p>\n<p><img loading=\"lazy\" decoding=\"async\" class=\"alignnone size-medium wp-image-96\" src=\"https:\/\/blogs.ua.es\/quintasvillena\/files\/2015\/05\/32398152-191x300.jpg\" alt=\"32398152\" width=\"191\" height=\"300\" srcset=\"https:\/\/blogs.ua.es\/quintasvillena\/files\/2015\/05\/32398152-191x300.jpg 191w, https:\/\/blogs.ua.es\/quintasvillena\/files\/2015\/05\/32398152.jpg 550w\" sizes=\"auto, (max-width: 191px) 100vw, 191px\" \/>\u00a0Miguel Primo de Rivera<\/p>\n<p>Primo de Rivera instaurar\u00eda un r\u00e9gimen militar conocido como Directorio, y con la presi\u00f3n que Abd-el-Krim estaba ejerciendo, acept\u00f3 ser el Alto Comisariado espa\u00f1ol de Marruecos, ordenando la retirada de Xauen, que aunque produjo algunas bajas, evito otro desastre como el de Annual.<\/p>\n<p>La operaci\u00f3n que supondr\u00eda m\u00e1s tarde la victoria en esta guerra fue la del desembarco de Alhucemas, llevada a cabo por espa\u00f1oles y franceses, con lo cual las tropas colonizadoras se impusieron a los rife\u00f1os. Este conflicto seguir\u00eda hasta 1927, donde finalmente Abd-el-Krim se rindi\u00f3 y se entreg\u00f3 a los franceses, poniendo fin a la guerra.<\/p>\n<p>Este triunfo dar\u00eda una imagen grande a Primo de Rivera, logrando remontar un conflicto que parec\u00eda perdido tras el desastre de Annual. Sin embargo, con el tiempo su dictadura, acogida bien al principio, ir\u00eda ganando opositores, a tal punto que se intentar\u00eda un Golpe de Estado fallido en Valencia a principios de 1929. La situaci\u00f3n econ\u00f3mica cada vez iba empeorando m\u00e1s, la peseta era cada vez m\u00e1s devaluada y los conflictos sociales aumentaban m\u00e1s con huelgas y conspiraciones. Finalmente, Primo de Rivera vio que ten\u00eda que dejar el poder, presentando as\u00ed su dimisi\u00f3n en enero de 1930, y se culp\u00f3 al rey Alfonso XIII de todo esto, ya que apoy\u00f3 desde el principio a esta dictadura.<\/p>\n<p>En Villena, se puede ver que la econom\u00eda del sector primario alcanz\u00f3 su plenitud en el siglo XVIII, que proseguir\u00edan unos cambios en el XIX, especializ\u00e1ndose sobre todo en la producci\u00f3n del vino, y la concentraci\u00f3n de las tierras se produc\u00eda en la burgues\u00eda. La industria del calzado es sin duda la m\u00e1s destacada en esta localidad, a tal punto que la industria de la ciudad se dedicaba casi por completo a este sector. Pero otro sector que fue ganando cada vez m\u00e1s presencia desde que se inaugur\u00f3 la estaci\u00f3n de trenes en 1858 fue el ferroviario, el cual en parte tambi\u00e9n contribuy\u00f3 al desarrollo de la agricultura en Villena.<\/p>\n<p>P\u00e1ginas consultadas:<\/p>\n<p>http:\/\/www.aulafacil.com\/articulos\/cultura-hoy\/t1369\/guerra-colonial-de-marruecos-1909-1927<\/p>\n<p>http:\/\/html.rincondelvago.com\/guerra-de-marruecos.html<\/p>\n","protected":false},"excerpt":{"rendered":"<p>Los antecedentes de la guerra de Marruecos se deben a la conferencia que se realiz\u00f3 en Algeciras en el a\u00f1o 1906, en la cual Francia y Espa\u00f1a se reparten los territorios de Marruecos, siendo el norte para los espa\u00f1oles y &hellip; <a href=\"https:\/\/blogs.ua.es\/quintasvillena\/historia\/\">Continue reading <span class=\"meta-nav\">&rarr;<\/span><\/a><\/p>\n","protected":false},"author":3315,"featured_media":0,"parent":0,"menu_order":0,"comment_status":"open","ping_status":"open","template":"","meta":{"footnotes":""},"class_list":["post-84","page","type-page","status-publish","hentry"],"_links":{"self":[{"href":"https:\/\/blogs.ua.es\/quintasvillena\/wp-json\/wp\/v2\/pages\/84","targetHints":{"allow":["GET"]}}],"collection":[{"href":"https:\/\/blogs.ua.es\/quintasvillena\/wp-json\/wp\/v2\/pages"}],"about":[{"href":"https:\/\/blogs.ua.es\/quintasvillena\/wp-json\/wp\/v2\/types\/page"}],"author":[{"embeddable":true,"href":"https:\/\/blogs.ua.es\/quintasvillena\/wp-json\/wp\/v2\/users\/3315"}],"replies":[{"embeddable":true,"href":"https:\/\/blogs.ua.es\/quintasvillena\/wp-json\/wp\/v2\/comments?post=84"}],"version-history":[{"count":5,"href":"https:\/\/blogs.ua.es\/quintasvillena\/wp-json\/wp\/v2\/pages\/84\/revisions"}],"predecessor-version":[{"id":108,"href":"https:\/\/blogs.ua.es\/quintasvillena\/wp-json\/wp\/v2\/pages\/84\/revisions\/108"}],"wp:attachment":[{"href":"https:\/\/blogs.ua.es\/quintasvillena\/wp-json\/wp\/v2\/media?parent=84"}],"curies":[{"name":"wp","href":"https:\/\/api.w.org\/{rel}","templated":true}]}}