{"id":86,"date":"2015-05-31T12:01:04","date_gmt":"2015-05-31T12:01:04","guid":{"rendered":"https:\/\/blogs.ua.es\/quintasvillena\/?page_id=86"},"modified":"2015-05-31T21:12:31","modified_gmt":"2015-05-31T21:12:31","slug":"metodologia","status":"publish","type":"page","link":"https:\/\/blogs.ua.es\/quintasvillena\/metodologia\/","title":{"rendered":"Metodolog\u00eda"},"content":{"rendered":"<p>Para realizar este trabajo primero he tenido que consultar los datos que se ped\u00edan en el Archivo Municipal de Villena, situado en el Ayuntamiento de Villena. Estos datos se recog\u00edan en los expedientes de quintas de Villena del per\u00edodo de 1912 a 1927. La informaci\u00f3n no ha sido muy f\u00e1cil de conseguir, en algunos casos no todos los datos eran exactos, y tambi\u00e9n el deterioro de los materiales no permit\u00eda distinguir bien alguna informaci\u00f3n.<\/p>\n<p><a href=\"https:\/\/blogs.ua.es\/quintasvillena\/files\/2015\/05\/ayuntamiento.villena-e1433074701710.jpg\"><img loading=\"lazy\" decoding=\"async\" class=\"alignnone size-medium wp-image-91\" src=\"https:\/\/blogs.ua.es\/quintasvillena\/files\/2015\/05\/ayuntamiento.villena-300x224.jpg\" alt=\"ayuntamiento.villena\" width=\"300\" height=\"224\" \/><\/a><\/p>\n<p>Una vez recogida la informaci\u00f3n, he procedido a realizar tablas en Excel donde recog\u00eda la cantidad de soldados registrados, as\u00ed como tambi\u00e9n las profesiones que ejercen, para luego hacer la f\u00f3rmula del porcentaje y a partir de ah\u00ed he sacado los gr\u00e1ficos que he puesto a lo largo de las entradas de todos los a\u00f1os. Algunas tablas puede que no se vean bien, ya que tengo problemas para subirlas, pero he tratado de explicar los datos m\u00e1s importantes que recogen.<\/p>\n<p>Una vez hechas, he publicado este blog colocando entradas, cada una aguardando un a\u00f1o desde 1912 hasta 1927, primero hago un breve resumen de lo que ocurre en la guerra a lo largo de este a\u00f1o, luego explic\u00f3 las fechas de los alistamientos, sorteos de mozos y sus respectivas rectificaciones, y luego colocar los gr\u00e1ficos y explicarlos. Con esto, se pretende que este proyecto sea evaluado para la asignatura de Archivos y\u00a0Documentos: entre la tradici\u00f3n y la renovaci\u00f3n, de 2\u00ba curso del Grado de Historia, y que haya servido de mucha ayuda para mi formaci\u00f3n.<\/p>\n<p>Espero que esta explicaci\u00f3n haya aclarado las formas con las que he realizado este blog, y de paso agradecer al personal del Archivo Municipal de Villena por su atenci\u00f3n para ayudarme a realizarlo.<\/p>\n","protected":false},"excerpt":{"rendered":"<p>Para realizar este trabajo primero he tenido que consultar los datos que se ped\u00edan en el Archivo Municipal de Villena, situado en el Ayuntamiento de Villena. Estos datos se recog\u00edan en los expedientes de quintas de Villena del per\u00edodo de &hellip; <a href=\"https:\/\/blogs.ua.es\/quintasvillena\/metodologia\/\">Continue reading <span class=\"meta-nav\">&rarr;<\/span><\/a><\/p>\n","protected":false},"author":3315,"featured_media":91,"parent":0,"menu_order":0,"comment_status":"open","ping_status":"open","template":"","meta":{"footnotes":""},"class_list":["post-86","page","type-page","status-publish","has-post-thumbnail","hentry"],"_links":{"self":[{"href":"https:\/\/blogs.ua.es\/quintasvillena\/wp-json\/wp\/v2\/pages\/86","targetHints":{"allow":["GET"]}}],"collection":[{"href":"https:\/\/blogs.ua.es\/quintasvillena\/wp-json\/wp\/v2\/pages"}],"about":[{"href":"https:\/\/blogs.ua.es\/quintasvillena\/wp-json\/wp\/v2\/types\/page"}],"author":[{"embeddable":true,"href":"https:\/\/blogs.ua.es\/quintasvillena\/wp-json\/wp\/v2\/users\/3315"}],"replies":[{"embeddable":true,"href":"https:\/\/blogs.ua.es\/quintasvillena\/wp-json\/wp\/v2\/comments?post=86"}],"version-history":[{"count":4,"href":"https:\/\/blogs.ua.es\/quintasvillena\/wp-json\/wp\/v2\/pages\/86\/revisions"}],"predecessor-version":[{"id":100,"href":"https:\/\/blogs.ua.es\/quintasvillena\/wp-json\/wp\/v2\/pages\/86\/revisions\/100"}],"wp:featuredmedia":[{"embeddable":true,"href":"https:\/\/blogs.ua.es\/quintasvillena\/wp-json\/wp\/v2\/media\/91"}],"wp:attachment":[{"href":"https:\/\/blogs.ua.es\/quintasvillena\/wp-json\/wp\/v2\/media?parent=86"}],"curies":[{"name":"wp","href":"https:\/\/api.w.org\/{rel}","templated":true}]}}