{"id":88,"date":"2015-05-31T12:01:13","date_gmt":"2015-05-31T12:01:13","guid":{"rendered":"https:\/\/blogs.ua.es\/quintasvillena\/?page_id=88"},"modified":"2015-05-31T21:11:01","modified_gmt":"2015-05-31T21:11:01","slug":"conclusiones","status":"publish","type":"page","link":"https:\/\/blogs.ua.es\/quintasvillena\/conclusiones\/","title":{"rendered":"Conclusiones"},"content":{"rendered":"<p>En este apartado, sacar\u00e9 mis conclusiones de los datos que he obtenido al visitar el archivo y tambi\u00e9n del trabajo en s\u00ed.<\/p>\n<p>Para empezar, los datos que he encontrado en el archivo los he encontrado principalmente consultando los actas y minutas de cada a\u00f1o, de forma que pod\u00eda ver a cada soldado, su clasificaci\u00f3n y su profesi\u00f3n. Decir que la cantidad de soldados reclutados en cada a\u00f1o no es muy grande comparado a lo que son en otras localidades, ya que Villena no es una de las localidades m\u00e1s importantes dentro de la provincia de Alicante. Me ha llamado tambi\u00e9n la atenci\u00f3n que los zapateros han sido numerosos en todos los expedientes de cada a\u00f1o, denotando que la industria del calzado en esta localidad es muy importante, si bien la agricultura ten\u00eda m\u00e1s trabajadores, ya que por aquel tiempo todav\u00eda predominaba el sector primario. Los ferroviarios tambi\u00e9n han ido teniendo m\u00e1s presencia por cada a\u00f1o que he ido consultando.<\/p>\n<p>En lo que a respecta el trabajo, hacerlo no ha sido f\u00e1cil, he tenido que ir muchas veces al Archivo, y sumando a que este cerro por unas semanas debido a que la encargada se ausent\u00f3, dificult\u00f3 mi realizaci\u00f3n del trabajo. Tambi\u00e9n al principio me costaba encontrar los datos que necesitaba, no estaba muy bien ubicado de lo que ten\u00eda que hacer, aunque el personal de all\u00ed me atendi\u00f3 muy bien, me tra\u00eda todo lo que le ped\u00eda y hasta me pidi\u00f3 si localizasen los otros documentos que faltaban para los siguientes d\u00edas en los que fuese. A pesar de todo, al final tuve tiempo para encontrar todo lo que necesitaba, as\u00ed como tambi\u00e9n poder realizar los gr\u00e1ficos y todas las p\u00e1ginas y entradas que necesitaba hacer en este blog.<\/p>\n<p>El trabajo por lo general me ha gustado para lo que es la asignatura, ha servido para ir conociendo m\u00e1s como son los archivos, as\u00ed como tambi\u00e9n ir conociendo m\u00e1s el per\u00edodo de Guerra del Rif, que fue muy importante para Espa\u00f1a para conseguir tierras despu\u00e9s de perder todas las colonias americanas. Ha sido muy \u00fatil por si alg\u00fan d\u00eda en el futuro tuviese que desempe\u00f1ar este trabajo.<\/p>\n<p>Por \u00faltimo, destacar que este trabajo no estar\u00eda de mal hacerlo otra vez, y si acaso hacerlo sobre otro tema que tambi\u00e9n pudiera interesar como lo ha sido este, y que tenga un contexto hist\u00f3rico que se pueda entender mejor, y obviamente sea importante dentro de la historia de Espa\u00f1a.<\/p>\n","protected":false},"excerpt":{"rendered":"<p>En este apartado, sacar\u00e9 mis conclusiones de los datos que he obtenido al visitar el archivo y tambi\u00e9n del trabajo en s\u00ed. Para empezar, los datos que he encontrado en el archivo los he encontrado principalmente consultando los actas y &hellip; <a href=\"https:\/\/blogs.ua.es\/quintasvillena\/conclusiones\/\">Continue reading <span class=\"meta-nav\">&rarr;<\/span><\/a><\/p>\n","protected":false},"author":3315,"featured_media":0,"parent":0,"menu_order":0,"comment_status":"open","ping_status":"open","template":"","meta":{"footnotes":""},"class_list":["post-88","page","type-page","status-publish","hentry"],"_links":{"self":[{"href":"https:\/\/blogs.ua.es\/quintasvillena\/wp-json\/wp\/v2\/pages\/88","targetHints":{"allow":["GET"]}}],"collection":[{"href":"https:\/\/blogs.ua.es\/quintasvillena\/wp-json\/wp\/v2\/pages"}],"about":[{"href":"https:\/\/blogs.ua.es\/quintasvillena\/wp-json\/wp\/v2\/types\/page"}],"author":[{"embeddable":true,"href":"https:\/\/blogs.ua.es\/quintasvillena\/wp-json\/wp\/v2\/users\/3315"}],"replies":[{"embeddable":true,"href":"https:\/\/blogs.ua.es\/quintasvillena\/wp-json\/wp\/v2\/comments?post=88"}],"version-history":[{"count":3,"href":"https:\/\/blogs.ua.es\/quintasvillena\/wp-json\/wp\/v2\/pages\/88\/revisions"}],"predecessor-version":[{"id":99,"href":"https:\/\/blogs.ua.es\/quintasvillena\/wp-json\/wp\/v2\/pages\/88\/revisions\/99"}],"wp:attachment":[{"href":"https:\/\/blogs.ua.es\/quintasvillena\/wp-json\/wp\/v2\/media?parent=88"}],"curies":[{"name":"wp","href":"https:\/\/api.w.org\/{rel}","templated":true}]}}