{"id":51,"date":"2012-12-20T13:24:50","date_gmt":"2012-12-20T13:24:50","guid":{"rendered":"https:\/\/blogs.ua.es\/rafaelaltamiraycrevea\/?page_id=51"},"modified":"2012-12-26T09:07:04","modified_gmt":"2012-12-26T09:07:04","slug":"biografia","status":"publish","type":"page","link":"https:\/\/blogs.ua.es\/rafaelaltamiraycrevea\/biografia\/","title":{"rendered":"Biograf\u00eda"},"content":{"rendered":"<h2><a href=\"https:\/\/blogs.ua.es\/rafaelaltamiraycrevea\/files\/2012\/12\/rafael-altamira3.jpg\"><img loading=\"lazy\" decoding=\"async\" class=\"alignleft size-medium wp-image-120\" src=\"https:\/\/blogs.ua.es\/rafaelaltamiraycrevea\/files\/2012\/12\/rafael-altamira3-293x300.jpg\" alt=\"\" width=\"293\" height=\"300\" srcset=\"https:\/\/blogs.ua.es\/rafaelaltamiraycrevea\/files\/2012\/12\/rafael-altamira3-293x300.jpg 293w, https:\/\/blogs.ua.es\/rafaelaltamiraycrevea\/files\/2012\/12\/rafael-altamira3.jpg 646w\" sizes=\"auto, (max-width: 293px) 100vw, 293px\" \/><\/a><\/h2>\n<div>\n<p style=\"text-align: justify\">Rafael Altamira y Crevea naci\u00f3 en Alicante el 10 de febrero de 1866 y muri\u00f3 en la ciudad de M\u00e9xico el 1 de febrero de 1951. Estudi\u00f3 la carrera de Derecho en la Universidad de Valencia, en Madrid \u00a0se doctor\u00f3 con\u00a0<em>Historia de la propiedad comunal<\/em>. Vinculado desde muy pronto a la Instituci\u00f3n Libre de Ense\u00f1anza y al Museo Pedag\u00f3gico, del que lleg\u00f3 a ser secretario, en 1897 gan\u00f3 por oposici\u00f3n la c\u00e1tedra de Historia del Derecho espa\u00f1ol de la Universidad de Oviedo, donde permaneci\u00f3 hasta 1910, pasando en 1914 a encargarse del curso de doctorado de Historia de las instituciones pol\u00edticas y civiles de Am\u00e9rica, en la de Madrid, que ocup\u00f3 durante veintid\u00f3s a\u00f1os, hasta su jubilaci\u00f3n, con los avatares propios de su vertiginosa actividad en Espa\u00f1a y en el extranjero.<\/p>\n<p style=\"text-align: justify\">Su carrera p\u00fablica, que no pol\u00edtica, se coron\u00f3 en 1911 con la Direcci\u00f3n General de Ense\u00f1anza Primaria, con su ingreso en la Real Academia de la Historia en 1922 y con el nombramiento de Juez titular del Tribunal permanente de justicia internacional de la Haya en el a\u00f1o 1920. En 1936, con motivo de la Guerra Civil en Espa\u00f1a, se exili\u00f3 definitivamente en M\u00e9xico hasta su muerte en 1951.<\/p>\n<p style=\"text-align: justify\">Hombre polifac\u00e9tico, de curiosidad variada aunque no dispersa, a lo largo de su prolongada vida trabaj\u00f3 en campos muy diversos, como puede comprobarse en su abultada biograf\u00eda.<\/p>\n<\/div>\n","protected":false},"excerpt":{"rendered":"<p>Rafael Altamira y Crevea naci\u00f3 en Alicante el 10 de febrero de 1866 y muri\u00f3 en la ciudad de M\u00e9xico el 1 de febrero de 1951. Estudi\u00f3 la carrera de Derecho en la Universidad de Valencia, en Madrid \u00a0se doctor\u00f3 &hellip; <a href=\"https:\/\/blogs.ua.es\/rafaelaltamiraycrevea\/biografia\/\">Continue reading <span class=\"meta-nav\">&rarr;<\/span><\/a><\/p>\n","protected":false},"author":2942,"featured_media":0,"parent":0,"menu_order":0,"comment_status":"open","ping_status":"open","template":"","meta":{"footnotes":""},"class_list":["post-51","page","type-page","status-publish","hentry"],"_links":{"self":[{"href":"https:\/\/blogs.ua.es\/rafaelaltamiraycrevea\/wp-json\/wp\/v2\/pages\/51","targetHints":{"allow":["GET"]}}],"collection":[{"href":"https:\/\/blogs.ua.es\/rafaelaltamiraycrevea\/wp-json\/wp\/v2\/pages"}],"about":[{"href":"https:\/\/blogs.ua.es\/rafaelaltamiraycrevea\/wp-json\/wp\/v2\/types\/page"}],"author":[{"embeddable":true,"href":"https:\/\/blogs.ua.es\/rafaelaltamiraycrevea\/wp-json\/wp\/v2\/users\/2942"}],"replies":[{"embeddable":true,"href":"https:\/\/blogs.ua.es\/rafaelaltamiraycrevea\/wp-json\/wp\/v2\/comments?post=51"}],"version-history":[{"count":7,"href":"https:\/\/blogs.ua.es\/rafaelaltamiraycrevea\/wp-json\/wp\/v2\/pages\/51\/revisions"}],"predecessor-version":[{"id":121,"href":"https:\/\/blogs.ua.es\/rafaelaltamiraycrevea\/wp-json\/wp\/v2\/pages\/51\/revisions\/121"}],"wp:attachment":[{"href":"https:\/\/blogs.ua.es\/rafaelaltamiraycrevea\/wp-json\/wp\/v2\/media?parent=51"}],"curies":[{"name":"wp","href":"https:\/\/api.w.org\/{rel}","templated":true}]}}