{"id":97,"date":"2012-12-26T08:46:49","date_gmt":"2012-12-26T08:46:49","guid":{"rendered":"https:\/\/blogs.ua.es\/rafaelaltamiraycrevea\/?page_id=97"},"modified":"2013-01-10T08:57:31","modified_gmt":"2013-01-10T08:57:31","slug":"recursos-de-informacion","status":"publish","type":"page","link":"https:\/\/blogs.ua.es\/rafaelaltamiraycrevea\/recursos-de-informacion\/","title":{"rendered":"Recursos de informaci\u00f3n"},"content":{"rendered":"<p style=\"text-align: justify\">Para la confecci\u00f3n de nuestro blog ha sido fundamental la utilizaci\u00f3n de los recursos trabajados en las clases de la asignatura Fuentes y Documentos para la Historia. Adem\u00e1s de esto, hemos usado otros recursos que nos han permitido la elaboraci\u00f3n del trabajo.<\/p>\n<p style=\"text-align: justify\">La clave de nuestro trabajo ha sido el uso de las bibliotecas, ya que pr\u00e1cticamente en su totalidad el blog ha sido de\u00a0res\u00famenes\u00a0de los libros de Rafael Altamira.<\/p>\n<p style=\"text-align: justify\">Entre las bibliotecas consultadas se encuentran las bibliotecas de la Universidad de Alicante, como la biblioteca del la facultad de filosof\u00eda y letrass, la biblioteca de derecho y de educaci\u00f3n. Asimismo tambi\u00e9n hemos visitado otras bibliotecas municipales como la biblioteca <em>Alberto Navarro<\/em> de Elda y la biblioteca municipal de Benidorm.<\/p>\n","protected":false},"excerpt":{"rendered":"<p>Para la confecci\u00f3n de nuestro blog ha sido fundamental la utilizaci\u00f3n de los recursos trabajados en las clases de la asignatura Fuentes y Documentos para la Historia. Adem\u00e1s de esto, hemos usado otros recursos que nos han permitido la elaboraci\u00f3n &hellip; <a href=\"https:\/\/blogs.ua.es\/rafaelaltamiraycrevea\/recursos-de-informacion\/\">Continue reading <span class=\"meta-nav\">&rarr;<\/span><\/a><\/p>\n","protected":false},"author":2947,"featured_media":0,"parent":0,"menu_order":0,"comment_status":"open","ping_status":"open","template":"","meta":{"footnotes":""},"class_list":["post-97","page","type-page","status-publish","hentry"],"_links":{"self":[{"href":"https:\/\/blogs.ua.es\/rafaelaltamiraycrevea\/wp-json\/wp\/v2\/pages\/97","targetHints":{"allow":["GET"]}}],"collection":[{"href":"https:\/\/blogs.ua.es\/rafaelaltamiraycrevea\/wp-json\/wp\/v2\/pages"}],"about":[{"href":"https:\/\/blogs.ua.es\/rafaelaltamiraycrevea\/wp-json\/wp\/v2\/types\/page"}],"author":[{"embeddable":true,"href":"https:\/\/blogs.ua.es\/rafaelaltamiraycrevea\/wp-json\/wp\/v2\/users\/2947"}],"replies":[{"embeddable":true,"href":"https:\/\/blogs.ua.es\/rafaelaltamiraycrevea\/wp-json\/wp\/v2\/comments?post=97"}],"version-history":[{"count":3,"href":"https:\/\/blogs.ua.es\/rafaelaltamiraycrevea\/wp-json\/wp\/v2\/pages\/97\/revisions"}],"predecessor-version":[{"id":163,"href":"https:\/\/blogs.ua.es\/rafaelaltamiraycrevea\/wp-json\/wp\/v2\/pages\/97\/revisions\/163"}],"wp:attachment":[{"href":"https:\/\/blogs.ua.es\/rafaelaltamiraycrevea\/wp-json\/wp\/v2\/media?parent=97"}],"curies":[{"name":"wp","href":"https:\/\/api.w.org\/{rel}","templated":true}]}}