{"id":58,"date":"2009-07-13T13:37:31","date_gmt":"2009-07-13T12:37:31","guid":{"rendered":"https:\/\/blogs.ua.es\/raqueltomas\/?page_id=58"},"modified":"2009-07-14T14:12:40","modified_gmt":"2009-07-14T13:12:40","slug":"moneda","status":"publish","type":"page","link":"https:\/\/blogs.ua.es\/raqueltomas\/moneda\/","title":{"rendered":"MONEDA"},"content":{"rendered":"<table border=\"0\" cellspacing=\"0\" cellpadding=\"4\" width=\"580\">\n<tbody>\n<tr>\n<td colspan=\"4\" valign=\"top\"><strong><span style=\"font-family: Arial\">\u00a0Al iniciarse el siglo XVI, los territorios hisp\u00e1nicos gozaron de un marco monetario estable tras los des\u00f3rdenes anteriores, sobre todo a partir de la estabilizaci\u00f3n monetaria iniciada en los \u00faltimos a\u00f1os del siglo XV.<\/p>\n<table border=\"0\" cellspacing=\"0\" cellpadding=\"0\" width=\"584\">\n<tbody>\n<tr>\n<td width=\"584\" valign=\"top\">En el siglo XVI, los Reyes Cat\u00f3licos en 1535, para igualar la moneda de oro castellana con la de otros pa\u00edses, emitieron el Escudo o Corona, moneda de oro con menos peso y ley que el Ducado.<br \/>\nA mediados de siglo, como consecuencia de las grandes cantidades de plata que llegaban de las minas de Potos\u00ed (Bolivia), las monedas m\u00e1s utilizadas eran las de plata, mientras el oro reduc\u00eda su circulaci\u00f3n.<br \/>\nLa Corona prestaba enormes esfuerzos para impedir la salida de metales preciosos, a pesar de ello, las continuas guerras y la infravaloraci\u00f3n de la plata en Espa\u00f1a, hizo que la plata se extendiera por toda Europa.<br \/>\nEn este contexto, la inflaci\u00f3n y bancarrota fueron frecuentes.Este marco monetario se ver\u00eda afectado por los des\u00f3rdenes derivados de la masiva afluencia de tesoros americanos y del monopolio espa\u00f1ol sobre los mismos, abocando a las fugas continuas de metal precioso ante las negativas de la Corona a efectuar devaluaciones. El problema era la inflaci\u00f3n.\u00a0<\/td>\n<\/tr>\n<tr>\n<td width=\"584\" valign=\"top\">\u00a0<\/td>\n<\/tr>\n<tr>\n<td width=\"584\" valign=\"top\">Los Reyes Cat\u00f3licos acu\u00f1aron:- Monedas de oro: 1\/2 Excelente (1\/2 Ducado), 1\/2 Castellano (1\/2 Trentin), Excelente (Ducado), Castellano, Doble Castellano, Trentin, Doble Excelente, Cuadruple Ducado, 5 Trentines,10 Excelentes, 20 Excelentes, 50 Excelentes.\u00a0\u00a0&#8211; Monedas de plata: \u00bc Real, \u00bd Real y Real. Las monedas de \u00bd Real y Real con letras romanas, asi como las monedas de 2 Reales, 4 Reales y 8 Reales de los Reyes Catolicos fueron acu\u00f1adas por orden de Carlos I.- Monedas de cobre: Dinero\/maraved\u00ed, 2 Maraved\u00eds y 4 Maraved\u00eds.<img decoding=\"async\" src=\"http:\/\/www.maravedis.net\/imagenes\/rrcc\/1%20Real%20Segovia%20P%20haz%20de%206%20flechas%20ET.REGINA.jpg\" alt=\"\" \/>\u00a0\u00a0<\/p>\n<p>\u00a0<\/p>\n<p>\u00a0<\/p>\n<p>\u00a0<\/p>\n<p>\u00a0<\/p>\n<p>\u00a0<\/p>\n<p>\u00a0<\/p>\n<p>&#8211; Moneda de vell\u00f3n: Blanca.<\/p>\n<p><img decoding=\"async\" src=\"http:\/\/www.maravedis.net\/imagenes\/castilla_enrique3\/Enrique%20III%20blanca%20Sevilla.jpg\" alt=\"\" \/><\/p>\n<p>\u00a0<\/p>\n<p>\u00a0<\/p>\n<p>\u00a0<\/p>\n<p>\u00a0<\/p>\n<p>\u00a0<\/p>\n<p>\u00a0<\/p>\n<p>\u00a0<\/p>\n<p>\u00a0<\/p>\n<p>Juana y Carlos acu\u00f1aron:<\/p>\n<ul>\n<li>&#8211; Monedas de oro: 100 Ducados, 50 Ducados, 20 Ducados, 4 Ducados, Corona o Escudo (Doble Ducado) y \u00bd Ducado.<\/li>\n<\/ul>\n<p>\u00a0<\/p>\n<p>\u00a0<\/p>\n<p><img decoding=\"async\" src=\"http:\/\/www.maravedis.org\/imagenes\/carlosyjuana\/Doble%20Ducado%20Zaragoza%20C,%20LS%20en%20reverso.jpg\" alt=\"\" \/><\/p>\n<p>\u00a0<\/p>\n<p>\u00a0<\/p>\n<p>\u00a0<\/p>\n<ul>\n<li>&#8211; Monedas de plata: 10 Reales, 4 Reales, 3 Reales (Doble Sueldo), 2 Reales, 1 Real, \u00bd Real-1\/2 Sueldo y \u00bc Real.<\/li>\n<li>&#8211;\u00a0Monedas de cobre: 11 Maravedis, 8 Maravedis-8 Cuartos, 4 Maravedis y 2 Maravedis.<\/li>\n<li>&#8211; Monedas de vellon: Dobler y Dinero &#8211; Ardite.<\/li>\n<\/ul>\n<p>\u00a0<\/p>\n<p>\u00a0<\/p>\n<p><img decoding=\"async\" src=\"http:\/\/www.fuenterrebollo.com\/faqs-numismatica\/ima5\/1625-ardite-barcelona-felipe3.jpg\" alt=\"\" \/><\/p>\n<p>\u00a0<\/p>\n<p>\u00a0<\/p>\n<p>Carlos I acu\u00f1o:<\/p>\n<ul>\n<li>&#8211; Monedas de oro: \u00bd Ducado &#8211; \u00bd Escudo, Ducado &#8211; Escudo, Corona, Doble Corona y Cuadruple Corona.<\/li>\n<li>&#8211; Monedas de plata: \u00bd Real, Real, 2 Reales, 3 Reales y 6 Reales.<\/li>\n<li>&#8211; Monedas de cobre: Pugesa, Dobler &#8211; 2 Maravedis y 4 Maravedis.<\/li>\n<li>&#8211; Monedas de vellon: Dinero.<\/li>\n<\/ul>\n<p>\u00a0<\/p>\n<p>Felipe II acu\u00f1o:<\/p>\n<ul>\n<li>&#8211; Monedas de oro: Escudo, 2 Escudos, 4 Escudos y 8 Escudos.<\/li>\n<li>&#8211; Monedas de plata: \u00bc Real, \u00bd Real &#8211; \u00bd Croat, Real-Croat, 2 Reales, 4 Reales y 8 Reales.<\/li>\n<li>&#8211; Monedas de cobre: Dinero &#8211; Menut, Ardite, \u00bd Blanca, Maravedi, Dobler, 4 Cornados, \u00bd Cuarto &#8211; 2 Maravedis y 4 Cuartos &#8211; 8 Maravedis.<\/li>\n<li>&#8211; Moneda de vellon: Cuarto &#8211; 4 Maravedis y Cuartillo &#8211; 8 \u00bd Maravedis.<\/li>\n<\/ul>\n<p>\u00a0<\/p>\n<p>En cuanto a la definicion de las antiguas monedas espa\u00f1olas que he citado, hare referencia a sus origenes en las distintas ciudades castellanas:<\/p>\n<ul>\n<li>&#8211; AGUILA: moneda castellana de oro acu\u00f1ada en Sicilia por el rey Fernando el Catolico.<\/li>\n<li>&#8211; ARDITE: moneda catalana de vellon y de cobre, del valor de un dinero catalan. Labrada durante los siglos XVI y XVII en diferentes localidade del Catalu\u00f1a y el Rosellon.<\/li>\n<li>&#8211; BLANCA: moneda castellana de vellon.<\/li>\n<li>&#8211; CASTELLANO: moneda castellana de oro que en un principio fue acu\u00f1ada por Enrique IV y posteriormente por los Reyes Catolicos. Es conocida tambien por los nombres de: excelente, alfonsi de oro, dobla y Enrique. Fue acu\u00f1ada en Sevilla desde el a\u00f1o 1475.<\/li>\n<li>&#8211; CROAT: moneda barcelonesa de plata que nace con Pedro II hata Felipe V. Se llamaban tambien dineros de plata barceloneses, reales de plata y gruesos blancos.<\/li>\n<li>&#8211; DINERO: palabra que proviene del denario romano, cuyo valor era el de diez ases. En Castilla, antiguamente diez maravedis hacian un dinero, despues su valor y su ley fueron cambiando continuamente, fueron de plata, de vellon y a partir del siglo XV de cobre. Habia dineros de Castilla, jaqueses, dineros barceloneses, prietos de Navarra, etc.<\/li>\n<li>&#8211; DUCADO: en Castilla era la unidad e las monedas de oro, por consiguiente, valia medio doblon.<\/li>\n<li>&#8211; MARAVEDI: moneda espa\u00f1ola medieval, acu\u00f1ada por primera vez por los almoravides. A lo largo de su hisoria sufrio infinidad de cambios y devaluaciones hasta quedar convertida en moneda de vellon en tiempos de los Reyes Catolicos al adoptarla como parte de su sistema monetario en 1475.<\/li>\n<li>&#8211; REAL: moneda de plata que empezo a circular en Castilla en el siglo XIV. Base del sistema monetario espa\u00f1ol hasta mediados del siglo XIX.<\/li>\n<\/ul>\n<p>\u00a0<\/p>\n<table border=\"0\" cellspacing=\"0\" cellpadding=\"0\" width=\"582\">\n<tbody>\n<tr>\n<td width=\"29%\">\n<p align=\"center\">\u00a0<\/p>\n<\/td>\n<\/tr>\n<tr>\n<td colspan=\"2\" valign=\"top\">\u00a0<\/td>\n<\/tr>\n<tr>\n<td colspan=\"2\" valign=\"top\">\n<table border=\"0\" cellspacing=\"0\" cellpadding=\"0\" width=\"581\">\n<tbody>\n<tr>\n<td width=\"45%\">\u00a0<\/td>\n<\/tr>\n<tr>\n<td colspan=\"2\" valign=\"top\"><strong>\u00a0<\/strong><\/td>\n<\/tr>\n<\/tbody>\n<\/table>\n<p>\u00a0<\/td>\n<\/tr>\n<tr>\n<td colspan=\"2\" valign=\"top\">\u00a0<\/td>\n<\/tr>\n<tr>\n<td colspan=\"2\" valign=\"top\">\n<table border=\"0\" cellspacing=\"0\" cellpadding=\"0\" width=\"580\">\n<tbody>\n<tr>\n<td valign=\"top\">\u00a0<\/td>\n<\/tr>\n<tr>\n<td valign=\"top\">\u00a0<\/td>\n<\/tr>\n<tr>\n<td valign=\"top\">\u00a0<\/td>\n<\/tr>\n<\/tbody>\n<\/table>\n<p>\u00a0<\/td>\n<\/tr>\n<\/tbody>\n<\/table>\n<p>\u00a0<\/p>\n<table border=\"0\" cellspacing=\"0\" cellpadding=\"0\" width=\"580\">\n<tbody>\n<tr>\n<td width=\"36%\">\u00a0<\/td>\n<\/tr>\n<tr>\n<td colspan=\"2\" valign=\"top\">\u00a0<\/td>\n<\/tr>\n<tr>\n<td colspan=\"2\" valign=\"top\">\u00a0<strong>\u00a0<\/strong><\/td>\n<\/tr>\n<\/tbody>\n<\/table>\n<p align=\"center\">\u00a0<\/p>\n<table border=\"0\" cellspacing=\"0\" cellpadding=\"0\" width=\"582\">\n<tbody>\n<tr>\n<td valign=\"top\">\u00a0<\/td>\n<\/tr>\n<\/tbody>\n<\/table>\n<p>\u00a0<\/td>\n<\/tr>\n<\/tbody>\n<\/table>\n<p>\u00a0<\/p>\n<p><\/span>\u00a0<\/strong><\/td>\n<\/tr>\n<tr>\n<td colspan=\"4\" valign=\"top\">\u00a0<\/td>\n<\/tr>\n<tr>\n<td colspan=\"4\" valign=\"top\"><strong><span style=\"font-family: Arial\"><strong><span style=\"font-family: Arial\">\u00a0\u00a0\u00a0\u00a0\u00a0\u00a0<\/p>\n<p><\/span><\/strong><\/span>\u00a0<\/strong><\/td>\n<\/tr>\n<\/tbody>\n<\/table>\n","protected":false},"excerpt":{"rendered":"<p>\u00a0Al iniciarse el siglo XVI, los territorios hisp\u00e1nicos gozaron de un marco monetario estable tras los des\u00f3rdenes anteriores, sobre todo a partir de la estabilizaci\u00f3n monetaria iniciada en los \u00faltimos a\u00f1os del siglo XV. En el siglo XVI, los Reyes Cat\u00f3licos en 1535, para igualar la moneda de oro castellana con la de otros pa\u00edses, [&hellip;]<\/p>\n","protected":false},"author":1091,"featured_media":0,"parent":0,"menu_order":0,"comment_status":"open","ping_status":"open","template":"","meta":{"footnotes":""},"class_list":["post-58","page","type-page","status-publish","hentry"],"_links":{"self":[{"href":"https:\/\/blogs.ua.es\/raqueltomas\/wp-json\/wp\/v2\/pages\/58","targetHints":{"allow":["GET"]}}],"collection":[{"href":"https:\/\/blogs.ua.es\/raqueltomas\/wp-json\/wp\/v2\/pages"}],"about":[{"href":"https:\/\/blogs.ua.es\/raqueltomas\/wp-json\/wp\/v2\/types\/page"}],"author":[{"embeddable":true,"href":"https:\/\/blogs.ua.es\/raqueltomas\/wp-json\/wp\/v2\/users\/1091"}],"replies":[{"embeddable":true,"href":"https:\/\/blogs.ua.es\/raqueltomas\/wp-json\/wp\/v2\/comments?post=58"}],"version-history":[{"count":9,"href":"https:\/\/blogs.ua.es\/raqueltomas\/wp-json\/wp\/v2\/pages\/58\/revisions"}],"predecessor-version":[{"id":122,"href":"https:\/\/blogs.ua.es\/raqueltomas\/wp-json\/wp\/v2\/pages\/58\/revisions\/122"}],"wp:attachment":[{"href":"https:\/\/blogs.ua.es\/raqueltomas\/wp-json\/wp\/v2\/media?parent=58"}],"curies":[{"name":"wp","href":"https:\/\/api.w.org\/{rel}","templated":true}]}}