{"id":67,"date":"2009-07-13T15:16:53","date_gmt":"2009-07-13T14:16:53","guid":{"rendered":"https:\/\/blogs.ua.es\/raqueltomas\/?page_id=67"},"modified":"2009-07-13T15:16:53","modified_gmt":"2009-07-13T14:16:53","slug":"la-economia-a-nivel-europeo","status":"publish","type":"page","link":"https:\/\/blogs.ua.es\/raqueltomas\/la-economia-a-nivel-europeo\/","title":{"rendered":"LA ECONOMIA A NIVEL EUROPEO"},"content":{"rendered":"<p>\u00a0<\/p>\n<p>Un conjunto de coyunturas afectaron a la econom\u00eda del siglo XVI, la m\u00e1s constante fue el aumento de los precios que afect\u00f3 primeramente a los estados atl\u00e1nticos y que se extendi\u00f3 por todo el continente. El aumento era ya perceptible a finales del siglo XV, aunque el proceso no se hizo inflacionista hasta mediado el siglo XVI. Los precios agr\u00edcolas aumentaron mas deprisa que los dem\u00e1s, el simult\u00e1neo incremento demogr\u00e1fico contribuy\u00f3 a ello, as\u00ed, por ejemplo, los cereales se encarecieron cinco veces mas en Inglaterra, siete en Francia y a\u00fan mas en Espa\u00f1a.<br \/>\nEl nivel de lo salarios no se elev\u00f3 de un modo proporcionado, los salarios se doblaron o triplicaron a lo largo del siglo XVI, pero hubo un innegable p\u00e9rdida de poder adquisitivo que se puso de manifiesto en apreciables devaluaciones monetarias. En esta \u00e9poca muy pocos viv\u00edan \u00fanicamente del salario lo que permiti\u00f3 aminorar los efectos de la degradaci\u00f3n salarial que, sin embargo, constitu\u00eda un peligro en el plano social, en la cuidad de Basilea, por ejemplo, se prohibi\u00f3 la inmigraci\u00f3n de los trabajadores pobres.<br \/>\nLa llegada masiva de gran cantidad de metal precioso (oro y plata) procedente de la Am\u00e9rica hispana agrav\u00f3 notablemente la inflaci\u00f3n. Espa\u00f1a tuvo que difundir en m\u00faltiples direcciones los tesoros de cuyo monopolio disfrutaba y a inundar con ellos Europa. El motivo mas corriente de su empleo fueron los gastos militares que crec\u00edan sin cesar. Espa\u00f1a fue las regi\u00f3n mas afectada por el alza de los precios y la que menos ventajas reales sac\u00f3 de su sobrevenida riqueza.<br \/>\nAunque la corona se hab\u00eda reservado el 20 % de toda cantidad de metal precioso almacenado en Sevilla, fue la primera en proclamar su insuficiencia. Felipe II declar\u00f3, en 1557, que no pod\u00eda satisfacer las demandas que hab\u00eda contra\u00eddo, unos siete millones de ducados. Otra bancarrota se produjo en 1575, con una suma mas del doble de la anterior, a esta se sucedieron otras en 1596, 1607, 1627 y 1647. en 1557, el gobierno espa\u00f1ol transform\u00f3 su propia deuda en u obligaciones del estado. Tambi\u00e9n se produjeron bancarrotas, ese mismo a\u00f1o, en los Pa\u00edses Bajos, en Mil\u00e1n y en N\u00e1poles, as\u00ed como en Francia. Las mayores v\u00edctimas fueron los peque\u00f1os ahorradores que hab\u00edan prestado sus fondos a trav\u00e9s de los banqueros. En toda Europa se extendi\u00f3 la inestabilidad financiera y se produc\u00edan devaluaciones monetarias que provocaban la inflaci\u00f3n.<\/p>\n<p><img decoding=\"async\" src=\"http:\/\/webs.uvigo.es\/cfacal\/curso2005\/tijeras.jpg\" alt=\"\" \/><br \/>\nLas necesidades crecientes permitieron al cr\u00e9dito prosperar pese a las dificultades y para hacer frente a la incertidumbre financiera se reclam\u00f3 la creaci\u00f3n de bancos p\u00fablicos, en detrimento de los privados, que surgieron principalmente en Italia como los casos de G\u00e9nova (1586), Venecia (1587), Mil\u00e1n (1597) y Roma (1605). El cr\u00e9dito se extendi\u00f3 con el uso, cada vez mas habitual, de la letra de cambio que se convirti\u00f3 en el recurso indispensable para inversiones y transacciones comerciales. El cr\u00e9dito se desarroll\u00f3 tanto en el sector p\u00fablico como en el privado, los estados ten\u00edan una incesante necesidad de dinero y sus gobiernos no pod\u00edan sostener el ritmo de los gastos que ten\u00edan que efectuar, quien prestaba al estado ten\u00eda, adem\u00e1s de los intereses, las garant\u00edas de los r\u00e9ditos o mejoras cedidas a cambio de los acreedores; en caso de bancarrota los r\u00e9ditos no eran anulados. Esto anim\u00f3 a la formaci\u00f3n de un grupo de personas que viv\u00edan de los r\u00e9ditos y que adem\u00e1s estaban vinculados a las instituciones, as\u00ed, las francesas prestaban a la corona, en Espa\u00f1a existieron los , emitidos por el estado, y los censos de las municipalidades y de los particulares y que con el paso del tiempo los se convirtieron en uno de los pilares de la continuidad econ\u00f3mica y social.<br \/>\nEn el siglo XVI los propietarios territoriales procedieron al aumento de los c\u00e1nones de arriendo, ante las perspectivas ofrecidas por el mercado, y se dedicaron a la administraci\u00f3n directa de sus propios dominios. Un nuevo patriciado rural prosper\u00f3 en muchas regiones de Italia, Inglaterra y pa\u00edses de la Europa centrooriental. En el campo romano, la nobleza us\u00f3 los terrenos de labranza como pastizales ante la creciente demanda de carne de la ciudad.<br \/>\nEn la primera mitad del siglo se extendi\u00f3 la superficie de los pastizales y en la segunda se comenz\u00f3 a cultivar de nuevo trigo y cereales. Para reaccionar frente al alza de los cereales, Espa\u00f1a , por ejemplo, fij\u00f3 los precios m\u00e1ximos de la producci\u00f3n lo que benefici\u00f3 en mayor medida al vendedor. En Alemania, Castilla la Vieja y Polonia los arrendamientos agrarios eran de largo plazo y aumentaron considerablemente a lo largo del siglo.<br \/>\nEn definitiva, el aumento de la poblaci\u00f3n hizo del cultivo de la tierra una inversi\u00f3n segura y un buen negocio tanto para los nobles como para los burgueses.<br \/>\nOtra de las caracter\u00edsticas importantes de este per\u00edodo fue el incremento de las actividades comerciales e industriales. La econom\u00eda europea era pionera por su dinamismo y organizaci\u00f3n, centro de producci\u00f3n e intercambio.<br \/>\nEl siglo XVI represent\u00f3 una gran fase de renovada expansi\u00f3n gracias principalmente a las comunicaciones mar\u00edtimas. Los centros mar\u00edtimos atl\u00e1nticos no superaban a los mediterr\u00e1neos y b\u00e1lticos, lo que s\u00ed ocurri\u00f3 en el siglo siguiente. Las ciudades que impusieron su supremac\u00eda fueron Sevilla, Lisboa, Londres y Amberes. Las dos primeras constitu\u00edan los centros de gravedad de dos vastos y ricos imperios coloniales. Londres, a pesar de prosperar cada vez mas, permaneci\u00f3 a\u00fan alejada de su m\u00e1ximo desarrollo. Bristol, Ru\u00e1n, Bremen o Hamburgo, sin ser escalas secundarias, no eran de primera magnitud.<br \/>\nAmberes reuni\u00f3 las ventajas del tr\u00e1fico intercontinental, las rutas europeas y los enlaces con el interior. El origen de su fortuna radicaba en su puerto debido a los intereses mercantiles de portugueses y alemanes, sus relaciones con Inglaterra, el B\u00e1ltico y el Mediterr\u00e1neo. Se convirti\u00f3 en un motor econ\u00f3mico mundial y un centro de m\u00faltiples industrias: textil, metal\u00fargica, naval, editorial. Se fabricaban gran cantidad de materiales y florec\u00edan las operaciones de cr\u00e9dito. Los portugueses encontraron en ella los capitales alemanes y la plata de sus minas, necesarias para sus colonias en las Indias. A mediados de siglo, la extra\u00edda en las colonias americanas de Espa\u00f1a les era m\u00e1s rentable y eso provoc\u00f3 que se retirara de Amberes, en 1549, su monopolio de las especias. En 1565, sufri\u00f3 las consecuencias del agudo conflicto comercial entre Inglaterra y los Pa\u00edses Bajos y, en 1576, surgi\u00f3 el saqueo espa\u00f1ol. Londres y \u00c1msterdam comenzaron a sustituir a Amberes en el plano europeo e intercontinental. Mercaderes, empresarios y artesanos la abandonaron para transferir sus energ\u00edas a Leiden, R\u00f3tterdam, Haarlem y sobre todo a \u00c1msterdam.<br \/>\nTambi\u00e9n los puertos b\u00e1lticos y mediterr\u00e1neos conocieron un importante desarrollo en el siglo XVI, as\u00ed Alejandr\u00eda aument\u00f3 su volumen de intercambio al igual que Constantinopla o Venecia. Un buen ejemplo de florecimiento mercantil en el Mediterr\u00e1neo lo ofreci\u00f3 la flota de la ciudad de Ragusa que bas\u00f3 su fortuna en la creciente demanda de transportes mar\u00edtimos mediterr\u00e1neos.<br \/>\nAunque no existieron innovaciones importantes respecto a los transportes, la expansi\u00f3n comercial result\u00f3 enormemente considerable y esencial para la formaci\u00f3n de capitales. No faltaron, sin embargo, las tendencias monopolistas ni las concentraciones de numerosos agentes econ\u00f3micos en torno a un determinado eje comercial. En este tipo de operaciones se distinguieron los ingleses que hab\u00edan obtenido de la corona el monopolio del comercio a gran distancia, tanto en Europa como fuera de ella, as\u00ed la Moscovy Company goz\u00f3 del derecho al tr\u00e1fico hasta puntos como Jaroslav, Kaz\u00e1n y Astrac\u00e1n (d\u00f3nde instal\u00f3 sus almacenes) y desde all\u00ed en direcci\u00f3n a Bujara y Persia. M\u00e1s tarde el zar concedi\u00f3 iguales privilegios a los holandeses, pero mantuvieron el dominio en aquella ruta comercial. En 1579 la Eastland Company con sede en Danzing y Elbing, en 1581 la Levant Company.<br \/>\nLos franceses realizaron su penetraci\u00f3n comercial en el norte de \u00c1frica en la segunda mitad del siglo XVI, ten\u00eda c\u00f3nsules en T\u00fanez y Fez desde 1577, en Argel desde 1579 y se les concedi\u00f3 en 1604 un derecho de protecci\u00f3n sobre los eclesi\u00e1sticos latinos de Tierra Santa. Francia era la potencia cristiana preponderante en el \u00e1rea otomana.<\/p>\n","protected":false},"excerpt":{"rendered":"<p>\u00a0 Un conjunto de coyunturas afectaron a la econom\u00eda del siglo XVI, la m\u00e1s constante fue el aumento de los precios que afect\u00f3 primeramente a los estados atl\u00e1nticos y que se extendi\u00f3 por todo el continente. El aumento era ya perceptible a finales del siglo XV, aunque el proceso no se hizo inflacionista hasta mediado [&hellip;]<\/p>\n","protected":false},"author":1091,"featured_media":0,"parent":0,"menu_order":0,"comment_status":"open","ping_status":"open","template":"","meta":{"footnotes":""},"class_list":["post-67","page","type-page","status-publish","hentry"],"_links":{"self":[{"href":"https:\/\/blogs.ua.es\/raqueltomas\/wp-json\/wp\/v2\/pages\/67","targetHints":{"allow":["GET"]}}],"collection":[{"href":"https:\/\/blogs.ua.es\/raqueltomas\/wp-json\/wp\/v2\/pages"}],"about":[{"href":"https:\/\/blogs.ua.es\/raqueltomas\/wp-json\/wp\/v2\/types\/page"}],"author":[{"embeddable":true,"href":"https:\/\/blogs.ua.es\/raqueltomas\/wp-json\/wp\/v2\/users\/1091"}],"replies":[{"embeddable":true,"href":"https:\/\/blogs.ua.es\/raqueltomas\/wp-json\/wp\/v2\/comments?post=67"}],"version-history":[{"count":1,"href":"https:\/\/blogs.ua.es\/raqueltomas\/wp-json\/wp\/v2\/pages\/67\/revisions"}],"predecessor-version":[{"id":69,"href":"https:\/\/blogs.ua.es\/raqueltomas\/wp-json\/wp\/v2\/pages\/67\/revisions\/69"}],"wp:attachment":[{"href":"https:\/\/blogs.ua.es\/raqueltomas\/wp-json\/wp\/v2\/media?parent=67"}],"curies":[{"name":"wp","href":"https:\/\/api.w.org\/{rel}","templated":true}]}}