{"id":75,"date":"2009-07-13T16:47:11","date_gmt":"2009-07-13T15:47:11","guid":{"rendered":"https:\/\/blogs.ua.es\/raqueltomas\/?page_id=75"},"modified":"2009-07-14T13:25:05","modified_gmt":"2009-07-14T12:25:05","slug":"la-industria-2","status":"publish","type":"page","link":"https:\/\/blogs.ua.es\/raqueltomas\/la-industria-2\/","title":{"rendered":"LA INDUSTRIA"},"content":{"rendered":"<p><strong>LA INDUSTRIA<\/strong><\/p>\n<p>La actividad industrial atraves\u00f3 a comienzos del per\u00edodo moderno por una fase de desarrollo, paralelo al crecimiento de los sectores agr\u00edcola y mercantil. La evoluci\u00f3n de la industria se benefici\u00f3 de un conjunto de est\u00edmulos derivados, en gran parte, de las condiciones generales de la coyuntura. Pero, a su vez, se vio lastrada por dificultades de orden estructural y por inercias del pasado.<br \/>\nEntre estas dificultades una de las principales consist\u00eda en la elasticidad de la demanda de productos manufacturados. Por t\u00e9rmino medio, la poblaci\u00f3n contaba con escasos recursos y pod\u00eda destinar s\u00f3lo una peque\u00f1a parte de sus ingresos a gastos no estrictamente alimentarios. En los per\u00edodos de dificultades, que eran frecuentes, \u00e9stos consum\u00edan la totalidad del presupuesto familiar de muy amplias capas de la sociedad, que se ve\u00edan as\u00ed imposibilitadas para adquirir productos industriales. La pobreza de la poblaci\u00f3n rural, por lo dem\u00e1s, obligaba a muchos campesinos a procurarse mediante su propio trabajo manual el vestido, el menaje dom\u00e9stico y otros bienes necesarios para la vida, toscamente elaborados en el \u00e1mbito familiar. Se restaban as\u00ed a\u00fan m\u00e1s posibilidades a la expansi\u00f3n de las actividades industriales.<br \/>\nCon estas premisas, no resulta extra\u00f1o que la industria se desenvolviera b\u00e1sicamente en el \u00e1mbito urbano, ligada muchas veces a la demanda de productos lujosos generada por las clases altas de la sociedad, y que, por el contrario, no hubiera lugar para una aut\u00e9ntica producci\u00f3n de masas. Relacionado con ello estar\u00eda la persistencia en la organizaci\u00f3n de las actividades industriales de una estructura gremial, basada en el trabajo artesanal y en el privilegio corporativo, heredada del per\u00edodo medieval. Ello no obstante, en los primeros tiempos modernos comenzaron a evolucionar formas nuevas de producci\u00f3n industrial que superaban los estrechos marcos de las corporaciones gremiales y que apuntaban ya al nacimiento de una verdadera industria capitalista.<br \/>\nFinalmente, una importante r\u00e9mora para el desarrollo industrial consisti\u00f3 en los end\u00e9micos problemas de distribuci\u00f3n que generaba la insuficiencia e inadecuaci\u00f3n de los sistemas de transporte terrestre, que encarec\u00edan los productos en los mercados finales e imped\u00edan en gran medida la articulaci\u00f3n de redes de distribuci\u00f3n que superasen los estrictos marcos locales.<br \/>\nPero, junto a este conjunto de dificultades, en la definici\u00f3n del modelo de evoluci\u00f3n de la industria del siglo XVI operaron una serie de importantes est\u00edmulos. En primer lugar, es necesario tener en cuenta las condiciones generales de la coyuntura. A pesar de las circunstancias anteriormente descritas, la demanda creci\u00f3 en este siglo a impulsos del crecimiento poblacional y de la evoluci\u00f3n positiva de la econom\u00eda. El incremento de las tasas de urbanizaci\u00f3n, que constituye otra de las caracter\u00edsticas definitorias del per\u00edodo, potenci\u00f3 tambi\u00e9n las posibilidades de desarrollo del sector manufacturero, as\u00ed como la expansi\u00f3n comercial y el amplio desarrollo de las t\u00e9cnicas mercantiles y financieras. Otro importante factor, que aparece como novedad absoluta, fue la subordinaci\u00f3n pol\u00edtica y econ\u00f3mica de grandes espacios extraeuropeos, que represent\u00f3 la creaci\u00f3n de nuevos mercados para los productos industriales del Continente. En este sentido, el Nuevo Mundo americano proporcion\u00f3 salida a una parte de la producci\u00f3n (especialmente textil) no s\u00f3lo espa\u00f1ola, sino tambi\u00e9n de otros pa\u00edses occidentales que lograron infiltrarse en el monopolio comercial castellano de las Indias.<br \/>\nLas consecuencias econ\u00f3micas de la colonizaci\u00f3n de Am\u00e9rica no se limitaron, sin embargo, a la dotaci\u00f3n de nuevos mercados para las manufacturas europeas. Las remesas de metales preciosos que como contravalor de \u00e9stas y en forma de beneficios fiscales para la Corona castellana llegaron del Nuevo Mundo potenciaron la circulaci\u00f3n monetaria y el dinamismo del mercado, creando nuevas condiciones para el desarrollo de la industria. Ya desde antes de la llegada de los espa\u00f1oles a Am\u00e9rica, el desarrollo de la econom\u00eda monetaria hab\u00eda potenciado tambi\u00e9n la miner\u00eda de la plata en diversos lugares de Europa. La intensificaci\u00f3n y diversificaci\u00f3n de los circuitos de circulaci\u00f3n monetaria generaron tambi\u00e9n una tendencia inflacionista que oper\u00f3 como est\u00edmulo para las inversiones en actividades productivas en aquellos pa\u00edses donde dicha tendencia se mantuvo en l\u00edmites moderados.<br \/>\nPor lo dem\u00e1s, es necesario tambi\u00e9n tener presente el papel jugado por el Estado. \u00c9ste, en primer lugar, actu\u00f3 como consumidor. La demanda estatal estimul\u00f3 ciertos sectores industriales, especialmente aquellos relacionados con la industria de guerra, como la fabricaci\u00f3n de armas o la construcci\u00f3n naval. Por otra parte, el proteccionismo estatal que formaba parte de los dictados de la pol\u00edtica econ\u00f3mica actu\u00f3 a veces como sost\u00e9n directo o indirecto de la industria. Finalmente, el marco de relativa estabilidad y uniformidad territorial introducido por el Estado frente a la antigua anarqu\u00eda feudal represent\u00f3 una condici\u00f3n pol\u00edtica para el desarrollo econ\u00f3mico en general, en el que se incluye el desarrollo industrial. No hay que olvidar tampoco, el papel de la Monarqu\u00eda y de otras instituciones y grupos sociales privilegiados, como la Iglesia y la nobleza como promotores de la erecci\u00f3n de grandes edificios, que determin\u00f3 el impulso de un sector importante como el de la construcci\u00f3n y sus derivados.<strong><\/strong><\/p>\n<p><strong>\u00a0<\/strong><\/p>\n<p><strong>INDUSTRIA TEXTIL:<\/strong><\/p>\n<p>Con el aumento de la poblaci\u00f3n y de los mercados por el descubrimiento de Am\u00e9rica, los bienes de consumo espa\u00f1oles no ten\u00edan problema de localizarse en distintos mercados con independencia de la calidad y del precio. La demanda era tan grande que cualquier cosa ten\u00eda mercado as\u00ed en muchos pueblos empez\u00f3 a crecer la fabricaci\u00f3n de tejidos alrededor de Toledo, Segovia, Cuenca y en La Mancha hab\u00edan miles de telares que daban trabajo.<\/p>\n<figure id=\"attachment_78\" aria-describedby=\"caption-attachment-78\" style=\"width: 320px\" class=\"wp-caption aligncenter\"><a href=\"https:\/\/blogs.ua.es\/raqueltomas\/files\/2009\/07\/telar_textil.jpg\"><img loading=\"lazy\" decoding=\"async\" class=\"size-full wp-image-78\" src=\"https:\/\/blogs.ua.es\/raqueltomas\/files\/2009\/07\/telar_textil.jpg\" alt=\"Telar\" width=\"320\" height=\"240\" srcset=\"https:\/\/blogs.ua.es\/raqueltomas\/files\/2009\/07\/telar_textil.jpg 320w, https:\/\/blogs.ua.es\/raqueltomas\/files\/2009\/07\/telar_textil-300x225.jpg 300w\" sizes=\"auto, (max-width: 320px) 100vw, 320px\" \/><\/a><figcaption id=\"caption-attachment-78\" class=\"wp-caption-text\">Telar<\/figcaption><\/figure>\n<p>\u00a0<\/p>\n<p>La producci\u00f3n era tanto rural como urbana y la rural estaba destinada al autoconsumo, el aumento de esta industria textil se da en cuanto Isabel muere y Fernando empieza a dictar leyes para proteger a la industria, en unos cuantos a\u00f1os la cantidad de producci\u00f3n y de telares aumenta de forma exagerada pero Espa\u00f1a no supo aprovechar ese potencial que ten\u00eda ya que ten\u00edamos el monopolio con las indias y hacer que nuestra industria fuera m\u00e1s competitiva.<\/p>\n<p>Los l\u00edmites de esta industria textil se encontraban en la inquisici\u00f3n que expulsa a los moros y que elimina capital humano cualificado del pa\u00eds, otro es la fuerte reglamentaci\u00f3n que sufre tanto el proceso de producci\u00f3n como el de comercializaci\u00f3n, otro es la existencia de los gremios que limitaban la producci\u00f3n e imped\u00eda la mejora, no fomentaban las mejoras del capital humano e imped\u00edan la competencia.<\/p>\n<p>Hab\u00eda varias \u00e1reas que condensaban el mayor n\u00famero de talleres y artesanos. El norte de Italia, en primer lugar, constitu\u00eda una zona de amplia implantaci\u00f3n tanto de la producci\u00f3n de pa\u00f1os de lana como de la de tejidos de seda. Las oligarqu\u00edas nobiliarias urbanas de ciudades como Florencia o Mil\u00e1n fundamentaron su poder econ\u00f3mico en la producci\u00f3n y comercializaci\u00f3n de textiles. A estos centros se a\u00f1adieron otros, como B\u00e9rgamo, Brescia, Pav\u00eda o Como. En conjunto, el peso de la fabricaci\u00f3n de pa\u00f1os y telas en la composici\u00f3n de la poblaci\u00f3n activa industrial norteitaliana fue abrumador. En Florencia, por ejemplo, el Arte de la lana &#8220;ocupa&#8221; una treintena de miles de personas de la ciudad y las afueras. Compra la lana bruta que viene de Puglia, Castilla, Borgo\u00f1a o Champagne, y la hace lavar, cardar, y peinar en los lavaderos y talleres del Arte con utensilios fabricados en Lombardia. Los M\u00e9dicis, por ejemplo, cuya expansi\u00f3n se ha observado en la segunda mitad del silo XV, tienen sus propios talleres, donde sus obreros trabajan sometidos a una severa disciplina, vigilados por los encargados y seg\u00fan horarios regulados por el sonido de la campana&#8221; (B. Bennassar). La ciudad del Arno dispon\u00eda a principios del siglo XVI de capacidad suficiente para producir m\u00e1s de 2.000 piezas de pa\u00f1o anuales, el equivalente a unos 80.000 metros de tejido.<br \/>\nEn el sur de Italia, N\u00e1poles constitu\u00eda tambi\u00e9n un centro importante de producci\u00f3n e hilado de seda, junto a Catanzaro. Sin embargo, la fabricaci\u00f3n de tejidos se efectuaba en las ciudades del Norte (Florencia, Venecia, G\u00e9nova, Mil\u00e1n), a cuyos talleres la seda napolitana o calabresa era remitida para su confecci\u00f3n definitiva. La industria textil italiana atraves\u00f3 por momentos de dificultades a ra\u00edz de las guerras de Italia, aunque m\u00e1s tarde se recobr\u00f3 en parte.<\/p>\n<p>\u00a0<br \/>\nOtro gran centro de producci\u00f3n pa\u00f1era fue Flandes. Aqu\u00ed, la materia prima utilizada era, principalmente, la lana de oveja merina procedente de Castilla, excelente para la fabricaci\u00f3n de telas ligeras. La uni\u00f3n de ambos pa\u00edses bajo la Monarqu\u00eda de Carlos V favoreci\u00f3 a\u00fan m\u00e1s las posibilidades de un comercio regular de exportaci\u00f3n e importaci\u00f3n de lana. Junto a la pa\u00f1er\u00eda, en Flandes floreci\u00f3 tambi\u00e9n una industrial textil art\u00edstica de primera calidad como la tapicer\u00eda. Los bellos tapices flamencos con representaciones de escenas b\u00edblicas, mitol\u00f3gicas o hist\u00f3ricas adornaron ricamente las paredes de los grandes palacios de la \u00e9poca.<\/p>\n<p>\u00a0<br \/>\nEn tercer lugar, Inglaterra fue tambi\u00e9n un foco de potente desarrollo textil, fundado en la industria pa\u00f1era. Durante el siglo XVI esta industria, ya floreciente en el siglo XV en el este del pa\u00eds (Norfolk, Essex, Kent), se extendi\u00f3 hacia el oeste (Gloucester, Somerset). La demanda de materia prima para la pa\u00f1er\u00eda inglesa potenci\u00f3 la cr\u00eda de la oveja hasta el punto de provocar ser\u00edas transformaciones en las estructuras de la producci\u00f3n agropecuaria. De forma un tanto m\u00e1s tard\u00eda se emple\u00f3 tambi\u00e9n lana espa\u00f1ola. La industria textil inglesa se benefici\u00f3 de la emigraci\u00f3n de multitud de tejedores flamencos protestantes refugiados tras la revuelta de los Pa\u00edses Bajos.<\/p>\n<p>\u00a0Inglaterra recibi\u00f3 una mano de obra cualificada que result\u00f3 de gran utilidad para el desarrollo de su pa\u00f1er\u00eda. La situaci\u00f3n de Inglaterra en el mercado internacional de textiles mejor\u00f3 tambi\u00e9n como consecuencia de los problemas derivados de la guerra en los Pa\u00edses Bajos y de la decadencia de la industria italiana.<\/p>\n<p>En Espa\u00f1a se localiza otro foco secundario de producci\u00f3n textil. Las ciudades castellanas como Segovia, Cuenca, Palencia y \u00c1vila desarrollaron una industria de pa\u00f1os de lana, aunque \u00e9sta atraves\u00f3 por grandes dificultades derivadas de la orientaci\u00f3n exportadora de la producci\u00f3n de materia prima lanera y de su falta de competitividad frente a las confecciones extranjeras.<\/p>\n<p>La industria de la seda, de tradici\u00f3n morisca, se desarroll\u00f3 en Granada (principal zona productora de materia prima), Toledo, Valencia y Sevilla.<\/p>\n<p>El monopolio local de las corporaciones de artesanos representaba un control estrecho de la industria urbana, al servicio de una producci\u00f3n de calidad que exclu\u00eda la presencia de una verdadera empresa capitalista. Sin embargo, se ha podido comprobar que en el norte de Italia la producci\u00f3n textil se organiz\u00f3 en ocasiones de forma distinta, en grandes talleres que concentraban a un buen n\u00famero de obreros bajo el control de poderosos empresarios.<\/p>\n<p>A finales del XVI la industria textil empieza a dar se\u00f1ales de depresi\u00f3n, no hay mano de obra cualificada no existe capital para invertir y los precios espa\u00f1oles son m\u00e1s elevados que los europeos y por lo tanto nuestras exportaciones no son competitivas y los productos extranjeros llegan a Espa\u00f1a y limitan nuestro mercado exterior.<\/p>\n<p>En esta \u00e9poca se da una pol\u00edtica econ\u00f3mica poco adecuada para el desarrollo y que en muchas ocasiones las leyes eran contradictorias, hab\u00eda veces que se estimulaba la exportaci\u00f3n y hab\u00eda otras veces que se estimulaba la importaci\u00f3n cuando se estimulaba la exportaci\u00f3n hac\u00eda que la industria nacional suba pero cuando era la importaci\u00f3n esta industria nacional disminu\u00eda debido a los precios m\u00e1s bajos de los productos extranjeros. Dentro de estas pol\u00edticas se da la existencia de excesivos impuestos que gravan la producci\u00f3n.<\/p>\n<p>Otro fue la promulgaci\u00f3n de leyes contra el lujo, se proh\u00edbe en Espa\u00f1a fabricar productos de lujo pero el consumo era com\u00fan y era una forma de distinguirse socialmente y ten\u00edan que ser importados.<\/p>\n<p>Otro de los factores fue la propia mentalidad de los espa\u00f1oles que no se comportan como unos aut\u00e9nticos burgueses, no tienen esp\u00edritu empresarial, la mayor\u00eda de los burgueses cuando consegu\u00edan un poco dinero lo que hac\u00edan era comprarse un t\u00edtulo nobiliario porque los nobles no trabajaban.<\/p>\n<p>Solo a finales del XVII la corona se da cuenta de la situaci\u00f3n tan catastr\u00f3fica en la que est\u00e1 la industria y se empiezan a tomar medidas para mejorarla y estas son:<\/p>\n<ul>\n<li>Se declara compatible la nobleza con la posesi\u00f3n de f\u00e1bricas<\/li>\n<li>Se fomenta la entrada de obreros cualificados se vigila la importaci\u00f3n de pa\u00f1os se fomenta la producci\u00f3n de pa\u00f1os, se crea la junta de comercio y f\u00e1bricas cuyo objetivo era introducir innovaciones t\u00e9cnicas para evitar los productos extranjeros, lo consigue promoviendo la iniciativa privada<\/li>\n<li>Recurre a t\u00e9cnicos y t\u00e9cnicas extranjeros para copiar formas<\/li>\n<li>Intentan aumentar la concentraci\u00f3n manufacturera<\/li>\n<li>Le dan privilegios y exenciones fiscales<\/li>\n<\/ul>\n<p>\u00a0<\/p>\n<p><strong>INDUSTRIA SIDERGURGICA: <\/strong><\/p>\n<p>Actividades que alcanzaron un gran desarrollo fueron la miner\u00eda, la siderurgia o la construcci\u00f3n naval, que exig\u00edan concentraciones de capital y mano de obra. Fueron \u00e9stos, pr\u00e1cticamente, los \u00fanicos sectores en los que avanz\u00f3 la industria concentrada de tipo capitalista. A mediados del siglo XVI, por ejemplo, los astilleros de Venecia concentraban m\u00e1s de 2.300 trabajadores. Por las mismas fechas, en las minas de alumbre (utilizado corno apresto en la industria textil) de la Tolfa, en las cercan\u00edas de Roma, trabajaban m\u00e1s de 700 obreros. Se trata de sectores que se desarrollaron al comp\u00e1s de las exigencias del gran comercio internacional o de la demanda estatal condicionada por la guerra.<\/p>\n<p>\u00a0<br \/>\nEspecial atenci\u00f3n merece el despertar del sector minero. La miner\u00eda de la plata en Centroeuropa (Alemania, Bohemia, Tirol) ocupa un cierto lugar en este fen\u00f3meno, aunque no logr\u00f3 satisfacer la creciente demanda de la econom\u00eda monetaria. La fortuna de los Fugger, poderosa familia de banqueros alemanes del XVI, se vio potenciada mediante la explotaci\u00f3n de minas de plata. La miner\u00eda del hierro obtuvo tambi\u00e9n un gran desarrollo. La producci\u00f3n europea de este metal se estima en 100.000 toneladas en 1525. La fabricaci\u00f3n de ca\u00f1ones de bronce estimul\u00f3 la extracci\u00f3n de cobre en Tirol, Turingia y Hungr\u00eda. Tambi\u00e9n prolifer\u00f3 la miner\u00eda del carb\u00f3n, aunque con t\u00e9cnicas menos avanzadas y menores concentraciones de mano de obra. La miner\u00eda contempl\u00f3 la aplicaci\u00f3n de novedosos avances t\u00e9cnicos que contribuyeron a su perfeccionamiento, tales como los hornos de tiro forzado para la producci\u00f3n de hierro (A. Tenenti).<\/p>\n<p>\u00a0<br \/>\nEn Espa\u00f1a, este tipo de actividades concentradas cobraron especialmente impulso en el Pa\u00eds Vasco, lugar de florecimiento de la construcci\u00f3n naval y la fabricaci\u00f3n de armas. Tambi\u00e9n en las atarazanas de Barcelona o Sevilla se llevaba a cabo la construcci\u00f3n de barcos.<\/p>\n<p>Se desarrolla la industria de la construcci\u00f3n naval, debido al descubrimiento de Am\u00e9rica, la monarqu\u00eda apoya esta construcci\u00f3n proh\u00edbe el transporte de mercanc\u00edas nacionales por buques no espa\u00f1oles pero a\u00fan as\u00ed le pasa igual que la textil, no se aplicar\u00e1n nuevas t\u00e9cnicas como en Europa y por lo tanto esta industria depende del exterior.<\/p>\n<p>El aumento de la construcci\u00f3n naval en el XVI se debe al elevado proteccionismo, esa falta de inversi\u00f3n junto con los elevados precios que se dan en Espa\u00f1a y junto con algunos tratados de paz durante el XVII hacen que la industria haya deca\u00eddo. Esta decadencia no es igual en todas las zonas de Espa\u00f1a y en general la decadencia de la industria tampoco es igual en todas partes, el medio rural es menor y mientras que las ciudades cae libremente en el mundo rural empieza a utilizar lo que antes se produc\u00eda en las ciudades, el mercado capta la idea y lleva la materia prima al campo donde se transforma en productos elaborados y as\u00ed se disminuye precio y calidad.<\/p>\n<p>La miner\u00eda se desarroll\u00f3 a lo largo del siglo en lugares como Almad\u00e9n, que proporcionaba mercurio para la amalgama de la plata en Am\u00e9rica, y Mazarr\u00f3n, punto productor de alumbre para la industria pa\u00f1era.<\/p>\n","protected":false},"excerpt":{"rendered":"<p>LA INDUSTRIA La actividad industrial atraves\u00f3 a comienzos del per\u00edodo moderno por una fase de desarrollo, paralelo al crecimiento de los sectores agr\u00edcola y mercantil. La evoluci\u00f3n de la industria se benefici\u00f3 de un conjunto de est\u00edmulos derivados, en gran parte, de las condiciones generales de la coyuntura. Pero, a su vez, se vio lastrada [&hellip;]<\/p>\n","protected":false},"author":1091,"featured_media":0,"parent":0,"menu_order":0,"comment_status":"open","ping_status":"open","template":"","meta":{"footnotes":""},"class_list":["post-75","page","type-page","status-publish","hentry"],"_links":{"self":[{"href":"https:\/\/blogs.ua.es\/raqueltomas\/wp-json\/wp\/v2\/pages\/75","targetHints":{"allow":["GET"]}}],"collection":[{"href":"https:\/\/blogs.ua.es\/raqueltomas\/wp-json\/wp\/v2\/pages"}],"about":[{"href":"https:\/\/blogs.ua.es\/raqueltomas\/wp-json\/wp\/v2\/types\/page"}],"author":[{"embeddable":true,"href":"https:\/\/blogs.ua.es\/raqueltomas\/wp-json\/wp\/v2\/users\/1091"}],"replies":[{"embeddable":true,"href":"https:\/\/blogs.ua.es\/raqueltomas\/wp-json\/wp\/v2\/comments?post=75"}],"version-history":[{"count":2,"href":"https:\/\/blogs.ua.es\/raqueltomas\/wp-json\/wp\/v2\/pages\/75\/revisions"}],"predecessor-version":[{"id":106,"href":"https:\/\/blogs.ua.es\/raqueltomas\/wp-json\/wp\/v2\/pages\/75\/revisions\/106"}],"wp:attachment":[{"href":"https:\/\/blogs.ua.es\/raqueltomas\/wp-json\/wp\/v2\/media?parent=75"}],"curies":[{"name":"wp","href":"https:\/\/api.w.org\/{rel}","templated":true}]}}