{"id":86,"date":"2009-07-13T18:36:28","date_gmt":"2009-07-13T17:36:28","guid":{"rendered":"https:\/\/blogs.ua.es\/raqueltomas\/?page_id=86"},"modified":"2009-07-14T14:32:02","modified_gmt":"2009-07-14T13:32:02","slug":"finanzas","status":"publish","type":"page","link":"https:\/\/blogs.ua.es\/raqueltomas\/finanzas\/","title":{"rendered":"FINANZAS"},"content":{"rendered":"<p>\u00a0<\/p>\n<p>\u00a0La necesidad de poner a disposici\u00f3n de los reyes cantidades de dinero en lugares y fecha determinados propici\u00f3 la aparici\u00f3n de los asentistas, que contrataban con el monarca el asiento de una cantidad de dinero en un lugar fijado. A cambio, el rey les ofrec\u00eda el cobro de determinadas recaudaciones de impuestos en una ciudad concreta.<\/p>\n<figure id=\"attachment_125\" aria-describedby=\"caption-attachment-125\" style=\"width: 236px\" class=\"wp-caption aligncenter\"><a href=\"https:\/\/blogs.ua.es\/raqueltomas\/files\/2009\/07\/Economia.jpg\"><img loading=\"lazy\" decoding=\"async\" class=\"size-full wp-image-125\" src=\"https:\/\/blogs.ua.es\/raqueltomas\/files\/2009\/07\/Economia.jpg\" alt=\"ECONOMIA\" width=\"236\" height=\"250\" \/><\/a><figcaption id=\"caption-attachment-125\" class=\"wp-caption-text\">ECONOMIA<\/figcaption><\/figure>\n<p>Por esa v\u00eda, los banqueros, especialmente los alemanes durante el reinado de Carlos I y los genoveses en el de su hijo, fueron haci\u00e9ndose con cantidades crecientes del importe de los impuestos de la monarqu\u00eda. Los desajustes de fecha entre el desembolso del dinero anticipado por los arrendadores de rentas y la recaudaci\u00f3n de los impuestos, con el consiguiente aumento de intereses, fueron frecuentes. Ello, junto con la disminuci\u00f3n del oro americano, ocasion\u00f3 sucesivas bancarrotas de la Hacienda p\u00fablica durante el reinado de Felipe II. Para hacerles frente, este recurri\u00f3 a la venta de tierras de realengo, tierras bald\u00edas de los concejos y de cargos de gobierno en los municipios.<\/p>\n<p>El acta fundacional en Castilla del sistema de bancos se encuentra en la pragm\u00e1tica de Juan II de 1436, librecambista hasta su destrucci\u00f3n a fines del siglo XVI. En dicha pragm\u00e1tica se establec\u00edan tres modalidades de negocio bancario:<\/p>\n<ul>\n<li>1. Bancos privados.<\/li>\n<li>2. Bancos p\u00fablicos.<\/li>\n<li>3. Bancos de Corte.<\/li>\n<\/ul>\n<p>\u00a0<\/p>\n<p>En Aragon, el sistema dominante es la banca p\u00fablica, predominantemente municipal. Desde principios del siglo XVI asistimos a una oleada de creaciones de tales instituciones, generalmente bajo la forma de Taules de Canvi o bancos municipales: <strong>Valencia<\/strong> 1519<strong>, Barcelona<\/strong> lo pose\u00eda desde el siglo XV, <strong>Mallorca<\/strong> 1507, <strong>Gerona, Vic<\/strong>, <strong>Lleida o Zaragoza<\/strong>.<\/p>\n<p>\u00a0<\/p>\n<p>En el \u00a0siglo XVI los mercados de valores comenzaron a evolucionar hasta su forma actual.<\/p>\n<p>\u00a0<strong>La bolsa de Amsterdam, fundada en 1611, es la m\u00e1s antigua, e Inglaterra implant\u00f3 en 1697 un sistema para reglamentar la actividad de los comerciantes de acciones<\/strong>. Hasta principios del siglo XIX la mayor\u00eda de las bolsas de valores consist\u00edan en reuniones informales de comerciantes, en los barrios mercantiles de las ciudades. El auge industrial y la explosi\u00f3n en el n\u00famero de acciones y t\u00edtulos en oferta, crearon la necesidad de establecimientos permanentes.<\/p>\n<p>El papel de la riqueza como medio de poder no dejaba de ser una evidencia para los gobernantes europeos a comienzos de la Edad Moderna. El dinero permit\u00eda levantar y mantener ej\u00e9rcitos, financiar guerras, sostener complejas burocracias y, en definitiva, costear ambiciosos programas de gobierno. No es de extra\u00f1ar, por ello, el inter\u00e9s mostrado por el poder pol\u00edtico en intervenir en los asuntos econ\u00f3micos, particularmente los comerciales.<\/p>\n<p>\u00a0<\/p>\n<p>La praxis econ\u00f3mica derivada de estos conceptos se la conoce con el nombre de mercantilismo. El mercantilismo no constituye exactamente una escuela sistem\u00e1tica de pensamiento econ\u00f3mico. M\u00e1s bien se trata de un conjunto de ideas y pr\u00e1cticas en el plano de la pol\u00edtica econ\u00f3mica, definidas por caracter\u00edsticas comunes.<\/p>\n<p>La primera de ella es la orientaci\u00f3n nacionalista. El fomento de la econom\u00eda nacional y la defensa de los intereses propios subyace en todo programa de pol\u00edtica mercantilista. Los Estados intentaban promover el crecimiento material de sus s\u00fabditos como condici\u00f3n indispensable de su propio poder. Se trata, por tanto, y en segundo lugar, de una pol\u00edtica econ\u00f3mica proteccionista e intervencionista, pues se entend\u00eda que era la propia acci\u00f3n del poder pol\u00edtico, ejercida mediante leyes y prohibiciones, el m\u00e1s eficaz medio de conseguir los objetivos trazados.<\/p>\n<p>Tal intervencionismo, lejos de estorbar los intereses de la incipiente burgues\u00eda mercantil y financiera, constituy\u00f3 en realidad una pr\u00e1ctica favorable para sus negocios en esta fase inicial de desarrollo del capitalismo, al permitirle disfrutar de condiciones ventajosas derivadas de la protecci\u00f3n estatal.<br \/>\n\u00a0<\/p>\n<p>El comercio se consideraba la forma m\u00e1s eficaz de promover la riqueza de la naci\u00f3n. La pol\u00edtica econ\u00f3mica mercantilista se orient\u00f3, en este sentido, a garantizar una balanza de pagos favorable para la econom\u00eda nacional mediante la promulgaci\u00f3n de medidas legales de car\u00e1cter proteccionista. Las leyes aduaneras desempe\u00f1aban un importante papel como medio de conseguir este objetivo. De lo que se trataba, en definitiva, era de favorecer la exportaci\u00f3n de mercanc\u00edas manufacturadas producidas en el propio pa\u00eds y de impedir la importaci\u00f3n de las producidas en pa\u00edses extranjeros. Exportar m\u00e1s que importar era una regla de oro.<\/p>\n<p>Ello se pretend\u00eda lograr mediante una pol\u00edtica de tasas aduaneras que penalizara las mercanc\u00edas for\u00e1neas hasta el punto de hacer poco rentable su comercializaci\u00f3n y de perder capacidad competitiva respecto a las manufacturas nacionales.<\/p>\n<p>La rivalidad de los pa\u00edses por intereses mercantiles dio lugar a la aparici\u00f3n de un fen\u00f3meno relativamente nuevo: las guerras econ\u00f3micas. Junto a los problemas de car\u00e1cter din\u00e1stico y pol\u00edtico, los enfrentamientos por causas econ\u00f3micas, como los protagonizados por Inglaterra y Holanda ya en el siglo XVII, pasaron a engrosar el panorama de la conflictividad internacional.<\/p>\n<p>Por otro lado, la necesidad de poner a disposici\u00f3n de los reyes cantidades de dinero en lugares y fecha determinados propici\u00f3 la aparici\u00f3n de los asentistas, que contrataban con el monarca el asiento de una cantidad de dinero en un lugar fijado. A cambio, el rey les ofrec\u00eda el cobro de determinadas recaudaciones de impuestos en una ciudad concreta.<\/p>\n<p>Por esa v\u00eda, los banqueros, especialmente los alemanes durante el reinado de Carlos I y los genoveses en el de su hijo, fueron haci\u00e9ndose con cantidades crecientes del importe de los impuestos de la monarqu\u00eda. Los desajustes de fecha entre el desembolso del dinero anticipado por los arrendadores de rentas y la recaudaci\u00f3n de los impuestos, con el consiguiente aumento de intereses, fueron frecuentes. Ello, junto con la disminuci\u00f3n del oro americano, ocasion\u00f3 sucesivas bancarrotas de la Hacienda p\u00fablica durante el reinado de Felipe II. Para hacerles frente, este recurri\u00f3 a la venta de tierras de realengo, tierras bald\u00edas de los concejos y de cargos de gobierno en los municipios.<\/p>\n<p>Por otra parte la economia se reflejara en la vida cotidiana, a la gente de esta sociedad le gustaba vestir bien, lucir joyas y vivir en casas acomodadas, participar en fiestas, banquetes y recreos. Las cortes y los moralistas protestaran en varias ocasiones por esta suntuosidad. El lujo obliga a gastar mas de lo que se gana, lo cual obliga a la gente a tomar prestado y a contraer deudas. El desarrollo extraordinario de los juros y censos es una de tantas manifestaciones de una economia y una sociedad que han entrado en la fase monetaria. El que dispone de dinero (mercaderes, letrados, conventos&#8230;) lo presta con interes, el que lo necesita compra censos, es decir, se endeuda.<\/p>\n<figure id=\"attachment_124\" aria-describedby=\"caption-attachment-124\" style=\"width: 481px\" class=\"wp-caption aligncenter\"><a href=\"https:\/\/blogs.ua.es\/raqueltomas\/files\/2009\/07\/colonial1a.jpg\"><img loading=\"lazy\" decoding=\"async\" class=\"size-full wp-image-124\" src=\"https:\/\/blogs.ua.es\/raqueltomas\/files\/2009\/07\/colonial1a.jpg\" alt=\"SOCIEDAD DE LUJOS\" width=\"481\" height=\"283\" srcset=\"https:\/\/blogs.ua.es\/raqueltomas\/files\/2009\/07\/colonial1a.jpg 481w, https:\/\/blogs.ua.es\/raqueltomas\/files\/2009\/07\/colonial1a-300x176.jpg 300w\" sizes=\"auto, (max-width: 481px) 100vw, 481px\" \/><\/a><figcaption id=\"caption-attachment-124\" class=\"wp-caption-text\">SOCIEDAD DE LUJOS<\/figcaption><\/figure>\n<p>Los censos fueron durante aproximadamente los dos primeros tercios del siglo XVI un instrumento eficaz para financiar la agricultura, la ganaderia, la construccion, la vivienda y otras actividades productivas. Pero paralelamente, se empezo tambien a\u00a0emplear los censos para comprar mercedes, regimientos, para dotar conventos y para gastos suntuarios. De esta forma va acentuandose la tendencia a vivir de rentas.<\/p>\n","protected":false},"excerpt":{"rendered":"<p>\u00a0 \u00a0La necesidad de poner a disposici\u00f3n de los reyes cantidades de dinero en lugares y fecha determinados propici\u00f3 la aparici\u00f3n de los asentistas, que contrataban con el monarca el asiento de una cantidad de dinero en un lugar fijado. A cambio, el rey les ofrec\u00eda el cobro de determinadas recaudaciones de impuestos en una [&hellip;]<\/p>\n","protected":false},"author":1091,"featured_media":0,"parent":0,"menu_order":0,"comment_status":"open","ping_status":"open","template":"","meta":{"footnotes":""},"class_list":["post-86","page","type-page","status-publish","hentry"],"_links":{"self":[{"href":"https:\/\/blogs.ua.es\/raqueltomas\/wp-json\/wp\/v2\/pages\/86","targetHints":{"allow":["GET"]}}],"collection":[{"href":"https:\/\/blogs.ua.es\/raqueltomas\/wp-json\/wp\/v2\/pages"}],"about":[{"href":"https:\/\/blogs.ua.es\/raqueltomas\/wp-json\/wp\/v2\/types\/page"}],"author":[{"embeddable":true,"href":"https:\/\/blogs.ua.es\/raqueltomas\/wp-json\/wp\/v2\/users\/1091"}],"replies":[{"embeddable":true,"href":"https:\/\/blogs.ua.es\/raqueltomas\/wp-json\/wp\/v2\/comments?post=86"}],"version-history":[{"count":4,"href":"https:\/\/blogs.ua.es\/raqueltomas\/wp-json\/wp\/v2\/pages\/86\/revisions"}],"predecessor-version":[{"id":110,"href":"https:\/\/blogs.ua.es\/raqueltomas\/wp-json\/wp\/v2\/pages\/86\/revisions\/110"}],"wp:attachment":[{"href":"https:\/\/blogs.ua.es\/raqueltomas\/wp-json\/wp\/v2\/media?parent=86"}],"curies":[{"name":"wp","href":"https:\/\/api.w.org\/{rel}","templated":true}]}}