{"id":105,"date":"2007-12-28T01:29:45","date_gmt":"2007-12-27T23:29:45","guid":{"rendered":"https:\/\/blogs.ua.es\/rateta\/soho-fitness-club\/"},"modified":"2007-12-28T12:52:13","modified_gmt":"2007-12-28T10:52:13","slug":"soho-fitness-club","status":"publish","type":"page","link":"https:\/\/blogs.ua.es\/rateta\/soho-fitness-club","title":{"rendered":"SOHO FITNESS CLUB"},"content":{"rendered":"<p><font color=\"#000000\">\u00a0 <\/font><font color=\"#000000\">El gimansio SOHO FITNESS CLUB se cavalga entre lo tradicional y lo contempor\u00e1neo. Es decir, intenta fundir en uno s\u00f3lo la est\u00e9tica y calidad de las instalaciones de los macrogimnasios que marcan tendencia en la actualidad, con la cercan\u00eda y atenci\u00f3n personalizada de los cl\u00e1sicos gimansios de barrio. Puesto que a d\u00eda de hoy hay un gran vac\u00edo entre ambos, el SOHO FITNESS CLUB intenta cubrir ese vac\u00edo de necesidades para una\u00a0clientela cada vez m\u00e1s exigente.<\/font><font color=\"#000000\">El gimansio tiene todo lujo de maquinaria de \u00faltima generaci\u00f3n y gran variedad, lo que ayuda a que puedas ralizar multitud de ejercicios sin necesidad de caer en la tan aburrida rutina. Bicicletas, m\u00e1quinas de correr, steps, bancos de abdominales, maquinas para el entrenamiento de la fuerza, zona de pesos lires, etc&#8230;<\/font><font color=\"#000000\"><u><\/u><\/p>\n<p><\/font><u><\/u><u><\/u><u><font color=\"#0000ff\"><img loading=\"lazy\" decoding=\"async\" width=\"2147\" src=\"https:\/\/blogs.ua.es\/rateta\/files\/2007\/12\/100_0009_rj.JPG\" alt=\"100_0009_rj.JPG\" height=\"1611\" \/><\/font><\/u><u><font color=\"#0000ff\"> <\/font><\/u><u><\/u><u><\/u><u><font color=\"#0000ff\"><img loading=\"lazy\" decoding=\"async\" width=\"2730\" src=\"https:\/\/blogs.ua.es\/rateta\/files\/2007\/12\/100_0002_rj.JPG\" alt=\"100_0002_rj.JPG\" height=\"1746\" \/><\/font><\/u><u><font color=\"#0000ff\"><u><\/u><\/p>\n<p><\/font><\/u><\/p>\n","protected":false},"excerpt":{"rendered":"<p>\u00a0 El gimansio SOHO FITNESS CLUB se cavalga entre lo tradicional y lo contempor\u00e1neo. Es decir, intenta fundir en uno s\u00f3lo la est\u00e9tica y calidad de las instalaciones de los macrogimnasios que marcan tendencia en la actualidad, con la cercan\u00eda y atenci\u00f3n personalizada de los cl\u00e1sicos gimansios de barrio. Puesto que a d\u00eda de hoy [&hellip;]<\/p>\n","protected":false},"author":251,"featured_media":0,"parent":0,"menu_order":0,"comment_status":"open","ping_status":"open","template":"","meta":{"footnotes":""},"class_list":["post-105","page","type-page","status-publish","hentry"],"_links":{"self":[{"href":"https:\/\/blogs.ua.es\/rateta\/wp-json\/wp\/v2\/pages\/105","targetHints":{"allow":["GET"]}}],"collection":[{"href":"https:\/\/blogs.ua.es\/rateta\/wp-json\/wp\/v2\/pages"}],"about":[{"href":"https:\/\/blogs.ua.es\/rateta\/wp-json\/wp\/v2\/types\/page"}],"author":[{"embeddable":true,"href":"https:\/\/blogs.ua.es\/rateta\/wp-json\/wp\/v2\/users\/251"}],"replies":[{"embeddable":true,"href":"https:\/\/blogs.ua.es\/rateta\/wp-json\/wp\/v2\/comments?post=105"}],"version-history":[{"count":0,"href":"https:\/\/blogs.ua.es\/rateta\/wp-json\/wp\/v2\/pages\/105\/revisions"}],"wp:attachment":[{"href":"https:\/\/blogs.ua.es\/rateta\/wp-json\/wp\/v2\/media?parent=105"}],"curies":[{"name":"wp","href":"https:\/\/api.w.org\/{rel}","templated":true}]}}