{"id":108,"date":"2007-12-28T12:54:16","date_gmt":"2007-12-28T10:54:16","guid":{"rendered":"https:\/\/blogs.ua.es\/rateta\/informacion-general\/"},"modified":"2011-11-11T18:37:26","modified_gmt":"2011-11-11T16:37:26","slug":"informacion-general","status":"publish","type":"page","link":"https:\/\/blogs.ua.es\/rateta\/informacion-general","title":{"rendered":"GLOSARIO DE T\u00c9RMINOS"},"content":{"rendered":"<h1 align=\"center\"><\/h1>\n<h1 align=\"center\"><\/h1>\n<h1 align=\"center\"><span style=\"color: #00ff00\">GLOSARIO DE T\u00c9RMINOS<\/span><\/h1>\n<p align=\"center\">\n<h2><span style=\"color: #ff0000\">A<\/span><\/h2>\n<ul>\n<li>\n<p align=\"justify\"><span style=\"color: #333399\"><strong>Acci\u00f3n conc\u00e9ntrica:<\/strong><\/span> acortamiento muscular.<\/p>\n<\/li>\n<li>\n<p align=\"justify\"><strong><span style=\"color: #333399\">Acci\u00f3n din\u00e1mica:<\/span><\/strong> toda acci\u00f3n muscular que produce un movimiento articular.<\/p>\n<\/li>\n<li>\n<p align=\"justify\"><strong><span style=\"color: #333399\">Acci\u00f3n est\u00e1tica:<\/span><\/strong> acci\u00f3n emn la que el m\u00fasculo se contrae sin movimiento, generando fuerza mientras su longitud permanece est\u00e1tica (invariable).<\/p>\n<\/li>\n<li>\n<p align=\"justify\"><span style=\"color: #333399\"><strong>Acci\u00f3n exc\u00e9ntrica:<\/strong><\/span> elongamiento muscular.<\/p>\n<\/li>\n<li>\n<p align=\"justify\"><span style=\"color: #333399\"><strong>Atrofia:<\/strong><\/span> p\u00e9rdida de tama\u00f1o o masa, de tejido corporal, como puede ser la atrofia muscular producida por la falta de entrenamiento.<\/p>\n<\/li>\n<\/ul>\n<h2 align=\"justify\"><span style=\"color: #ff0000\">C<\/span><\/h2>\n<ul>\n<li>\n<p align=\"justify\">\u00a0<span style=\"color: #333399\"><strong>Capacidad aer\u00f3bica o <\/strong><\/span><span style=\"color: #333399\"><strong>Consumo m\u00e1ximo de ox\u00edgeno (Vo2 m\u00e1x): <\/strong><\/span><span style=\"color: #000000\">la capacidad m\u00e1xima para el consumo de ox\u00edgeno por parte del cuerpo durante la realizaci\u00f3n de esfuerzos m\u00e1ximos. Se conoce tambi\u00e9n como <em>potencia aer\u00f3bica, absorci\u00f3n m\u00e1xima de ox\u00edgeno, consumo m\u00e1ximo de ox\u00edgeno y resistencia cardiorrespiratoria.<\/em><\/span><\/p>\n<\/li>\n<\/ul>\n<h2 align=\"justify\"><span style=\"color: #ff0000\">D<\/span><\/h2>\n<ul>\n<li>\n<p align=\"justify\"><span style=\"color: #333399\"><strong>Diabetes mellitus: <\/strong><\/span><span style=\"color: #000000\">trastorno del metabolismo de los hidratos de carbono caracterizado por elevados niveles de az\u00facar en sangre (hiperglucemia) y la presencia de az\u00facar cuando hay una producci\u00f3n inadecuada de insulina por el p\u00e1ncreas o una inadecuada utilizaci\u00f3n de insulona por las c\u00e9lulas.<\/span><\/p>\n<\/li>\n<li>\n<p align=\"justify\"><span style=\"color: #333399\"><strong>Diabetes tipo I: <\/strong><\/span><span style=\"color: #000000\">diabetes mellitus dependiente de la insulina (DMDI). La diabetes de tipo I suele tener una aparici\u00f3n s\u00fabita durante la infancia o los primeros a\u00f1os de la juventud y conduce a una casi total insuficiencia de insulina, requiriendo normalmente inyecciones diarias de insulina. Tambi\u00e9n conocida como <em>diabetes de inicio juvenil<\/em>.\u00a0<\/span><\/p>\n<\/li>\n<li>\n<p align=\"justify\"><span style=\"color: #333399\"><strong>Diabetes tipo II: <\/strong><\/span><span style=\"color: #000000\">diabetes mellitus no dependiente de la insulina (DMNDI). El inicio de la enfermedad es m\u00e1s gradual y las causas son m\u00e1s dif\u00edciles de determinar que en la tipo I. se caracteriza por un deterioro de la secreaci\u00f3n de insulina, de su acci\u00f3n o una excesiva producci\u00f3n de glucosa por le h\u00edgado. Conocida tambi\u00e9n como <em>diabetes de inicio en la edad adulta.<\/em><\/span><\/p>\n<\/li>\n<\/ul>\n<h2 align=\"justify\"><span style=\"color: #ff0000\">E<\/span><\/h2>\n<ul>\n<li>\n<p align=\"justify\"><span style=\"color: #333399\"><strong>Ejercicio aer\u00f3bico de baja intensidad: <\/strong><\/span><span style=\"color: #000000\">el ejercicio aer\u00f3bico realizado con una baja intensidad, en teor\u00eda para hacer que el cuerpo queme un mayor porcentaje de grasa.<\/span><\/p>\n<\/li>\n<li>\n<p align=\"justify\"><span style=\"color: #333399\"><strong>Entrenamiento aer\u00f3bico: <\/strong><\/span><span style=\"color: #000000\">entrenamiento que mejora la eficacia de los sistemas de producci\u00f3n de energ\u00eda aer\u00f3bica y que puede mejorar la resistencia cardiorrespiratoria.<\/span><\/p>\n<\/li>\n<li>\n<p align=\"justify\"><span style=\"color: #333399\"><strong>Entrenamiento cont\u00ednuo de alta intensidad: <\/strong><\/span><span style=\"color: #000000\">una forma de entrenamiento continuo realizado a intensidades de esfuerzo de entre el 85-95% de la FC m\u00e1x. del deportista.<\/span><\/p>\n<\/li>\n<li>\n<p align=\"justify\"><span style=\"color: #333399\"><strong>Entrenamiento contra resistencia: <\/strong><\/span><span style=\"color: #000000\">entrenamiento dise\u00f1ado para incrementar la fuerza, la potencia y la resistencia muscular.<\/span><\/p>\n<\/li>\n<li>\n<p align=\"justify\"><span style=\"color: #333399\"><strong>Entrenamiento contra resistencia de acci\u00f3n est\u00e1tica: <\/strong><\/span><span style=\"color: #000000\">entrenamiento contra resistencia que pone \u00e9nfasis en la acci\u00f3n muscular est\u00e1tica.<\/span><\/p>\n<\/li>\n<li>\n<p align=\"justify\"><span style=\"color: #333399\"><strong>Entrenamiento contra resistencia en circuito: <\/strong><\/span><span style=\"color: #000000\">combinaci\u00f3n de entrenamiento en circuito y entrenamiento contra resistencia, que implica generalmente trabajar al 40-60% de nuestra fuerza m\u00e1xima durante 30s. con intervalos de reposo de 15s. entre series de ejercicios.<\/span><\/p>\n<\/li>\n<li>\n<p align=\"justify\"><span style=\"color: #333399\"><strong>Equivalente metab\u00f3lico (MET): <\/strong><\/span><span style=\"color: #000000\">una unidad usada para estimar el coste metab\u00f3lico (consumo de ox\u00edgeno) de la actividad f\u00edsica. un MET equivale al ritmo metab\u00f3lico en reposo de aproximadamente 3,5 ml O2\/kg\u00b7min.<\/span><\/p>\n<\/li>\n<li>\n<p align=\"justify\"><span style=\"color: #333399\"><strong>Escala de esfuerzo percibido (RPE): <\/strong><\/span><span style=\"color: #000000\">valoraci\u00f3n subjetiva de una persona de la intensidad con la que est\u00e1 haciendo ejercicio.<\/span><\/p>\n<\/li>\n<\/ul>\n<h2 align=\"justify\"><span style=\"color: #ff0000\">H<\/span><\/h2>\n<h2 align=\"justify\"><span style=\"color: #ff0000\">M<\/span><\/h2>\n<h2 align=\"justify\"><span style=\"color: #ff0000\">O<\/span><\/h2>\n<h2 align=\"justify\"><span style=\"color: #ff0000\">R<\/span><\/h2>\n<p align=\"justify\">\n","protected":false},"excerpt":{"rendered":"<p>GLOSARIO DE T\u00c9RMINOS A Acci\u00f3n conc\u00e9ntrica: acortamiento muscular. Acci\u00f3n din\u00e1mica: toda acci\u00f3n muscular que produce un movimiento articular. Acci\u00f3n est\u00e1tica: acci\u00f3n emn la que el m\u00fasculo se contrae sin movimiento, generando fuerza mientras su longitud permanece est\u00e1tica (invariable). Acci\u00f3n exc\u00e9ntrica: elongamiento muscular. Atrofia: p\u00e9rdida de tama\u00f1o o masa, de tejido corporal, como puede ser la [&hellip;]<\/p>\n","protected":false},"author":251,"featured_media":0,"parent":0,"menu_order":0,"comment_status":"open","ping_status":"open","template":"","meta":{"footnotes":""},"class_list":["post-108","page","type-page","status-publish","hentry"],"_links":{"self":[{"href":"https:\/\/blogs.ua.es\/rateta\/wp-json\/wp\/v2\/pages\/108","targetHints":{"allow":["GET"]}}],"collection":[{"href":"https:\/\/blogs.ua.es\/rateta\/wp-json\/wp\/v2\/pages"}],"about":[{"href":"https:\/\/blogs.ua.es\/rateta\/wp-json\/wp\/v2\/types\/page"}],"author":[{"embeddable":true,"href":"https:\/\/blogs.ua.es\/rateta\/wp-json\/wp\/v2\/users\/251"}],"replies":[{"embeddable":true,"href":"https:\/\/blogs.ua.es\/rateta\/wp-json\/wp\/v2\/comments?post=108"}],"version-history":[{"count":1,"href":"https:\/\/blogs.ua.es\/rateta\/wp-json\/wp\/v2\/pages\/108\/revisions"}],"predecessor-version":[{"id":150,"href":"https:\/\/blogs.ua.es\/rateta\/wp-json\/wp\/v2\/pages\/108\/revisions\/150"}],"wp:attachment":[{"href":"https:\/\/blogs.ua.es\/rateta\/wp-json\/wp\/v2\/media?parent=108"}],"curies":[{"name":"wp","href":"https:\/\/api.w.org\/{rel}","templated":true}]}}