{"id":122,"date":"2007-12-29T17:18:40","date_gmt":"2007-12-29T15:18:40","guid":{"rendered":"https:\/\/blogs.ua.es\/rateta\/cafd-uni-alcala\/"},"modified":"2007-12-30T03:35:19","modified_gmt":"2007-12-30T01:35:19","slug":"cafd-uni-alcala","status":"publish","type":"page","link":"https:\/\/blogs.ua.es\/rateta\/cafd-uni-alcala","title":{"rendered":"CAFD UNI. ALCAL\u00c1"},"content":{"rendered":"<p>SI QUIERES SABER MUCHO M\u00c1S, O SI TE HAS QUEDADO CON GANAS DE LEER&#8230;AQUI OS DEJO UNOS ENLACES INTERESANT\u00cdSIMOS PARA QUE PODAIS VISITARLOS.<\/p>\n<p align=\"center\"><a href=\"http:\/\/entrenatusalud.estoyenred.es\/\">http:\/\/entrenatusalud.estoyenred.es\/<\/a>\u00a0(Emilio)<\/p>\n<p><strong><u><\/u><\/strong><strong><u><\/u><\/strong><strong><u><font size=\"2\" color=\"#0000ff\"><\/p>\n<p align=\"center\"><a href=\"http:\/\/cafd.iespana.es\/bfontecha\/\">http:\/\/cafd.iespana.es\/bfontecha\/<\/a>\u00a0(Bea)<\/p>\n<p><\/font><\/u><\/strong><\/p>\n<p align=\"center\"><a href=\"https:\/\/blogs.ua.es\/rateta\/files\/2007\/12\/dsc03219.JPG\" title=\"dsc03219.JPG\"><img loading=\"lazy\" decoding=\"async\" width=\"1478\" src=\"https:\/\/blogs.ua.es\/rateta\/files\/2007\/12\/dsc03219.JPG\" alt=\"dsc03219.JPG\" height=\"1289\" \/><\/a><\/p>\n<p align=\"center\">&nbsp;<\/p>\n<p align=\"center\">Carol, Blanca, Yo, Alba y Bea (CHICAS RADIOPATIO)<\/p>\n<p align=\"center\">&nbsp;<\/p>\n<p align=\"center\">\u00a0<a href=\"https:\/\/blogs.ua.es\/rateta\/files\/2007\/12\/dsc00576.JPG\" title=\"dsc00576.JPG\"><img loading=\"lazy\" decoding=\"async\" width=\"1008\" src=\"https:\/\/blogs.ua.es\/rateta\/files\/2007\/12\/dsc00576.JPG\" alt=\"dsc00576.JPG\" height=\"1087\" \/><\/a><\/p>\n<p align=\"center\"><a href=\"https:\/\/blogs.ua.es\/rateta\/files\/2007\/12\/dsc03219.JPG\" title=\"dsc03219.JPG\"><\/a><\/p>\n<p align=\"center\"><a href=\"https:\/\/blogs.ua.es\/rateta\/files\/2007\/12\/dsc03219.JPG\" title=\"dsc03219.JPG\"><\/a><\/p>\n<p align=\"center\">&nbsp;<\/p>\n<p><a href=\"https:\/\/blogs.ua.es\/rateta\/files\/2007\/12\/dsc03219.JPG\" title=\"dsc03219.JPG\"><\/a><\/p>\n<p><a href=\"https:\/\/blogs.ua.es\/rateta\/files\/2007\/12\/dsc03219.JPG\" title=\"dsc03219.JPG\"><\/a><a href=\"https:\/\/blogs.ua.es\/rateta\/files\/2007\/12\/dsc03219.JPG\" title=\"dsc03219.JPG\"><\/a><a href=\"https:\/\/blogs.ua.es\/rateta\/files\/2007\/12\/dsc00576.JPG\" title=\"dsc00576.JPG\"><\/a><\/p>\n","protected":false},"excerpt":{"rendered":"<p>SI QUIERES SABER MUCHO M\u00c1S, O SI TE HAS QUEDADO CON GANAS DE LEER&#8230;AQUI OS DEJO UNOS ENLACES INTERESANT\u00cdSIMOS PARA QUE PODAIS VISITARLOS. http:\/\/entrenatusalud.estoyenred.es\/\u00a0(Emilio) http:\/\/cafd.iespana.es\/bfontecha\/\u00a0(Bea) &nbsp; Carol, Blanca, Yo, Alba y Bea (CHICAS RADIOPATIO) &nbsp; \u00a0 &nbsp;<\/p>\n","protected":false},"author":251,"featured_media":0,"parent":0,"menu_order":0,"comment_status":"open","ping_status":"open","template":"","meta":{"footnotes":""},"class_list":["post-122","page","type-page","status-publish","hentry"],"_links":{"self":[{"href":"https:\/\/blogs.ua.es\/rateta\/wp-json\/wp\/v2\/pages\/122","targetHints":{"allow":["GET"]}}],"collection":[{"href":"https:\/\/blogs.ua.es\/rateta\/wp-json\/wp\/v2\/pages"}],"about":[{"href":"https:\/\/blogs.ua.es\/rateta\/wp-json\/wp\/v2\/types\/page"}],"author":[{"embeddable":true,"href":"https:\/\/blogs.ua.es\/rateta\/wp-json\/wp\/v2\/users\/251"}],"replies":[{"embeddable":true,"href":"https:\/\/blogs.ua.es\/rateta\/wp-json\/wp\/v2\/comments?post=122"}],"version-history":[{"count":0,"href":"https:\/\/blogs.ua.es\/rateta\/wp-json\/wp\/v2\/pages\/122\/revisions"}],"wp:attachment":[{"href":"https:\/\/blogs.ua.es\/rateta\/wp-json\/wp\/v2\/media?parent=122"}],"curies":[{"name":"wp","href":"https:\/\/api.w.org\/{rel}","templated":true}]}}