{"id":90,"date":"2008-11-17T20:04:34","date_gmt":"2008-11-17T18:04:34","guid":{"rendered":"https:\/\/blogs.ua.es\/recursosef\/?page_id=90"},"modified":"2008-11-26T19:32:43","modified_gmt":"2008-11-26T17:32:43","slug":"informacion-general","status":"publish","type":"page","link":"https:\/\/blogs.ua.es\/recursosef\/informacion-general\/","title":{"rendered":"INFORMACI\u00d3N GENERAL"},"content":{"rendered":"<p>Uno de los objetivos principales de este Blog es ayudar a cualquier tipo de persona, pero especialmente al profesorado de Educaci\u00f3n F\u00edsica, para que pueda tener ideas, recursos, noticias&#8230; sobre la asignatura que imparte a esos ni\u00f1os\/as que le rodean d\u00eda a d\u00eda.<\/p>\n<p>Dentro del Blog est\u00e1 distribuido por 5 categor\u00edas, dentro de las cuales\u00a0podemos encontrar organizada la informaci\u00f3n\u00a0que hemos visto oportuno\u00a0y adecuado,\u00a0y son:<\/p>\n<p>1.- Educi\u00f3n F\u00edsica y Nuevas Tecnolog\u00edas.<\/p>\n<p>2.- H\u00e1bitos de Higiene y Alimentaci\u00f3n.<\/p>\n<p>3.- Juegos que funcionan<\/p>\n<p>4.- Materiales convencionals y no convencionales.<\/p>\n<p>5.- Noticias Importantes.<\/p>\n<p>A partir de aqu\u00ed podemos encontrar en el Blog:<\/p>\n<p>a) BlogRoll: Donde contiene p\u00e1gimas webs interesantes.<\/p>\n<p>b) Enlaces con archivos en PDF.<\/p>\n<p>c) V\u00eddeos e im\u00e1genes.<\/p>\n<p>d) Y agunas cosas m\u00e1s&#8230;<\/p>\n<p>Esperamos que os sirva todo de ayuda!!!<\/p>\n<p>TODAS LAS IM\u00c1GENES EST\u00c1N DESCARGADAS DE <span style=\"color: #ff0000\"><strong>FLICKR<\/strong><\/span><\/p>\n<p style=\"text-align: center\"><img decoding=\"async\" class=\"aligncenter\" src=\"http:\/\/farm3.static.flickr.com\/2348\/2463876187_061cb1e3dc_m_d.jpg\" alt=\"http:\/\/farm3.static.flickr.com\/2348\/2463876187_061cb1e3dc_m_d.jpg\" \/><\/p>\n","protected":false},"excerpt":{"rendered":"<p>Uno de los objetivos principales de este Blog es ayudar a cualquier tipo de persona, pero especialmente al profesorado de Educaci\u00f3n F\u00edsica, para que pueda tener ideas, recursos, noticias&#8230; sobre la asignatura que imparte a esos ni\u00f1os\/as que le rodean d\u00eda a d\u00eda. Dentro del Blog est\u00e1 distribuido por 5 categor\u00edas, dentro de las cuales\u00a0podemos [&hellip;]<\/p>\n","protected":false},"author":878,"featured_media":0,"parent":0,"menu_order":0,"comment_status":"open","ping_status":"open","template":"","meta":{"footnotes":""},"class_list":["post-90","page","type-page","status-publish","hentry"],"_links":{"self":[{"href":"https:\/\/blogs.ua.es\/recursosef\/wp-json\/wp\/v2\/pages\/90","targetHints":{"allow":["GET"]}}],"collection":[{"href":"https:\/\/blogs.ua.es\/recursosef\/wp-json\/wp\/v2\/pages"}],"about":[{"href":"https:\/\/blogs.ua.es\/recursosef\/wp-json\/wp\/v2\/types\/page"}],"author":[{"embeddable":true,"href":"https:\/\/blogs.ua.es\/recursosef\/wp-json\/wp\/v2\/users\/878"}],"replies":[{"embeddable":true,"href":"https:\/\/blogs.ua.es\/recursosef\/wp-json\/wp\/v2\/comments?post=90"}],"version-history":[{"count":6,"href":"https:\/\/blogs.ua.es\/recursosef\/wp-json\/wp\/v2\/pages\/90\/revisions"}],"predecessor-version":[{"id":92,"href":"https:\/\/blogs.ua.es\/recursosef\/wp-json\/wp\/v2\/pages\/90\/revisions\/92"}],"wp:attachment":[{"href":"https:\/\/blogs.ua.es\/recursosef\/wp-json\/wp\/v2\/media?parent=90"}],"curies":[{"name":"wp","href":"https:\/\/api.w.org\/{rel}","templated":true}]}}