{"id":134,"date":"2010-07-27T15:28:29","date_gmt":"2010-07-27T15:28:29","guid":{"rendered":"https:\/\/blogs.ua.es\/redesitis\/?page_id=134"},"modified":"2010-07-27T15:29:34","modified_gmt":"2010-07-27T15:29:34","slug":"simuladores-comerciales","status":"publish","type":"page","link":"https:\/\/blogs.ua.es\/redesitis\/recursos-didacticos\/simuladores-comerciales\/","title":{"rendered":"Simuladores comerciales"},"content":{"rendered":"<h5 style=\"text-align: justify\">OPNet Modeler<\/h5>\n<p style=\"text-align: justify\"><a title=\"Opnet web\" href=\"http:\/\/www.opnet.com\/\">OPNet<\/a> es un software de an\u00e1lisis y dise\u00f1o de redes de comunicaciones, dispositivos, protocolos y aplicaciones de red. Con este software los usuarios pueden analizar y simular redes de dispositivos para comparar el impacto de los dise\u00f1os. Modeler dispone de un amplio conjunto de protocolos y tecnolog\u00edas implementadas como por ejemplo: PPP, DSL, ATM, CSMA\/CA, CSMA\/CD, Ethernet hasta 10Gps, Token Ring 802.5, Frame Relay, IPv4, IGRP, OSPF, RIP, EIGRP, BGP, TCP, UDP, etc. Adem\u00e1s de incluir un entorno de desarrollo que permite modelar los \u00faltimos protocolos dise\u00f1ados como IPv6, IPv6 M\u00f3viles, OSPFv3, etc. Destacar que OPNet dispone de versiones para la ense\u00f1anza en universidades.<\/p>\n<h5 style=\"text-align: justify\">GloMoSim<\/h5>\n<p style=\"text-align: justify\"><a title=\"GloMoSim web\" href=\"http:\/\/pcl.cs.ucla.edu\/projects\/glomosim\/\">GloMoSim<\/a> es un entorno de simulaci\u00f3n escalable para redes de cable o inal\u00e1mbricas. GloMoSim se ha creado empleado un paquete de librerias de eventos discretos denominado Parsec (Parallel Simulation Environment for Complex Systems). Actualmente, este software permite simular protocolos de la capa de enlace como CSMA y 802.11, protocolos de red como IP, transporte como TCP y UDP y del nivel de aplicaci\u00f3n como FTP, HTTP y Telnet. La \u00faltima versi\u00f3n disponible es la v.2.0 que data de Diciembre de 2000.<\/p>\n<h5 style=\"text-align: justify\">Netrule<\/h5>\n<p style=\"text-align: justify\"><a title=\"Netrule web\" href=\"http:\/\/www.analyticalengines.com\/\">Netrule<\/a> es un entorno de modelado para redes MAN-WAN principalmente. Nerule se emplea para modelar y analizar cambios en el trafico de redes de banda ancha con el fin de evaluar emisi\u00f3n de videoconferencia, voz sobre IP, ATM, multidifusi\u00f3n, etc. Esta herramienta se suele combinar con otras como PVCRule, SONETRule, UTRAN-Regla, todas ellas del mismo fabricante.<\/p>\n","protected":false},"excerpt":{"rendered":"<p>OPNet Modeler OPNet es un software de an\u00e1lisis y dise\u00f1o de redes de comunicaciones, dispositivos, protocolos y aplicaciones de red. Con este software los usuarios pueden analizar y simular redes de dispositivos para comparar el impacto de los dise\u00f1os. Modeler dispone de un amplio conjunto de protocolos y tecnolog\u00edas implementadas como por ejemplo: PPP, DSL, [&hellip;]<\/p>\n","protected":false},"author":1686,"featured_media":0,"parent":8,"menu_order":0,"comment_status":"open","ping_status":"closed","template":"","meta":{"footnotes":""},"class_list":["post-134","page","type-page","status-publish","hentry"],"_links":{"self":[{"href":"https:\/\/blogs.ua.es\/redesitis\/wp-json\/wp\/v2\/pages\/134","targetHints":{"allow":["GET"]}}],"collection":[{"href":"https:\/\/blogs.ua.es\/redesitis\/wp-json\/wp\/v2\/pages"}],"about":[{"href":"https:\/\/blogs.ua.es\/redesitis\/wp-json\/wp\/v2\/types\/page"}],"author":[{"embeddable":true,"href":"https:\/\/blogs.ua.es\/redesitis\/wp-json\/wp\/v2\/users\/1686"}],"replies":[{"embeddable":true,"href":"https:\/\/blogs.ua.es\/redesitis\/wp-json\/wp\/v2\/comments?post=134"}],"version-history":[{"count":3,"href":"https:\/\/blogs.ua.es\/redesitis\/wp-json\/wp\/v2\/pages\/134\/revisions"}],"predecessor-version":[{"id":137,"href":"https:\/\/blogs.ua.es\/redesitis\/wp-json\/wp\/v2\/pages\/134\/revisions\/137"}],"up":[{"embeddable":true,"href":"https:\/\/blogs.ua.es\/redesitis\/wp-json\/wp\/v2\/pages\/8"}],"wp:attachment":[{"href":"https:\/\/blogs.ua.es\/redesitis\/wp-json\/wp\/v2\/media?parent=134"}],"curies":[{"name":"wp","href":"https:\/\/api.w.org\/{rel}","templated":true}]}}