{"id":138,"date":"2010-07-27T15:38:25","date_gmt":"2010-07-27T15:38:25","guid":{"rendered":"https:\/\/blogs.ua.es\/redesitis\/?page_id=138"},"modified":"2014-12-26T19:11:24","modified_gmt":"2014-12-26T19:11:24","slug":"simuladores-open-free","status":"publish","type":"page","link":"https:\/\/blogs.ua.es\/redesitis\/recursos-didacticos\/simuladores-open-free\/","title":{"rendered":"Simuladores &#8216;Open-Free&#8217;"},"content":{"rendered":"<h5>GNS 3<\/h5>\n<p style=\"text-align: justify\"><a href=\"http:\/\/www.gns3.net\/\" target=\"_blank\">GNS3<\/a> es un simulador muy potente que permite\u00a0mediante un entorno gr\u00e1fico\u00a0\u00a0dibujar y configurar una\u00a0topolog\u00eda de red y posteriormente\u00a0\u00a0simular su comportamiento.\u00a0\u00a0Soporta configuraci\u00f3n y emulaci\u00f3n de dispositivos de interconexi\u00f3n, routers,\u00a0con sistema operativo\u00a0IOS\u00a0CISCO, tambi\u00e9n permite incorporar hosts (m\u00e1quinas Linux o Windows) a trav\u00e9s de <a href=\"https:\/\/www.virtualbox.org\/\" target=\"_blank\">VirtualBox<\/a>\u00a0a la topolog\u00eda de red dise\u00f1ada. Este software permite simular niveles de enlace diversos como\u00a0Ethernet, Frame Relay, ATM, etc.,\u00a0as\u00ed como dispositivos de interconexi\u00f3n del nivel de enlace como SWITCH. Adem\u00e1s, el trafico que se genera en la red simulada, puede ser capturado con el\u00a0software de\u00a0monitorizaci\u00f3n de paquetes\u00a0<a href=\"http:\/\/www.wireshark.org\/\" target=\"_blank\">Wireshark<\/a>. En el siguiente <a href=\"http:\/\/www.researchgate.net\/publication\/262867517_Computer_Networks_Virtualization_with_GNS3_Evaluating_a_solution_to_optimize_resources_and_achieve_a_distance_learning\">enlace<\/a> ten\u00e9is un ejemplo publicado en el congreso IEEE-Frontiers in Education (FIE) en el que se ha virtualizado una topolog\u00eda real de una red que se emplea en la Universidad de Alicante. Pr\u00f3ximamente y bajo petici\u00f3n es probable que permita la descarga de la virtualizaci\u00f3n completa.<\/p>\n<h5 style=\"text-align: justify\">CNET Network Simulator<\/h5>\n<p style=\"text-align: justify\"><a title=\"CNet web\" href=\"http:\/\/www.csse.uwa.edu.au\/cnet\/\">CNET<\/a> es un simulador que permite experimentar y simular paquetes de datos en las capas de enlace, red y transporte en redes LAN (Ethernet IEEE 802.3). As\u00ed, si se quiere estudiar el direccionamiento, la detecci\u00f3n de colisiones o el enrutamiento en funci\u00f3n de un peso de transmisi\u00f3n asignado a cada enlace de redes LAN compuestas por varios segmentos de datos con tecnologia Ethernet 802.3 unidas a trav\u00e9s de Routers, CNET es una herramienta muy interesante desde un punto de vista did\u00e1ctico. Adem\u00e1s, puede ser interesante para la simulaci\u00f3n prestacional de nodos y puntos de acceso de redes WLAN (IEEE 802.11) que utilizan el protocolo de acceso al medio CSMA\/CA. CNET est\u00e1 programado en lenguaje C y puede ser ejecutado en sistemas operativos Linux, UNIX, OS-X o Mac y se distribuye bajo licencia p\u00fablica GNU (GPL). Adem\u00e1s CNET es el software de simulaci\u00f3n empleado por el libro &#8220;Comunicaciones y Redes de Computadores&#8221; de William Stallings para explicar algunos conceptos. La \u00faltima versi\u00f3n disponible es la v3.2.1 y est\u00e1 disponible a partir de la web de los autores en la escuela de &#8220;Computer Science and Software Engineering&#8221; de la Universidad &#8220;Western Australia&#8221;.<\/p>\n<h5 style=\"text-align: justify\">J-Sim<\/h5>\n<p style=\"text-align: justify\"><a title=\"J-Sim web\" href=\"http:\/\/sites.google.com\/site\/jsimofficial\/\">J-Sim <\/a>no es propiamente un simulador de redes, m\u00e1s bien se trata de una librer\u00eda orientada a objetos para cualquier tipo de simulaci\u00f3n de procesos discretos. El motor de simulaci\u00f3n de J-Sim y su entorno y objetos est\u00e1 programado en Java. J-Sim es ejecutable en sistemas operativos Windows, Linux y Unix, siempre que se disponga de la versi\u00f3n Java 1.5 o superior para su ejecuci\u00f3n. J-Sim dispone de paquetes y clases para simular y emular redes de sensores inal\u00e1mbricos y los protocolos de la capa f\u00edsica y enlace de una red IEEE 802.11. La \u00faltima versi\u00f3n disponible es la v.0.6.0 que data de Agosto de 2006 y se distribuye bajo licencia Academic v.2.1 e OSI Certified Open Source Software y ha sido desarrollado por el departamento &#8220;Ciencias de la Computaci\u00f3n e Ingenier\u00eda&#8221; de la Universidad &#8220;West Bohemia&#8221; de la Rep\u00fablica Checa <a href=\"http:\/\/www.j-sim.zcu.cz\/\">http:\/\/www.j-sim.zcu.cz\/<\/a>.<\/p>\n<h5 style=\"text-align: justify\">SSFNet<\/h5>\n<p style=\"text-align: justify\"><a title=\"SSFNet web\" href=\"http:\/\/www.ssfnet.org\/homePage.html\">SSFNet<\/a> es una herrramienta para an\u00e1lisis, simulaci\u00f3n y modelado de redes escalables de alto rendimiento . SSFNet consta de 3 componentes b\u00e1sicos:<br \/>\n*Un marco de simulaci\u00f3n escalable (SSF) programado en en Java y C++ y de c\u00f3digo abierto.<br \/>\n*Un lenguaje para modelar la red que se desea simular (DML) con una sintaxis y una gr\u00e1matica propia. Tambi\u00e9n de c\u00f3digo abierto.<br \/>\n*Un entorno de desarrollo integrado (IDE) que agrupa el conjunto de herramientas para construir el modelo de red f\u00e1cilmente. En este caso no todas las herramientas son de libre distribuci\u00f3n.<br \/>\nEs en esta \u00faltima parte donde se distribuyen c\u00f3mo c\u00f3digo abierto, en Java, el modelado de algunos protocolos de la capa de red y transporte como IP, TCP, UDP, OSPF y BGP, d\u00f3nde se implementa el funcionamiento de dispostivos de red como Router, o las capas de enlace de redes LAN.<\/p>\n<h5 style=\"text-align: justify\">NS-2<\/h5>\n<p style=\"text-align: justify\"><a title=\"Ns-2 web\" href=\"http:\/\/nsnam.isi.edu\/nsnam\/index.php\/Main_Page\">Ns <\/a>es un simulador de eventos discretos destinado a la investigaci\u00f3n de redes de computadores. Ns proporciona soporte para simular protocolos de la capa de enlace como CSMA\/CD, protocolos y algoritmos de encaminamiento, protocolos de transporte como TCP y RTP, protocolos de multicast, protocolos de aplicaci\u00f3n como HTTP, TELNET y FTP. Adem\u00e1s, tambi\u00e9n permite simular nivel de enlace de redes 802.11. Ns est\u00e1 programado en C y puede ser instalado en sistemas operativos Unix y Linux (Debian, Ubuntu). Para instalarse en Windows requiere de la aplicaci\u00f3n Cygwin. La \u00faltima versi\u00f3n disponible es la v.2.34 que data de Junio de 2009.<\/p>\n<h5 style=\"text-align: justify\">OMNeT++<\/h5>\n<p style=\"text-align: justify\"><a title=\"OMNeT web\" href=\"http:\/\/www.omnetpp.org\/\">OMNet<\/a> es un entorno de simulaci\u00f3n de eventos discretos. Su \u00e1rea principal de aplicaci\u00f3n es la simulaci\u00f3n de redes de comunicaciones y el an\u00e1lisis y evaluaci\u00f3n de \u00e9stas. OMNet proporciona un conjunto de herramientas y componentes programados en C++ y cuya interfaz gr\u00e1fica est\u00e1 basada en la plataforma Eclipse. Adem\u00e1s, los distintos m\u00f3dulos programados en C++ se agrupan como objetos de alto nivel mediante un lenguaje de descripci\u00f3n de topolog\u00eda denominado NED. De este modo, su arquitectura modular que separa nucleo de simulaci\u00f3n, modelos, interfaz gr\u00e1fico, etc, permite f\u00e1cilmente integrarlo en aplicaciones personalizadas. OMNet se ejecutra en Linux, Mac OS X, Unix y Windows. Adem\u00e1s, este software es libre para uso acad\u00e9mico, sin \u00e1nimo de lucro, aunque tambi\u00e9n tiene su versi\u00f3n comercial. Tambi\u00e9n, destacar que tiene una amplia comunidad activa de programaci\u00f3n y que su \u00faltima versi\u00f3n v.4.0\/4.1 contiene modelos para simular protocolos como PPP, Ethernet, IP, TCP, UDP, Mobile IPv6, 802.11., etc. Su versi\u00f3n comercial se pueden descargar en <a href=\"http:\/\/www.omnest.com\/\">http:\/\/www.omnest.com\/<\/a>.<\/p>\n<h5 style=\"text-align: justify\">VisualSense<\/h5>\n<p style=\"text-align: justify\"><a title=\"VisualSense web\" href=\"http:\/\/ptolemy.eecs.berkeley.edu\/visualsense\/\">VisualSense<\/a> es un editor y simulador de sistemas de redes de sensores inal\u00e1mbricos. Forma parte del proyecto Ptolemy II que es un entorno software de c\u00f3digo abierto para la simulaci\u00f3n y programaci\u00f3n de eventos discretos, redes de procesos, etc.<\/p>\n","protected":false},"excerpt":{"rendered":"<p>GNS 3 GNS3 es un simulador muy potente que permite\u00a0mediante un entorno gr\u00e1fico\u00a0\u00a0dibujar y configurar una\u00a0topolog\u00eda de red y posteriormente\u00a0\u00a0simular su comportamiento.\u00a0\u00a0Soporta configuraci\u00f3n y emulaci\u00f3n de dispositivos de interconexi\u00f3n, routers,\u00a0con sistema operativo\u00a0IOS\u00a0CISCO, tambi\u00e9n permite incorporar hosts (m\u00e1quinas Linux o Windows) a trav\u00e9s de VirtualBox\u00a0a la topolog\u00eda de red dise\u00f1ada. Este software permite simular niveles de [&hellip;]<\/p>\n","protected":false},"author":1686,"featured_media":0,"parent":8,"menu_order":0,"comment_status":"open","ping_status":"open","template":"","meta":{"footnotes":""},"class_list":["post-138","page","type-page","status-publish","hentry"],"_links":{"self":[{"href":"https:\/\/blogs.ua.es\/redesitis\/wp-json\/wp\/v2\/pages\/138","targetHints":{"allow":["GET"]}}],"collection":[{"href":"https:\/\/blogs.ua.es\/redesitis\/wp-json\/wp\/v2\/pages"}],"about":[{"href":"https:\/\/blogs.ua.es\/redesitis\/wp-json\/wp\/v2\/types\/page"}],"author":[{"embeddable":true,"href":"https:\/\/blogs.ua.es\/redesitis\/wp-json\/wp\/v2\/users\/1686"}],"replies":[{"embeddable":true,"href":"https:\/\/blogs.ua.es\/redesitis\/wp-json\/wp\/v2\/comments?post=138"}],"version-history":[{"count":8,"href":"https:\/\/blogs.ua.es\/redesitis\/wp-json\/wp\/v2\/pages\/138\/revisions"}],"predecessor-version":[{"id":1130,"href":"https:\/\/blogs.ua.es\/redesitis\/wp-json\/wp\/v2\/pages\/138\/revisions\/1130"}],"up":[{"embeddable":true,"href":"https:\/\/blogs.ua.es\/redesitis\/wp-json\/wp\/v2\/pages\/8"}],"wp:attachment":[{"href":"https:\/\/blogs.ua.es\/redesitis\/wp-json\/wp\/v2\/media?parent=138"}],"curies":[{"name":"wp","href":"https:\/\/api.w.org\/{rel}","templated":true}]}}