{"id":170,"date":"2010-09-22T14:22:56","date_gmt":"2010-09-22T14:22:56","guid":{"rendered":"https:\/\/blogs.ua.es\/redesitis\/?page_id=170"},"modified":"2011-09-23T17:21:37","modified_gmt":"2011-09-23T17:21:37","slug":"cursos-cisco-ccna","status":"publish","type":"page","link":"https:\/\/blogs.ua.es\/redesitis\/recursos-didacticos\/cursos-cisco-ccna\/","title":{"rendered":"Cursos CISCO-CCNA"},"content":{"rendered":"<p style=\"text-align: justify\"><a title=\"web oficial CISCO Espa\u00f1a\" href=\"http:\/\/www.cisco.com\/web\/ES\/index.html\" target=\"_blank\">Cisco<\/a>, lider mundial en sistemas de comunicaciones y dispositivos de red, a trav\u00e9s de su programa educativo\u00a0Cisco Networking Academy ( NetAcad ) busca contribuir a la preparaci\u00f3n de estudiantes Universitarios y\u00a0de Formaci\u00f3n Profesional, ofreciendo la posibilidad de\u00a0obtener certificaciones con reconocimiento internacional en la industria de las telecomunicaciones.<\/p>\n<p style=\"text-align: justify\">La Certificaci\u00f3n Cisco es un plan de capacitaci\u00f3n en tecnolog\u00eda de redes que la empresa Cisco ofrece. \u00c9sta se divide en tres niveles, de menor a mayor complejidad: <a title=\"CCNA web oficial CISCO\" href=\"http:\/\/www.cisco.com\/web\/learning\/le3\/le2\/le0\/le9\/learning_certification_type_home.html\">Cisco Certified Network Associate <\/a><strong>(CCNA)<\/strong>,<a title=\"CCNP web oficial CISCO\" href=\"http:\/\/www.cisco.com\/web\/learning\/le3\/le2\/le37\/le10\/learning_certification_type_home.html\" target=\"_blank\">Cisco Certified Network Professional <\/a><strong>(CCNP)<\/strong> y <a title=\"CCEI web oficial CISCO\" href=\"http:\/\/www.cisco.com\/web\/learning\/le3\/ccie\/index.html\" target=\"_blank\">Certificado Cisco de Experto en Internet <\/a><strong>(CCEI)<\/strong>.<\/p>\n<p style=\"text-align: justify\">La certificaci\u00f3n <a title=\"CCNA web oficinal CISCO\" href=\"http:\/\/www.cisco.com\/web\/learning\/le3\/le2\/le0\/le9\/learning_certification_type_home.html\" target=\"_blank\">CCNA<\/a> garantiza que su\u00a0poseedor tiene conocimientos s\u00f3lidos de redes de tama\u00f1o peque\u00f1o y mediano. Los t\u00e9cnicos CCNA son capaces de instalar, configurar y administrar de redes de \u00e1rea local (LAN), redes de \u00e1rea extensa (WAN) y servicios de acceso a redes de un tama\u00f1o aproximado de 100 m\u00e1quinas. Los protocolos y sistemas de comunicaci\u00f3n que pueden manejar los t\u00e9cnicos CCNA incluyen Ethernet, PPP, IP, TCP, UDP, RIP, IGRP, EIGRP, OSPF,\u00a0RDSI, Frame Relay, Spanning Tree, VLANs y Listas de Control de Acceso entre otros. Adem\u00e1s, Cisco garantiza que los\u00a0t\u00e9cnicos con certificaci\u00f3n CCNA son capaces de instalar y configurar Routers y Switches de Cisco en redes multiprotocolo en redes de \u00e1rea local (LAN) y redes de \u00e1rea extendida (WAN). As\u00ed como administrar, mantener y mejorar el rendimiento y la seguridad de una red de computadores.<\/p>\n<p style=\"text-align: justify\">En la actualidad,\u00a0los alumnos de titulaciones de grados en ingenier\u00eda (Inform\u00e1tica, Telecomunicaciones, etc.)\u00a0disponen en muchos casos de conocimientos b\u00e1sicos sobre las materias de redes y protocolos de comunicaciones que se abordan y garantizan en la certificaci\u00f3n b\u00e1sica CCNA. No obstante puede que\u00a0su posterior dedicaci\u00f3n profesional esta se oriente principalmente a la implantaci\u00f3n y gesti\u00f3n de redes de computadores, en cuyo caso podr\u00eda contemplar su formaci\u00f3n acad\u00e9mica familiarizandose con productos y servicios de Cisco.<\/p>\n<p style=\"text-align: justify\">Hoy en d\u00eda, en la regi\u00f3n de levante y en concreto en la provincia de Alicante y alrededores, Cisco colabora con\u00a0diversos centros educativos para ofrecer soporte educativo y formaci\u00f3n complementaria a trav\u00e9s de cursos especializados que ayudan a obtener los conocimientos necesarios que permitan afrontar los ex\u00e1menes para la certificaci\u00f3n CCNA.\u00a0 A continuaci\u00f3n se ofrece un listado de enlaces a cursos CCNA organizados por provincias d\u00f3nde se puede comparar f\u00e1cilmente\u00a0materias que se imparten,\u00a0fechas de matriculaci\u00f3n y precios:<\/p>\n<ul>\n<li>\n<div style=\"text-align: justify\">Alicante<\/div>\n<ul>\n<li>\n<div style=\"text-align: justify\"><a href=\"http:\/\/www.dtic.ua.es\/grupoM\/ccna\/\">Universidad de Alicante<\/a><\/div>\n<\/li>\n<li>\n<div style=\"text-align: justify\"><a href=\"http:\/\/cnap.umh.es\/index.php\">Universidad Miguel Hern\u00e1ndez de Elche<\/a><\/div>\n<\/li>\n<\/ul>\n<\/li>\n<li>\n<div style=\"text-align: justify\">Murcia<\/div>\n<ul>\n<li>\n<div style=\"text-align: justify\"><a href=\"http:\/\/www.um.es\/atica\/cursos\/cisco\">Universidad de Murcia<\/a><\/div>\n<\/li>\n<li>\n<div style=\"text-align: justify\"><a href=\"http:\/\/labit301.upct.es\/cisco\/\">Universidad Polit\u00e9cnica de Cartagena<\/a><\/div>\n<\/li>\n<li>\n<div style=\"text-align: justify\"><a href=\"http:\/\/www.ucam.edu\/estudios\/postgrados\/diploma-certificado\/cisco\">Universidad Cat\u00f3lica de San Antonio<\/a><\/div>\n<\/li>\n<\/ul>\n<\/li>\n<li>\n<div style=\"text-align: justify\">Valencia<\/div>\n<ul>\n<li>\n<div style=\"text-align: justify\"><a href=\"http:\/\/netacad.uv.es\/\">Universidad de Valencia- Instituto de Rob\u00f3tica<\/a><\/div>\n<\/li>\n<li>\n<div style=\"text-align: justify\"><a href=\"http:\/\/www.cfp.upv.es\/formacion-permanente\/inicio\/curso_datos.jsp?idioma=es&amp;menuupv=true&amp;cid=20348&amp;\" target=\"_blank\">Universidad Polit\u00e9cnia de Valencia<\/a><\/div>\n<\/li>\n<li>\n<div style=\"text-align: justify\"><a href=\"http:\/\/www.upv.es\/entidades\/EPSG\/noticia_788580c.html\" target=\"_blank\">Universidad Polit\u00e9cnica de Valencia- EPS Gand\u00eda<\/a><\/div>\n<\/li>\n<\/ul>\n<\/li>\n<\/ul>\n<p style=\"text-align: justify\"><strong> <\/strong><\/p>\n<p style=\"text-align: justify\"><strong>Cerfificaci\u00f3n CCNA<\/strong><\/p>\n<p style=\"text-align: justify\">No obstante, es importante comentar que la superaci\u00f3n de estos cursos no asegura obtener la certificaci\u00f3n CCNA. Con estos cursos \u00fanicamente se obtiene un t\u00edtulo acreditativo de la\u00a0superaci\u00f3n del curso por parte de la Universidad y Cisco Systems, pero no el certificado CCNA.<\/p>\n<p style=\"text-align: justify\">La \u00fanica manera de obtener el certificado CCNA es mediante la superaci\u00f3n de un examen de certificaci\u00f3n que bien puede estudiarse y prepararse por libre, o bien se puede preparar mediante un curso de preparaci\u00f3n como los que se han indicado anteriormente.<\/p>\n<p style=\"text-align: justify\">Los examenes para obtener el certificado CCNA se realiza, \u00fanicamente, en centros asociados a la empresa <a title=\"Centro examinador CCNA\" href=\"http:\/\/www.vue.com\/cisco\/#programs\" target=\"_blank\">Pearson VUE<\/a>, que se dedica a hacer <a href=\"http:\/\/www.vue.com\/servlet\/vue.web2.core.Dispatcher?webApp=ExamList&amp;webContext=CandidateSite&amp;cid=139\">ex\u00e1menes de certificaci\u00f3n<\/a>. Normalmente no hay fechas fijas para la realizaci\u00f3n del examen.<\/p>\n<p style=\"text-align: justify\"><img loading=\"lazy\" decoding=\"async\" class=\"alignleft size-full wp-image-355\" src=\"https:\/\/blogs.ua.es\/redesitis\/files\/2010\/09\/pvue_logo.gif\" alt=\"\" width=\"98\" height=\"60\" \/><img loading=\"lazy\" decoding=\"async\" class=\"alignright size-full wp-image-356\" src=\"https:\/\/blogs.ua.es\/redesitis\/files\/2010\/09\/cisco_logo.gif\" alt=\"\" width=\"140\" height=\"60\" \/><\/p>\n","protected":false},"excerpt":{"rendered":"<p>Cisco, lider mundial en sistemas de comunicaciones y dispositivos de red, a trav\u00e9s de su programa educativo\u00a0Cisco Networking Academy ( NetAcad ) busca contribuir a la preparaci\u00f3n de estudiantes Universitarios y\u00a0de Formaci\u00f3n Profesional, ofreciendo la posibilidad de\u00a0obtener certificaciones con reconocimiento internacional en la industria de las telecomunicaciones. La Certificaci\u00f3n Cisco es un plan de capacitaci\u00f3n [&hellip;]<\/p>\n","protected":false},"author":1686,"featured_media":0,"parent":8,"menu_order":3,"comment_status":"open","ping_status":"open","template":"","meta":{"footnotes":""},"class_list":["post-170","page","type-page","status-publish","hentry"],"_links":{"self":[{"href":"https:\/\/blogs.ua.es\/redesitis\/wp-json\/wp\/v2\/pages\/170","targetHints":{"allow":["GET"]}}],"collection":[{"href":"https:\/\/blogs.ua.es\/redesitis\/wp-json\/wp\/v2\/pages"}],"about":[{"href":"https:\/\/blogs.ua.es\/redesitis\/wp-json\/wp\/v2\/types\/page"}],"author":[{"embeddable":true,"href":"https:\/\/blogs.ua.es\/redesitis\/wp-json\/wp\/v2\/users\/1686"}],"replies":[{"embeddable":true,"href":"https:\/\/blogs.ua.es\/redesitis\/wp-json\/wp\/v2\/comments?post=170"}],"version-history":[{"count":12,"href":"https:\/\/blogs.ua.es\/redesitis\/wp-json\/wp\/v2\/pages\/170\/revisions"}],"predecessor-version":[{"id":172,"href":"https:\/\/blogs.ua.es\/redesitis\/wp-json\/wp\/v2\/pages\/170\/revisions\/172"}],"up":[{"embeddable":true,"href":"https:\/\/blogs.ua.es\/redesitis\/wp-json\/wp\/v2\/pages\/8"}],"wp:attachment":[{"href":"https:\/\/blogs.ua.es\/redesitis\/wp-json\/wp\/v2\/media?parent=170"}],"curies":[{"name":"wp","href":"https:\/\/api.w.org\/{rel}","templated":true}]}}