{"id":2,"date":"2010-06-14T13:59:14","date_gmt":"2010-06-14T13:59:14","guid":{"rendered":""},"modified":"2013-03-26T15:08:30","modified_gmt":"2013-03-26T15:08:30","slug":"informacion","status":"publish","type":"page","link":"https:\/\/blogs.ua.es\/redesitis\/informacion\/","title":{"rendered":"Informaci\u00f3n"},"content":{"rendered":"<p style=\"text-align: justify\">Bienvenido al blog de la asignatura \u201cRedes de Computadores\u201d de la titulaci\u00f3n de Grado en Inform\u00e1tica y de la antigua Ingenier\u00eda T\u00e9cnica en Inform\u00e1tica de Sistemas que se imparten en la Escuela Polit\u00e9cnica Superior de la Universidad de Alicante. Este blog se encuentra disponible on-line\u00a0para toda la comunidad universitaria en el enlace <a href=\"https:\/\/blogs.ua.es\/redesitis\/\">https:\/\/blogs.ua.es\/redesitis\/<\/a> y ha sido desarrollado con la plataforma WorldPress disponible\u00a0a trav\u00e9s del proyecto blogsUA de la Universidad de Alicante.<\/p>\n<p style=\"text-align: justify\">La asignatura de Redes de Computadores se distribuye en clases te\u00f3ricas y clases pr\u00e1cticas de laboratorio.\u00a0En los siguientes enlaces del canal de la UA en Youtube se puede visionar un video descriptivo de presentaci\u00f3n de la planificaci\u00f3n de la parte de <a href=\"http:\/\/www.youtube.com\/user\/UAVideoTube#p\/c\/2B58711C96A3C8AC\/34\/ecx5ke2MiYs\">teor\u00eda<\/a> y de la parte pr\u00e1ctica de la asignatura durante el curso 2010-2011. Tambi\u00e9n son accesibles desde el <a href=\"http:\/\/rua.ua.es\/dspace\/handle\/10045\/15585\">Repositorio<\/a> institucional de la Universidad de Alicante.<\/p>\n<p style=\"text-align: center\"><a href=\"http:\/\/rua.ua.es\/dspace\/handle\/10045\/15585\"><img loading=\"lazy\" decoding=\"async\" class=\"aligncenter size-full wp-image-365\" src=\"https:\/\/blogs.ua.es\/redesitis\/files\/2010\/06\/LogoRUAdocencia.gif\" alt=\"\" width=\"150\" height=\"47\" \/><\/a><\/p>\n<p style=\"text-align: justify\">Adem\u00e1s los contenidos de la asignatura en el plan de Ingenier\u00eda T\u00e9cnica en Inform\u00e1tica de Sistemas (titulaci\u00f3n a extinguir), durante el curso 2010-2011, son accesibles en formato de curso digital a trav\u00e9s de <a href=\"http:\/\/ocw.ua.es\/es\/ingenieria-y-arquitectura\/redes-2009.html\">OPEN COURSE WARE de Redes<\/a>. En breve se est\u00e1 en proceso de desarrollar un OCW para la nueva asignatura de Redes de Computadores del Grado en Inform\u00e1tica.<\/p>\n<p style=\"text-align: center\"><a href=\"http:\/\/ocw.ua.es\/es\/ingenieria-y-arquitectura\/redes-2009.html\"><img loading=\"lazy\" decoding=\"async\" class=\"aligncenter  wp-image-409\" src=\"https:\/\/blogs.ua.es\/redesitis\/files\/2010\/06\/imagen_ocw_redes2-300x232.jpg\" alt=\"\" width=\"300\" height=\"232\" srcset=\"https:\/\/blogs.ua.es\/redesitis\/files\/2010\/06\/imagen_ocw_redes2-300x232.jpg 300w, https:\/\/blogs.ua.es\/redesitis\/files\/2010\/06\/imagen_ocw_redes2-150x116.jpg 150w, https:\/\/blogs.ua.es\/redesitis\/files\/2010\/06\/imagen_ocw_redes2-1024x795.jpg 1024w, https:\/\/blogs.ua.es\/redesitis\/files\/2010\/06\/imagen_ocw_redes2.jpg 1280w\" sizes=\"auto, (max-width: 300px) 100vw, 300px\" \/><\/a><\/p>\n<p style=\"text-align: justify\">Este curso en formato digital del que los profesores somos los autores, tiene el placer de formar parte del <a href=\"http:\/\/ocw.ua.es\/\">OpenCourseWare de la Universidad de Alicante<\/a> en la misma edici\u00f3n en la que se ha recibido en Boston el premio <a href=\"http:\/\/noticias.universia.es\/vida-universitaria\/noticia\/2011\/05\/11\/821311\/ocw-consortium-premia-excelencia-celebra-diez-anos-PRINTABLE.html\">Landmark Site 2011<\/a> al \u201cSite de referencia en los Awards for OCWExcellence 2011\u201d del <a href=\"http:\/\/www.ocwconsortium.org\/\">OCW Consortium<\/a>.<\/p>\n<p style=\"text-align: center\"><img loading=\"lazy\" decoding=\"async\" class=\"size-medium wp-image-583 aligncenter\" src=\"https:\/\/blogs.ua.es\/redesitis\/files\/2010\/06\/premio_OCW-300x200.jpg\" alt=\"\" width=\"300\" height=\"200\" srcset=\"https:\/\/blogs.ua.es\/redesitis\/files\/2010\/06\/premio_OCW-300x200.jpg 300w, https:\/\/blogs.ua.es\/redesitis\/files\/2010\/06\/premio_OCW-150x100.jpg 150w, https:\/\/blogs.ua.es\/redesitis\/files\/2010\/06\/premio_OCW.jpg 1024w\" sizes=\"auto, (max-width: 300px) 100vw, 300px\" \/><\/p>\n","protected":false},"excerpt":{"rendered":"<p>Bienvenido al blog de la asignatura \u201cRedes de Computadores\u201d de la titulaci\u00f3n de Grado en Inform\u00e1tica y de la antigua Ingenier\u00eda T\u00e9cnica en Inform\u00e1tica de Sistemas que se imparten en la Escuela Polit\u00e9cnica Superior de la Universidad de Alicante. Este blog se encuentra disponible on-line\u00a0para toda la comunidad universitaria en el enlace https:\/\/blogs.ua.es\/redesitis\/ y ha [&hellip;]<\/p>\n","protected":false},"author":1686,"featured_media":0,"parent":0,"menu_order":0,"comment_status":"closed","ping_status":"closed","template":"","meta":{"footnotes":""},"class_list":["post-2","page","type-page","status-publish","hentry"],"_links":{"self":[{"href":"https:\/\/blogs.ua.es\/redesitis\/wp-json\/wp\/v2\/pages\/2","targetHints":{"allow":["GET"]}}],"collection":[{"href":"https:\/\/blogs.ua.es\/redesitis\/wp-json\/wp\/v2\/pages"}],"about":[{"href":"https:\/\/blogs.ua.es\/redesitis\/wp-json\/wp\/v2\/types\/page"}],"author":[{"embeddable":true,"href":"https:\/\/blogs.ua.es\/redesitis\/wp-json\/wp\/v2\/users\/1686"}],"replies":[{"embeddable":true,"href":"https:\/\/blogs.ua.es\/redesitis\/wp-json\/wp\/v2\/comments?post=2"}],"version-history":[{"count":40,"href":"https:\/\/blogs.ua.es\/redesitis\/wp-json\/wp\/v2\/pages\/2\/revisions"}],"predecessor-version":[{"id":1016,"href":"https:\/\/blogs.ua.es\/redesitis\/wp-json\/wp\/v2\/pages\/2\/revisions\/1016"}],"wp:attachment":[{"href":"https:\/\/blogs.ua.es\/redesitis\/wp-json\/wp\/v2\/media?parent=2"}],"curies":[{"name":"wp","href":"https:\/\/api.w.org\/{rel}","templated":true}]}}