{"id":385,"date":"2011-03-04T13:12:57","date_gmt":"2011-03-04T13:12:57","guid":{"rendered":"https:\/\/blogs.ua.es\/redesitis\/"},"modified":"2012-02-23T14:07:29","modified_gmt":"2012-02-23T14:07:29","slug":"practicas","status":"publish","type":"page","link":"https:\/\/blogs.ua.es\/redesitis\/programa\/practicas\/","title":{"rendered":"Pr\u00e1cticas"},"content":{"rendered":"<p style=\"text-align: justify\">Las pr\u00e1cticas constan de 13 sesiones distribuidas en 4 pr\u00e1cticas de 3 o 4 sesiones de 2 horas cada una. La evaluaci\u00f3n de las pr\u00e1cticas (50% de la nota global) se realiza mediante un cuestionario de preguntas de test y ejercicios pr\u00e1cticos a trav\u00e9s de un formulario web desarrollado con la herramienta quiz en la plataforma educacional LCMS <a href=\"https:\/\/moodle.ua.es\/moodle\/course\/index.php\">Moodle-UA<\/a>.\u00a0Cada pr\u00e1ctica consta de una guia interactiva\u00a0en formato web, introducida en Moodle-UA como paquetes <a href=\"http:\/\/docs.moodle.org\/es\/SCORM\">SCORM<\/a> creados a trav\u00e9s de la herramienta <a href=\"https:\/\/blogs.ua.es\/pgil\/\">WimbaCreate<\/a>. Estos materiales s\u00f3lo est\u00e1n disponibles para los alumnos matriculados en la asignatura a trav\u00e9s del <a href=\"https:\/\/cv1.cpd.ua.es\/webcv\/default.asp?p1=C\">campus virtual <\/a>propio de la Universidad de Alicante.<\/p>\n<p style=\"text-align: justify\">Los contenidos son:<\/p>\n<ul style=\"text-align: justify\">\n<li>\n<div style=\"text-align: justify\"><span style=\"font-family: TTFFB91528t00;color: #33339a;font-size: x-small\"><span style=\"font-family: TTFFB91528t00;color: #33339a;font-size: x-small\"><span style=\"font-family: TTFFB91528t00;color: #33339a;font-size: x-small\"><span style=\"color: #888888\">PR\u00c1CTICA 1:\u00a0<\/span><\/span><\/span><\/span><\/div>\n<\/li>\n<ul>\n<li><span style=\"font-family: TTFFB91528t00;color: #33339a;font-size: x-small\"><span style=\"font-family: TTFFB91528t00;color: #33339a;font-size: x-small\"><span style=\"font-family: TTFFB91528t00;color: #33339a;font-size: x-small\"><span style=\"color: #888888\">Sesi\u00f3n 1: TCP\/IP sobre tecnolog\u00eda Ethernet<br \/>\n<\/span><\/span><\/span><\/span><\/li>\n<li><span style=\"font-family: TTFFB91528t00;color: #33339a;font-size: x-small\"><span style=\"font-family: TTFFB91528t00;color: #33339a;font-size: x-small\"><span style=\"font-family: TTFFB91528t00;color: #33339a;font-size: x-small\"><span style=\"color: #888888\">Sesi\u00f3n 2: Direccionamiento f\u00edsico: Protocolo ARP<br \/>\n<\/span><\/span><\/span><\/span><\/li>\n<li><span style=\"font-family: TTFFB91528t00;color: #33339a;font-size: x-small\"><span style=\"font-family: TTFFB91528t00;color: #33339a;font-size: x-small\"><span style=\"font-family: TTFFB91528t00;color: #33339a;font-size: x-small\"><span style=\"color: #888888\">Sesi\u00f3n 3: Datagramas IP y Protocolo ICMP<br \/>\n<\/span><\/span><\/span><\/span><\/li>\n<li><span style=\"font-family: TTFFB91528t00;color: #33339a;font-size: x-small\"><span style=\"font-family: TTFFB91528t00;color: #33339a;font-size: x-small\"><span style=\"font-family: TTFFB91528t00;color: #33339a;font-size: x-small\"><span style=\"color: #888888\">Sesi\u00f3n 4: Repaso y prueba de evaluaci\u00f3n<br \/>\n<\/span><\/span><\/span><\/span><\/li>\n<\/ul>\n<li>\n<div style=\"text-align: justify\"><span style=\"font-family: TTFFB91528t00;color: #33339a;font-size: x-small\"><span style=\"font-family: TTFFB91528t00;color: #33339a;font-size: x-small\"><span style=\"font-family: TTFFB91528t00;color: #33339a;font-size: x-small\"><span style=\"color: #888888\">PR\u00c1CTICA 2:<br \/>\n<\/span><\/span><\/span><\/span><\/div>\n<\/li>\n<ul>\n<li><span style=\"font-family: TTFFB91528t00;color: #33339a;font-size: x-small\"><span style=\"font-family: TTFFB91528t00;color: #33339a;font-size: x-small\"><span style=\"font-family: TTFFB91528t00;color: #33339a;font-size: x-small\"><span style=\"color: #888888\">Sesi\u00f3n 5: Fragmentaci\u00f3n: IP<br \/>\n<\/span><\/span><\/span><\/span><\/li>\n<li><span style=\"font-family: TTFFB91528t00;color: #33339a;font-size: x-small\"><span style=\"font-family: TTFFB91528t00;color: #33339a;font-size: x-small\"><span style=\"font-family: TTFFB91528t00;color: #33339a;font-size: x-small\"><span style=\"color: #888888\">Sesi\u00f3n 6: Segmentaci\u00f3n TCP<br \/>\n<\/span><\/span><\/span><\/span><\/li>\n<li><span style=\"font-family: TTFFB91528t00;color: #33339a;font-size: x-small\"><span style=\"font-family: TTFFB91528t00;color: #33339a;font-size: x-small\"><span style=\"font-family: TTFFB91528t00;color: #33339a;font-size: x-small\"><span style=\"color: #888888\">Sesi\u00f3n 7: Repaso y prueba de evaluaci\u00f3n<br \/>\n<\/span><\/span><\/span><\/span><\/li>\n<\/ul>\n<li><span style=\"font-family: TTFFB91528t00;color: #33339a;font-size: x-small\"><span style=\"font-family: TTFFB91528t00;color: #33339a;font-size: x-small\"><span style=\"font-family: TTFFB91528t00;color: #33339a;font-size: x-small\"><span style=\"color: #888888\">PR\u00c1CTICA 3:<br \/>\n<\/span><\/span><\/span><\/span><\/li>\n<ul>\n<li><span style=\"font-family: TTFFB91528t00;color: #33339a;font-size: x-small\"><span style=\"font-family: TTFFB91528t00;color: #33339a;font-size: x-small\"><span style=\"font-family: TTFFB91528t00;color: #33339a;font-size: x-small\"><span style=\"color: #888888\">Sesi\u00f3n 8: Tablas de encaminamiento<br \/>\n<\/span><\/span><\/span><\/span><\/li>\n<li><span style=\"font-family: TTFFB91528t00;color: #33339a;font-size: x-small\"><span style=\"font-family: TTFFB91528t00;color: #33339a;font-size: x-small\"><span style=\"font-family: TTFFB91528t00;color: #33339a;font-size: x-small\"><span style=\"color: #888888\">Sesi\u00f3n 9: Traducci\u00f3n de direcciones. NAT y PAT<br \/>\n<\/span><\/span><\/span><\/span><\/li>\n<li><span style=\"font-family: TTFFB91528t00;color: #33339a;font-size: x-small\"><span style=\"font-family: TTFFB91528t00;color: #33339a;font-size: x-small\"><span style=\"font-family: TTFFB91528t00;color: #33339a;font-size: x-small\"><span style=\"color: #888888\">Sesi\u00f3n 10: Repaso y prueba de evaluaci\u00f3n<br \/>\n<\/span><\/span><\/span><\/span><\/li>\n<\/ul>\n<li><span style=\"font-family: TTFFB91528t00;color: #33339a;font-size: x-small\"><span style=\"font-family: TTFFB91528t00;color: #33339a;font-size: x-small\"><span style=\"font-family: TTFFB91528t00;color: #33339a;font-size: x-small\"><span style=\"color: #888888\">PR\u00c1CTICA 4:<br \/>\n<\/span><\/span><\/span><\/span><\/li>\n<ul>\n<li><span style=\"font-family: TTFFB91528t00;color: #33339a;font-size: x-small\"><span style=\"font-family: TTFFB91528t00;color: #33339a;font-size: x-small\"><span style=\"font-family: TTFFB91528t00;color: #33339a;font-size: x-small\"><span style=\"color: #888888\">Sesi\u00f3n 11: Listas de acceso: ACL<br \/>\n<\/span><\/span><\/span><\/span><\/li>\n<li><span style=\"font-family: TTFFB91528t00;color: #33339a;font-size: x-small\"><span style=\"font-family: TTFFB91528t00;color: #33339a;font-size: x-small\"><span style=\"font-family: TTFFB91528t00;color: #33339a;font-size: x-small\"><span style=\"color: #888888\">Sesi\u00f3n 12: Encaminamiento din\u00e1mico: RIP<br \/>\n<\/span><\/span><\/span><\/span><\/li>\n<li><span style=\"font-family: TTFFB91528t00;color: #33339a;font-size: x-small\"><span style=\"font-family: TTFFB91528t00;color: #33339a;font-size: x-small\"><span style=\"font-family: TTFFB91528t00;color: #33339a;font-size: x-small\"><span style=\"color: #888888\">Sesi\u00f3n 13: Repaso y prueba de evaluaci\u00f3n<br \/>\n<\/span><\/span><\/span><\/span><\/li>\n<\/ul>\n<\/ul>\n<p style=\"text-align: justify\">En las pr\u00e1cticas se est\u00e1n elaborando una serie de v\u00eddeos did\u00e1cticos para entender el funcionamiento de algunos de los protocolos TCP\/IP que se abordan en los contenidos. A continuaci\u00f3n se muestran algunos de los videos elaborados por los alumnos de la asignatura.<\/p>\n<p><code><strong>Video de funcionamiento paquetes ARP<\/strong><\/code><\/p>\n<p><code>[kml_flashembed movie=\"http:\/\/www.youtube.com\/v\/8fvObsuI0II\" width=\"420\" height=\"315\" wmode=\"transparent\" \/]<\/code><\/p>\n<p><code><strong>Video de paquetes ICMP Echo Request y Echo Reply<\/strong><\/code><\/p>\n<p style=\"text-align: justify\"><code>[kml_flashembed movie=\"http:\/\/www.youtube.com\/v\/eL015GJGPU4\" width=\"420\" height=\"315\" wmode=\"transparent\" \/]<\/code><\/p>\n<p><code><strong>V\u00eddeo de funcionamiento paquetes ARP\/ICMP en redes con varios segmentos de red<\/strong><\/code><\/p>\n<p><code>[kml_flashembed movie=\"http:\/\/www.youtube.com\/v\/g3-KPDlgShs\" width=\"420\" height=\"315\" wmode=\"transparent\" \/]<\/code><\/p>\n<p><code><strong>1\u00ba V\u00eddeo de funcionamiento de mensajes de error ICMP-Redirect<\/strong><\/code><\/p>\n<p><code>[kml_flashembed movie=\"http:\/\/www.youtube.com\/v\/NuYcg_mZWqY\" width=\"420\" height=\"315\" wmode=\"transparent\" \/]<\/code><\/p>\n<p><code><strong>2\u00ba V\u00eddeo de funcionamiento de mensajes de error ICMP-Redirect<\/strong><\/code><\/p>\n<p><code>[kml_flashembed movie=\"http:\/\/www.youtube.com\/v\/JAuC7gd1cSI\" width=\"420\" height=\"315\" wmode=\"transparent\" \/]<\/code><\/p>\n<p><code><strong>V\u00eddeo de funcionamiento de la fragmentaci\u00f3n de paquetes en IPv4<\/strong><\/code><\/p>\n<p><code>[kml_flashembed movie=\"http:\/\/www.youtube.com\/v\/Kd0mRIGqAGM\" width=\"420\" height=\"315\" wmode=\"transparent\" \/]<\/code><\/p>\n<p><code><strong>V\u00eddeo de funcionamiento de mensajes de error ICMP-Time Exceeded in Transit<br \/>\n<\/strong><\/code><\/p>\n<p><code><strong><code>[kml_flashembed movie=\"http:\/\/www.youtube.com\/v\/x0yg3Ch6Tqk\" width=\"420\" height=\"315\" wmode=\"transparent\" \/]<\/code> <\/strong><\/code><\/p>\n<p><code><strong>V\u00eddeo de funcionamiento de segmentaci\u00f3n y negociaci\u00f3n MSS en TCP<br \/>\n<\/strong><\/code><\/p>\n<p><code>[kml_flashembed movie=\"http:\/\/www.youtube.com\/v\/dVqMiYbYjVg\" width=\"420\" height=\"315\" wmode=\"transparent\" \/]<\/code><\/p>\n<p><code><strong>V\u00eddeo de funcionamiento de control de flujo mediante ventana deslizante en TCP<\/strong><\/code><\/p>\n<p><code>[kml_flashembed movie=\"http:\/\/www.youtube.com\/v\/ZBgEBU7JTYk\" width=\"420\" height=\"315\" wmode=\"transparent\" \/]<\/code><\/p>\n","protected":false},"excerpt":{"rendered":"<p>Las pr\u00e1cticas constan de 13 sesiones distribuidas en 4 pr\u00e1cticas de 3 o 4 sesiones de 2 horas cada una. La evaluaci\u00f3n de las pr\u00e1cticas (50% de la nota global) se realiza mediante un cuestionario de preguntas de test y ejercicios pr\u00e1cticos a trav\u00e9s de un formulario web desarrollado con la herramienta quiz en la [&hellip;]<\/p>\n","protected":false},"author":1686,"featured_media":0,"parent":4,"menu_order":0,"comment_status":"open","ping_status":"open","template":"","meta":{"footnotes":""},"class_list":["post-385","page","type-page","status-publish","hentry"],"_links":{"self":[{"href":"https:\/\/blogs.ua.es\/redesitis\/wp-json\/wp\/v2\/pages\/385","targetHints":{"allow":["GET"]}}],"collection":[{"href":"https:\/\/blogs.ua.es\/redesitis\/wp-json\/wp\/v2\/pages"}],"about":[{"href":"https:\/\/blogs.ua.es\/redesitis\/wp-json\/wp\/v2\/types\/page"}],"author":[{"embeddable":true,"href":"https:\/\/blogs.ua.es\/redesitis\/wp-json\/wp\/v2\/users\/1686"}],"replies":[{"embeddable":true,"href":"https:\/\/blogs.ua.es\/redesitis\/wp-json\/wp\/v2\/comments?post=385"}],"version-history":[{"count":48,"href":"https:\/\/blogs.ua.es\/redesitis\/wp-json\/wp\/v2\/pages\/385\/revisions"}],"predecessor-version":[{"id":842,"href":"https:\/\/blogs.ua.es\/redesitis\/wp-json\/wp\/v2\/pages\/385\/revisions\/842"}],"up":[{"embeddable":true,"href":"https:\/\/blogs.ua.es\/redesitis\/wp-json\/wp\/v2\/pages\/4"}],"wp:attachment":[{"href":"https:\/\/blogs.ua.es\/redesitis\/wp-json\/wp\/v2\/media?parent=385"}],"curies":[{"name":"wp","href":"https:\/\/api.w.org\/{rel}","templated":true}]}}