{"id":4,"date":"2010-06-14T14:07:29","date_gmt":"2010-06-14T14:07:29","guid":{"rendered":"https:\/\/blogs.ua.es\/redesitis\/?page_id=4"},"modified":"2013-03-26T15:10:32","modified_gmt":"2013-03-26T15:10:32","slug":"programa","status":"publish","type":"page","link":"https:\/\/blogs.ua.es\/redesitis\/programa\/","title":{"rendered":"Programa"},"content":{"rendered":"<p><strong>CAP\u00cdTULO 1. INTRODUCCI\u00d3N A LAS REDES DE COMPUTADORES<\/strong><br \/>\n1.1. Definici\u00f3n y conceptos<br \/>\n1.2. Tipos de redes y topolog\u00eda<br \/>\n1.3. Arquitecturas de red<br \/>\n1.3.1.\u00a0Modelo de referencia OSI\/ISO<br \/>\n1.3.2.\u00a0Modelo de referencia TCP\/IP<\/p>\n<p><strong>CAP\u00cdTULO 2. NIVEL F\u00cdSICO<br \/>\n<\/strong>2.1.\u00a0Introducci\u00f3n. Funciones de la capa f\u00edsica<br \/>\n2.2.\u00a0Fundamentos de la transmisi\u00f3n de datos<br \/>\n2.2.1. Prestaciones del medio f\u00edsico: Velocidad y ancho de banda<br \/>\n2.2.2. Perturbaciones del medio f\u00edsico<br \/>\n2.2.3. Tipos de transmisi\u00f3n: anal\u00f3gica y digital<br \/>\n2.2.4. Filtrado de se\u00f1ales<br \/>\n2.3. Codificaci\u00f3n de datos<br \/>\n2.3.1. Banda base<br \/>\n2.3.1.1.\u00a0Codificaci\u00f3n binaria: RZ, NRZ, NRZI, AMI<br \/>\n2.3.1.2.\u00a0Codificaci\u00f3n Manchester y Manchester diferencial<br \/>\n2.3.1.3.\u00a0Codificaciones mBnL<br \/>\n2.3.2. Banda modulada: ASK, PSK, FSK, QPSK, QAM, MFSK<br \/>\n2.3.3. Modulaciones digitales: PCM, PCM diferencial, Delta modulaci\u00f3n<br \/>\n2.4. Medios de transmisi\u00f3n<br \/>\n2.4.1. Normativas, organizaciones y est\u00e1ndares<br \/>\n2.4.2. Par trenzado<br \/>\n2.4.2. Cable coaxial<br \/>\n2.4.3. Fibra \u00f3ptico<br \/>\n2.4.4. Inal\u00e1mbricos (ondas de radio)<br \/>\n2.5. Multiplexado de datos<br \/>\n2.5.1. Multiplexado por divisi\u00f3n en frecuencias (FDM)<br \/>\n2.5.2. Multiplexado por divisi\u00f3n en tiempos (TDM)<\/p>\n<p><strong>CAP\u00cdTULO 3. NIVEL DE ENLACE<br \/>\n<\/strong>3.1. Introducci\u00f3n. Funciones del nivel de enlace<br \/>\n3.2. Norma IEEE 802.x dentro del modelo OSI: subniveles MAC y LLC<br \/>\n3.3. Subnivel MAC. M\u00e9todos de acceso al medio: CSMA-CD, CSMA-CA, etc.<br \/>\n3.3.1. LAN 802.3 (Ethernet)<br \/>\n3.3.2.\u00a0LAN 802.5 (Token Ring)<br \/>\n3.3.3. LAN 802.11 (WiFi)<br \/>\n3.3.4. LAN ANSI X3T12 (FDDI)<br \/>\n3.4.\u00a0Subnivel LLC: Control de flujo en LAN<br \/>\n3.4.1. Servicios relacionados con el control de flujo<br \/>\n3.4.2. M\u00e9todo de parada y espera<br \/>\n3.4.3. M\u00e9todo de ventana deslizante<br \/>\n3.5. Redes conmutada<br \/>\n3.5.1. Dipositivos de interconexi\u00f3n nivel f\u00edsico y enlace: HUB, SWITCH, BRIDGE<br \/>\n3.5.2. Tipos de conmutadores: Pass-through, Store-forward, fragment free<br \/>\n3.5.3. Ejemplos: Fast-Ethernet y GigaEthernet<\/p>\n<p><strong>CAP\u00cdTULO 4. NIVEL DE RED<br \/>\n<\/strong>4.1.\u00a0Interconexi\u00f3n de redes<br \/>\n4.1.1. Dispositivos de interconexi\u00f3n nivel de red: ROUTER<br \/>\n4.1.2. GATEWAYS<br \/>\n4.2. Caracter\u00edsticas y diferencias IPv4 e IPv6<br \/>\n4.2.1. Formato de paquetes. Encapsulamiento<br \/>\n4.2.2. Direccionamiento<br \/>\n4.2.3. Mensajes de control de error: ICMP<br \/>\n4.2.4. Direccionamiento avanzado: Transici\u00f3n entre IPv4 e IPv6<br \/>\n4.2.5. Est\u00e1ndares y normativas IPv6<br \/>\n4.3. Mecanismos de encaminamiento<br \/>\n4.3.1. Inundaci\u00f3n<br \/>\n4.3.2. Encaminamiento fijo o est\u00e1tico<br \/>\n4.3.3. Encaminamiento din\u00e1mico o adaptativo<br \/>\n4.4. Algoritmos de c\u00e1lculo de ruta \u00f3ptima<br \/>\n4.4.1. Algoritmo de Dijkstra<br \/>\n4.4.2. Algoritmo de Bellman-Ford<br \/>\n4.5. Protocolos de encaminamiento<br \/>\n4.5.1. Interiores (IGP): RIP e IGRP<br \/>\n4.5.2. Exteriores (EGP): EIGRP<\/p>\n<p><strong>CAP\u00cdTULO 5. NIVEL DE TRANSPORTE<\/strong><br \/>\n5.1. Introducci\u00f3n. Funciones del nivel de transporte<br \/>\n5.2. Transporte sin conexi\u00f3n: Protocolo UDP<br \/>\n5.2.1. Formato de paquetes. Encapsulamiento.<br \/>\n5.3. Transporte con conexi\u00f3n: Protocolo TCP<br \/>\n5.3.1. Formato de paquetes. Encapsulamiento.<br \/>\n5.3.2. Control de flujo e intercambio de informaci\u00f3n<br \/>\n6.3.3. Control de congesti\u00f3n<\/p>\n<p><strong>CAP\u00cdTULO 6. ACCESO A SERVICIOS DE INTERNET<\/strong><br \/>\n6.1. Introducci\u00f3n. Redes p\u00fablicas de datos (WAN)<br \/>\n6.2. Acceso a WAN mediante l\u00ednea de abonado digital<br \/>\n6.2.1. L\u00ednea de abonado asim\u00e9trica: ADSL, ANDSL2, ADSL2+<br \/>\n6.2.2. Otras l\u00edneas de abonado sobre l\u00ednea de cobre: VDSL y VDSL2<br \/>\n6.2.3. L\u00edneas de fibra \u00f3ptica: FFTH<br \/>\n6.3. Acceso a WAN mediante cable-modem<\/p>\n<p><strong><a href=\"http:\/\/ocw.ua.es\/ingenieria-arquitectura\/redes\/Course_listing\"><img loading=\"lazy\" decoding=\"async\" src=\"https:\/\/blogs.ua.es\/redesitis\/files\/2010\/06\/bs_1052_copy2-150x99.jpg\" alt=\"\" width=\"150\" height=\"99\" \/><\/a><strong>\u00a0<\/strong><\/strong><\/p>\n<p style=\"text-align: justify\"><strong><strong>NOTA: Las transparencias del programa completo de la asignatura\u00a0 son de acceso restringido a alumnos matriculados en la Universidad de Alicante. No obstante es de acceso libre a trav\u00e9s del repositorio de la propia universidad\u00a0 RUA y del <a href=\"http:\/\/ocw.ua.es\/es\/ingenieria-y-arquitectura\/redes-2009.html\">OpenCourseWare<\/a>, una versi\u00f3n no renovada de dichas transparencias.<\/strong><\/strong><\/p>\n<p><strong>\u00a0<\/strong><\/p>\n<p style=\"text-align: justify\"><strong><br \/>\n<\/strong><\/p>\n","protected":false},"excerpt":{"rendered":"<p>CAP\u00cdTULO 1. INTRODUCCI\u00d3N A LAS REDES DE COMPUTADORES 1.1. Definici\u00f3n y conceptos 1.2. Tipos de redes y topolog\u00eda 1.3. Arquitecturas de red 1.3.1.\u00a0Modelo de referencia OSI\/ISO 1.3.2.\u00a0Modelo de referencia TCP\/IP CAP\u00cdTULO 2. NIVEL F\u00cdSICO 2.1.\u00a0Introducci\u00f3n. Funciones de la capa f\u00edsica 2.2.\u00a0Fundamentos de la transmisi\u00f3n de datos 2.2.1. Prestaciones del medio f\u00edsico: Velocidad y ancho de [&hellip;]<\/p>\n","protected":false},"author":1686,"featured_media":0,"parent":0,"menu_order":2,"comment_status":"closed","ping_status":"closed","template":"","meta":{"footnotes":""},"class_list":["post-4","page","type-page","status-publish","hentry"],"_links":{"self":[{"href":"https:\/\/blogs.ua.es\/redesitis\/wp-json\/wp\/v2\/pages\/4","targetHints":{"allow":["GET"]}}],"collection":[{"href":"https:\/\/blogs.ua.es\/redesitis\/wp-json\/wp\/v2\/pages"}],"about":[{"href":"https:\/\/blogs.ua.es\/redesitis\/wp-json\/wp\/v2\/types\/page"}],"author":[{"embeddable":true,"href":"https:\/\/blogs.ua.es\/redesitis\/wp-json\/wp\/v2\/users\/1686"}],"replies":[{"embeddable":true,"href":"https:\/\/blogs.ua.es\/redesitis\/wp-json\/wp\/v2\/comments?post=4"}],"version-history":[{"count":23,"href":"https:\/\/blogs.ua.es\/redesitis\/wp-json\/wp\/v2\/pages\/4\/revisions"}],"predecessor-version":[{"id":23,"href":"https:\/\/blogs.ua.es\/redesitis\/wp-json\/wp\/v2\/pages\/4\/revisions\/23"}],"wp:attachment":[{"href":"https:\/\/blogs.ua.es\/redesitis\/wp-json\/wp\/v2\/media?parent=4"}],"curies":[{"name":"wp","href":"https:\/\/api.w.org\/{rel}","templated":true}]}}