{"id":6,"date":"2010-07-05T14:31:29","date_gmt":"2010-07-05T14:31:29","guid":{"rendered":"https:\/\/blogs.ua.es\/redesitis\/?page_id=6"},"modified":"2012-03-01T15:47:24","modified_gmt":"2012-03-01T15:47:24","slug":"bibliografia","status":"publish","type":"page","link":"https:\/\/blogs.ua.es\/redesitis\/bibliografia\/","title":{"rendered":"Bibliograf\u00eda"},"content":{"rendered":"<p style=\"text-align: justify\">Como textos b\u00e1sicos de refrencia se emplear\u00e1n:<\/p>\n<p style=\"padding-left: 30px;text-align: justify\">\u2022\u00a0<strong>[Gil, 2010]<\/strong> P.Gil, J. Pomares, F.A. Candelas, \u201c<em>Redes y Transmisi\u00f3n de Datos<\/em>\u201d. <a href=\"http:\/\/publicaciones.ua.es\/publica\/ficha.aspx?fndCod=LI9788497171250\" target=\"_blank\">Publicaciones Universidad de Alicante<\/a>,\u00a02010. Transparencias asociadas al libro en <a href=\"http:\/\/rua.ua.es\/dspace\/handle\/10045\/15586\">Repositorio<\/a> de la Universidad de Alicante (RUA)<\/p>\n<p style=\"padding-left: 30px;text-align: justify\">\u00a0<strong>\u2022\u00a0<strong><\/strong>[Torres, 2001]<\/strong> F. Torres, F.A. Candelas, S.T. Puente, \u201c<em>Sistemas para la Transmisi\u00f3n de Datos<\/em>\u201d. 2\u00ba Edici\u00f3n. Publicaciones Universidad de Alicante, Alicante, 2001.<\/p>\n<p style=\"text-align: justify\">Otras fuentes bibliogr\u00e1ficas que adem\u00e1s del texto b\u00e1sico de referencia permiten realizar aclaraciones conceptuales al estudiante son, por orden alfab\u00e9tico, las siguientes:<\/p>\n<p style=\"padding-left: 30px;text-align: justify\">\u2022\u00a0<strong>[Barcia, 2005]<\/strong>N. Barcia, C. Fernandez, S. Frutos, G. G\u00f3mez y otros, \u201c<em>Redes de computadores y arquitecturas de\u00a0\u00a0\u00a0 comunicaciones. Supuestos pr\u00e1cticos<\/em>\u201d. Prentice-Hall, Madrid, 2005.<\/p>\n<p style=\"padding-left: 30px;text-align: justify\">\u2022\u00a0<strong>[Beasley, 2008]<\/strong> J. S. Beasley, \u201c<em>Networking<\/em>\u201d. 2\u00ba Edici\u00f3n. Pearson Education, Michigan, 2008.<\/p>\n<p style=\"padding-left: 30px;text-align: justify\">\u2022\u00a0<strong>[Bern\u00e1, 2002] <\/strong>J.A. Bern\u00e1, M. P\u00e9rez, L.M. Cr3espo, \u201c<em>Redes de Computadores para Ingenieros en Inform\u00e1tica<\/em>\u201d. Publicaciones Universidad de Alicante, Alicante, 2002.<\/p>\n<p style=\"padding-left: 30px;text-align: justify\">\u2022\u00a0<strong>[Cisco, 2008a]<\/strong> \u201c<em>Academia de Networking de Cisco Systems: Gu\u00eda del primer a\u00f1o CCNA 1 y 2<\/em>\u201d. 3\u00ba Edici\u00f3n. Cisco Press, Madrid, 2008.<\/p>\n<p style=\"padding-left: 30px;text-align: justify\">\u2022\u00a0<strong>[Cisco, 2008b]<\/strong> \u201c<em>Academia de Networking de Cisco Systems: Gu\u00eda del segundo a\u00f1o CCNA 3 y 4<\/em>\u201d. 3\u00ba Edici\u00f3n. Cisco Press, Madrid, 2008.<\/p>\n<p style=\"padding-left: 30px;text-align: justify\">\u2022\u00a0<strong>[Forouzan, 2007]<\/strong> B. Forouzan, \u201c<em>Transmisi\u00f3n de datos y redes de comunicaciones<\/em>\u201d. 4\u00ba Edici\u00f3n. Mc-Graw Hill, Madrid, 2007.<\/p>\n<p style=\"padding-left: 30px;text-align: justify\">\u2022\u00a0<strong>[Kurose, 2004]<\/strong> J. F. Kurose, K.W. Ross, \u201c<em>Redes de Computadores: Un Enfoque Descendente Basado en Internet<\/em>\u201d. 2\u00ba Edici\u00f3n. Pearson Education, Madrid, 2004.<\/p>\n<p style=\"padding-left: 30px;text-align: justify\">\u2022\u00a0<strong>[Maga\u00f1a, 2003]<\/strong> E. Maga\u00f1a, E. Izkue, M. Prieto, J. Villadangos, \u201c<em>Comunicaciones y Redes de Computadores. Problemas y ejercicios resueltos<\/em>\u201d. Prentice-Hall, Madrid, 2003.<\/p>\n<p style=\"padding-left: 30px;text-align: justify\">\u2022\u00a0<strong>[Stallings, 2004]<\/strong> W. Stallings, \u201c<em>Comunicaciones y Redes de Computadores<\/em>\u201d. 7\u00ba Edici\u00f3n. Pearson Education, Madrid, 2004.<\/p>\n<p style=\"padding-left: 30px;text-align: justify\">\u2022\u00a0<strong>[Tanenbaum, 2003]<\/strong> A.S. Tanenbaum, \u201c<em>Redes de Computadoras<\/em>\u201d. 4\u00ba Edici\u00f3n. Pearson Education, Mexico, 2003.<\/p>\n<p style=\"padding-left: 30px;text-align: justify\">\n","protected":false},"excerpt":{"rendered":"<p>Como textos b\u00e1sicos de refrencia se emplear\u00e1n: \u2022\u00a0[Gil, 2010] P.Gil, J. Pomares, F.A. Candelas, \u201cRedes y Transmisi\u00f3n de Datos\u201d. Publicaciones Universidad de Alicante,\u00a02010. Transparencias asociadas al libro en Repositorio de la Universidad de Alicante (RUA) \u00a0\u2022\u00a0[Torres, 2001] F. Torres, F.A. Candelas, S.T. Puente, \u201cSistemas para la Transmisi\u00f3n de Datos\u201d. 2\u00ba Edici\u00f3n. Publicaciones Universidad de Alicante, [&hellip;]<\/p>\n","protected":false},"author":1686,"featured_media":0,"parent":0,"menu_order":3,"comment_status":"closed","ping_status":"closed","template":"","meta":{"footnotes":""},"class_list":["post-6","page","type-page","status-publish","hentry"],"_links":{"self":[{"href":"https:\/\/blogs.ua.es\/redesitis\/wp-json\/wp\/v2\/pages\/6","targetHints":{"allow":["GET"]}}],"collection":[{"href":"https:\/\/blogs.ua.es\/redesitis\/wp-json\/wp\/v2\/pages"}],"about":[{"href":"https:\/\/blogs.ua.es\/redesitis\/wp-json\/wp\/v2\/types\/page"}],"author":[{"embeddable":true,"href":"https:\/\/blogs.ua.es\/redesitis\/wp-json\/wp\/v2\/users\/1686"}],"replies":[{"embeddable":true,"href":"https:\/\/blogs.ua.es\/redesitis\/wp-json\/wp\/v2\/comments?post=6"}],"version-history":[{"count":18,"href":"https:\/\/blogs.ua.es\/redesitis\/wp-json\/wp\/v2\/pages\/6\/revisions"}],"predecessor-version":[{"id":35,"href":"https:\/\/blogs.ua.es\/redesitis\/wp-json\/wp\/v2\/pages\/6\/revisions\/35"}],"wp:attachment":[{"href":"https:\/\/blogs.ua.es\/redesitis\/wp-json\/wp\/v2\/media?parent=6"}],"curies":[{"name":"wp","href":"https:\/\/api.w.org\/{rel}","templated":true}]}}