{"id":7,"date":"2011-05-03T17:50:27","date_gmt":"2011-05-03T17:50:27","guid":{"rendered":"https:\/\/blogs.ua.es\/redesitis\/libro\/"},"modified":"2012-03-21T16:06:51","modified_gmt":"2012-03-21T16:06:51","slug":"libro","status":"publish","type":"page","link":"https:\/\/blogs.ua.es\/redesitis\/libro\/","title":{"rendered":"Public."},"content":{"rendered":"<p><img loading=\"lazy\" decoding=\"async\" src=\"https:\/\/blogs.ua.es\/redesitis\/files\/2010\/09\/LI97884971712508-108x150.gif\" alt=\"\" width=\"108\" height=\"150\" \/><\/p>\n<p style=\"text-align: justify\">T\u00edtulo:<strong> Redes y Transmisi\u00f3n de Datos.<\/strong><\/p>\n<p style=\"text-align: justify\">Autores:<strong> Pablo Gil, Jorge Pomares, Francisco Candelas.<\/strong><\/p>\n<p style=\"text-align: justify\">Detalles del Producto:<br \/>\nN\u00famero de p\u00e1ginas:\u00a0\u00a0192<br \/>\nEditorial: <a title=\"Servicio de Publicaciones\" href=\"http:\/\/publicaciones.ua.es\/publica\/ficha.aspx?fndCod=LI9788497171250\" target=\"_blank\">Servicio de Publicaciones de la Universidad de Alicante<\/a><\/p>\n<p style=\"text-align: left\">Edici\u00f3n: 1\u00ba Edici\u00f3n<br \/>\nLenguaje: Espa\u00f1ol<br \/>\nISBN:\u00a0978-84-9717-125-0<br \/>\nDimensiones:\u00a017&#215;24<br \/>\nPrecio estimado: 18\u20ac<\/p>\n<p style=\"text-align: left\">Descripci\u00f3n:<\/p>\n<p style=\"text-align: justify\">Este libro ser\u00e1\u00a0empleado como texto b\u00e1sico de referencia para los estudiantes de Redes de Computadores en la titulaci\u00f3n de Ingenier\u00eda T\u00e9cnica en Inform\u00e1tica de Sistemas durante el curso 2010-2011. Sus contenidos se han dise\u00f1ado para cubrir aspectos tanto b\u00e1sicos como especificos de: transmisiones y codificaci\u00f3n de datos, multiplexaci\u00f3n de datos, control de enlace de datos, conmutaci\u00f3n de paquetes, as\u00ed como algoritmos y protocolos de enrutamiento de las redes LAN m\u00e1s extendidas.<br \/>\nPara facilitar la comprensi\u00f3n, este texto se ha estructurado en nueve cap\u00edtulos. Cada uno de los cuales presenta un resumen general, un breve indice de contenidos, una lista de objetivos b\u00e1sicos espec\u00edficos que se pretende alcanzar y por \u00faltimo, un \u00edndice de palabras claves para facilitar la b\u00fasqueda conceptual. Finalmente, destacar que este libro nace con la intenci\u00f3n de ayudar en el proceso de aprendizaje a todos aquellos estudiantes de Redes y Transmisi\u00f3n de Datos. Por este motivo, a lo largo del libro, se proporcionan ilustraciones, gr\u00e1ficos, ejemplos y ejercicios modelo que buscan presentar los contenidos de una manera concisa y con la mayor precisi\u00f3n posible.<\/p>\n<p style=\"text-align: justify\"><a href=\"http:\/\/rua.ua.es\/dspace\/handle\/10045\/15586\"><img loading=\"lazy\" decoding=\"async\" class=\"alignleft size-thumbnail wp-image-326\" src=\"https:\/\/blogs.ua.es\/redesitis\/files\/2010\/09\/bs_1052_copy-150x99.jpg\" alt=\"\" width=\"150\" height=\"99\" srcset=\"https:\/\/blogs.ua.es\/redesitis\/files\/2010\/09\/bs_1052_copy-150x99.jpg 150w, https:\/\/blogs.ua.es\/redesitis\/files\/2010\/09\/bs_1052_copy-300x199.jpg 300w, https:\/\/blogs.ua.es\/redesitis\/files\/2010\/09\/bs_1052_copy.jpg 400w\" sizes=\"auto, (max-width: 150px) 100vw, 150px\" \/><\/a><\/p>\n<p style=\"text-align: justify\">Transparencias (materiales de clase):<\/p>\n<p style=\"text-align: justify\">Como apoyo a la docencia con este libro se han elaborado unas completas transparencias de cada cap\u00edtulo que abarcan todos los contenidos vistos en clases de teor\u00eda. Las transparencias en formato pdf son de libre acceso a trav\u00e9s del Repositorio institucional de la Universidad de Alicante, pinchando aqu\u00ed: Acceder a\u00a0<a href=\"http:\/\/rua.ua.es\/dspace\/handle\/10045\/15586\">Transparencias<\/a><\/p>\n<p style=\"text-align: justify\"><strong><span style=\"color: #003366\">TODAS LAS PUBLICACIONES PERIODICAS DEL AUTOR DEL BLOG:<\/span><\/strong><\/p>\n<p style=\"text-align: justify\"><strong>-Publicaciones docentes del autor del blog.<\/strong> <a href=\"https:\/\/blogs.ua.es\/redesitis\/libro\/articulos-docentes\/\">Accede aqu\u00ed<\/a><\/p>\n<p style=\"text-align: justify\">&#8211;<strong>Publicaciones de investigaci\u00f3n del autor del blog.<\/strong> <a href=\"https:\/\/blogs.ua.es\/redesitis\/libro\/articulos-de-investigacion\/\">Accede aqu\u00ed<\/a><\/p>\n<p style=\"text-align: justify\">\n<table border=\"0\" cellspacing=\"0\" cellpadding=\"0\">\n<tbody>\n<tr>\n<td valign=\"top\" width=\"307\"><\/td>\n<td valign=\"top\" width=\"307\"><\/td>\n<\/tr>\n<\/tbody>\n<\/table>\n","protected":false},"excerpt":{"rendered":"<p>T\u00edtulo: Redes y Transmisi\u00f3n de Datos. Autores: Pablo Gil, Jorge Pomares, Francisco Candelas. Detalles del Producto: N\u00famero de p\u00e1ginas:\u00a0\u00a0192 Editorial: Servicio de Publicaciones de la Universidad de Alicante Edici\u00f3n: 1\u00ba Edici\u00f3n Lenguaje: Espa\u00f1ol ISBN:\u00a0978-84-9717-125-0 Dimensiones:\u00a017&#215;24 Precio estimado: 18\u20ac Descripci\u00f3n: Este libro ser\u00e1\u00a0empleado como texto b\u00e1sico de referencia para los estudiantes de Redes de Computadores en [&hellip;]<\/p>\n","protected":false},"author":1686,"featured_media":0,"parent":0,"menu_order":5,"comment_status":"open","ping_status":"closed","template":"","meta":{"footnotes":""},"class_list":["post-7","page","type-page","status-publish","hentry"],"_links":{"self":[{"href":"https:\/\/blogs.ua.es\/redesitis\/wp-json\/wp\/v2\/pages\/7","targetHints":{"allow":["GET"]}}],"collection":[{"href":"https:\/\/blogs.ua.es\/redesitis\/wp-json\/wp\/v2\/pages"}],"about":[{"href":"https:\/\/blogs.ua.es\/redesitis\/wp-json\/wp\/v2\/types\/page"}],"author":[{"embeddable":true,"href":"https:\/\/blogs.ua.es\/redesitis\/wp-json\/wp\/v2\/users\/1686"}],"replies":[{"embeddable":true,"href":"https:\/\/blogs.ua.es\/redesitis\/wp-json\/wp\/v2\/comments?post=7"}],"version-history":[{"count":83,"href":"https:\/\/blogs.ua.es\/redesitis\/wp-json\/wp\/v2\/pages\/7\/revisions"}],"predecessor-version":[{"id":1080,"href":"https:\/\/blogs.ua.es\/redesitis\/wp-json\/wp\/v2\/pages\/7\/revisions\/1080"}],"wp:attachment":[{"href":"https:\/\/blogs.ua.es\/redesitis\/wp-json\/wp\/v2\/media?parent=7"}],"curies":[{"name":"wp","href":"https:\/\/api.w.org\/{rel}","templated":true}]}}