{"id":794,"date":"2012-02-14T11:19:56","date_gmt":"2012-02-14T11:19:56","guid":{"rendered":"https:\/\/blogs.ua.es\/redesitis\/?page_id=794"},"modified":"2012-07-03T15:22:39","modified_gmt":"2012-07-03T15:22:39","slug":"profesorado-redes-9359-itis-plan-2001-a-extinguir","status":"publish","type":"page","link":"https:\/\/blogs.ua.es\/redesitis\/profesorado\/profesorado-redes-9359-itis-plan-2001-a-extinguir\/","title":{"rendered":"Profesorado Redes (9359)-ITIS (Plan 2001 a extinguir)"},"content":{"rendered":"<p><a href=\"http:\/\/www.aurova.ua.es\/pab.html\"><strong>Pablo Gil V\u00e1zquez<\/strong><\/a><strong> (Coordinador)<br \/>\n<\/strong>Profesor Titular de Universidad<br \/>\nGrupo de Innovaci\u00f3n Educativa en Autom\u00e1tica(IEA)- Grupo en Autom\u00e1tica, Rob\u00f3tica y Visi\u00f3n Artificial (AUROVA)<br \/>\nDpto. F\u00edsica, Ingenier\u00eda de Sistemas y Teor\u00eda de la Se\u00f1al<br \/>\nEscuela Polit\u00e9cnica Superior<br \/>\nUniversidad de Alicante<br \/>\ne-mail: <a href=\"mailto:Pablo.Gil@ua.es\">Pablo.Gil@ua.es<\/a> , despacho: <a title=\"Edificio EPS II- Planta Baja - Columna gris\" href=\"http:\/\/www.sigua.ua.es\/es\/estancias\/miniatura_copia.php?varCodigo=0015PB058&amp;varAncho=600&amp;varAlto=400&amp;zoom=6&amp;lat=4251880.15233&amp;lon=717364.19232&amp;layers=TTBTT\" target=\"_blank\">0015PB058<\/a><\/p>\n<p><a href=\"http:\/\/www.aurova.ua.es\/caja.html\"><strong>Carlos Alberto Jara<\/strong> <\/a><strong>(Coordinador de Pr\u00e1cticas)<\/strong><br \/>\nProfesor Ayudante<br \/>\nGrupo de Innovaci\u00f3n Educativa en Autom\u00e1tica(IEA)- Grupo en Autom\u00e1tica, Rob\u00f3tica y Visi\u00f3n Artificial (AUROVA)<br \/>\nDpto. F\u00edsica, Ingenier\u00eda de Sistemas y Teor\u00eda de la Se\u00f1al<br \/>\nEscuela Polit\u00e9cnica Superior<br \/>\nUniversidad de Alicante<br \/>\ne-mail: <a href=\"mailto:cajb@dfists.ua.es\">cajb@dfists.ua.es<\/a><\/p>\n<p>&nbsp;<\/p>\n<p>Para cualquier informaci\u00f3n sobre <a href=\"http:\/\/www.dfists.ua.es\/es\/tutorias.html\">horarios de tutor\u00edas<\/a> se puede acceder a la web del departamento.<\/p>\n<p><code><strong>Video Presentaci\u00f3n de Teor\u00eda (Pablo Gil) durante el curso 2010-2011<br \/>\n<\/strong><\/code><\/p>\n<p><code>[kml_flashembed movie=\"http:\/\/www.youtube.com\/v\/ecx5ke2MiYs\" width=\"425\" height=\"350\" wmode=\"transparent\" \/]<\/code><\/p>\n<p><code><strong>Video Presentaci\u00f3n de Pr\u00e1cticas (Carlos A. Jara) durante el curso 2010-2011<br \/>\n<\/strong><\/code><\/p>\n<p><code>[kml_flashembed movie=\"http:\/\/www.youtube.com\/v\/Un4xTNcA6Xs\" width=\"425\" height=\"350\" wmode=\"transparent\" \/]<\/code><\/p>\n","protected":false},"excerpt":{"rendered":"<p>Pablo Gil V\u00e1zquez (Coordinador) Profesor Titular de Universidad Grupo de Innovaci\u00f3n Educativa en Autom\u00e1tica(IEA)- Grupo en Autom\u00e1tica, Rob\u00f3tica y Visi\u00f3n Artificial (AUROVA) Dpto. F\u00edsica, Ingenier\u00eda de Sistemas y Teor\u00eda de la Se\u00f1al Escuela Polit\u00e9cnica Superior Universidad de Alicante e-mail: Pablo.Gil@ua.es , despacho: 0015PB058 Carlos Alberto Jara (Coordinador de Pr\u00e1cticas) Profesor Ayudante Grupo de Innovaci\u00f3n Educativa [&hellip;]<\/p>\n","protected":false},"author":1686,"featured_media":0,"parent":9,"menu_order":0,"comment_status":"closed","ping_status":"closed","template":"","meta":{"footnotes":""},"class_list":["post-794","page","type-page","status-publish","hentry"],"_links":{"self":[{"href":"https:\/\/blogs.ua.es\/redesitis\/wp-json\/wp\/v2\/pages\/794","targetHints":{"allow":["GET"]}}],"collection":[{"href":"https:\/\/blogs.ua.es\/redesitis\/wp-json\/wp\/v2\/pages"}],"about":[{"href":"https:\/\/blogs.ua.es\/redesitis\/wp-json\/wp\/v2\/types\/page"}],"author":[{"embeddable":true,"href":"https:\/\/blogs.ua.es\/redesitis\/wp-json\/wp\/v2\/users\/1686"}],"replies":[{"embeddable":true,"href":"https:\/\/blogs.ua.es\/redesitis\/wp-json\/wp\/v2\/comments?post=794"}],"version-history":[{"count":5,"href":"https:\/\/blogs.ua.es\/redesitis\/wp-json\/wp\/v2\/pages\/794\/revisions"}],"predecessor-version":[{"id":798,"href":"https:\/\/blogs.ua.es\/redesitis\/wp-json\/wp\/v2\/pages\/794\/revisions\/798"}],"up":[{"embeddable":true,"href":"https:\/\/blogs.ua.es\/redesitis\/wp-json\/wp\/v2\/pages\/9"}],"wp:attachment":[{"href":"https:\/\/blogs.ua.es\/redesitis\/wp-json\/wp\/v2\/media?parent=794"}],"curies":[{"name":"wp","href":"https:\/\/api.w.org\/{rel}","templated":true}]}}